{"id":16647,"date":"2020-04-06T12:22:31","date_gmt":"2020-04-06T10:22:31","guid":{"rendered":"https:\/\/www.kiwoko.com\/blogmundoanimal\/?page_id=16647"},"modified":"2024-11-06T13:50:46","modified_gmt":"2024-11-06T12:50:46","slug":"historias-de-rambo","status":"publish","type":"page","link":"https:\/\/www.kiwoko.com\/blogmundoanimal\/historias-de-rambo\/","title":{"rendered":"Historias de Rambo"},"content":{"rendered":"<div id=\"ez-toc-container\" class=\"ez-toc-v2_0_82_2 counter-hierarchy ez-toc-counter ez-toc-grey ez-toc-container-direction\">\n<div class=\"ez-toc-title-container\">\n<p class=\"ez-toc-title\" style=\"cursor:inherit\">\u00cdndice<\/p>\n<span class=\"ez-toc-title-toggle\"><a href=\"#\" class=\"ez-toc-pull-right ez-toc-btn ez-toc-btn-xs ez-toc-btn-default ez-toc-toggle\" aria-label=\"Alternar tabla de contenidos\"><span class=\"ez-toc-js-icon-con\"><span class=\"\"><span class=\"eztoc-hide\" style=\"display:none;\">Toggle<\/span><span class=\"ez-toc-icon-toggle-span\"><svg style=\"fill: #999;color:#999\" xmlns=\"http:\/\/www.w3.org\/2000\/svg\" class=\"list-377408\" width=\"20px\" height=\"20px\" viewBox=\"0 0 24 24\" fill=\"none\"><path d=\"M6 6H4v2h2V6zm14 0H8v2h12V6zM4 11h2v2H4v-2zm16 0H8v2h12v-2zM4 16h2v2H4v-2zm16 0H8v2h12v-2z\" fill=\"currentColor\"><\/path><\/svg><svg style=\"fill: #999;color:#999\" class=\"arrow-unsorted-368013\" xmlns=\"http:\/\/www.w3.org\/2000\/svg\" width=\"10px\" height=\"10px\" viewBox=\"0 0 24 24\" version=\"1.2\" baseProfile=\"tiny\"><path d=\"M18.2 9.3l-6.2-6.3-6.2 6.3c-.2.2-.3.4-.3.7s.1.5.3.7c.2.2.4.3.7.3h11c.3 0 .5-.1.7-.3.2-.2.3-.5.3-.7s-.1-.5-.3-.7zM5.8 14.7l6.2 6.3 6.2-6.3c.2-.2.3-.5.3-.7s-.1-.5-.3-.7c-.2-.2-.4-.3-.7-.3h-11c-.3 0-.5.1-.7.3-.2.2-.3.5-.3.7s.1.5.3.7z\"\/><\/svg><\/span><\/span><\/span><\/a><\/span><\/div>\n<nav><ul class='ez-toc-list ez-toc-list-level-1 ' ><li class='ez-toc-page-1 ez-toc-heading-level-2'><a class=\"ez-toc-link ez-toc-heading-1\" href=\"https:\/\/www.kiwoko.com\/blogmundoanimal\/yo-yo-mismo-y-una-pandemia-semana-1\/#Dia_1\" >D\u00eda 1<\/a><\/li><li class='ez-toc-page-1 ez-toc-heading-level-2'><a class=\"ez-toc-link ez-toc-heading-2\" href=\"https:\/\/www.kiwoko.com\/blogmundoanimal\/yo-yo-mismo-y-una-pandemia-semana-1\/#Dia_4\" >D\u00eda 4<\/a><\/li><li class='ez-toc-page-1 ez-toc-heading-level-2'><a class=\"ez-toc-link ez-toc-heading-3\" href=\"https:\/\/www.kiwoko.com\/blogmundoanimal\/yo-yo-mismo-y-una-pandemia-semana-1\/#Dia_6\" >D\u00eda 6<\/a><\/li><li class='ez-toc-page-1 ez-toc-heading-level-2'><a class=\"ez-toc-link ez-toc-heading-4\" href=\"https:\/\/www.kiwoko.com\/blogmundoanimal\/yo-yo-mismo-y-una-pandemia-semana-1\/#Dia_7\" >D\u00eda 7<\/a><\/li><\/ul><\/nav><\/div>\n<!-- wp:shortcode -->\n                    <div id=\"historias-de-rambo\">\n            <div class=\"posts-list\">\n            <div class=\"row\">\n                        <div class=\"col-md-6 0\">\n                <div class=\"kontainer-category 0\">                    <a href=\"https:\/\/www.kiwoko.com\/blogmundoanimal\/yo-yo-mismo-y-una-pandemia-semana-11\/\" class=\"post 0\">\n                        <div class=\"post-image lazyload 0\" style=\"background:inherit;background-size:cover;\" data-bg=\"#DDDDDD url(https:\/\/www.kiwoko.com\/blogmundoanimal\/wp-content\/uploads\/2020\/06\/BANNER_rambo.jpg) no-repeat\"><\/div>\n                        <div class=\"post-text 0\">\n                            <h2>Yo, yo mismo y una Pandemia: Desescalada<\/h2>\n                            Lleg\u00f3 a su fin. Como la pandemia y el confinamiento este diario tambi\u00e9n se despide aqu\u00ed. Espero que hay\u00e1is desconectado leyendo mis aventuras y \u00a1Feliz desescalada!                        <\/div>\n                    <\/a>\n                <\/div>\n            <\/div>\n                        <div class=\"col-md-6 1\">\n                <div class=\"kontainer-category 1\">                    <a href=\"https:\/\/www.kiwoko.com\/blogmundoanimal\/yo-yo-mismo-y-una-pandemia-semana-10\/\" class=\"post 1\">\n                        <div class=\"post-image lazyload 1\" style=\"background:inherit;background-size:cover;\" data-bg=\"#DDDDDD url(https:\/\/www.kiwoko.com\/blogmundoanimal\/wp-content\/uploads\/2020\/05\/portada-rambo-10.svg) no-repeat\"><\/div>\n                        <div class=\"post-text 1\">\n                            <h2>Yo, yo mismo y una Pandemia: Semana 10<\/h2>\n                            67 d\u00edas llevamos juntos. Parece que todo va volviendo a la normalidad. Cu\u00e1nto hemos disfrutado.                        <\/div>\n                    <\/a>\n                <\/div>\n            <\/div>\n                        <div class=\"col-md-6 2\">\n                <div class=\"kontainer-category 2\">                    <a href=\"https:\/\/www.kiwoko.com\/blogmundoanimal\/yo-yo-mismo-y-una-pandemia-semana-9\/\" class=\"post 2\">\n                        <div class=\"post-image lazyload 2\" style=\"background:inherit;background-size:cover;\" data-bg=\"#DDDDDD url(https:\/\/www.kiwoko.com\/blogmundoanimal\/wp-content\/uploads\/2020\/05\/portada-rambo-9.svg) no-repeat\"><\/div>\n                        <div class=\"post-text 2\">\n                            <h2>Yo, yo mismo y una Pandemia: Semana 9<\/h2>\n                            \u00a1Ay las fases! No hay qui\u00e9n se entere de cuando podemos salir o qu\u00e9 podemos hacer y cuando. A Mateo lo hemos perdido con todo este jaleo.                        <\/div>\n                    <\/a>\n                <\/div>\n            <\/div>\n                        <div class=\"col-md-6 3\">\n                <div class=\"kontainer-category 3\">                    <a href=\"https:\/\/www.kiwoko.com\/blogmundoanimal\/yo-yo-mismo-y-una-pandemia-semana-8\/\" class=\"post 3\">\n                        <div class=\"post-image lazyload 3\" style=\"background:inherit;background-size:cover;\" data-bg=\"#DDDDDD url(https:\/\/www.kiwoko.com\/blogmundoanimal\/wp-content\/uploads\/2020\/05\/portada-rambo-8.svg) no-repeat\"><\/div>\n                        <div class=\"post-text 3\">\n                            <h2>Yo, yo mismo y una Pandemia: Semana 8<\/h2>\n                            Parece que poquito a poco en la calle se va viendo algo de normalidad, incluso Pepo quiere salir a dar un paseo.                        <\/div>\n                    <\/a>\n                <\/div>\n            <\/div>\n                        <div class=\"col-md-6 4\">\n                <div class=\"kontainer-category 4\">                    <a href=\"https:\/\/www.kiwoko.com\/blogmundoanimal\/yo-yo-mismo-y-una-pandemia-semana-7\/\" class=\"post 4\">\n                        <div class=\"post-image lazyload 4\" style=\"background:inherit;background-size:cover;\" data-bg=\"#DDDDDD url(https:\/\/www.kiwoko.com\/blogmundoanimal\/wp-content\/uploads\/2020\/04\/portada-rambo-7.svg) no-repeat\"><\/div>\n                        <div class=\"post-text 4\">\n                            <h2>Yo, yo mismo y una Pandemia: Semana 7<\/h2>\n                            Parece que la cosa va avanzando, pero no veas que susto cuando sal\u00ed y la calle estaba llena de ni\u00f1os.                        <\/div>\n                    <\/a>\n                <\/div>\n            <\/div>\n                        <div class=\"col-md-6 5\">\n                <div class=\"kontainer-category 5\">                    <a href=\"https:\/\/www.kiwoko.com\/blogmundoanimal\/yo-yo-mismo-y-una-pandemia-semana-6\/\" class=\"post 5\">\n                        <div class=\"post-image lazyload 5\" style=\"background:inherit;background-size:cover;\" data-bg=\"#DDDDDD url(https:\/\/www.kiwoko.com\/blogmundoanimal\/wp-content\/uploads\/2020\/04\/portada-rambo-6.svg) no-repeat\"><\/div>\n                        <div class=\"post-text 5\">\n                            <h2>Yo, yo mismo y una Pandemia: Semana 6<\/h2>\n                            El ritmo durante el confinamiento no para. Manualidades, bailes y bromas.                        <\/div>\n                    <\/a>\n                <\/div>\n            <\/div>\n                        <div class=\"col-md-6 6\">\n                <div class=\"kontainer-category 6\">                    <a href=\"https:\/\/www.kiwoko.com\/blogmundoanimal\/yo-yo-mismo-y-una-pandemia-semana-5\/\" class=\"post 6\">\n                        <div class=\"post-image lazyload 6\" style=\"background:inherit;background-size:cover;\" data-bg=\"#DDDDDD url(https:\/\/www.kiwoko.com\/blogmundoanimal\/wp-content\/uploads\/2020\/04\/portada-rambo-5.svg) no-repeat\"><\/div>\n                        <div class=\"post-text 6\">\n                            <h2>Yo, yo mismo y una Pandemia: Semana 5<\/h2>\n                            Sucesos paranomarles, comida, deporte y un nuevo miembro en la familia... esas son algunas de las cosas que han pasado esta semana                        <\/div>\n                    <\/a>\n                <\/div>\n            <\/div>\n                        <div class=\"col-md-6 7\">\n                <div class=\"kontainer-category 7\">                    <a href=\"https:\/\/www.kiwoko.com\/blogmundoanimal\/yo-yo-mismo-y-una-pandemia-semana-4\/\" class=\"post 7\">\n                        <div class=\"post-image lazyload 7\" style=\"background:inherit;background-size:cover;\" data-bg=\"#DDDDDD url(https:\/\/www.kiwoko.com\/blogmundoanimal\/wp-content\/uploads\/2020\/04\/portada-rambo-4.svg) no-repeat\"><\/div>\n                        <div class=\"post-text 7\">\n                            <h2>Yo, yo mismo y una Pandemia: Semana 4<\/h2>\n                            Esta semana cumplo casi un mes confinado. Pero est\u00e1 siendo divertido: cortes de pelo, torrijas, nieve...                        <\/div>\n                    <\/a>\n                <\/div>\n            <\/div>\n                        <div class=\"col-md-6 8\">\n                <div class=\"kontainer-category 8\">                    <a href=\"https:\/\/www.kiwoko.com\/blogmundoanimal\/yo-yo-mismo-y-una-pandemia-semana-3\/\" class=\"post 8\">\n                        <div class=\"post-image lazyload 8\" style=\"background:inherit;background-size:cover;\" data-bg=\"#DDDDDD url(https:\/\/www.kiwoko.com\/blogmundoanimal\/wp-content\/uploads\/2020\/04\/portada-rambo-3.svg) no-repeat\"><\/div>\n                        <div class=\"post-text 8\">\n                            <h2>Yo, yo mismo y una Pandemia: Semana 3<\/h2>\n                            Esta semana hemos tenido un encontronazo y me ha entrado un poco la nostalgia.                        <\/div>\n                    <\/a>\n                <\/div>\n            <\/div>\n                        <div class=\"col-md-6 9\">\n                <div class=\"kontainer-category 9\">                    <a href=\"https:\/\/www.kiwoko.com\/blogmundoanimal\/yo-yo-mismo-y-una-pandemia-semana-2\/\" class=\"post 9\">\n                        <div class=\"post-image lazyload 9\" style=\"background:inherit;background-size:cover;\" data-bg=\"#DDDDDD url(https:\/\/www.kiwoko.com\/blogmundoanimal\/wp-content\/uploads\/2020\/04\/rambo-kiwoko-diario-2.svg) no-repeat\"><\/div>\n                        <div class=\"post-text 9\">\n                            <h2>Yo, yo mismo y una Pandemia: Semana 2<\/h2>\n                            En esta segunda entrega del diario de Rambo, os cuento como fue su primer fin de semana de confinamiento entre otras an\u00e9cdotas                        <\/div>\n                    <\/a>\n                <\/div>\n            <\/div>\n                        <div class=\"col-md-6 10\">\n                <div class=\"kontainer-category 10\">                    <a href=\"https:\/\/www.kiwoko.com\/blogmundoanimal\/yo-yo-mismo-y-una-pandemia-semana-1\/\" class=\"post 10\">\n                        <div class=\"post-image lazyload 10\" style=\"background:inherit;background-size:cover;\" data-bg=\"#DDDDDD url(https:\/\/www.kiwoko.com\/blogmundoanimal\/wp-content\/uploads\/2020\/04\/banner-4-rambo.jpg) no-repeat\"><\/div>\n                        <div class=\"post-text 10\">\n                            <h2>Yo, yo mismo y una Pandemia: Semana 1<\/h2>\n                            Me llamo Rambo y soy un cachorro adoptado por mis humanos Mateo y Sonia, en este diario os contar\u00e9 mis aventuras durante el aislamiento por el coronavirus                        <\/div>\n                    <\/a>\n                <\/div>\n            <\/div>\n            <\/div>\n        <\/div>\n                <div id=\"historias-de-rambo-loading-elements\" class=\"text-center mt-1 loading-elements\"><div class=\"lds-ellipsis\"><div><\/div><div><\/div><div><\/div><div><\/div><\/div><\/div>\n                    <\/div>\n<!-- \/wp:shortcode -->\n\n<!-- wp:image {\"id\":16683} -->\n<figure class=\"wp-block-image\"><img decoding=\"async\" width=\"700\" height=\"350\" data-src=\"https:\/\/www.kiwoko.com\/blogmundoanimal\/wp-content\/uploads\/2020\/04\/banner-footer-2.svg\" alt=\"\" class=\"wp-image-16683 lazyload\" src=\"data:image\/svg+xml;base64,PHN2ZyB3aWR0aD0iMSIgaGVpZ2h0PSIxIiB4bWxucz0iaHR0cDovL3d3dy53My5vcmcvMjAwMC9zdmciPjwvc3ZnPg==\" style=\"--smush-placeholder-width: 700px; --smush-placeholder-aspect-ratio: 700\/350;\" \/><\/figure>\n<!-- \/wp:image -->","protected":false},"excerpt":{"rendered":"<p>Siempre envidi\u00e9 la vida del humano\u2026 hasta que el humano envidi\u00f3 la vida de las mascotas. D\u00eda 1 Hoy mi socio, mi amigo, mi humano lleg\u00f3 antes de tiempo a casa, en su cara vi un atisbo de preocupaci\u00f3n, pero en sus manos encontr\u00e9 10 paquetes de 36 rollos de papel higi\u00e9nico. \u00a1Esto pinta como [&hellip;]<\/p>\n","protected":false},"author":40,"featured_media":16678,"parent":0,"menu_order":0,"comment_status":"closed","ping_status":"closed","template":"","meta":{"_acf_changed":false,"footnotes":""},"class_list":["post-16647","page","type-page","status-publish","has-post-thumbnail","hentry"],"acf":[],"_links":{"self":[{"href":"https:\/\/www.kiwoko.com\/blogmundoanimal\/wp-json\/wp\/v2\/pages\/16647","targetHints":{"allow":["GET"]}}],"collection":[{"href":"https:\/\/www.kiwoko.com\/blogmundoanimal\/wp-json\/wp\/v2\/pages"}],"about":[{"href":"https:\/\/www.kiwoko.com\/blogmundoanimal\/wp-json\/wp\/v2\/types\/page"}],"author":[{"embeddable":true,"href":"https:\/\/www.kiwoko.com\/blogmundoanimal\/wp-json\/wp\/v2\/users\/40"}],"replies":[{"embeddable":true,"href":"https:\/\/www.kiwoko.com\/blogmundoanimal\/wp-json\/wp\/v2\/comments?post=16647"}],"version-history":[{"count":8,"href":"https:\/\/www.kiwoko.com\/blogmundoanimal\/wp-json\/wp\/v2\/pages\/16647\/revisions"}],"predecessor-version":[{"id":16684,"href":"https:\/\/www.kiwoko.com\/blogmundoanimal\/wp-json\/wp\/v2\/pages\/16647\/revisions\/16684"}],"wp:featuredmedia":[{"embeddable":true,"href":"https:\/\/www.kiwoko.com\/blogmundoanimal\/wp-json\/wp\/v2\/media\/16678"}],"wp:attachment":[{"href":"https:\/\/www.kiwoko.com\/blogmundoanimal\/wp-json\/wp\/v2\/media?parent=16647"}],"curies":[{"name":"wp","href":"https:\/\/api.w.org\/{rel}","templated":true}]}}