{"id":1864,"date":"2019-07-15T17:14:04","date_gmt":"2019-07-15T17:14:04","guid":{"rendered":"https:\/\/dev-kiwoko-es.on-dev.com\/blogmundoanimal\/?page_id=1864"},"modified":"2020-07-02T14:54:32","modified_gmt":"2020-07-02T12:54:32","slug":"consejos-alimentacion-natural-para-perros","status":"publish","type":"page","link":"https:\/\/www.kiwoko.com\/blogmundoanimal\/consejos-alimentacion-natural-para-perros\/","title":{"rendered":"Consejos sobre alimentaci\u00f3n natural para perros"},"content":{"rendered":"<div id=\"ez-toc-container\" class=\"ez-toc-v2_0_82_2 counter-hierarchy ez-toc-counter ez-toc-grey ez-toc-container-direction\">\n<div class=\"ez-toc-title-container\">\n<p class=\"ez-toc-title\" style=\"cursor:inherit\">\u00cdndice<\/p>\n<span class=\"ez-toc-title-toggle\"><a href=\"#\" class=\"ez-toc-pull-right ez-toc-btn ez-toc-btn-xs ez-toc-btn-default ez-toc-toggle\" aria-label=\"Alternar tabla de contenidos\"><span class=\"ez-toc-js-icon-con\"><span class=\"\"><span class=\"eztoc-hide\" style=\"display:none;\">Toggle<\/span><span class=\"ez-toc-icon-toggle-span\"><svg style=\"fill: #999;color:#999\" xmlns=\"http:\/\/www.w3.org\/2000\/svg\" class=\"list-377408\" width=\"20px\" height=\"20px\" viewBox=\"0 0 24 24\" fill=\"none\"><path d=\"M6 6H4v2h2V6zm14 0H8v2h12V6zM4 11h2v2H4v-2zm16 0H8v2h12v-2zM4 16h2v2H4v-2zm16 0H8v2h12v-2z\" fill=\"currentColor\"><\/path><\/svg><svg style=\"fill: #999;color:#999\" class=\"arrow-unsorted-368013\" xmlns=\"http:\/\/www.w3.org\/2000\/svg\" width=\"10px\" height=\"10px\" viewBox=\"0 0 24 24\" version=\"1.2\" baseProfile=\"tiny\"><path d=\"M18.2 9.3l-6.2-6.3-6.2 6.3c-.2.2-.3.4-.3.7s.1.5.3.7c.2.2.4.3.7.3h11c.3 0 .5-.1.7-.3.2-.2.3-.5.3-.7s-.1-.5-.3-.7zM5.8 14.7l6.2 6.3 6.2-6.3c.2-.2.3-.5.3-.7s-.1-.5-.3-.7c-.2-.2-.4-.3-.7-.3h-11c-.3 0-.5.1-.7.3-.2.2-.3.5-.3.7s.1.5.3.7z\"\/><\/svg><\/span><\/span><\/span><\/a><\/span><\/div>\n<nav><ul class='ez-toc-list ez-toc-list-level-1 ' ><li class='ez-toc-page-1 ez-toc-heading-level-2'><a class=\"ez-toc-link ez-toc-heading-1\" href=\"https:\/\/www.kiwoko.com\/blogmundoanimal\/descubre-la-comida-perros-gatos-dogzilla-catzilla\/#%C2%BFQue_es_Dogzilla\" >\u00bfQu\u00e9 es Dogzilla?<\/a><ul class='ez-toc-list-level-3' ><li class='ez-toc-heading-level-3'><a class=\"ez-toc-link ez-toc-heading-2\" href=\"https:\/\/www.kiwoko.com\/blogmundoanimal\/descubre-la-comida-perros-gatos-dogzilla-catzilla\/#Beneficios_del_pienso_Dogzilla_para_tu_perro\" >Beneficios del pienso Dogzilla para tu perro<\/a><\/li><li class='ez-toc-page-1 ez-toc-heading-level-3'><a class=\"ez-toc-link ez-toc-heading-3\" href=\"https:\/\/www.kiwoko.com\/blogmundoanimal\/descubre-la-comida-perros-gatos-dogzilla-catzilla\/#Variedades_del_pienso_Dogzilla\" >Variedades del pienso Dogzilla<\/a><\/li><li class='ez-toc-page-1 ez-toc-heading-level-3'><a class=\"ez-toc-link ez-toc-heading-4\" href=\"https:\/\/www.kiwoko.com\/blogmundoanimal\/descubre-la-comida-perros-gatos-dogzilla-catzilla\/#Dogzilla_comida_humeda_para_perros\" >Dogzilla comida h\u00fameda para perros<\/a><\/li><li class='ez-toc-page-1 ez-toc-heading-level-3'><a class=\"ez-toc-link ez-toc-heading-5\" href=\"https:\/\/www.kiwoko.com\/blogmundoanimal\/descubre-la-comida-perros-gatos-dogzilla-catzilla\/#Snacks_para_un_premio_delicioso\" >Snacks para un premio delicioso<\/a><\/li><\/ul><\/li><li class='ez-toc-page-1 ez-toc-heading-level-2'><a class=\"ez-toc-link ez-toc-heading-6\" href=\"https:\/\/www.kiwoko.com\/blogmundoanimal\/descubre-la-comida-perros-gatos-dogzilla-catzilla\/#%C2%BFQue_es_Catzilla\" >\u00bfQu\u00e9 es Catzilla?<\/a><ul class='ez-toc-list-level-3' ><li class='ez-toc-heading-level-3'><a class=\"ez-toc-link ez-toc-heading-7\" href=\"https:\/\/www.kiwoko.com\/blogmundoanimal\/descubre-la-comida-perros-gatos-dogzilla-catzilla\/#Beneficios_del_pienso_Catzilla_para_tu_gato\" >Beneficios del pienso Catzilla para tu gato<\/a><\/li><li class='ez-toc-page-1 ez-toc-heading-level-3'><a class=\"ez-toc-link ez-toc-heading-8\" href=\"https:\/\/www.kiwoko.com\/blogmundoanimal\/descubre-la-comida-perros-gatos-dogzilla-catzilla\/#Variedades_del_pienso_Catzilla\" >Variedades del pienso Catzilla<\/a><\/li><li class='ez-toc-page-1 ez-toc-heading-level-3'><a class=\"ez-toc-link ez-toc-heading-9\" href=\"https:\/\/www.kiwoko.com\/blogmundoanimal\/descubre-la-comida-perros-gatos-dogzilla-catzilla\/#Catzilla_comida_humeda_para_gatos\" >Catzilla comida h\u00fameda para gatos<\/a><\/li><li class='ez-toc-page-1 ez-toc-heading-level-3'><a class=\"ez-toc-link ez-toc-heading-10\" href=\"https:\/\/www.kiwoko.com\/blogmundoanimal\/descubre-la-comida-perros-gatos-dogzilla-catzilla\/#Snacks_de_Catzilla\" >Snacks de Catzilla<\/a><\/li><\/ul><\/li><\/ul><\/nav><\/div>\n<!-- wp:shortcode -->\n                    <div id=\"alimentacion-natural\">\n            <div class=\"posts-list\">\n            <div class=\"row\">\n                        <div class=\"col-md-6 0\">\n                <div class=\"kontainer-category 0\">                    <a href=\"https:\/\/www.kiwoko.com\/blogmundoanimal\/que-son-puches-para-perros-beneficios\/\" class=\"post 0\">\n                        <div class=\"post-image lazyload 0\" style=\"background:inherit;background-size:cover;\" data-bg=\"#DDDDDD url(https:\/\/www.kiwoko.com\/blogmundoanimal\/wp-content\/uploads\/2025\/12\/puches-para-perros-beneficios-y-guia.jpg) no-repeat\"><\/div>\n                        <div class=\"post-text 0\">\n                            <h2>\u00bfQu\u00e9 son los puches para perros y por qu\u00e9 es importante que los incluyas en su dieta habitual?<\/h2>\n                            Si alguna vez te has parado frente al lineal de comida h\u00fameda para perros y te has preguntado qu\u00e9 son esas bolsitas tan pr\u00e1cticas llamadas puches, est\u00e1s en el...                        <\/div>\n                    <\/a>\n                <\/div>\n            <\/div>\n                        <div class=\"col-md-6 1\">\n                <div class=\"kontainer-category 1\">                    <a href=\"https:\/\/www.kiwoko.com\/blogmundoanimal\/senales-cambio-alimentacion-natural-animales\/\" class=\"post 1\">\n                        <div class=\"post-image lazyload 1\" style=\"background:inherit;background-size:cover;\" data-bg=\"#DDDDDD url(https:\/\/www.kiwoko.com\/blogmundoanimal\/wp-content\/uploads\/2025\/11\/Como-se-si-mi-mascota-necesita-alimentacion-natural.jpg) no-repeat\"><\/div>\n                        <div class=\"post-text 1\">\n                            <h2>Se\u00f1ales de que tu animal de compa\u00f1\u00eda necesita un cambio a una alimentaci\u00f3n m\u00e1s natural<\/h2>\n                            \u00bfSientes que tu perro o gato ya no est\u00e1 tan activo como antes? \u00bfNotas que su pelaje ha perdido brillo, que su digesti\u00f3n es m\u00e1s sensible o que se...                        <\/div>\n                    <\/a>\n                <\/div>\n            <\/div>\n                        <div class=\"col-md-6 2\">\n                <div class=\"kontainer-category 2\">                    <a href=\"https:\/\/www.kiwoko.com\/blogmundoanimal\/comida-congelada-para-perros-que-es-y-que-beneficios-tiene\/\" class=\"post 2\">\n                        <div class=\"post-image lazyload 2\" style=\"background:inherit;background-size:cover;\" data-bg=\"#DDDDDD url(https:\/\/www.kiwoko.com\/blogmundoanimal\/wp-content\/uploads\/2025\/11\/comida-congelada-para-perros-que-es.jpg) no-repeat\"><\/div>\n                        <div class=\"post-text 2\">\n                            <h2>Comida congelada para perros: Qu\u00e9 es y qu\u00e9 beneficios tiene<\/h2>\n                            \u00bfTe has preguntado alguna vez si tu perro estar\u00eda m\u00e1s sano con una dieta m\u00e1s natural? En los \u00faltimos a\u00f1os, cada vez m\u00e1s personas como t\u00fa est\u00e1n apostando por...                        <\/div>\n                    <\/a>\n                <\/div>\n            <\/div>\n                        <div class=\"col-md-6 3\">\n                <div class=\"kontainer-category 3\">                    <a href=\"https:\/\/www.kiwoko.com\/blogmundoanimal\/ventajas-de-la-alimentacion-natural\/\" class=\"post 3\">\n                        <div class=\"post-image lazyload 3\" style=\"background:inherit;background-size:cover;\" data-bg=\"#DDDDDD url(https:\/\/www.kiwoko.com\/blogmundoanimal\/wp-content\/uploads\/2017\/05\/ventajas-de-la-alimentacion-natural-para-animales.jpg) no-repeat\"><\/div>\n                        <div class=\"post-text 3\">\n                            <h2>Ventajas de la alimentaci\u00f3n natural para animales: Lo que debes saber<\/h2>\n                            \u00bfConoces las ventajas de la alimentaci\u00f3n natural? En este art\u00edculo te explicamos las ventajas de esta tendencia por la que cada vez apuestan m\u00e1s apasionados de las mascotas.                        <\/div>\n                    <\/a>\n                <\/div>\n            <\/div>\n                        <div class=\"col-md-6 4\">\n                <div class=\"kontainer-category 4\">                    <a href=\"https:\/\/www.kiwoko.com\/blogmundoanimal\/comparativa-dieta-barf-pienso-comida-humeda\/\" class=\"post 4\">\n                        <div class=\"post-image lazyload 4\" style=\"background:inherit;background-size:cover;\" data-bg=\"#DDDDDD url(https:\/\/www.kiwoko.com\/blogmundoanimal\/wp-content\/uploads\/2025\/04\/comparativa-comida-humeda-dieta-barf-o-pienso.jpg) no-repeat\"><\/div>\n                        <div class=\"post-text 4\">\n                            <h2>\u00bfComida h\u00fameda, Dieta BARF o pienso? Descubre cu\u00e1l es la mejor opci\u00f3n para tu perro<\/h2>\n                            Cuando se trata del bienestar de nuestros peludos, la alimentaci\u00f3n juega un papel fundamental.&nbsp; Como sabemos que quieres lo mejor para tu compa\u00f1ero de cuatro patas, te traemos esre...                        <\/div>\n                    <\/a>\n                <\/div>\n            <\/div>\n                        <div class=\"col-md-6 5\">\n                <div class=\"kontainer-category 5\">                    <a href=\"https:\/\/www.kiwoko.com\/blogmundoanimal\/frutas-y-verduras-que-pueden-comer-los-perros-guia-completa\/\" class=\"post 5\">\n                        <div class=\"post-image lazyload 5\" style=\"background:inherit;background-size:cover;\" data-bg=\"#DDDDDD url(https:\/\/www.kiwoko.com\/blogmundoanimal\/wp-content\/uploads\/2025\/04\/frutas-y-verduras-que-pueden-comer-los-perros.jpg) no-repeat\"><\/div>\n                        <div class=\"post-text 5\">\n                            <h2>Frutas y verduras que pueden comer los perros: Gu\u00eda completa<\/h2>\n                            Sabemos que te preocupas por darle a tu perro una dieta equilibrada y saludable. Las frutas y verduras que pueden comer los perros son un excelente complemento en su...                        <\/div>\n                    <\/a>\n                <\/div>\n            <\/div>\n                        <div class=\"col-md-6 6\">\n                <div class=\"kontainer-category 6\">                    <a href=\"https:\/\/www.kiwoko.com\/blogmundoanimal\/que-es-dieta-barf-perros\/\" class=\"post 6\">\n                        <div class=\"post-image lazyload 6\" style=\"background:inherit;background-size:cover;\" data-bg=\"#DDDDDD url(https:\/\/www.kiwoko.com\/blogmundoanimal\/wp-content\/uploads\/2022\/11\/dieta-barf-perros.jpg) no-repeat\"><\/div>\n                        <div class=\"post-text 6\">\n                            <h2>Dieta BARF en perros: \u00bfEs la alimentaci\u00f3n cruda adecuada para tu animal?<\/h2>\n                            Descubre en qu\u00e9 consiste la dieta BARF para perros y gatos y los beneficios de esta alimentaci\u00f3n.                        <\/div>\n                    <\/a>\n                <\/div>\n            <\/div>\n                        <div class=\"col-md-6 7\">\n                <div class=\"kontainer-category 7\">                    <a href=\"https:\/\/www.kiwoko.com\/blogmundoanimal\/descubre-la-comida-perros-gatos-dogzilla-catzilla\/\" class=\"post 7\">\n                        <div class=\"post-image lazyload 7\" style=\"background:inherit;background-size:cover;\" data-bg=\"#DDDDDD url(https:\/\/www.kiwoko.com\/blogmundoanimal\/wp-content\/uploads\/2018\/05\/Dogzilla-y-Catzilla-opiniones.jpg) no-repeat\"><\/div>\n                        <div class=\"post-text 7\">\n                            <h2>Dogzilla y Catzilla: Nutrici\u00f3n natural y equilibrada para animales sanos y felices<\/h2>\n                            \u00bfConoces Dogzilla y Catzilla? Si buscas una alimentaci\u00f3n natural para tu mascota, esta debe ser tu elecci\u00f3n, fabricada con productos 100% naturales y sin desechos de animales. Si quieres...                        <\/div>\n                    <\/a>\n                <\/div>\n            <\/div>\n            <\/div>\n        <\/div>\n                    <div class=\"row\">\n                <div class=\"col-lg-12 mb-5\">\n                    <button id=\"alimentacion-natural-load-more-articles\" class=\"btn load-more\" data-cat=\"\" data-tag=\"alimentacion-natural\" data-animal=\"Perros\"\n                data-numpost=\"8\">Cargar m\u00e1s articulos<\/button>\n                <\/div>\n            <\/div>\n            <script>\n                document.addEventListener('DOMContentLoaded', function () {\n                const buttons = document.querySelectorAll('.btn.load-more');\n\n                buttons.forEach(function (button) {\n                    button.addEventListener('click', function () {\n                    const title = button.getAttribute('data-title') || '';\n                    const link = button.getAttribute('data-link') || window.location.href;\n                    const position = button.getAttribute('data-position') || '';\n                    const category = button.getAttribute('data-cat') || '';\n                    const linkText = button.innerText || button.textContent;\n\n                    window.dataLayer = window.dataLayer || [];\n                    window.dataLayer.push({\n                        'event': 'blog_mas_articulos',\n                        'event_name': 'blog_mas_articulos',\n                        'position': position,\n                        'link_text': linkText,\n                        'link_url': link,\n                        'category': category,\n                        'product_name': title\n                    });\n                    });\n                });\n                });\n            <\/script> \n                <div id=\"alimentacion-natural-loading-elements\" class=\"text-center mt-1 loading-elements\"><div class=\"lds-ellipsis\"><div><\/div><div><\/div><div><\/div><div><\/div><\/div><\/div>\n                    <\/div>\n<!-- \/wp:shortcode -->","protected":false},"excerpt":{"rendered":"<p>Como due\u00f1os responsables, sabemos que nuestros animales merecen lo mejor, y eso empieza por una alimentaci\u00f3n de calidad. Y es que, en Kiwoko estamos convencidos de que una buena nutrici\u00f3n marca la diferencia en la salud y la felicidad de nuestros amigos peludos. Por eso, en este post queremos hablarte de dos marcas de piensos [&hellip;]<\/p>\n","protected":false},"author":40,"featured_media":19358,"parent":0,"menu_order":0,"comment_status":"closed","ping_status":"closed","template":"","meta":{"_acf_changed":false,"footnotes":""},"class_list":["post-1864","page","type-page","status-publish","has-post-thumbnail","hentry"],"acf":[],"_links":{"self":[{"href":"https:\/\/www.kiwoko.com\/blogmundoanimal\/wp-json\/wp\/v2\/pages\/1864","targetHints":{"allow":["GET"]}}],"collection":[{"href":"https:\/\/www.kiwoko.com\/blogmundoanimal\/wp-json\/wp\/v2\/pages"}],"about":[{"href":"https:\/\/www.kiwoko.com\/blogmundoanimal\/wp-json\/wp\/v2\/types\/page"}],"author":[{"embeddable":true,"href":"https:\/\/www.kiwoko.com\/blogmundoanimal\/wp-json\/wp\/v2\/users\/40"}],"replies":[{"embeddable":true,"href":"https:\/\/www.kiwoko.com\/blogmundoanimal\/wp-json\/wp\/v2\/comments?post=1864"}],"version-history":[{"count":2,"href":"https:\/\/www.kiwoko.com\/blogmundoanimal\/wp-json\/wp\/v2\/pages\/1864\/revisions"}],"predecessor-version":[{"id":1914,"href":"https:\/\/www.kiwoko.com\/blogmundoanimal\/wp-json\/wp\/v2\/pages\/1864\/revisions\/1914"}],"wp:featuredmedia":[{"embeddable":true,"href":"https:\/\/www.kiwoko.com\/blogmundoanimal\/wp-json\/wp\/v2\/media\/19358"}],"wp:attachment":[{"href":"https:\/\/www.kiwoko.com\/blogmundoanimal\/wp-json\/wp\/v2\/media?parent=1864"}],"curies":[{"name":"wp","href":"https:\/\/api.w.org\/{rel}","templated":true}]}}