{"id":1915,"date":"2019-07-24T10:48:54","date_gmt":"2019-07-24T10:48:54","guid":{"rendered":"https:\/\/dev-kiwoko-es.on-dev.com\/blogmundoanimal\/?page_id=1915"},"modified":"2020-07-02T13:39:21","modified_gmt":"2020-07-02T11:39:21","slug":"consejos-sobre-alimentacion-humeda-para-perros","status":"publish","type":"page","link":"https:\/\/www.kiwoko.com\/blogmundoanimal\/consejos-sobre-alimentacion-humeda-para-perros\/","title":{"rendered":"Consejos sobre alimentaci\u00f3n h\u00fameda para perros"},"content":{"rendered":"<div id=\"ez-toc-container\" class=\"ez-toc-v2_0_82_2 counter-hierarchy ez-toc-counter ez-toc-grey ez-toc-container-direction\">\n<div class=\"ez-toc-title-container\">\n<p class=\"ez-toc-title\" style=\"cursor:inherit\">\u00cdndice<\/p>\n<span class=\"ez-toc-title-toggle\"><a href=\"#\" class=\"ez-toc-pull-right ez-toc-btn ez-toc-btn-xs ez-toc-btn-default ez-toc-toggle\" aria-label=\"Alternar tabla de contenidos\"><span class=\"ez-toc-js-icon-con\"><span class=\"\"><span class=\"eztoc-hide\" style=\"display:none;\">Toggle<\/span><span class=\"ez-toc-icon-toggle-span\"><svg style=\"fill: #999;color:#999\" xmlns=\"http:\/\/www.w3.org\/2000\/svg\" class=\"list-377408\" width=\"20px\" height=\"20px\" viewBox=\"0 0 24 24\" fill=\"none\"><path d=\"M6 6H4v2h2V6zm14 0H8v2h12V6zM4 11h2v2H4v-2zm16 0H8v2h12v-2zM4 16h2v2H4v-2zm16 0H8v2h12v-2z\" fill=\"currentColor\"><\/path><\/svg><svg style=\"fill: #999;color:#999\" class=\"arrow-unsorted-368013\" xmlns=\"http:\/\/www.w3.org\/2000\/svg\" width=\"10px\" height=\"10px\" viewBox=\"0 0 24 24\" version=\"1.2\" baseProfile=\"tiny\"><path d=\"M18.2 9.3l-6.2-6.3-6.2 6.3c-.2.2-.3.4-.3.7s.1.5.3.7c.2.2.4.3.7.3h11c.3 0 .5-.1.7-.3.2-.2.3-.5.3-.7s-.1-.5-.3-.7zM5.8 14.7l6.2 6.3 6.2-6.3c.2-.2.3-.5.3-.7s-.1-.5-.3-.7c-.2-.2-.4-.3-.7-.3h-11c-.3 0-.5.1-.7.3-.2.2-.3.5-.3.7s.1.5.3.7z\"\/><\/svg><\/span><\/span><\/span><\/a><\/span><\/div>\n<nav><ul class='ez-toc-list ez-toc-list-level-1 ' ><li class='ez-toc-page-1 ez-toc-heading-level-2'><a class=\"ez-toc-link ez-toc-heading-1\" href=\"https:\/\/www.kiwoko.com\/blogmundoanimal\/la-importancia-de-la-alimentacion-humeda-en-verano\/#%C2%BFComo_alimentar_a_los_perros_y_gatos_en_verano\" >\u00bfC\u00f3mo alimentar a los perros y gatos en verano?<\/a><\/li><li class='ez-toc-page-1 ez-toc-heading-level-2'><a class=\"ez-toc-link ez-toc-heading-2\" href=\"https:\/\/www.kiwoko.com\/blogmundoanimal\/la-importancia-de-la-alimentacion-humeda-en-verano\/#Que_beneficios_aporta_la_comida_humeda_a_tu_mascota_en_verano\" >Qu\u00e9 beneficios aporta la comida h\u00fameda a tu mascota en verano<\/a><\/li><li class='ez-toc-page-1 ez-toc-heading-level-2'><a class=\"ez-toc-link ez-toc-heading-3\" href=\"https:\/\/www.kiwoko.com\/blogmundoanimal\/la-importancia-de-la-alimentacion-humeda-en-verano\/#La_importancia_de_la_alimentacion_humeda_para_perros_y_gatos_en_verano\" >La importancia de la alimentaci\u00f3n h\u00fameda para perros y gatos en verano<\/a><\/li><li class='ez-toc-page-1 ez-toc-heading-level-2'><a class=\"ez-toc-link ez-toc-heading-4\" href=\"https:\/\/www.kiwoko.com\/blogmundoanimal\/la-importancia-de-la-alimentacion-humeda-en-verano\/#Cual_es_la_cantidad_adecuada_de_alimentacion_humeda_y_seca_en_verano\" >Cu\u00e1l es la cantidad adecuada de alimentaci\u00f3n h\u00fameda y seca en verano<\/a><\/li><\/ul><\/nav><\/div>\n<!-- wp:shortcode -->\n                    <div id=\"comida-humeda\">\n            <div class=\"posts-list\">\n            <div class=\"row\">\n                        <div class=\"col-md-6 0\">\n                <div class=\"kontainer-category 0\">                    <a href=\"https:\/\/www.kiwoko.com\/blogmundoanimal\/que-son-puches-para-perros-beneficios\/\" class=\"post 0\">\n                        <div class=\"post-image lazyload 0\" style=\"background:inherit;background-size:cover;\" data-bg=\"#DDDDDD url(https:\/\/www.kiwoko.com\/blogmundoanimal\/wp-content\/uploads\/2025\/12\/puches-para-perros-beneficios-y-guia.jpg) no-repeat\"><\/div>\n                        <div class=\"post-text 0\">\n                            <h2>\u00bfQu\u00e9 son los puches para perros y por qu\u00e9 es importante que los incluyas en su dieta habitual?<\/h2>\n                            Si alguna vez te has parado frente al lineal de comida h\u00fameda para perros y te has preguntado qu\u00e9 son esas bolsitas tan pr\u00e1cticas llamadas puches, est\u00e1s en el...                        <\/div>\n                    <\/a>\n                <\/div>\n            <\/div>\n                        <div class=\"col-md-6 1\">\n                <div class=\"kontainer-category 1\">                    <a href=\"https:\/\/www.kiwoko.com\/blogmundoanimal\/comparativa-dieta-barf-pienso-comida-humeda\/\" class=\"post 1\">\n                        <div class=\"post-image lazyload 1\" style=\"background:inherit;background-size:cover;\" data-bg=\"#DDDDDD url(https:\/\/www.kiwoko.com\/blogmundoanimal\/wp-content\/uploads\/2025\/04\/comparativa-comida-humeda-dieta-barf-o-pienso.jpg) no-repeat\"><\/div>\n                        <div class=\"post-text 1\">\n                            <h2>\u00bfComida h\u00fameda, Dieta BARF o pienso? Descubre cu\u00e1l es la mejor opci\u00f3n para tu perro<\/h2>\n                            Cuando se trata del bienestar de nuestros peludos, la alimentaci\u00f3n juega un papel fundamental.&nbsp; Como sabemos que quieres lo mejor para tu compa\u00f1ero de cuatro patas, te traemos esre...                        <\/div>\n                    <\/a>\n                <\/div>\n            <\/div>\n                        <div class=\"col-md-6 2\">\n                <div class=\"kontainer-category 2\">                    <a href=\"https:\/\/www.kiwoko.com\/blogmundoanimal\/guia-sobre-comida-humeda-para-perros-beneficios-consejos\/\" class=\"post 2\">\n                        <div class=\"post-image lazyload 2\" style=\"background:inherit;background-size:cover;\" data-bg=\"#DDDDDD url(https:\/\/www.kiwoko.com\/blogmundoanimal\/wp-content\/uploads\/2024\/08\/guia-mejor-comida-humeda-para-perros.jpg) no-repeat\"><\/div>\n                        <div class=\"post-text 2\">\n                            <h2>Gu\u00eda completa sobre la comida h\u00fameda para perros: Qu\u00e9 es, ventajas y m\u00e1s<\/h2>\n                            \u00bfEst\u00e1s pensando en incluir en la dieta de tu mejor amigo peludo comida h\u00fameda para perros, pero no sabes muy bien por d\u00f3nde empezar? \u00a1No te preocupes! Estamos aqu\u00ed...                        <\/div>\n                    <\/a>\n                <\/div>\n            <\/div>\n                        <div class=\"col-md-6 3\">\n                <div class=\"kontainer-category 3\">                    <a href=\"https:\/\/www.kiwoko.com\/blogmundoanimal\/la-importancia-de-la-alimentacion-humeda-en-verano\/\" class=\"post 3\">\n                        <div class=\"post-image lazyload 3\" style=\"background:inherit;background-size:cover;\" data-bg=\"#DDDDDD url(https:\/\/www.kiwoko.com\/blogmundoanimal\/wp-content\/uploads\/2019\/07\/comida-humeda-perros-y-gatos-min.jpg) no-repeat\"><\/div>\n                        <div class=\"post-text 3\">\n                            <h2>Descubre c\u00f3mo la comida h\u00fameda beneficia a tu mascota en verano<\/h2>\n                            En verano y d\u00edas calurosos, benef\u00edciate de las ventajas de la comida h\u00fameda respecto a alimentaci\u00f3n seca \u00bfpor qu\u00e9? Te lo explicamos en este post.                        <\/div>\n                    <\/a>\n                <\/div>\n            <\/div>\n            <\/div>\n        <\/div>\n                    <div class=\"row\">\n                <div class=\"col-lg-12 mb-5\">\n                    <button id=\"comida-humeda-load-more-articles\" class=\"btn load-more\" data-cat=\"\" data-tag=\"comida-humeda\" data-animal=\"Perros\"\n                data-numpost=\"8\">Cargar m\u00e1s articulos<\/button>\n                <\/div>\n            <\/div>\n            <script>\n                document.addEventListener('DOMContentLoaded', function () {\n                const buttons = document.querySelectorAll('.btn.load-more');\n\n                buttons.forEach(function (button) {\n                    button.addEventListener('click', function () {\n                    const title = button.getAttribute('data-title') || '';\n                    const link = button.getAttribute('data-link') || window.location.href;\n                    const position = button.getAttribute('data-position') || '';\n                    const category = button.getAttribute('data-cat') || '';\n                    const linkText = button.innerText || button.textContent;\n\n                    window.dataLayer = window.dataLayer || [];\n                    window.dataLayer.push({\n                        'event': 'blog_mas_articulos',\n                        'event_name': 'blog_mas_articulos',\n                        'position': position,\n                        'link_text': linkText,\n                        'link_url': link,\n                        'category': category,\n                        'product_name': title\n                    });\n                    });\n                });\n                });\n            <\/script> \n                <div id=\"comida-humeda-loading-elements\" class=\"text-center mt-1 loading-elements\"><div class=\"lds-ellipsis\"><div><\/div><div><\/div><div><\/div><div><\/div><\/div><\/div>\n                    <\/div>\n<!-- \/wp:shortcode -->","protected":false},"excerpt":{"rendered":"<p>Con la subida de las temperaturas todos los que convivimos con mascotas nos preocupamos por tomar las medidas necesarias para que perros y gatos pasen el verano de la forma m\u00e1s llevadera posible. Porque ellos tambi\u00e9n sufren este calor. Y en Kiwoko queremos ayudarte con esta tarea con el post de hoy sobre los beneficios [&hellip;]<\/p>\n","protected":false},"author":40,"featured_media":19356,"parent":0,"menu_order":0,"comment_status":"closed","ping_status":"closed","template":"","meta":{"_acf_changed":false,"footnotes":""},"class_list":["post-1915","page","type-page","status-publish","has-post-thumbnail","hentry"],"acf":[],"_links":{"self":[{"href":"https:\/\/www.kiwoko.com\/blogmundoanimal\/wp-json\/wp\/v2\/pages\/1915","targetHints":{"allow":["GET"]}}],"collection":[{"href":"https:\/\/www.kiwoko.com\/blogmundoanimal\/wp-json\/wp\/v2\/pages"}],"about":[{"href":"https:\/\/www.kiwoko.com\/blogmundoanimal\/wp-json\/wp\/v2\/types\/page"}],"author":[{"embeddable":true,"href":"https:\/\/www.kiwoko.com\/blogmundoanimal\/wp-json\/wp\/v2\/users\/40"}],"replies":[{"embeddable":true,"href":"https:\/\/www.kiwoko.com\/blogmundoanimal\/wp-json\/wp\/v2\/comments?post=1915"}],"version-history":[{"count":1,"href":"https:\/\/www.kiwoko.com\/blogmundoanimal\/wp-json\/wp\/v2\/pages\/1915\/revisions"}],"predecessor-version":[{"id":1917,"href":"https:\/\/www.kiwoko.com\/blogmundoanimal\/wp-json\/wp\/v2\/pages\/1915\/revisions\/1917"}],"wp:featuredmedia":[{"embeddable":true,"href":"https:\/\/www.kiwoko.com\/blogmundoanimal\/wp-json\/wp\/v2\/media\/19356"}],"wp:attachment":[{"href":"https:\/\/www.kiwoko.com\/blogmundoanimal\/wp-json\/wp\/v2\/media?parent=1915"}],"curies":[{"name":"wp","href":"https:\/\/api.w.org\/{rel}","templated":true}]}}