{"id":1927,"date":"2019-07-25T17:15:15","date_gmt":"2019-07-25T17:15:15","guid":{"rendered":"https:\/\/dev-kiwoko-es.on-dev.com\/blogmundoanimal\/?page_id=1927"},"modified":"2025-12-02T13:08:37","modified_gmt":"2025-12-02T12:08:37","slug":"consejos-de-belleza-para-perros","status":"publish","type":"page","link":"https:\/\/www.kiwoko.com\/blogmundoanimal\/consejos-de-belleza-para-perros\/","title":{"rendered":"Consejos de belleza para perros"},"content":{"rendered":"<div id=\"ez-toc-container\" class=\"ez-toc-v2_0_82_2 counter-hierarchy ez-toc-counter ez-toc-grey ez-toc-container-direction\">\n<div class=\"ez-toc-title-container\">\n<p class=\"ez-toc-title\" style=\"cursor:inherit\">\u00cdndice<\/p>\n<span class=\"ez-toc-title-toggle\"><a href=\"#\" class=\"ez-toc-pull-right ez-toc-btn ez-toc-btn-xs ez-toc-btn-default ez-toc-toggle\" aria-label=\"Alternar tabla de contenidos\"><span class=\"ez-toc-js-icon-con\"><span class=\"\"><span class=\"eztoc-hide\" style=\"display:none;\">Toggle<\/span><span class=\"ez-toc-icon-toggle-span\"><svg style=\"fill: #999;color:#999\" xmlns=\"http:\/\/www.w3.org\/2000\/svg\" class=\"list-377408\" width=\"20px\" height=\"20px\" viewBox=\"0 0 24 24\" fill=\"none\"><path d=\"M6 6H4v2h2V6zm14 0H8v2h12V6zM4 11h2v2H4v-2zm16 0H8v2h12v-2zM4 16h2v2H4v-2zm16 0H8v2h12v-2z\" fill=\"currentColor\"><\/path><\/svg><svg style=\"fill: #999;color:#999\" class=\"arrow-unsorted-368013\" xmlns=\"http:\/\/www.w3.org\/2000\/svg\" width=\"10px\" height=\"10px\" viewBox=\"0 0 24 24\" version=\"1.2\" baseProfile=\"tiny\"><path d=\"M18.2 9.3l-6.2-6.3-6.2 6.3c-.2.2-.3.4-.3.7s.1.5.3.7c.2.2.4.3.7.3h11c.3 0 .5-.1.7-.3.2-.2.3-.5.3-.7s-.1-.5-.3-.7zM5.8 14.7l6.2 6.3 6.2-6.3c.2-.2.3-.5.3-.7s-.1-.5-.3-.7c-.2-.2-.4-.3-.7-.3h-11c-.3 0-.5.1-.7.3-.2.2-.3.5-.3.7s.1.5.3.7z\"\/><\/svg><\/span><\/span><\/span><\/a><\/span><\/div>\n<nav><ul class='ez-toc-list ez-toc-list-level-1 ' ><li class='ez-toc-page-1 ez-toc-heading-level-2'><a class=\"ez-toc-link ez-toc-heading-1\" href=\"https:\/\/www.kiwoko.com\/blogmundoanimal\/pelo-duro-en-perros\/#%C2%BFQue_significa_perros_de_pelo_duro\" >\u00bfQu\u00e9 significa perros de pelo duro?<\/a><\/li><li class='ez-toc-page-1 ez-toc-heading-level-2'><a class=\"ez-toc-link ez-toc-heading-2\" href=\"https:\/\/www.kiwoko.com\/blogmundoanimal\/pelo-duro-en-perros\/#%C2%BFLos_perros_de_pelo_duro_necesitan_muchos_cuidados\" >\u00bfLos perros de pelo duro necesitan muchos cuidados?<\/a><\/li><li class='ez-toc-page-1 ez-toc-heading-level-2'><a class=\"ez-toc-link ez-toc-heading-3\" href=\"https:\/\/www.kiwoko.com\/blogmundoanimal\/pelo-duro-en-perros\/#Razas_de_perros_de_pelo_duro\" >Razas de perros de pelo duro<\/a><ul class='ez-toc-list-level-3' ><li class='ez-toc-heading-level-3'><a class=\"ez-toc-link ez-toc-heading-4\" href=\"https:\/\/www.kiwoko.com\/blogmundoanimal\/pelo-duro-en-perros\/#Schnauzer\" >Schnauzer<\/a><\/li><li class='ez-toc-page-1 ez-toc-heading-level-3'><a class=\"ez-toc-link ez-toc-heading-5\" href=\"https:\/\/www.kiwoko.com\/blogmundoanimal\/pelo-duro-en-perros\/#Scottish_Terrier\" >Scottish Terrier<\/a><\/li><li class='ez-toc-page-1 ez-toc-heading-level-3'><a class=\"ez-toc-link ez-toc-heading-6\" href=\"https:\/\/www.kiwoko.com\/blogmundoanimal\/pelo-duro-en-perros\/#Fox_Terrier_de_pelo_duro\" >Fox Terrier de pelo duro<\/a><\/li><\/ul><\/li><li class='ez-toc-page-1 ez-toc-heading-level-2'><a class=\"ez-toc-link ez-toc-heading-7\" href=\"https:\/\/www.kiwoko.com\/blogmundoanimal\/pelo-duro-en-perros\/#%C2%BFComo_cuidar_a_los_perros_de_pelo_duro\" >\u00bfC\u00f3mo cuidar a los perros de pelo duro?<\/a><ul class='ez-toc-list-level-3' ><li class='ez-toc-heading-level-3'><a class=\"ez-toc-link ez-toc-heading-8\" href=\"https:\/\/www.kiwoko.com\/blogmundoanimal\/pelo-duro-en-perros\/#Cepillado_regular\" >Cepillado regular<\/a><\/li><li class='ez-toc-page-1 ez-toc-heading-level-3'><a class=\"ez-toc-link ez-toc-heading-9\" href=\"https:\/\/www.kiwoko.com\/blogmundoanimal\/pelo-duro-en-perros\/#Banos_esporadicos\" >Ba\u00f1os espor\u00e1dicos<\/a><\/li><li class='ez-toc-page-1 ez-toc-heading-level-3'><a class=\"ez-toc-link ez-toc-heading-10\" href=\"https:\/\/www.kiwoko.com\/blogmundoanimal\/pelo-duro-en-perros\/#Recorte_y_%E2%80%9Cstripping%E2%80%9D\" >Recorte y \u201cstripping\u201d<\/a><\/li><li class='ez-toc-page-1 ez-toc-heading-level-3'><a class=\"ez-toc-link ez-toc-heading-11\" href=\"https:\/\/www.kiwoko.com\/blogmundoanimal\/pelo-duro-en-perros\/#Cuidado_de_las_orejas_y_ojos\" >Cuidado de las orejas y ojos<\/a><\/li><li class='ez-toc-page-1 ez-toc-heading-level-3'><a class=\"ez-toc-link ez-toc-heading-12\" href=\"https:\/\/www.kiwoko.com\/blogmundoanimal\/pelo-duro-en-perros\/#Alimentacion_adecuada\" >Alimentaci\u00f3n adecuada<\/a><\/li><\/ul><\/li><li class='ez-toc-page-1 ez-toc-heading-level-2'><a class=\"ez-toc-link ez-toc-heading-13\" href=\"https:\/\/www.kiwoko.com\/blogmundoanimal\/pelo-duro-en-perros\/#La_muda_de_pelo_en_perros_de_pelo_duro\" >La muda de pelo en perros de pelo duro<\/a><ul class='ez-toc-list-level-3' ><li class='ez-toc-heading-level-3'><a class=\"ez-toc-link ez-toc-heading-14\" href=\"https:\/\/www.kiwoko.com\/blogmundoanimal\/pelo-duro-en-perros\/#%C2%BFCuando_ocurre_la_muda\" >\u00bfCu\u00e1ndo ocurre la muda?<\/a><\/li><li class='ez-toc-page-1 ez-toc-heading-level-3'><a class=\"ez-toc-link ez-toc-heading-15\" href=\"https:\/\/www.kiwoko.com\/blogmundoanimal\/pelo-duro-en-perros\/#%C2%BFComo_manejar_la_muda\" >\u00bfC\u00f3mo manejar la muda?<\/a><\/li><\/ul><\/li><li class='ez-toc-page-1 ez-toc-heading-level-2'><a class=\"ez-toc-link ez-toc-heading-16\" href=\"https:\/\/www.kiwoko.com\/blogmundoanimal\/pelo-duro-en-perros\/#%C2%BFUn_perro_de_pelo_duro_debe_ir_a_la_peluqueria\" >\u00bfUn perro de pelo duro debe ir a la peluquer\u00eda?<\/a><\/li><\/ul><\/nav><\/div>\n<!-- wp:shortcode -->\n        <section>\n            <div class=\"\">\n                <div class=\"row\">\n                    <div class=\"col-12\">\n                        <div class=\"kontainer\">\n\t\t\t\t\t\t\t                            <h2>\u00a1Especial peluquer\u00eda canina!<\/h2>\n                        \t\t\t\t\t\t\t<\/div>\n                    <\/div>\n                <\/div>\n                <div class=\"row\">\n                    <div class=\"container-fluid\">\n                        <div class=\"grid\">\n                            <div class=\"grid-sizer\"><\/div>\n                                                        <a href=\"https:\/\/www.kiwoko.com\/blogmundoanimal\/grooming-en-perros-guia-completa\/\">\n                                <div class=\"grid-item lazyload\" style=\"background:inherit;\n                                background: -moz-linear-gradient(rgba(0, 0, 0, 0) 0%, rgba(0, 0, 0, 0.8) 100%), \n                                url(https:\/\/www.kiwoko.com\/blogmundoanimal\/wp-content\/uploads\/2025\/08\/grooming-en-perros.jpg);\n                                background: -webkit-linear-gradient(rgba(0, 0, 0, 0) 0%, rgba(0, 0, 0, 0.8) 100%), \n                                url(https:\/\/www.kiwoko.com\/blogmundoanimal\/wp-content\/uploads\/2025\/08\/grooming-en-perros.jpg);\n                                background: -o-linear-gradient(rgba(0, 0, 0, 0) 0%, rgba(0, 0, 0, 0.8) 100%), \n                                url(https:\/\/www.kiwoko.com\/blogmundoanimal\/wp-content\/uploads\/2025\/08\/grooming-en-perros.jpg);\n                                background: -ms-linear-gradient(rgba(0, 0, 0, 0) 0%, rgba(0, 0, 0, 0.8) 100%), \n                                url(https:\/\/www.kiwoko.com\/blogmundoanimal\/wp-content\/uploads\/2025\/08\/grooming-en-perros.jpg);background-size:cover;\n                                background-position: center;background-repeat: no-repeat;height:230px;\" data-bg=\"linear-gradient(rgba(0, 0, 0, 0) 0%, rgba(0, 0, 0, 0.8) 100%), \n                                url(https:\/\/www.kiwoko.com\/blogmundoanimal\/wp-content\/uploads\/2025\/08\/grooming-en-perros.jpg)\">\n                                    <p class=\"slider-caption\">Grooming en perros: Todo lo que necesitas saber para cuidar a tu peludo<\/p>\n                                    \n                                <\/div>\n                                <\/a>\n                                                        <a href=\"https:\/\/www.kiwoko.com\/blogmundoanimal\/pelo-duro-en-perros\/\">\n                                <div class=\"grid-item lazyload\" style=\"background:inherit;\n                                background: -moz-linear-gradient(rgba(0, 0, 0, 0) 0%, rgba(0, 0, 0, 0.8) 100%), \n                                url(https:\/\/www.kiwoko.com\/blogmundoanimal\/wp-content\/uploads\/2022\/06\/pelo-duro-perro.jpg);\n                                background: -webkit-linear-gradient(rgba(0, 0, 0, 0) 0%, rgba(0, 0, 0, 0.8) 100%), \n                                url(https:\/\/www.kiwoko.com\/blogmundoanimal\/wp-content\/uploads\/2022\/06\/pelo-duro-perro.jpg);\n                                background: -o-linear-gradient(rgba(0, 0, 0, 0) 0%, rgba(0, 0, 0, 0.8) 100%), \n                                url(https:\/\/www.kiwoko.com\/blogmundoanimal\/wp-content\/uploads\/2022\/06\/pelo-duro-perro.jpg);\n                                background: -ms-linear-gradient(rgba(0, 0, 0, 0) 0%, rgba(0, 0, 0, 0.8) 100%), \n                                url(https:\/\/www.kiwoko.com\/blogmundoanimal\/wp-content\/uploads\/2022\/06\/pelo-duro-perro.jpg);background-size:cover;\n                                background-position: center;background-repeat: no-repeat;height:180px;\" data-bg=\"linear-gradient(rgba(0, 0, 0, 0) 0%, rgba(0, 0, 0, 0.8) 100%), \n                                url(https:\/\/www.kiwoko.com\/blogmundoanimal\/wp-content\/uploads\/2022\/06\/pelo-duro-perro.jpg)\">\n                                    <p class=\"slider-caption\">Cuidados de los perros de pelo duro: Gu\u00eda completa<\/p>\n                                    \n                                <\/div>\n                                <\/a>\n                                                        <a href=\"https:\/\/www.kiwoko.com\/blogmundoanimal\/peluqueros-caninos-quienes-son-que-hacen-y-estudios-necesarios\/\">\n                                <div class=\"grid-item lazyload\" style=\"background:inherit;\n                                background: -moz-linear-gradient(rgba(0, 0, 0, 0) 0%, rgba(0, 0, 0, 0.8) 100%), \n                                url(https:\/\/www.kiwoko.com\/blogmundoanimal\/wp-content\/uploads\/2024\/11\/dia-del-peluquero-canino.jpg);\n                                background: -webkit-linear-gradient(rgba(0, 0, 0, 0) 0%, rgba(0, 0, 0, 0.8) 100%), \n                                url(https:\/\/www.kiwoko.com\/blogmundoanimal\/wp-content\/uploads\/2024\/11\/dia-del-peluquero-canino.jpg);\n                                background: -o-linear-gradient(rgba(0, 0, 0, 0) 0%, rgba(0, 0, 0, 0.8) 100%), \n                                url(https:\/\/www.kiwoko.com\/blogmundoanimal\/wp-content\/uploads\/2024\/11\/dia-del-peluquero-canino.jpg);\n                                background: -ms-linear-gradient(rgba(0, 0, 0, 0) 0%, rgba(0, 0, 0, 0.8) 100%), \n                                url(https:\/\/www.kiwoko.com\/blogmundoanimal\/wp-content\/uploads\/2024\/11\/dia-del-peluquero-canino.jpg);background-size:cover;\n                                background-position: center;background-repeat: no-repeat;height:230px;\" data-bg=\"linear-gradient(rgba(0, 0, 0, 0) 0%, rgba(0, 0, 0, 0.8) 100%), \n                                url(https:\/\/www.kiwoko.com\/blogmundoanimal\/wp-content\/uploads\/2024\/11\/dia-del-peluquero-canino.jpg)\">\n                                    <p class=\"slider-caption\">Peluqueros caninos: Qui\u00e9nes son, qu\u00e9 hacen y estudios necesarios<\/p>\n                                    \n                                <\/div>\n                                <\/a>\n                                                        <a href=\"https:\/\/www.kiwoko.com\/blogmundoanimal\/como-cepillar-a-un-perro-guia-completa\/\">\n                                <div class=\"grid-item lazyload\" style=\"background:inherit;\n                                background: -moz-linear-gradient(rgba(0, 0, 0, 0) 0%, rgba(0, 0, 0, 0.8) 100%), \n                                url(https:\/\/www.kiwoko.com\/blogmundoanimal\/wp-content\/uploads\/2024\/10\/como-cepillar-a-un-perro.jpg);\n                                background: -webkit-linear-gradient(rgba(0, 0, 0, 0) 0%, rgba(0, 0, 0, 0.8) 100%), \n                                url(https:\/\/www.kiwoko.com\/blogmundoanimal\/wp-content\/uploads\/2024\/10\/como-cepillar-a-un-perro.jpg);\n                                background: -o-linear-gradient(rgba(0, 0, 0, 0) 0%, rgba(0, 0, 0, 0.8) 100%), \n                                url(https:\/\/www.kiwoko.com\/blogmundoanimal\/wp-content\/uploads\/2024\/10\/como-cepillar-a-un-perro.jpg);\n                                background: -ms-linear-gradient(rgba(0, 0, 0, 0) 0%, rgba(0, 0, 0, 0.8) 100%), \n                                url(https:\/\/www.kiwoko.com\/blogmundoanimal\/wp-content\/uploads\/2024\/10\/como-cepillar-a-un-perro.jpg);background-size:cover;\n                                background-position: center;background-repeat: no-repeat;height:230px;\" data-bg=\"linear-gradient(rgba(0, 0, 0, 0) 0%, rgba(0, 0, 0, 0.8) 100%), \n                                url(https:\/\/www.kiwoko.com\/blogmundoanimal\/wp-content\/uploads\/2024\/10\/como-cepillar-a-un-perro.jpg)\">\n                                    <p class=\"slider-caption\">C\u00f3mo cepillar a un perro: Gu\u00eda completa para cuidar su pelaje<\/p>\n                                    \n                                <\/div>\n                                <\/a>\n                                                        <a href=\"https:\/\/www.kiwoko.com\/blogmundoanimal\/como-deslanar-a-un-perro-en-otono\/\">\n                                <div class=\"grid-item lazyload\" style=\"background:inherit;\n                                background: -moz-linear-gradient(rgba(0, 0, 0, 0) 0%, rgba(0, 0, 0, 0.8) 100%), \n                                url(https:\/\/www.kiwoko.com\/blogmundoanimal\/wp-content\/uploads\/2022\/09\/como-deslanar-perro-en-otono.jpg);\n                                background: -webkit-linear-gradient(rgba(0, 0, 0, 0) 0%, rgba(0, 0, 0, 0.8) 100%), \n                                url(https:\/\/www.kiwoko.com\/blogmundoanimal\/wp-content\/uploads\/2022\/09\/como-deslanar-perro-en-otono.jpg);\n                                background: -o-linear-gradient(rgba(0, 0, 0, 0) 0%, rgba(0, 0, 0, 0.8) 100%), \n                                url(https:\/\/www.kiwoko.com\/blogmundoanimal\/wp-content\/uploads\/2022\/09\/como-deslanar-perro-en-otono.jpg);\n                                background: -ms-linear-gradient(rgba(0, 0, 0, 0) 0%, rgba(0, 0, 0, 0.8) 100%), \n                                url(https:\/\/www.kiwoko.com\/blogmundoanimal\/wp-content\/uploads\/2022\/09\/como-deslanar-perro-en-otono.jpg);background-size:cover;\n                                background-position: center;background-repeat: no-repeat;height:180px;\" data-bg=\"linear-gradient(rgba(0, 0, 0, 0) 0%, rgba(0, 0, 0, 0.8) 100%), \n                                url(https:\/\/www.kiwoko.com\/blogmundoanimal\/wp-content\/uploads\/2022\/09\/como-deslanar-perro-en-otono.jpg)\">\n                                    <p class=\"slider-caption\">C\u00f3mo deslanar a un perro en \u00e9poca de muda. Gu\u00eda definitiva<\/p>\n                                    \n                                <\/div>\n                                <\/a>\n                                                        <a href=\"https:\/\/www.kiwoko.com\/blogmundoanimal\/que-es-el-stripping-peluqueria-perros\/\">\n                                <div class=\"grid-item lazyload\" style=\"background:inherit;\n                                background: -moz-linear-gradient(rgba(0, 0, 0, 0) 0%, rgba(0, 0, 0, 0.8) 100%), \n                                url(https:\/\/www.kiwoko.com\/blogmundoanimal\/wp-content\/uploads\/2019\/10\/stripping-en-perros.jpg);\n                                background: -webkit-linear-gradient(rgba(0, 0, 0, 0) 0%, rgba(0, 0, 0, 0.8) 100%), \n                                url(https:\/\/www.kiwoko.com\/blogmundoanimal\/wp-content\/uploads\/2019\/10\/stripping-en-perros.jpg);\n                                background: -o-linear-gradient(rgba(0, 0, 0, 0) 0%, rgba(0, 0, 0, 0.8) 100%), \n                                url(https:\/\/www.kiwoko.com\/blogmundoanimal\/wp-content\/uploads\/2019\/10\/stripping-en-perros.jpg);\n                                background: -ms-linear-gradient(rgba(0, 0, 0, 0) 0%, rgba(0, 0, 0, 0.8) 100%), \n                                url(https:\/\/www.kiwoko.com\/blogmundoanimal\/wp-content\/uploads\/2019\/10\/stripping-en-perros.jpg);background-size:cover;\n                                background-position: center;background-repeat: no-repeat;height:180px;\" data-bg=\"linear-gradient(rgba(0, 0, 0, 0) 0%, rgba(0, 0, 0, 0.8) 100%), \n                                url(https:\/\/www.kiwoko.com\/blogmundoanimal\/wp-content\/uploads\/2019\/10\/stripping-en-perros.jpg)\">\n                                    <p class=\"slider-caption\">El stripping en perros: Gu\u00eda para cuidar su pelaje<\/p>\n                                    \n                                <\/div>\n                                <\/a>\n                                                    <\/div>\n                    <\/div>\n                <\/div>\n                <script src=\"https:\/\/www.kiwoko.com\/blogmundoanimal\/wp-content\/themes\/kiwoko\/inc\/assets\/js\/masonry.pkgd.min.js\"><\/script>\n                <script type=\"text\/javascript\">\n                    var $grid = jQuery('.grid').masonry({\n                        itemSelector: '.grid-item',\n                        percentPosition: true,\n                        columnWidth: '.grid-sizer',\n                    });\n                <\/script>\n\n            <\/div>\n        <\/section>\n    \n<!-- \/wp:shortcode -->\n\n<!-- wp:paragraph -->\n<p>Y a continuaci\u00f3n, un listado completo de art\u00edculos de belleza.<\/p>\n<!-- \/wp:paragraph -->\n\n<!-- wp:shortcode -->\n                    <div id=\"belleza\">\n            <div class=\"posts-list\">\n            <div class=\"row\">\n                        <div class=\"col-md-6 0\">\n                <div class=\"kontainer-category 0\">                    <a href=\"https:\/\/www.kiwoko.com\/blogmundoanimal\/mejores-abrigos-para-perros-guia\/\" class=\"post 0\">\n                        <div class=\"post-image lazyload 0\" style=\"background:inherit;background-size:cover;\" data-bg=\"#DDDDDD url(https:\/\/www.kiwoko.com\/blogmundoanimal\/wp-content\/uploads\/2026\/01\/mejores-abrigos-para-perros.jpg) no-repeat\"><\/div>\n                        <div class=\"post-text 0\">\n                            <h2>Los mejores abrigos para perros: Protege a tu compa\u00f1ero con estilo, calidez y confort<\/h2>\n                            Tu perro no es solo un animal de compa\u00f1\u00eda, es parte de tu familia. Y cuando llega el fr\u00edo, igual que t\u00fa buscas tu chaqueta m\u00e1s calentita, \u00e9l tambi\u00e9n...                        <\/div>\n                    <\/a>\n                <\/div>\n            <\/div>\n                        <div class=\"col-md-6 1\">\n                <div class=\"kontainer-category 1\">                    <a href=\"https:\/\/www.kiwoko.com\/blogmundoanimal\/haz-que-tu-mejor-amigo-luzca-las-mejores-galas-en-la-cena-de-fin-de-ano\/\" class=\"post 1\">\n                        <div class=\"post-image lazyload 1\" style=\"background:inherit;background-size:cover;\" data-bg=\"#DDDDDD url(https:\/\/www.kiwoko.com\/blogmundoanimal\/wp-content\/uploads\/2018\/12\/looks-navidad-perros.jpg) no-repeat\"><\/div>\n                        <div class=\"post-text 1\">\n                            <h2>C\u00f3mo preparar a tu perro para Nochevieja y disfrutar juntos de la \u00faltima noche del a\u00f1o<\/h2>\n                            Seguro que ya est\u00e1s pensando qu\u00e9 modelito vas a lucir en la noche m\u00e1s especial del a\u00f1o. Y, \u00bfqu\u00e9 vas a elegir para tu mejor amigo? \u00c9l no se...                        <\/div>\n                    <\/a>\n                <\/div>\n            <\/div>\n                        <div class=\"col-md-6 2\">\n                <div class=\"kontainer-category 2\">                    <a href=\"https:\/\/www.kiwoko.com\/blogmundoanimal\/guia-ropa-perros-invierno\/\" class=\"post 2\">\n                        <div class=\"post-image lazyload 2\" style=\"background:inherit;background-size:cover;\" data-bg=\"#DDDDDD url(https:\/\/www.kiwoko.com\/blogmundoanimal\/wp-content\/uploads\/2023\/12\/guia-de-ropa-para-perros.jpg) no-repeat\"><\/div>\n                        <div class=\"post-text 2\">\n                            <h2>Gu\u00eda de ropa para perros 2026: protege a tu peludo con estilo y comodidad<\/h2>\n                            Te ayudamos a elegir y saber seleccionar la ropa de invierno para tu perro. \u00a1Toma nota!                        <\/div>\n                    <\/a>\n                <\/div>\n            <\/div>\n                        <div class=\"col-md-6 3\">\n                <div class=\"kontainer-category 3\">                    <a href=\"https:\/\/www.kiwoko.com\/blogmundoanimal\/perros-con-pelo-corto\/\" class=\"post 3\">\n                        <div class=\"post-image lazyload 3\" style=\"background:inherit;background-size:cover;\" data-bg=\"#DDDDDD url(https:\/\/www.kiwoko.com\/blogmundoanimal\/wp-content\/uploads\/2022\/04\/perros-de-pelo-corto.jpg) no-repeat\"><\/div>\n                        <div class=\"post-text 3\">\n                            <h2>Cuidados de los perros de pelo corto: Gu\u00eda completa para mantener su piel y pelaje sanos<\/h2>\n                            Ahora puedes conocer todo lo que necesitas sobre las razas de perros de pelo corto y las caracter\u00edsticas y cuidados a tener en cuenta de su pelaje. \u00a1No te...                        <\/div>\n                    <\/a>\n                <\/div>\n            <\/div>\n                        <div class=\"col-md-6 4\">\n                <div class=\"kontainer-category 4\">                    <a href=\"https:\/\/www.kiwoko.com\/blogmundoanimal\/como-cuidar-pelo-chihuahua\/\" class=\"post 4\">\n                        <div class=\"post-image lazyload 4\" style=\"background:inherit;background-size:cover;\" data-bg=\"#DDDDDD url(https:\/\/www.kiwoko.com\/blogmundoanimal\/wp-content\/uploads\/2025\/05\/como-cuidar-el-pelo-de-mi-chihuahua.jpg) no-repeat\"><\/div>\n                        <div class=\"post-text 4\">\n                            <h2>Cuidado del pelo del chihuahua: Gu\u00eda completa para un pelaje sano, brillante y libre de problemas<\/h2>\n                            Los chihuahuas, adem\u00e1s de ser una de las razas m\u00e1s peque\u00f1as del mundo, tambi\u00e9n son grandes en personalidad. Pero detr\u00e1s de esa carita encantadora y esa energ\u00eda desbordante, hay...                        <\/div>\n                    <\/a>\n                <\/div>\n            <\/div>\n                        <div class=\"col-md-6 5\">\n                <div class=\"kontainer-category 5\">                    <a href=\"https:\/\/www.kiwoko.com\/blogmundoanimal\/pelo-duro-en-perros\/\" class=\"post 5\">\n                        <div class=\"post-image lazyload 5\" style=\"background:inherit;background-size:cover;\" data-bg=\"#DDDDDD url(https:\/\/www.kiwoko.com\/blogmundoanimal\/wp-content\/uploads\/2022\/06\/pelo-duro-perro.jpg) no-repeat\"><\/div>\n                        <div class=\"post-text 5\">\n                            <h2>Cuidados de los perros de pelo duro: Gu\u00eda completa<\/h2>\n                            \u00bfSabes qu\u00e9 es el stripping? Esta t\u00e9cnica de peluquer\u00eda dejar\u00e1 el pelo duro de tu perro lustroso, sano y tan brillante como nunca. Aprende los cuidados espec\u00edficos de este...                        <\/div>\n                    <\/a>\n                <\/div>\n            <\/div>\n            <\/div>\n        <\/div>\n                    <div class=\"row\">\n                <div class=\"col-lg-12 mb-5\">\n                    <button id=\"belleza-load-more-articles\" class=\"btn load-more\" data-cat=\"\" data-tag=\"belleza\" data-animal=\"Perros\"\n                data-numpost=\"6\">Cargar m\u00e1s articulos<\/button>\n                <\/div>\n            <\/div>\n            <script>\n                document.addEventListener('DOMContentLoaded', function () {\n                const buttons = document.querySelectorAll('.btn.load-more');\n\n                buttons.forEach(function (button) {\n                    button.addEventListener('click', function () {\n                    const title = button.getAttribute('data-title') || '';\n                    const link = button.getAttribute('data-link') || window.location.href;\n                    const position = button.getAttribute('data-position') || '';\n                    const category = button.getAttribute('data-cat') || '';\n                    const linkText = button.innerText || button.textContent;\n\n                    window.dataLayer = window.dataLayer || [];\n                    window.dataLayer.push({\n                        'event': 'blog_mas_articulos',\n                        'event_name': 'blog_mas_articulos',\n                        'position': position,\n                        'link_text': linkText,\n                        'link_url': link,\n                        'category': category,\n                        'product_name': title\n                    });\n                    });\n                });\n                });\n            <\/script> \n                <div id=\"belleza-loading-elements\" class=\"text-center mt-1 loading-elements\"><div class=\"lds-ellipsis\"><div><\/div><div><\/div><div><\/div><div><\/div><\/div><\/div>\n                    <\/div>\n<!-- \/wp:shortcode -->","protected":false},"excerpt":{"rendered":"<p>Los perros de pelo duro son unas de las razas de perro m\u00e1s singulares que existen, pero requieren de bastantes cuidados especiales debido a la naturaleza de su pelaje. Si tienes un perro de pelo duro o est\u00e1s pensando en adoptar uno, es fundamental conocer sus necesidades para garantizar que se mantenga saludable, feliz y [&hellip;]<\/p>\n","protected":false},"author":40,"featured_media":0,"parent":0,"menu_order":0,"comment_status":"closed","ping_status":"closed","template":"","meta":{"_acf_changed":false,"footnotes":""},"class_list":["post-1927","page","type-page","status-publish","hentry"],"acf":[],"_links":{"self":[{"href":"https:\/\/www.kiwoko.com\/blogmundoanimal\/wp-json\/wp\/v2\/pages\/1927","targetHints":{"allow":["GET"]}}],"collection":[{"href":"https:\/\/www.kiwoko.com\/blogmundoanimal\/wp-json\/wp\/v2\/pages"}],"about":[{"href":"https:\/\/www.kiwoko.com\/blogmundoanimal\/wp-json\/wp\/v2\/types\/page"}],"author":[{"embeddable":true,"href":"https:\/\/www.kiwoko.com\/blogmundoanimal\/wp-json\/wp\/v2\/users\/40"}],"replies":[{"embeddable":true,"href":"https:\/\/www.kiwoko.com\/blogmundoanimal\/wp-json\/wp\/v2\/comments?post=1927"}],"version-history":[{"count":3,"href":"https:\/\/www.kiwoko.com\/blogmundoanimal\/wp-json\/wp\/v2\/pages\/1927\/revisions"}],"predecessor-version":[{"id":52937,"href":"https:\/\/www.kiwoko.com\/blogmundoanimal\/wp-json\/wp\/v2\/pages\/1927\/revisions\/52937"}],"wp:attachment":[{"href":"https:\/\/www.kiwoko.com\/blogmundoanimal\/wp-json\/wp\/v2\/media?parent=1927"}],"curies":[{"name":"wp","href":"https:\/\/api.w.org\/{rel}","templated":true}]}}