{"id":1929,"date":"2019-07-25T17:22:20","date_gmt":"2019-07-25T17:22:20","guid":{"rendered":"https:\/\/dev-kiwoko-es.on-dev.com\/blogmundoanimal\/?page_id=1929"},"modified":"2020-07-02T15:09:26","modified_gmt":"2020-07-02T13:09:26","slug":"consejos-sobre-higiene-para-perros","status":"publish","type":"page","link":"https:\/\/www.kiwoko.com\/blogmundoanimal\/consejos-sobre-higiene-para-perros\/","title":{"rendered":"Consejos sobre higiene para perros"},"content":{"rendered":"<div id=\"ez-toc-container\" class=\"ez-toc-v2_0_82_2 counter-hierarchy ez-toc-counter ez-toc-grey ez-toc-container-direction\">\n<div class=\"ez-toc-title-container\">\n<p class=\"ez-toc-title\" style=\"cursor:inherit\">\u00cdndice<\/p>\n<span class=\"ez-toc-title-toggle\"><a href=\"#\" class=\"ez-toc-pull-right ez-toc-btn ez-toc-btn-xs ez-toc-btn-default ez-toc-toggle\" aria-label=\"Alternar tabla de contenidos\"><span class=\"ez-toc-js-icon-con\"><span class=\"\"><span class=\"eztoc-hide\" style=\"display:none;\">Toggle<\/span><span class=\"ez-toc-icon-toggle-span\"><svg style=\"fill: #999;color:#999\" xmlns=\"http:\/\/www.w3.org\/2000\/svg\" class=\"list-377408\" width=\"20px\" height=\"20px\" viewBox=\"0 0 24 24\" fill=\"none\"><path d=\"M6 6H4v2h2V6zm14 0H8v2h12V6zM4 11h2v2H4v-2zm16 0H8v2h12v-2zM4 16h2v2H4v-2zm16 0H8v2h12v-2z\" fill=\"currentColor\"><\/path><\/svg><svg style=\"fill: #999;color:#999\" class=\"arrow-unsorted-368013\" xmlns=\"http:\/\/www.w3.org\/2000\/svg\" width=\"10px\" height=\"10px\" viewBox=\"0 0 24 24\" version=\"1.2\" baseProfile=\"tiny\"><path d=\"M18.2 9.3l-6.2-6.3-6.2 6.3c-.2.2-.3.4-.3.7s.1.5.3.7c.2.2.4.3.7.3h11c.3 0 .5-.1.7-.3.2-.2.3-.5.3-.7s-.1-.5-.3-.7zM5.8 14.7l6.2 6.3 6.2-6.3c.2-.2.3-.5.3-.7s-.1-.5-.3-.7c-.2-.2-.4-.3-.7-.3h-11c-.3 0-.5.1-.7.3-.2.2-.3.5-.3.7s.1.5.3.7z\"\/><\/svg><\/span><\/span><\/span><\/a><\/span><\/div>\n<nav><ul class='ez-toc-list ez-toc-list-level-1 ' ><li class='ez-toc-page-1 ez-toc-heading-level-2'><a class=\"ez-toc-link ez-toc-heading-1\" href=\"https:\/\/www.kiwoko.com\/blogmundoanimal\/como-cepillar-a-un-perro-guia-completa\/#%C2%BFPor_que_hay_que_cepillar_a_los_perros\" >\u00bfPor qu\u00e9 hay que cepillar a los perros?<\/a><\/li><li class='ez-toc-page-1 ez-toc-heading-level-2'><a class=\"ez-toc-link ez-toc-heading-2\" href=\"https:\/\/www.kiwoko.com\/blogmundoanimal\/como-cepillar-a-un-perro-guia-completa\/#Tipos_de_cepillos_para_cada_tipo_de_pelo\" >Tipos de cepillos para cada tipo de pelo<\/a><ul class='ez-toc-list-level-3' ><li class='ez-toc-heading-level-3'><a class=\"ez-toc-link ez-toc-heading-3\" href=\"https:\/\/www.kiwoko.com\/blogmundoanimal\/como-cepillar-a-un-perro-guia-completa\/#Perros_de_pelo_corto\" >Perros de pelo corto<\/a><\/li><li class='ez-toc-page-1 ez-toc-heading-level-3'><a class=\"ez-toc-link ez-toc-heading-4\" href=\"https:\/\/www.kiwoko.com\/blogmundoanimal\/como-cepillar-a-un-perro-guia-completa\/#Perros_de_pelo_medio\" >Perros de pelo medio<\/a><\/li><li class='ez-toc-page-1 ez-toc-heading-level-3'><a class=\"ez-toc-link ez-toc-heading-5\" href=\"https:\/\/www.kiwoko.com\/blogmundoanimal\/como-cepillar-a-un-perro-guia-completa\/#Perros_de_pelo_largo\" >Perros de pelo largo<\/a><\/li><li class='ez-toc-page-1 ez-toc-heading-level-3'><a class=\"ez-toc-link ez-toc-heading-6\" href=\"https:\/\/www.kiwoko.com\/blogmundoanimal\/como-cepillar-a-un-perro-guia-completa\/#Perros_de_pelo_rizado\" >Perros de pelo rizado<\/a><\/li><\/ul><\/li><li class='ez-toc-page-1 ez-toc-heading-level-2'><a class=\"ez-toc-link ez-toc-heading-7\" href=\"https:\/\/www.kiwoko.com\/blogmundoanimal\/como-cepillar-a-un-perro-guia-completa\/#Como_cepillar_a_tu_perro_paso_a_paso\" >C\u00f3mo cepillar a tu perro paso a paso<\/a><ul class='ez-toc-list-level-3' ><li class='ez-toc-heading-level-3'><a class=\"ez-toc-link ez-toc-heading-8\" href=\"https:\/\/www.kiwoko.com\/blogmundoanimal\/como-cepillar-a-un-perro-guia-completa\/#Prepara_a_tu_perro\" >Prepara a tu perro<\/a><\/li><li class='ez-toc-page-1 ez-toc-heading-level-3'><a class=\"ez-toc-link ez-toc-heading-9\" href=\"https:\/\/www.kiwoko.com\/blogmundoanimal\/como-cepillar-a-un-perro-guia-completa\/#Escoge_el_cepillo_adecuado\" >Escoge el cepillo adecuado<\/a><\/li><li class='ez-toc-page-1 ez-toc-heading-level-3'><a class=\"ez-toc-link ez-toc-heading-10\" href=\"https:\/\/www.kiwoko.com\/blogmundoanimal\/como-cepillar-a-un-perro-guia-completa\/#Cepilla_en_la_direccion_del_crecimiento_del_pelo\" >Cepilla en la direcci\u00f3n del crecimiento del pelo<\/a><\/li><li class='ez-toc-page-1 ez-toc-heading-level-3'><a class=\"ez-toc-link ez-toc-heading-11\" href=\"https:\/\/www.kiwoko.com\/blogmundoanimal\/como-cepillar-a-un-perro-guia-completa\/#Cepillar_a_contrapelo_con_suavidad\" >Cepillar a contrapelo con suavidad<\/a><\/li><li class='ez-toc-page-1 ez-toc-heading-level-3'><a class=\"ez-toc-link ez-toc-heading-12\" href=\"https:\/\/www.kiwoko.com\/blogmundoanimal\/como-cepillar-a-un-perro-guia-completa\/#Presta_atencion_a_las_areas_problematicas\" >Presta atenci\u00f3n a las \u00e1reas problem\u00e1ticas<\/a><\/li><\/ul><\/li><li class='ez-toc-page-1 ez-toc-heading-level-2'><a class=\"ez-toc-link ez-toc-heading-13\" href=\"https:\/\/www.kiwoko.com\/blogmundoanimal\/como-cepillar-a-un-perro-guia-completa\/#%C2%BFCon_que_frecuencia_debo_cepillar_al_perro\" >\u00bfCon qu\u00e9 frecuencia debo cepillar al perro?<\/a><\/li><li class='ez-toc-page-1 ez-toc-heading-level-2'><a class=\"ez-toc-link ez-toc-heading-14\" href=\"https:\/\/www.kiwoko.com\/blogmundoanimal\/como-cepillar-a-un-perro-guia-completa\/#%C2%BFQue_hago_si_a_mi_perro_se_le_forman_muchos_nudos\" >\u00bfQu\u00e9 hago si a mi perro se le forman muchos nudos?<\/a><\/li><\/ul><\/nav><\/div>\n<!-- wp:shortcode -->\n                    <div id=\"higiene\">\n            <div class=\"posts-list\">\n            <div class=\"row\">\n                        <div class=\"col-md-6 0\">\n                <div class=\"kontainer-category 0\">                    <a href=\"https:\/\/www.kiwoko.com\/blogmundoanimal\/como-banar-a-tu-cachorro-por-primera-vez\/\" class=\"post 0\">\n                        <div class=\"post-image lazyload 0\" style=\"background:inherit;background-size:cover;\" data-bg=\"#DDDDDD url(https:\/\/www.kiwoko.com\/blogmundoanimal\/wp-content\/uploads\/2020\/09\/como-banar-a-un-cachorro-por-primera-vez.jpg) no-repeat\"><\/div>\n                        <div class=\"post-text 0\">\n                            <h2>C\u00f3mo dar el primer ba\u00f1o a un cachorro: Gu\u00eda paso a paso para que sea una buena experiencia<\/h2>\n                            El ba\u00f1o puede ser algo traum\u00e1tico para un perro. Por esto mismo la primera vez tienes que tener todo a tu favor para que sea una grata experiencia para...                        <\/div>\n                    <\/a>\n                <\/div>\n            <\/div>\n                        <div class=\"col-md-6 1\">\n                <div class=\"kontainer-category 1\">                    <a href=\"https:\/\/www.kiwoko.com\/blogmundoanimal\/la-higiene-dental-en-los-perros\/\" class=\"post 1\">\n                        <div class=\"post-image lazyload 1\" style=\"background:inherit;background-size:cover;\" data-bg=\"#DDDDDD url(https:\/\/www.kiwoko.com\/blogmundoanimal\/wp-content\/uploads\/2017\/11\/por-que-es-importante-limpiar-los-dientes-a-tu-perro-min.jpg) no-repeat\"><\/div>\n                        <div class=\"post-text 1\">\n                            <h2>\u00bfC\u00f3mo puedo cuidar la higiene bucal de mi perro y evitar problemas dentales?<\/h2>\n                            \u00bfSab\u00edas que la higiene dental en los perros es una parte fundamental de la medicina preventiva? Pues as\u00ed es, tan importante como lo es la vacunaci\u00f3n o la desparasitaci\u00f3n....                        <\/div>\n                    <\/a>\n                <\/div>\n            <\/div>\n                        <div class=\"col-md-6 2\">\n                <div class=\"kontainer-category 2\">                    <a href=\"https:\/\/www.kiwoko.com\/blogmundoanimal\/champu-en-seco-para-perros-que-es-para-que-sirve-cuando-usarlo\/\" class=\"post 2\">\n                        <div class=\"post-image lazyload 2\" style=\"background:inherit;background-size:cover;\" data-bg=\"#DDDDDD url(https:\/\/www.kiwoko.com\/blogmundoanimal\/wp-content\/uploads\/2025\/12\/champu-en-seco-para-perros-guia.jpg) no-repeat\"><\/div>\n                        <div class=\"post-text 2\">\n                            <h2>Champ\u00fa en seco para perros: Qu\u00e9 es, para qu\u00e9 sirve y cu\u00e1ndo usarlo<\/h2>\n                            Lo sabemos, hay perros que para realizar su rutina de higiene se requiere de un profesional cualificado y que sepa adaptarse al comportamiento de \u00e9stos. Tambi\u00e9n los hay que...                        <\/div>\n                    <\/a>\n                <\/div>\n            <\/div>\n                        <div class=\"col-md-6 3\">\n                <div class=\"kontainer-category 3\">                    <a href=\"https:\/\/www.kiwoko.com\/blogmundoanimal\/como-lavar-dientes-perro\/\" class=\"post 3\">\n                        <div class=\"post-image lazyload 3\" style=\"background:inherit;background-size:cover;\" data-bg=\"#DDDDDD url(https:\/\/www.kiwoko.com\/blogmundoanimal\/wp-content\/uploads\/2020\/06\/como-lavar-los-dientes-a-un-perro.jpg) no-repeat\"><\/div>\n                        <div class=\"post-text 3\">\n                            <h2>C\u00f3mo lavar los dientes a un perro: Gu\u00eda completa para una boca sana<\/h2>\n                            \u00bfNo sabes c\u00f3mo lavarle los dientes a tu perro? En este post te explicamos c\u00f3mo hacerlo y c\u00f3mo puedes ayudar a tu perro a prevenir el sarro y el...                        <\/div>\n                    <\/a>\n                <\/div>\n            <\/div>\n                        <div class=\"col-md-6 4\">\n                <div class=\"kontainer-category 4\">                    <a href=\"https:\/\/www.kiwoko.com\/blogmundoanimal\/perros-hipoalergenicos-mejores-razas\/\" class=\"post 4\">\n                        <div class=\"post-image lazyload 4\" style=\"background:inherit;background-size:cover;\" data-bg=\"#DDDDDD url(https:\/\/www.kiwoko.com\/blogmundoanimal\/wp-content\/uploads\/2025\/02\/perros-hipoalergenicos.jpg) no-repeat\"><\/div>\n                        <div class=\"post-text 4\">\n                            <h2>Perros hipoalerg\u00e9nicos: Qu\u00e9 son, y las mejores razas<\/h2>\n                            Si amas a los perros, pero sufres de alergia, \u00a1No te preocupes! Existen perros hipoalerg\u00e9nicos, es decir, razas de perros que producen menos al\u00e9rgenos y pueden ser una excelente...                        <\/div>\n                    <\/a>\n                <\/div>\n            <\/div>\n                        <div class=\"col-md-6 5\">\n                <div class=\"kontainer-category 5\">                    <a href=\"https:\/\/www.kiwoko.com\/blogmundoanimal\/cachorros-sus-cuidados-y-necesidades\/\" class=\"post 5\">\n                        <div class=\"post-image lazyload 5\" style=\"background:inherit;background-size:cover;\" data-bg=\"#DDDDDD url(https:\/\/www.kiwoko.com\/blogmundoanimal\/wp-content\/uploads\/2020\/01\/cuidados-de-cachorros.jpg) no-repeat\"><\/div>\n                        <div class=\"post-text 5\">\n                            <h2>Gu\u00eda definitiva para los cuidados de cachorros<\/h2>\n                            \u00bfHas adoptado a un cachorro? \u00a1Qu\u00e9 emoci\u00f3n! Seguro que ahora mismo eres un mar de dudas, en este art\u00edculo te contamos todo lo que necesitas saber para que su...                        <\/div>\n                    <\/a>\n                <\/div>\n            <\/div>\n                        <div class=\"col-md-6 6\">\n                <div class=\"kontainer-category 6\">                    <a href=\"https:\/\/www.kiwoko.com\/blogmundoanimal\/mi-perro-suelta-mucho-pelo\/\" class=\"post 6\">\n                        <div class=\"post-image lazyload 6\" style=\"background:inherit;background-size:cover;\" data-bg=\"#DDDDDD url(https:\/\/www.kiwoko.com\/blogmundoanimal\/wp-content\/uploads\/2021\/03\/caida-de-pelo-en-perros.jpg) no-repeat\"><\/div>\n                        <div class=\"post-text 6\">\n                            <h2>\u00bfPor qu\u00e9 mi perro suelta mucho pelo? Causas y las mejores soluciones<\/h2>\n                            \u00bfTu perro suelta mucho pelo? En este art\u00edculo te explicamos todos los motivos y alg\u00fan que otro consejito.                        <\/div>\n                    <\/a>\n                <\/div>\n            <\/div>\n                        <div class=\"col-md-6 7\">\n                <div class=\"kontainer-category 7\">                    <a href=\"https:\/\/www.kiwoko.com\/blogmundoanimal\/como-cepillar-a-un-perro-guia-completa\/\" class=\"post 7\">\n                        <div class=\"post-image lazyload 7\" style=\"background:inherit;background-size:cover;\" data-bg=\"#DDDDDD url(https:\/\/www.kiwoko.com\/blogmundoanimal\/wp-content\/uploads\/2024\/10\/como-cepillar-a-un-perro.jpg) no-repeat\"><\/div>\n                        <div class=\"post-text 7\">\n                            <h2>C\u00f3mo cepillar a un perro: Gu\u00eda completa para cuidar su pelaje<\/h2>\n                            Cuidar a tu perro implica alimentarlo correctamente, sacarlo a pasear, jugar con \u00e9l, y por supuesto, cepillar su pelaje. Y es que, el cepillado regular es fundamental para la...                        <\/div>\n                    <\/a>\n                <\/div>\n            <\/div>\n            <\/div>\n        <\/div>\n                    <div class=\"row\">\n                <div class=\"col-lg-12 mb-5\">\n                    <button id=\"higiene-load-more-articles\" class=\"btn load-more\" data-cat=\"\" data-tag=\"higiene\" data-animal=\"Perros\"\n                data-numpost=\"8\">Cargar m\u00e1s articulos<\/button>\n                <\/div>\n            <\/div>\n            <script>\n                document.addEventListener('DOMContentLoaded', function () {\n                const buttons = document.querySelectorAll('.btn.load-more');\n\n                buttons.forEach(function (button) {\n                    button.addEventListener('click', function () {\n                    const title = button.getAttribute('data-title') || '';\n                    const link = button.getAttribute('data-link') || window.location.href;\n                    const position = button.getAttribute('data-position') || '';\n                    const category = button.getAttribute('data-cat') || '';\n                    const linkText = button.innerText || button.textContent;\n\n                    window.dataLayer = window.dataLayer || [];\n                    window.dataLayer.push({\n                        'event': 'blog_mas_articulos',\n                        'event_name': 'blog_mas_articulos',\n                        'position': position,\n                        'link_text': linkText,\n                        'link_url': link,\n                        'category': category,\n                        'product_name': title\n                    });\n                    });\n                });\n                });\n            <\/script> \n                <div id=\"higiene-loading-elements\" class=\"text-center mt-1 loading-elements\"><div class=\"lds-ellipsis\"><div><\/div><div><\/div><div><\/div><div><\/div><\/div><\/div>\n                    <\/div>\n<!-- \/wp:shortcode -->","protected":false},"excerpt":{"rendered":"<p>Cuidar a tu perro implica alimentarlo correctamente, sacarlo a pasear, jugar con \u00e9l, y por supuesto, cepillar su pelaje. Y es que, el cepillado regular es fundamental para la salud y el bienestar de tu perro. Por eso, aprender a c\u00f3mo cepillar a un perro dependiendo de su tipo de pelaje, y hacerlo con la [&hellip;]<\/p>\n","protected":false},"author":40,"featured_media":0,"parent":0,"menu_order":0,"comment_status":"closed","ping_status":"closed","template":"","meta":{"_acf_changed":false,"footnotes":""},"class_list":["post-1929","page","type-page","status-publish","hentry"],"acf":[],"_links":{"self":[{"href":"https:\/\/www.kiwoko.com\/blogmundoanimal\/wp-json\/wp\/v2\/pages\/1929","targetHints":{"allow":["GET"]}}],"collection":[{"href":"https:\/\/www.kiwoko.com\/blogmundoanimal\/wp-json\/wp\/v2\/pages"}],"about":[{"href":"https:\/\/www.kiwoko.com\/blogmundoanimal\/wp-json\/wp\/v2\/types\/page"}],"author":[{"embeddable":true,"href":"https:\/\/www.kiwoko.com\/blogmundoanimal\/wp-json\/wp\/v2\/users\/40"}],"replies":[{"embeddable":true,"href":"https:\/\/www.kiwoko.com\/blogmundoanimal\/wp-json\/wp\/v2\/comments?post=1929"}],"version-history":[{"count":1,"href":"https:\/\/www.kiwoko.com\/blogmundoanimal\/wp-json\/wp\/v2\/pages\/1929\/revisions"}],"predecessor-version":[{"id":1930,"href":"https:\/\/www.kiwoko.com\/blogmundoanimal\/wp-json\/wp\/v2\/pages\/1929\/revisions\/1930"}],"wp:attachment":[{"href":"https:\/\/www.kiwoko.com\/blogmundoanimal\/wp-json\/wp\/v2\/media?parent=1929"}],"curies":[{"name":"wp","href":"https:\/\/api.w.org\/{rel}","templated":true}]}}