{"id":1953,"date":"2019-07-30T15:43:53","date_gmt":"2019-07-30T15:43:53","guid":{"rendered":"https:\/\/dev-kiwoko-es.on-dev.com\/blogmundoanimal\/?page_id=1953"},"modified":"2020-06-14T16:15:59","modified_gmt":"2020-06-14T14:15:59","slug":"consejos-sobre-juegos-con-perros","status":"publish","type":"page","link":"https:\/\/www.kiwoko.com\/blogmundoanimal\/consejos-sobre-juegos-con-perros\/","title":{"rendered":"Consejos sobre juegos con perros"},"content":{"rendered":"<div id=\"ez-toc-container\" class=\"ez-toc-v2_0_82_2 counter-hierarchy ez-toc-counter ez-toc-grey ez-toc-container-direction\">\n<div class=\"ez-toc-title-container\">\n<p class=\"ez-toc-title\" style=\"cursor:inherit\">\u00cdndice<\/p>\n<span class=\"ez-toc-title-toggle\"><a href=\"#\" class=\"ez-toc-pull-right ez-toc-btn ez-toc-btn-xs ez-toc-btn-default ez-toc-toggle\" aria-label=\"Alternar tabla de contenidos\"><span class=\"ez-toc-js-icon-con\"><span class=\"\"><span class=\"eztoc-hide\" style=\"display:none;\">Toggle<\/span><span class=\"ez-toc-icon-toggle-span\"><svg style=\"fill: #999;color:#999\" xmlns=\"http:\/\/www.w3.org\/2000\/svg\" class=\"list-377408\" width=\"20px\" height=\"20px\" viewBox=\"0 0 24 24\" fill=\"none\"><path d=\"M6 6H4v2h2V6zm14 0H8v2h12V6zM4 11h2v2H4v-2zm16 0H8v2h12v-2zM4 16h2v2H4v-2zm16 0H8v2h12v-2z\" fill=\"currentColor\"><\/path><\/svg><svg style=\"fill: #999;color:#999\" class=\"arrow-unsorted-368013\" xmlns=\"http:\/\/www.w3.org\/2000\/svg\" width=\"10px\" height=\"10px\" viewBox=\"0 0 24 24\" version=\"1.2\" baseProfile=\"tiny\"><path d=\"M18.2 9.3l-6.2-6.3-6.2 6.3c-.2.2-.3.4-.3.7s.1.5.3.7c.2.2.4.3.7.3h11c.3 0 .5-.1.7-.3.2-.2.3-.5.3-.7s-.1-.5-.3-.7zM5.8 14.7l6.2 6.3 6.2-6.3c.2-.2.3-.5.3-.7s-.1-.5-.3-.7c-.2-.2-.4-.3-.7-.3h-11c-.3 0-.5.1-.7.3-.2.2-.3.5-.3.7s.1.5.3.7z\"\/><\/svg><\/span><\/span><\/span><\/a><\/span><\/div>\n<nav><ul class='ez-toc-list ez-toc-list-level-1 ' ><li class='ez-toc-page-1 ez-toc-heading-level-2'><a class=\"ez-toc-link ez-toc-heading-1\" href=\"https:\/\/www.kiwoko.com\/blogmundoanimal\/mejores-juegos-para-perros-ancianos-ideas\/#%C2%BFEs_importante_que_un_perro_senior_siga_jugando\" >\u00bfEs importante que un perro senior siga jugando?<\/a><\/li><li class='ez-toc-page-1 ez-toc-heading-level-2'><a class=\"ez-toc-link ez-toc-heading-2\" href=\"https:\/\/www.kiwoko.com\/blogmundoanimal\/mejores-juegos-para-perros-ancianos-ideas\/#Los_3_mejores_juegos_para_perros_ancianos\" >Los 3 mejores juegos para perros ancianos<\/a><ul class='ez-toc-list-level-3' ><li class='ez-toc-heading-level-3'><a class=\"ez-toc-link ez-toc-heading-3\" href=\"https:\/\/www.kiwoko.com\/blogmundoanimal\/mejores-juegos-para-perros-ancianos-ideas\/#Juegos_de_olfato\" >Juegos de olfato<\/a><\/li><li class='ez-toc-page-1 ez-toc-heading-level-3'><a class=\"ez-toc-link ez-toc-heading-4\" href=\"https:\/\/www.kiwoko.com\/blogmundoanimal\/mejores-juegos-para-perros-ancianos-ideas\/#Juegos_mentales\" >Juegos mentales<\/a><\/li><li class='ez-toc-page-1 ez-toc-heading-level-3'><a class=\"ez-toc-link ez-toc-heading-5\" href=\"https:\/\/www.kiwoko.com\/blogmundoanimal\/mejores-juegos-para-perros-ancianos-ideas\/#Juegos_de_vinculo\" >Juegos de v\u00ednculo<\/a><\/li><\/ul><\/li><li class='ez-toc-page-1 ez-toc-heading-level-2'><a class=\"ez-toc-link ez-toc-heading-6\" href=\"https:\/\/www.kiwoko.com\/blogmundoanimal\/mejores-juegos-para-perros-ancianos-ideas\/#Ideas_de_ejercicios_para_perros_senior\" >Ideas de ejercicios para perros senior<\/a><ul class='ez-toc-list-level-3' ><li class='ez-toc-heading-level-3'><a class=\"ez-toc-link ez-toc-heading-7\" href=\"https:\/\/www.kiwoko.com\/blogmundoanimal\/mejores-juegos-para-perros-ancianos-ideas\/#Paseos_tranquilos\" >Paseos tranquilos<\/a><\/li><li class='ez-toc-page-1 ez-toc-heading-level-3'><a class=\"ez-toc-link ez-toc-heading-8\" href=\"https:\/\/www.kiwoko.com\/blogmundoanimal\/mejores-juegos-para-perros-ancianos-ideas\/#Gimnasia_para_perros_mayores\" >Gimnasia para perros mayores<\/a><\/li><li class='ez-toc-page-1 ez-toc-heading-level-3'><a class=\"ez-toc-link ez-toc-heading-9\" href=\"https:\/\/www.kiwoko.com\/blogmundoanimal\/mejores-juegos-para-perros-ancianos-ideas\/#Natacion_o_actividades_acuaticas\" >Nataci\u00f3n o actividades acu\u00e1ticas<\/a><\/li><\/ul><\/li><li class='ez-toc-page-1 ez-toc-heading-level-2'><a class=\"ez-toc-link ez-toc-heading-10\" href=\"https:\/\/www.kiwoko.com\/blogmundoanimal\/mejores-juegos-para-perros-ancianos-ideas\/#%C2%BFComo_adaptar_el_juego_segun_el_estado_fisico_de_tu_perro\" >\u00bfC\u00f3mo adaptar el juego seg\u00fan el estado f\u00edsico de tu perro?<\/a><\/li><li class='ez-toc-page-1 ez-toc-heading-level-2'><a class=\"ez-toc-link ez-toc-heading-11\" href=\"https:\/\/www.kiwoko.com\/blogmundoanimal\/mejores-juegos-para-perros-ancianos-ideas\/#%C2%BFQue_hago_si_mi_perro_senior_ya_no_quiere_jugar\" >\u00bfQu\u00e9 hago si mi perro senior ya no quiere jugar?<\/a><\/li><\/ul><\/nav><\/div>\n<!-- wp:shortcode -->\n                    <div id=\"juego\">\n            <div class=\"posts-list\">\n            <div class=\"row\">\n                        <div class=\"col-md-6 0\">\n                <div class=\"kontainer-category 0\">                    <a href=\"https:\/\/www.kiwoko.com\/blogmundoanimal\/a-mi-perro-no-le-gustan-los-juguetes-que-hacer\/\" class=\"post 0\">\n                        <div class=\"post-image lazyload 0\" style=\"background:inherit;background-size:cover;\" data-bg=\"#DDDDDD url(https:\/\/www.kiwoko.com\/blogmundoanimal\/wp-content\/uploads\/2026\/03\/a-mi-perro-no-le-gustan-los-juguetes.jpg) no-repeat\"><\/div>\n                        <div class=\"post-text 0\">\n                            <h2>A mi perro no le gustan los juguetes: Qu\u00e9 hacer para despertar su inter\u00e9s por jugar<\/h2>\n                            \u00bfHas comprado un juguete nuevo para tu perro y lo ha ignorado por completo? Muchos tutores se preocupan cuando sienten que asu&nbsp; perro no le gustan los juguetes, sobre...                        <\/div>\n                    <\/a>\n                <\/div>\n            <\/div>\n                        <div class=\"col-md-6 1\">\n                <div class=\"kontainer-category 1\">                    <a href=\"https:\/\/www.kiwoko.com\/blogmundoanimal\/como-ensenar-a-un-perro-a-jugar-solo\/\" class=\"post 1\">\n                        <div class=\"post-image lazyload 1\" style=\"background:inherit;background-size:cover;\" data-bg=\"#DDDDDD url(https:\/\/www.kiwoko.com\/blogmundoanimal\/wp-content\/uploads\/2026\/02\/ensenar-a-un-perro-a-jugar-solo.jpg) no-repeat\"><\/div>\n                        <div class=\"post-text 1\">\n                            <h2>\u00bfC\u00f3mo ense\u00f1ar a un perro a jugar solo?<\/h2>\n                            \u00bfTu perro se aburre en cuanto dejas de prestarle atenci\u00f3n? Es m\u00e1s com\u00fan de lo que parece.&nbsp; Muchos peludillos no saben c\u00f3mo entretenerse solos cuando nadie les lanza la...                        <\/div>\n                    <\/a>\n                <\/div>\n            <\/div>\n                        <div class=\"col-md-6 2\">\n                <div class=\"kontainer-category 2\">                    <a href=\"https:\/\/www.kiwoko.com\/blogmundoanimal\/como-elegir-el-mejor-juguete-para-mi-perro\/\" class=\"post 2\">\n                        <div class=\"post-image lazyload 2\" style=\"background:inherit;background-size:cover;\" data-bg=\"#DDDDDD url(https:\/\/www.kiwoko.com\/blogmundoanimal\/wp-content\/uploads\/2020\/10\/los-mejores-juguetes-para-perros.jpg) no-repeat\"><\/div>\n                        <div class=\"post-text 2\">\n                            <h2>\u00bfCu\u00e1l es el mejor juguete para un perro?<\/h2>\n                            Ya que tu perro no puede hablar y decirte el juguete que quiere cuando est\u00e1is frente al escaparate, tendr\u00e1s que ser suspicaz y acertar en tu regalo. En este...                        <\/div>\n                    <\/a>\n                <\/div>\n            <\/div>\n                        <div class=\"col-md-6 3\">\n                <div class=\"kontainer-category 3\">                    <a href=\"https:\/\/www.kiwoko.com\/blogmundoanimal\/elegir-mejor-juguete-para-cachorros\/\" class=\"post 3\">\n                        <div class=\"post-image lazyload 3\" style=\"background:inherit;background-size:cover;\" data-bg=\"#DDDDDD url(https:\/\/www.kiwoko.com\/blogmundoanimal\/wp-content\/uploads\/2020\/09\/mejores-juguetes-para-cachorros.jpg) no-repeat\"><\/div>\n                        <div class=\"post-text 3\">\n                            <h2>Los mejores juguetes para cachorros: Gu\u00eda completa<\/h2>\n                            El juego es muy importante para tu cachorro, elegir bien los juguetes es parte de garantizar su cuidado y su diversi\u00f3n. En este post te explicamos los tipos de...                        <\/div>\n                    <\/a>\n                <\/div>\n            <\/div>\n                        <div class=\"col-md-6 4\">\n                <div class=\"kontainer-category 4\">                    <a href=\"https:\/\/www.kiwoko.com\/blogmundoanimal\/juguetes-interactivos-para-mascotas\/\" class=\"post 4\">\n                        <div class=\"post-image lazyload 4\" style=\"background:inherit;background-size:cover;\" data-bg=\"#DDDDDD url(https:\/\/www.kiwoko.com\/blogmundoanimal\/wp-content\/uploads\/2020\/02\/mejores-juguetes-de-inteligencia-para-perros.jpg) no-repeat\"><\/div>\n                        <div class=\"post-text 4\">\n                            <h2>Los mejores juguetes de inteligencia para perros para estimular su mente<\/h2>\n                            En el post de hoy sabr\u00e1s lo importante que es para la salud f\u00edsica y ps\u00edquica de tu mascota mantener su mente activa. Descubre los beneficios de los juguetes...                        <\/div>\n                    <\/a>\n                <\/div>\n            <\/div>\n                        <div class=\"col-md-6 5\">\n                <div class=\"kontainer-category 5\">                    <a href=\"https:\/\/www.kiwoko.com\/blogmundoanimal\/peluches-para-perros-si-o-no-beneficios\/\" class=\"post 5\">\n                        <div class=\"post-image lazyload 5\" style=\"background:inherit;background-size:cover;\" data-bg=\"#DDDDDD url(https:\/\/www.kiwoko.com\/blogmundoanimal\/wp-content\/uploads\/2026\/01\/los-peluches-para-perros-son-buenos.jpg) no-repeat\"><\/div>\n                        <div class=\"post-text 5\">\n                            <h2>Peluches para perros, \u00bfS\u00ed o no? Todos los beneficios que quiz\u00e1 no conoc\u00edas<\/h2>\n                            Si convives con un perro juguet\u00f3n (O con uno m\u00e1s tranquilo pero curioso), seguro que en alg\u00fan momento te has planteado regalarle un peluche. Los ves suaves, adorables, y...                        <\/div>\n                    <\/a>\n                <\/div>\n            <\/div>\n                        <div class=\"col-md-6 6\">\n                <div class=\"kontainer-category 6\">                    <a href=\"https:\/\/www.kiwoko.com\/blogmundoanimal\/cuando-renovar-los-juguetes-de-tu-perro\/\" class=\"post 6\">\n                        <div class=\"post-image lazyload 6\" style=\"background:inherit;background-size:cover;\" data-bg=\"#DDDDDD url(https:\/\/www.kiwoko.com\/blogmundoanimal\/wp-content\/uploads\/2025\/08\/renovar-juguetes-de-perro.jpg) no-repeat\"><\/div>\n                        <div class=\"post-text 6\">\n                            <h2>La importancia de renovar los juguetes de tu perro<\/h2>\n                            \u00bfHas notado que tu perro pierde el inter\u00e9s por sus juguetes con el tiempo? \u00bfO que su peluche favorito ya tiene m\u00e1s costuras que pelito? Pues hoy vamos a...                        <\/div>\n                    <\/a>\n                <\/div>\n            <\/div>\n                        <div class=\"col-md-6 7\">\n                <div class=\"kontainer-category 7\">                    <a href=\"https:\/\/www.kiwoko.com\/blogmundoanimal\/mejores-juegos-para-perros-ancianos-ideas\/\" class=\"post 7\">\n                        <div class=\"post-image lazyload 7\" style=\"background:inherit;background-size:cover;\" data-bg=\"#DDDDDD url(https:\/\/www.kiwoko.com\/blogmundoanimal\/wp-content\/uploads\/2025\/07\/juegos-para-perros-ancianos.jpg) no-repeat\"><\/div>\n                        <div class=\"post-text 7\">\n                            <h2>Juegos para perros ancianos: C\u00f3mo estimular a tu compi senior<\/h2>\n                            Cuando tu perro empieza a cumplir a\u00f1os, algo cambia. Ya no corre detr\u00e1s de la pelota como antes, ni se lanza al sof\u00e1 como si fuera un acr\u00f3bata. Pero...                        <\/div>\n                    <\/a>\n                <\/div>\n            <\/div>\n            <\/div>\n        <\/div>\n                    <div class=\"row\">\n                <div class=\"col-lg-12 mb-5\">\n                    <button id=\"juego-load-more-articles\" class=\"btn load-more\" data-cat=\"\" data-tag=\"juego\" data-animal=\"Perros\"\n                data-numpost=\"8\">Cargar m\u00e1s articulos<\/button>\n                <\/div>\n            <\/div>\n            <script>\n                document.addEventListener('DOMContentLoaded', function () {\n                const buttons = document.querySelectorAll('.btn.load-more');\n\n                buttons.forEach(function (button) {\n                    button.addEventListener('click', function () {\n                    const title = button.getAttribute('data-title') || '';\n                    const link = button.getAttribute('data-link') || window.location.href;\n                    const position = button.getAttribute('data-position') || '';\n                    const category = button.getAttribute('data-cat') || '';\n                    const linkText = button.innerText || button.textContent;\n\n                    window.dataLayer = window.dataLayer || [];\n                    window.dataLayer.push({\n                        'event': 'blog_mas_articulos',\n                        'event_name': 'blog_mas_articulos',\n                        'position': position,\n                        'link_text': linkText,\n                        'link_url': link,\n                        'category': category,\n                        'product_name': title\n                    });\n                    });\n                });\n                });\n            <\/script> \n                <div id=\"juego-loading-elements\" class=\"text-center mt-1 loading-elements\"><div class=\"lds-ellipsis\"><div><\/div><div><\/div><div><\/div><div><\/div><\/div><\/div>\n                    <\/div>\n<!-- \/wp:shortcode -->","protected":false},"excerpt":{"rendered":"<p>Cuando tu perro empieza a cumplir a\u00f1os, algo cambia. Ya no corre detr\u00e1s de la pelota como antes, ni se lanza al sof\u00e1 como si fuera un acr\u00f3bata. Pero si te fijas bien, sus ganas de disfrutar siguen ah\u00ed. Solo que ahora&#8230; lo hace m\u00e1s despacito. Y eso est\u00e1 bien. Porque aunque la energ\u00eda baje, [&hellip;]<\/p>\n","protected":false},"author":40,"featured_media":18771,"parent":0,"menu_order":0,"comment_status":"closed","ping_status":"closed","template":"","meta":{"_acf_changed":false,"footnotes":""},"class_list":["post-1953","page","type-page","status-publish","has-post-thumbnail","hentry"],"acf":[],"_links":{"self":[{"href":"https:\/\/www.kiwoko.com\/blogmundoanimal\/wp-json\/wp\/v2\/pages\/1953","targetHints":{"allow":["GET"]}}],"collection":[{"href":"https:\/\/www.kiwoko.com\/blogmundoanimal\/wp-json\/wp\/v2\/pages"}],"about":[{"href":"https:\/\/www.kiwoko.com\/blogmundoanimal\/wp-json\/wp\/v2\/types\/page"}],"author":[{"embeddable":true,"href":"https:\/\/www.kiwoko.com\/blogmundoanimal\/wp-json\/wp\/v2\/users\/40"}],"replies":[{"embeddable":true,"href":"https:\/\/www.kiwoko.com\/blogmundoanimal\/wp-json\/wp\/v2\/comments?post=1953"}],"version-history":[{"count":1,"href":"https:\/\/www.kiwoko.com\/blogmundoanimal\/wp-json\/wp\/v2\/pages\/1953\/revisions"}],"predecessor-version":[{"id":1954,"href":"https:\/\/www.kiwoko.com\/blogmundoanimal\/wp-json\/wp\/v2\/pages\/1953\/revisions\/1954"}],"wp:featuredmedia":[{"embeddable":true,"href":"https:\/\/www.kiwoko.com\/blogmundoanimal\/wp-json\/wp\/v2\/media\/18771"}],"wp:attachment":[{"href":"https:\/\/www.kiwoko.com\/blogmundoanimal\/wp-json\/wp\/v2\/media?parent=1953"}],"curies":[{"name":"wp","href":"https:\/\/api.w.org\/{rel}","templated":true}]}}