{"id":1963,"date":"2019-07-30T16:02:28","date_gmt":"2019-07-30T16:02:28","guid":{"rendered":"https:\/\/dev-kiwoko-es.on-dev.com\/blogmundoanimal\/?page_id=1963"},"modified":"2025-01-08T13:00:44","modified_gmt":"2025-01-08T12:00:44","slug":"consejos-sobre-adiestramiento-de-los-perros","status":"publish","type":"page","link":"https:\/\/www.kiwoko.com\/blogmundoanimal\/consejos-sobre-adiestramiento-de-los-perros\/","title":{"rendered":"Consejos sobre adiestramiento de los perros"},"content":{"rendered":"<div id=\"ez-toc-container\" class=\"ez-toc-v2_0_82_2 counter-hierarchy ez-toc-counter ez-toc-grey ez-toc-container-direction\">\n<div class=\"ez-toc-title-container\">\n<p class=\"ez-toc-title\" style=\"cursor:inherit\">\u00cdndice<\/p>\n<span class=\"ez-toc-title-toggle\"><a href=\"#\" class=\"ez-toc-pull-right ez-toc-btn ez-toc-btn-xs ez-toc-btn-default ez-toc-toggle\" aria-label=\"Alternar tabla de contenidos\"><span class=\"ez-toc-js-icon-con\"><span class=\"\"><span class=\"eztoc-hide\" style=\"display:none;\">Toggle<\/span><span class=\"ez-toc-icon-toggle-span\"><svg style=\"fill: #999;color:#999\" xmlns=\"http:\/\/www.w3.org\/2000\/svg\" class=\"list-377408\" width=\"20px\" height=\"20px\" viewBox=\"0 0 24 24\" fill=\"none\"><path d=\"M6 6H4v2h2V6zm14 0H8v2h12V6zM4 11h2v2H4v-2zm16 0H8v2h12v-2zM4 16h2v2H4v-2zm16 0H8v2h12v-2z\" fill=\"currentColor\"><\/path><\/svg><svg style=\"fill: #999;color:#999\" class=\"arrow-unsorted-368013\" xmlns=\"http:\/\/www.w3.org\/2000\/svg\" width=\"10px\" height=\"10px\" viewBox=\"0 0 24 24\" version=\"1.2\" baseProfile=\"tiny\"><path d=\"M18.2 9.3l-6.2-6.3-6.2 6.3c-.2.2-.3.4-.3.7s.1.5.3.7c.2.2.4.3.7.3h11c.3 0 .5-.1.7-.3.2-.2.3-.5.3-.7s-.1-.5-.3-.7zM5.8 14.7l6.2 6.3 6.2-6.3c.2-.2.3-.5.3-.7s-.1-.5-.3-.7c-.2-.2-.4-.3-.7-.3h-11c-.3 0-.5.1-.7.3-.2.2-.3.5-.3.7s.1.5.3.7z\"\/><\/svg><\/span><\/span><\/span><\/a><\/span><\/div>\n<nav><ul class='ez-toc-list ez-toc-list-level-1 ' ><li class='ez-toc-page-1 ez-toc-heading-level-2'><a class=\"ez-toc-link ez-toc-heading-1\" href=\"https:\/\/www.kiwoko.com\/blogmundoanimal\/adiestra-a-tu-perro-no-tirar-correa\/#%C2%BFPor_que_es_importante_ensenar_a_tu_perro_a_no_tirar_de_la_correa\" >\u00bfPor qu\u00e9 es importante ense\u00f1ar a tu perro a no tirar de la correa?<\/a><ul class='ez-toc-list-level-3' ><li class='ez-toc-heading-level-3'><a class=\"ez-toc-link ez-toc-heading-2\" href=\"https:\/\/www.kiwoko.com\/blogmundoanimal\/adiestra-a-tu-perro-no-tirar-correa\/#Ventajas_de_ensenar_a_tu_perro_a_pasear_sin_tirar_de_la_correa\" >Ventajas de ense\u00f1ar a tu perro a pasear sin tirar de la correa<\/a><\/li><li class='ez-toc-page-1 ez-toc-heading-level-3'><a class=\"ez-toc-link ez-toc-heading-3\" href=\"https:\/\/www.kiwoko.com\/blogmundoanimal\/adiestra-a-tu-perro-no-tirar-correa\/#Riesgos_de_no_ensenar_a_tu_perro_a_pasear_sin_tirar_de_la_correa\" >Riesgos de no ense\u00f1ar a tu perro a pasear sin tirar de la correa<\/a><\/li><\/ul><\/li><li class='ez-toc-page-1 ez-toc-heading-level-2'><a class=\"ez-toc-link ez-toc-heading-4\" href=\"https:\/\/www.kiwoko.com\/blogmundoanimal\/adiestra-a-tu-perro-no-tirar-correa\/#Material_necesario_para_ensenar_a_tu_perro_a_no_tirar_de_la_correa\" >Material necesario para ense\u00f1ar a tu perro a no tirar de la correa<\/a><\/li><li class='ez-toc-page-1 ez-toc-heading-level-2'><a class=\"ez-toc-link ez-toc-heading-5\" href=\"https:\/\/www.kiwoko.com\/blogmundoanimal\/adiestra-a-tu-perro-no-tirar-correa\/#%C2%BFComo_hacer_que_tu_perro_no_tire_de_la_correa\" >\u00bfC\u00f3mo hacer que tu perro no tire de la correa?<\/a><ul class='ez-toc-list-level-3' ><li class='ez-toc-heading-level-3'><a class=\"ez-toc-link ez-toc-heading-6\" href=\"https:\/\/www.kiwoko.com\/blogmundoanimal\/adiestra-a-tu-perro-no-tirar-correa\/#Paso_1_Establece_una_rutina_de_entrenamiento_constante\" >Paso 1. Establece una rutina de entrenamiento constante<\/a><\/li><li class='ez-toc-page-1 ez-toc-heading-level-3'><a class=\"ez-toc-link ez-toc-heading-7\" href=\"https:\/\/www.kiwoko.com\/blogmundoanimal\/adiestra-a-tu-perro-no-tirar-correa\/#Paso_2_Empieza_con_un_entorno_tranquilo_y_sin_distracciones\" >Paso 2. Empieza con un entorno tranquilo y sin distracciones<\/a><\/li><li class='ez-toc-page-1 ez-toc-heading-level-3'><a class=\"ez-toc-link ez-toc-heading-8\" href=\"https:\/\/www.kiwoko.com\/blogmundoanimal\/adiestra-a-tu-perro-no-tirar-correa\/#Paso_3_Recompensa_el_contacto_visual\" >Paso 3. Recompensa el contacto visual<\/a><\/li><li class='ez-toc-page-1 ez-toc-heading-level-3'><a class=\"ez-toc-link ez-toc-heading-9\" href=\"https:\/\/www.kiwoko.com\/blogmundoanimal\/adiestra-a-tu-perro-no-tirar-correa\/#Paso_4_Usa_el_metodo_%E2%80%9Cquieto_y_avanza%E2%80%9D_para_corregir_los_tirones\" >Paso 4. Usa el m\u00e9todo \u201cquieto y avanza\u201d para corregir los tirones<\/a><\/li><li class='ez-toc-page-1 ez-toc-heading-level-3'><a class=\"ez-toc-link ez-toc-heading-10\" href=\"https:\/\/www.kiwoko.com\/blogmundoanimal\/adiestra-a-tu-perro-no-tirar-correa\/#Paso_5_Premia_el_comportamiento_correcto_de_forma_constante\" >Paso 5. Premia el comportamiento correcto de forma constante<\/a><\/li><li class='ez-toc-page-1 ez-toc-heading-level-3'><a class=\"ez-toc-link ez-toc-heading-11\" href=\"https:\/\/www.kiwoko.com\/blogmundoanimal\/adiestra-a-tu-perro-no-tirar-correa\/#Paso_6_Aumenta_gradualmente_las_distracciones_y_cambia_de_entorno\" >Paso 6. Aumenta gradualmente las distracciones y cambia de entorno<\/a><\/li><\/ul><\/li><li class='ez-toc-page-1 ez-toc-heading-level-2'><a class=\"ez-toc-link ez-toc-heading-12\" href=\"https:\/\/www.kiwoko.com\/blogmundoanimal\/adiestra-a-tu-perro-no-tirar-correa\/#%C2%BFCuanto_tiempo_tarda_en_aprender_un_perro_a_no_tirar_de_la_correa\" >\u00bfCu\u00e1nto tiempo tarda en aprender un perro a no tirar de la correa?<\/a><\/li><li class='ez-toc-page-1 ez-toc-heading-level-2'><a class=\"ez-toc-link ez-toc-heading-13\" href=\"https:\/\/www.kiwoko.com\/blogmundoanimal\/adiestra-a-tu-perro-no-tirar-correa\/#Errores_comunes_al_ensenar_a_un_perro_a_no_tirar_de_la_correa\" >Errores comunes al ense\u00f1ar a un perro a no tirar de la correa<\/a><\/li><li class='ez-toc-page-1 ez-toc-heading-level-2'><a class=\"ez-toc-link ez-toc-heading-14\" href=\"https:\/\/www.kiwoko.com\/blogmundoanimal\/adiestra-a-tu-perro-no-tirar-correa\/#Preguntas_frecuentes\" >Preguntas frecuentes<\/a><ul class='ez-toc-list-level-3' ><li class='ez-toc-heading-level-3'><a class=\"ez-toc-link ez-toc-heading-15\" href=\"https:\/\/www.kiwoko.com\/blogmundoanimal\/adiestra-a-tu-perro-no-tirar-correa\/#%C2%BFEl_entrenamiento_funciona_igual_con_todas_las_razas\" >\u00bfEl entrenamiento funciona igual con todas las razas?<\/a><\/li><li class='ez-toc-page-1 ez-toc-heading-level-3'><a class=\"ez-toc-link ez-toc-heading-16\" href=\"https:\/\/www.kiwoko.com\/blogmundoanimal\/adiestra-a-tu-perro-no-tirar-correa\/#%C2%BFDebo_contratar_a_un_adiestrador_profesional_si_no_consigo_resultados\" >\u00bfDebo contratar a un adiestrador profesional si no consigo resultados?<\/a><\/li><li class='ez-toc-page-1 ez-toc-heading-level-3'><a class=\"ez-toc-link ez-toc-heading-17\" href=\"https:\/\/www.kiwoko.com\/blogmundoanimal\/adiestra-a-tu-perro-no-tirar-correa\/#%C2%BFQue_hago_si_mi_perro_se_sienta_o_se_niega_a_caminar_durante_el_paseo\" >\u00bfQu\u00e9 hago si mi perro se sienta o se niega a caminar durante el paseo?<\/a><\/li><li class='ez-toc-page-1 ez-toc-heading-level-3'><a class=\"ez-toc-link ez-toc-heading-18\" href=\"https:\/\/www.kiwoko.com\/blogmundoanimal\/adiestra-a-tu-perro-no-tirar-correa\/#%C2%BFDebo_dejar_que_mi_perro_explore_durante_el_paseo\" >\u00bfDebo dejar que mi perro explore durante el paseo?<\/a><\/li><\/ul><\/li><\/ul><\/nav><\/div>\n<!-- wp:shortcode -->\n                    <div id=\"adiestramiento\">\n            <div class=\"posts-list\">\n            <div class=\"row\">\n                        <div class=\"col-md-6 0\">\n                <div class=\"kontainer-category 0\">                    <a href=\"https:\/\/www.kiwoko.com\/blogmundoanimal\/como-hacer-que-tu-perro-te-haga-caso\/\" class=\"post 0\">\n                        <div class=\"post-image lazyload 0\" style=\"background:inherit;background-size:cover;\" data-bg=\"#DDDDDD url(https:\/\/www.kiwoko.com\/blogmundoanimal\/wp-content\/uploads\/2021\/04\/como-hacer-que-mi-perro-me-haga-caso-min.jpg) no-repeat\"><\/div>\n                        <div class=\"post-text 0\">\n                            <h2>C\u00f3mo hacer que tu perro te haga caso: Todas las claves<\/h2>\n                            Si tu perro no te hace caso y desobedece tus \u00f3rdenes, en este post te contamos c\u00f3mo resolver tus problemas d\u00e1ndote unas claves fundamentales para que tu perro te...                        <\/div>\n                    <\/a>\n                <\/div>\n            <\/div>\n                        <div class=\"col-md-6 1\">\n                <div class=\"kontainer-category 1\">                    <a href=\"https:\/\/www.kiwoko.com\/blogmundoanimal\/como-ensenar-a-tu-perro-a-dar-la-pata-guia\/\" class=\"post 1\">\n                        <div class=\"post-image lazyload 1\" style=\"background:inherit;background-size:cover;\" data-bg=\"#DDDDDD url(https:\/\/www.kiwoko.com\/blogmundoanimal\/wp-content\/uploads\/2025\/10\/como-ensenar-a-un-perro-a-dar-la-pata.jpg) no-repeat\"><\/div>\n                        <div class=\"post-text 1\">\n                            <h2>C\u00f3mo ense\u00f1ar a tu perro a dar la pata: Gu\u00eda completa<\/h2>\n                            Nombre del entrenamiento: Soltar objetos por ordenDificultad: IntermediaMaterial necesario: Snacks, mordedor o juguete, clicker (opcional)Ubicaci\u00f3n: En casa o en el parque, en un entorno tranquilo \u00bfTe imaginas poder decirle...                        <\/div>\n                    <\/a>\n                <\/div>\n            <\/div>\n                        <div class=\"col-md-6 2\">\n                <div class=\"kontainer-category 2\">                    <a href=\"https:\/\/www.kiwoko.com\/blogmundoanimal\/descubre-cuales-son-los-mejores-collares-de-entrenamiento-para-perros\/\" class=\"post 2\">\n                        <div class=\"post-image lazyload 2\" style=\"background:inherit;background-size:cover;\" data-bg=\"#DDDDDD url(https:\/\/www.kiwoko.com\/blogmundoanimal\/wp-content\/uploads\/2025\/10\/mejores-collares-de-entrenamiento-para-perros.jpg) no-repeat\"><\/div>\n                        <div class=\"post-text 2\">\n                            <h2>Descubre cu\u00e1les son los mejores collares de entrenamiento para perros<\/h2>\n                            Si has llegado hasta aqu\u00ed, probablemente sea porque tu perro tira bastante durante los paseos. Pero\u2026 \u00bfsab\u00edas que puedes cambiar esta situaci\u00f3n? Si est\u00e1s buscando una forma efectiva y...                        <\/div>\n                    <\/a>\n                <\/div>\n            <\/div>\n                        <div class=\"col-md-6 3\">\n                <div class=\"kontainer-category 3\">                    <a href=\"https:\/\/www.kiwoko.com\/blogmundoanimal\/adiestrar-perro-soltar-cosas\/\" class=\"post 3\">\n                        <div class=\"post-image lazyload 3\" style=\"background:inherit;background-size:cover;\" data-bg=\"#DDDDDD url(https:\/\/www.kiwoko.com\/blogmundoanimal\/wp-content\/uploads\/2018\/10\/ensenar-a-un-perro-a-soltar.jpg) no-repeat\"><\/div>\n                        <div class=\"post-text 3\">\n                            <h2>Como ense\u00f1ar a un perro a soltar las cosas cuando se lo pides: Gu\u00eda paso a paso<\/h2>\n                            \u00bfC\u00f3mo ense\u00f1ar a un perro a que suelte un objeto? En este post te explicamos c\u00f3mo hacerlo, \u00a1es muy sencillo sigue leyendo!                        <\/div>\n                    <\/a>\n                <\/div>\n            <\/div>\n                        <div class=\"col-md-6 4\">\n                <div class=\"kontainer-category 4\">                    <a href=\"https:\/\/www.kiwoko.com\/blogmundoanimal\/consejos-adiestramiento-primeras-lecciones-comportamiento\/\" class=\"post 4\">\n                        <div class=\"post-image lazyload 4\" style=\"background:inherit;background-size:cover;\" data-bg=\"#DDDDDD url(https:\/\/www.kiwoko.com\/blogmundoanimal\/wp-content\/uploads\/2020\/09\/como-educar-a-un-cachorro.jpg) no-repeat\"><\/div>\n                        <div class=\"post-text 4\">\n                            <h2>C\u00f3mo educar a un cachorro: Primeras lecciones<\/h2>\n                            Aprende estos consejos para ense\u00f1ar a tu perro \u00f3rdenes b\u00e1sicas y pautas de convivencia. \u00bfTe apetece aprender un poquito con nosotros? \u00a1Sigue leyendo!                        <\/div>\n                    <\/a>\n                <\/div>\n            <\/div>\n                        <div class=\"col-md-6 5\">\n                <div class=\"kontainer-category 5\">                    <a href=\"https:\/\/www.kiwoko.com\/blogmundoanimal\/adiestramiento-con-clicker-todas-las-claves\/\" class=\"post 5\">\n                        <div class=\"post-image lazyload 5\" style=\"background:inherit;background-size:cover;\" data-bg=\"#DDDDDD url(https:\/\/www.kiwoko.com\/blogmundoanimal\/wp-content\/uploads\/2021\/05\/adiestrar-con-clicker-perro.jpg) no-repeat\"><\/div>\n                        <div class=\"post-text 5\">\n                            <h2>C\u00f3mo adiestrar a un perro con clicker: Gu\u00eda paso a paso<\/h2>\n                            Nombre del entrenamiento: Adiestramiento con clicker.Dificultad: F\u00e1cil.Material necesario: Clicker, snacks, correa (si es necesario)Snacks de refuerzo positivo: S\u00ed.&nbsp;Ubicaci\u00f3n: Casa o espacios tranquilos sin distracciones. El adiestramiento con clicker se...                        <\/div>\n                    <\/a>\n                <\/div>\n            <\/div>\n                        <div class=\"col-md-6 6\">\n                <div class=\"kontainer-category 6\">                    <a href=\"https:\/\/www.kiwoko.com\/blogmundoanimal\/adiestrar-perro-tumbarse\/\" class=\"post 6\">\n                        <div class=\"post-image lazyload 6\" style=\"background:inherit;background-size:cover;\" data-bg=\"#DDDDDD url(https:\/\/www.kiwoko.com\/blogmundoanimal\/wp-content\/uploads\/2018\/07\/como-ensenar-a-un-perro-a-tumbarse.jpg) no-repeat\"><\/div>\n                        <div class=\"post-text 6\">\n                            <h2>C\u00f3mo ense\u00f1ar a un perro a: Tumbarse<\/h2>\n                            En este post te ense\u00f1amos otra de las \u00f3rdenes m\u00e1s importantes que debes ense\u00f1ar a tu perro y que puede ser muy \u00fatil. \u00bfTe animas a intentarlo? \u00a1Lee con...                        <\/div>\n                    <\/a>\n                <\/div>\n            <\/div>\n                        <div class=\"col-md-6 7\">\n                <div class=\"kontainer-category 7\">                    <a href=\"https:\/\/www.kiwoko.com\/blogmundoanimal\/adiestra-a-tu-perro-no-tirar-correa\/\" class=\"post 7\">\n                        <div class=\"post-image lazyload 7\" style=\"background:inherit;background-size:cover;\" data-bg=\"#DDDDDD url(https:\/\/www.kiwoko.com\/blogmundoanimal\/wp-content\/uploads\/2020\/04\/como-hacer-que-tu-perro-no-tire-de-la-correa.jpg) no-repeat\"><\/div>\n                        <div class=\"post-text 7\">\n                            <h2>Ense\u00f1a a tu perro a: No tirar de la correa<\/h2>\n                            Si quieres que tu perro deje de tirar de la correa durante los paseos, lee con atenci\u00f3n este post donde comprender\u00e1s por qu\u00e9 lo hace y c\u00f3mo evitarlo.                        <\/div>\n                    <\/a>\n                <\/div>\n            <\/div>\n            <\/div>\n        <\/div>\n                    <div class=\"row\">\n                <div class=\"col-lg-12 mb-5\">\n                    <button id=\"adiestramiento-load-more-articles\" class=\"btn load-more\" data-cat=\"\" data-tag=\"adiestramiento\" data-animal=\"Perros\"\n                data-numpost=\"8\">Cargar m\u00e1s articulos<\/button>\n                <\/div>\n            <\/div>\n            <script>\n                document.addEventListener('DOMContentLoaded', function () {\n                const buttons = document.querySelectorAll('.btn.load-more');\n\n                buttons.forEach(function (button) {\n                    button.addEventListener('click', function () {\n                    const title = button.getAttribute('data-title') || '';\n                    const link = button.getAttribute('data-link') || window.location.href;\n                    const position = button.getAttribute('data-position') || '';\n                    const category = button.getAttribute('data-cat') || '';\n                    const linkText = button.innerText || button.textContent;\n\n                    window.dataLayer = window.dataLayer || [];\n                    window.dataLayer.push({\n                        'event': 'blog_mas_articulos',\n                        'event_name': 'blog_mas_articulos',\n                        'position': position,\n                        'link_text': linkText,\n                        'link_url': link,\n                        'category': category,\n                        'product_name': title\n                    });\n                    });\n                });\n                });\n            <\/script> \n                <div id=\"adiestramiento-loading-elements\" class=\"text-center mt-1 loading-elements\"><div class=\"lds-ellipsis\"><div><\/div><div><\/div><div><\/div><div><\/div><\/div><\/div>\n                    <\/div>\n<!-- \/wp:shortcode -->","protected":false},"excerpt":{"rendered":"<p>Nombre del entrenamiento: Pasear sin tirar de la correa.Dificultad: Intermedio.Material necesario: Correa de 1.5 a 2 metros, arn\u00e9s anti tirones, clicker (Opcional).Snacks de refuerzo positivo: S\u00ed.&nbsp;Ubicaci\u00f3n: Inicio en casa o jard\u00edn, posteriormente en la calle o parque. Uno de los mayores retos que nos podemos encontrar a la hora de ense\u00f1ar a nuestros perros a [&hellip;]<\/p>\n","protected":false},"author":40,"featured_media":18957,"parent":0,"menu_order":0,"comment_status":"closed","ping_status":"closed","template":"","meta":{"_acf_changed":false,"footnotes":""},"class_list":["post-1963","page","type-page","status-publish","has-post-thumbnail","hentry"],"acf":[],"_links":{"self":[{"href":"https:\/\/www.kiwoko.com\/blogmundoanimal\/wp-json\/wp\/v2\/pages\/1963","targetHints":{"allow":["GET"]}}],"collection":[{"href":"https:\/\/www.kiwoko.com\/blogmundoanimal\/wp-json\/wp\/v2\/pages"}],"about":[{"href":"https:\/\/www.kiwoko.com\/blogmundoanimal\/wp-json\/wp\/v2\/types\/page"}],"author":[{"embeddable":true,"href":"https:\/\/www.kiwoko.com\/blogmundoanimal\/wp-json\/wp\/v2\/users\/40"}],"replies":[{"embeddable":true,"href":"https:\/\/www.kiwoko.com\/blogmundoanimal\/wp-json\/wp\/v2\/comments?post=1963"}],"version-history":[{"count":6,"href":"https:\/\/www.kiwoko.com\/blogmundoanimal\/wp-json\/wp\/v2\/pages\/1963\/revisions"}],"predecessor-version":[{"id":49877,"href":"https:\/\/www.kiwoko.com\/blogmundoanimal\/wp-json\/wp\/v2\/pages\/1963\/revisions\/49877"}],"wp:featuredmedia":[{"embeddable":true,"href":"https:\/\/www.kiwoko.com\/blogmundoanimal\/wp-json\/wp\/v2\/media\/18957"}],"wp:attachment":[{"href":"https:\/\/www.kiwoko.com\/blogmundoanimal\/wp-json\/wp\/v2\/media?parent=1963"}],"curies":[{"name":"wp","href":"https:\/\/api.w.org\/{rel}","templated":true}]}}