{"id":1984,"date":"2019-08-02T16:49:19","date_gmt":"2019-08-02T16:49:19","guid":{"rendered":"https:\/\/dev-kiwoko-es.on-dev.com\/blogmundoanimal\/?page_id=1984"},"modified":"2020-07-03T13:20:50","modified_gmt":"2020-07-03T11:20:50","slug":"consejos-sobre-alimentacion-humeda-para-gatos","status":"publish","type":"page","link":"https:\/\/www.kiwoko.com\/blogmundoanimal\/consejos-sobre-alimentacion-humeda-para-gatos\/","title":{"rendered":"Consejos sobre comida h\u00fameda para gatos"},"content":{"rendered":"<div id=\"ez-toc-container\" class=\"ez-toc-v2_0_82_2 counter-hierarchy ez-toc-counter ez-toc-grey ez-toc-container-direction\">\n<div class=\"ez-toc-title-container\">\n<p class=\"ez-toc-title\" style=\"cursor:inherit\">\u00cdndice<\/p>\n<span class=\"ez-toc-title-toggle\"><a href=\"#\" class=\"ez-toc-pull-right ez-toc-btn ez-toc-btn-xs ez-toc-btn-default ez-toc-toggle\" aria-label=\"Alternar tabla de contenidos\"><span class=\"ez-toc-js-icon-con\"><span class=\"\"><span class=\"eztoc-hide\" style=\"display:none;\">Toggle<\/span><span class=\"ez-toc-icon-toggle-span\"><svg style=\"fill: #999;color:#999\" xmlns=\"http:\/\/www.w3.org\/2000\/svg\" class=\"list-377408\" width=\"20px\" height=\"20px\" viewBox=\"0 0 24 24\" fill=\"none\"><path d=\"M6 6H4v2h2V6zm14 0H8v2h12V6zM4 11h2v2H4v-2zm16 0H8v2h12v-2zM4 16h2v2H4v-2zm16 0H8v2h12v-2z\" fill=\"currentColor\"><\/path><\/svg><svg style=\"fill: #999;color:#999\" class=\"arrow-unsorted-368013\" xmlns=\"http:\/\/www.w3.org\/2000\/svg\" width=\"10px\" height=\"10px\" viewBox=\"0 0 24 24\" version=\"1.2\" baseProfile=\"tiny\"><path d=\"M18.2 9.3l-6.2-6.3-6.2 6.3c-.2.2-.3.4-.3.7s.1.5.3.7c.2.2.4.3.7.3h11c.3 0 .5-.1.7-.3.2-.2.3-.5.3-.7s-.1-.5-.3-.7zM5.8 14.7l6.2 6.3 6.2-6.3c.2-.2.3-.5.3-.7s-.1-.5-.3-.7c-.2-.2-.4-.3-.7-.3h-11c-.3 0-.5.1-.7.3-.2.2-.3.5-.3.7s.1.5.3.7z\"\/><\/svg><\/span><\/span><\/span><\/a><\/span><\/div>\n<nav><ul class='ez-toc-list ez-toc-list-level-1 ' ><li class='ez-toc-page-1 ez-toc-heading-level-2'><a class=\"ez-toc-link ez-toc-heading-1\" href=\"https:\/\/www.kiwoko.com\/blogmundoanimal\/guia-mejor-comida-humeda-gatos-con-insuficiencia-renal\/#%C2%BFComo_le_afecta_a_tu_gato_la_insuficiencia_renal\" >\u00bfC\u00f3mo le afecta a tu gato la insuficiencia renal?<\/a><ul class='ez-toc-list-level-3' ><li class='ez-toc-heading-level-3'><a class=\"ez-toc-link ez-toc-heading-2\" href=\"https:\/\/www.kiwoko.com\/blogmundoanimal\/guia-mejor-comida-humeda-gatos-con-insuficiencia-renal\/#%C2%BFPor_que_elegir_una_alimentacion_especial_para_gatos_con_insuficiencia_renal\" >\u00bfPor qu\u00e9 elegir una alimentaci\u00f3n especial para gatos con insuficiencia renal?<\/a><\/li><\/ul><\/li><li class='ez-toc-page-1 ez-toc-heading-level-2'><a class=\"ez-toc-link ez-toc-heading-3\" href=\"https:\/\/www.kiwoko.com\/blogmundoanimal\/guia-mejor-comida-humeda-gatos-con-insuficiencia-renal\/#%C2%BFCual_es_la_mejor_alimentacion_para_gatos_con_insuficiencia_renal\" >\u00bfCu\u00e1l es la mejor alimentaci\u00f3n para gatos con insuficiencia renal?<\/a><ul class='ez-toc-list-level-3' ><li class='ez-toc-heading-level-3'><a class=\"ez-toc-link ez-toc-heading-4\" href=\"https:\/\/www.kiwoko.com\/blogmundoanimal\/guia-mejor-comida-humeda-gatos-con-insuficiencia-renal\/#Baja_en_fosforo\" >Baja en f\u00f3sforo<\/a><\/li><li class='ez-toc-page-1 ez-toc-heading-level-3'><a class=\"ez-toc-link ez-toc-heading-5\" href=\"https:\/\/www.kiwoko.com\/blogmundoanimal\/guia-mejor-comida-humeda-gatos-con-insuficiencia-renal\/#Proteinas_de_alta_calidad_y_en_cantidades_moderadas\" >Prote\u00ednas de alta calidad y en cantidades moderadas<\/a><\/li><li class='ez-toc-page-1 ez-toc-heading-level-3'><a class=\"ez-toc-link ez-toc-heading-6\" href=\"https:\/\/www.kiwoko.com\/blogmundoanimal\/guia-mejor-comida-humeda-gatos-con-insuficiencia-renal\/#Alto_contenido_en_humedad\" >Alto contenido en humedad<\/a><\/li><li class='ez-toc-page-1 ez-toc-heading-level-3'><a class=\"ez-toc-link ez-toc-heading-7\" href=\"https:\/\/www.kiwoko.com\/blogmundoanimal\/guia-mejor-comida-humeda-gatos-con-insuficiencia-renal\/#Control_del_sodio\" >Control del sodio<\/a><\/li><li class='ez-toc-page-1 ez-toc-heading-level-3'><a class=\"ez-toc-link ez-toc-heading-8\" href=\"https:\/\/www.kiwoko.com\/blogmundoanimal\/guia-mejor-comida-humeda-gatos-con-insuficiencia-renal\/#Suplementos_adicionales\" >Suplementos adicionales<\/a><\/li><li class='ez-toc-page-1 ez-toc-heading-level-3'><a class=\"ez-toc-link ez-toc-heading-9\" href=\"https:\/\/www.kiwoko.com\/blogmundoanimal\/guia-mejor-comida-humeda-gatos-con-insuficiencia-renal\/#Palatabilidad\" >Palatabilidad<\/a><\/li><\/ul><\/li><li class='ez-toc-page-1 ez-toc-heading-level-2'><a class=\"ez-toc-link ez-toc-heading-10\" href=\"https:\/\/www.kiwoko.com\/blogmundoanimal\/guia-mejor-comida-humeda-gatos-con-insuficiencia-renal\/#%C2%BFQue_alimentos_estan_prohibidos_para_gatos_con_insuficiencia_renal\" >\u00bfQu\u00e9 alimentos est\u00e1n prohibidos para gatos con insuficiencia renal?<\/a><\/li><li class='ez-toc-page-1 ez-toc-heading-level-2'><a class=\"ez-toc-link ez-toc-heading-11\" href=\"https:\/\/www.kiwoko.com\/blogmundoanimal\/guia-mejor-comida-humeda-gatos-con-insuficiencia-renal\/#%C2%BFCual_es_la_mejor_comida_humeda_para_gatos_con_insuficiencia_renal\" >\u00bfCu\u00e1l es la mejor comida h\u00fameda para gatos con insuficiencia renal?<\/a><ul class='ez-toc-list-level-3' ><li class='ez-toc-heading-level-3'><a class=\"ez-toc-link ez-toc-heading-12\" href=\"https:\/\/www.kiwoko.com\/blogmundoanimal\/guia-mejor-comida-humeda-gatos-con-insuficiencia-renal\/#Mejor_comida_humeda_para_gatitos_con_insuficiencia_renal\" >Mejor comida h\u00fameda para gatitos con insuficiencia renal<\/a><\/li><li class='ez-toc-page-1 ez-toc-heading-level-3'><a class=\"ez-toc-link ez-toc-heading-13\" href=\"https:\/\/www.kiwoko.com\/blogmundoanimal\/guia-mejor-comida-humeda-gatos-con-insuficiencia-renal\/#Mejor_comida_humeda_para_gatos_adultos_con_insuficiencia_renal\" >Mejor comida h\u00fameda para gatos adultos con insuficiencia renal<\/a><\/li><li class='ez-toc-page-1 ez-toc-heading-level-3'><a class=\"ez-toc-link ez-toc-heading-14\" href=\"https:\/\/www.kiwoko.com\/blogmundoanimal\/guia-mejor-comida-humeda-gatos-con-insuficiencia-renal\/#Mejor_pienso_para_gatos_senior_con_insuficiencia_renal\" >Mejor pienso para gatos senior con insuficiencia renal<\/a><\/li><\/ul><\/li><li class='ez-toc-page-1 ez-toc-heading-level-2'><a class=\"ez-toc-link ez-toc-heading-15\" href=\"https:\/\/www.kiwoko.com\/blogmundoanimal\/guia-mejor-comida-humeda-gatos-con-insuficiencia-renal\/#Preguntas_frecuentes\" >Preguntas frecuentes<\/a><ul class='ez-toc-list-level-3' ><li class='ez-toc-heading-level-3'><a class=\"ez-toc-link ez-toc-heading-16\" href=\"https:\/\/www.kiwoko.com\/blogmundoanimal\/guia-mejor-comida-humeda-gatos-con-insuficiencia-renal\/#%C2%BFEs_necesario_cambiar_completamente_la_dieta_de_mi_gato_a_comida_humeda_para_insuficiencia_renal_o_puedo_combinarla_con_su_alimento_habitual\" >\u00bfEs necesario cambiar completamente la dieta de mi gato a comida h\u00fameda para insuficiencia renal, o puedo combinarla con su alimento habitual?<\/a><\/li><li class='ez-toc-page-1 ez-toc-heading-level-3'><a class=\"ez-toc-link ez-toc-heading-17\" href=\"https:\/\/www.kiwoko.com\/blogmundoanimal\/guia-mejor-comida-humeda-gatos-con-insuficiencia-renal\/#%C2%BFCuanto_tiempo_tarda_en_verse_una_mejoria_en_mi_gato_despues_de_cambiar_a_una_dieta_renal\" >\u00bfCu\u00e1nto tiempo tarda en verse una mejor\u00eda en mi gato despu\u00e9s de cambiar a una dieta renal?<\/a><\/li><li class='ez-toc-page-1 ez-toc-heading-level-3'><a class=\"ez-toc-link ez-toc-heading-18\" href=\"https:\/\/www.kiwoko.com\/blogmundoanimal\/guia-mejor-comida-humeda-gatos-con-insuficiencia-renal\/#%C2%BFQue_hago_si_mi_gato_no_quiere_comer_la_comida_renal\" >\u00bfQu\u00e9 hago si mi gato no quiere comer la comida renal?<\/a><\/li><\/ul><\/li><\/ul><\/nav><\/div>\n<!-- wp:shortcode -->\n                    <div id=\"comida-humeda\">\n            <div class=\"posts-list\">\n            <div class=\"row\">\n                        <div class=\"col-md-6 0\">\n                <div class=\"kontainer-category 0\">                    <a href=\"https:\/\/www.kiwoko.com\/blogmundoanimal\/los-beneficios-de-la-comida-humeda-para-gatos\/\" class=\"post 0\">\n                        <div class=\"post-image lazyload 0\" style=\"background:inherit;background-size:cover;\" data-bg=\"#DDDDDD url(https:\/\/www.kiwoko.com\/blogmundoanimal\/wp-content\/uploads\/2017\/05\/Beneficios-de-la-comida-humeda-para-gatos.jpg) no-repeat\"><\/div>\n                        <div class=\"post-text 0\">\n                            <h2>La mejor comida h\u00fameda para gatos. Todo lo que necesitas saber<\/h2>\n                            \u00bfDudas entre pienso seco o alimento h\u00famedo para tu gato? Si no tienes muy claras las ventajas de incluir comida h\u00fameda en la dieta de tu gato, nosotros te...                        <\/div>\n                    <\/a>\n                <\/div>\n            <\/div>\n                        <div class=\"col-md-6 1\">\n                <div class=\"kontainer-category 1\">                    <a href=\"https:\/\/www.kiwoko.com\/blogmundoanimal\/cuanta-comida-humeda-debe-comer-un-gato\/\" class=\"post 1\">\n                        <div class=\"post-image lazyload 1\" style=\"background:inherit;background-size:cover;\" data-bg=\"#DDDDDD url(https:\/\/www.kiwoko.com\/blogmundoanimal\/wp-content\/uploads\/2024\/09\/cuanta-comida-humeda-debe-comer-un-gato.jpg) no-repeat\"><\/div>\n                        <div class=\"post-text 1\">\n                            <h2>Descubre cu\u00e1nta comida h\u00fameda debe comer un gato<\/h2>\n                            La alimentaci\u00f3n de nuestros gatos es un tema que preocupa a muchos due\u00f1os. Como ya sabemos, ofrecer una dieta balanceada a nuestros felinos es fundamental para su salud, pero...                        <\/div>\n                    <\/a>\n                <\/div>\n            <\/div>\n                        <div class=\"col-md-6 2\">\n                <div class=\"kontainer-category 2\">                    <a href=\"https:\/\/www.kiwoko.com\/blogmundoanimal\/guia-mejor-comida-humeda-gatos-con-insuficiencia-renal\/\" class=\"post 2\">\n                        <div class=\"post-image lazyload 2\" style=\"background:inherit;background-size:cover;\" data-bg=\"#DDDDDD url(https:\/\/www.kiwoko.com\/blogmundoanimal\/wp-content\/uploads\/2024\/08\/mejor-comida-humeda-renal-para-gatos.jpg) no-repeat\"><\/div>\n                        <div class=\"post-text 2\">\n                            <h2>Tu gu\u00eda definitiva sobre la mejor comida h\u00fameda para gatos con insuficiencia renal<\/h2>\n                            La insuficiencia renal es una condici\u00f3n cr\u00f3nica que afecta a muchos gatos, especialmente a medida que envejecen. Este problema de salud puede ser dif\u00edcil de llevar tanto para los...                        <\/div>\n                    <\/a>\n                <\/div>\n            <\/div>\n            <\/div>\n        <\/div>\n                    <div class=\"row\">\n                <div class=\"col-lg-12 mb-5\">\n                    <button id=\"comida-humeda-load-more-articles\" class=\"btn load-more\" data-cat=\"\" data-tag=\"comida-humeda\" data-animal=\"Gatos\"\n                data-numpost=\"8\">Cargar m\u00e1s articulos<\/button>\n                <\/div>\n            <\/div>\n            <script>\n                document.addEventListener('DOMContentLoaded', function () {\n                const buttons = document.querySelectorAll('.btn.load-more');\n\n                buttons.forEach(function (button) {\n                    button.addEventListener('click', function () {\n                    const title = button.getAttribute('data-title') || '';\n                    const link = button.getAttribute('data-link') || window.location.href;\n                    const position = button.getAttribute('data-position') || '';\n                    const category = button.getAttribute('data-cat') || '';\n                    const linkText = button.innerText || button.textContent;\n\n                    window.dataLayer = window.dataLayer || [];\n                    window.dataLayer.push({\n                        'event': 'blog_mas_articulos',\n                        'event_name': 'blog_mas_articulos',\n                        'position': position,\n                        'link_text': linkText,\n                        'link_url': link,\n                        'category': category,\n                        'product_name': title\n                    });\n                    });\n                });\n                });\n            <\/script> \n                <div id=\"comida-humeda-loading-elements\" class=\"text-center mt-1 loading-elements\"><div class=\"lds-ellipsis\"><div><\/div><div><\/div><div><\/div><div><\/div><\/div><\/div>\n                    <\/div>\n<!-- \/wp:shortcode -->","protected":false},"excerpt":{"rendered":"<p>La insuficiencia renal es una condici\u00f3n cr\u00f3nica que afecta a muchos gatos, especialmente a medida que envejecen. Este problema de salud puede ser dif\u00edcil de llevar tanto para los gatos como para sus due\u00f1os, pero debes saber que una alimentaci\u00f3n adecuada puede marcar una gran diferencia en la calidad de vida del felino.&nbsp; En este [&hellip;]<\/p>\n","protected":false},"author":40,"featured_media":0,"parent":0,"menu_order":0,"comment_status":"closed","ping_status":"closed","template":"","meta":{"_acf_changed":false,"footnotes":""},"class_list":["post-1984","page","type-page","status-publish","hentry"],"acf":[],"_links":{"self":[{"href":"https:\/\/www.kiwoko.com\/blogmundoanimal\/wp-json\/wp\/v2\/pages\/1984","targetHints":{"allow":["GET"]}}],"collection":[{"href":"https:\/\/www.kiwoko.com\/blogmundoanimal\/wp-json\/wp\/v2\/pages"}],"about":[{"href":"https:\/\/www.kiwoko.com\/blogmundoanimal\/wp-json\/wp\/v2\/types\/page"}],"author":[{"embeddable":true,"href":"https:\/\/www.kiwoko.com\/blogmundoanimal\/wp-json\/wp\/v2\/users\/40"}],"replies":[{"embeddable":true,"href":"https:\/\/www.kiwoko.com\/blogmundoanimal\/wp-json\/wp\/v2\/comments?post=1984"}],"version-history":[{"count":2,"href":"https:\/\/www.kiwoko.com\/blogmundoanimal\/wp-json\/wp\/v2\/pages\/1984\/revisions"}],"predecessor-version":[{"id":1986,"href":"https:\/\/www.kiwoko.com\/blogmundoanimal\/wp-json\/wp\/v2\/pages\/1984\/revisions\/1986"}],"wp:attachment":[{"href":"https:\/\/www.kiwoko.com\/blogmundoanimal\/wp-json\/wp\/v2\/media?parent=1984"}],"curies":[{"name":"wp","href":"https:\/\/api.w.org\/{rel}","templated":true}]}}