{"id":1988,"date":"2019-08-02T16:51:30","date_gmt":"2019-08-02T16:51:30","guid":{"rendered":"https:\/\/dev-kiwoko-es.on-dev.com\/blogmundoanimal\/?page_id=1988"},"modified":"2020-07-03T13:12:50","modified_gmt":"2020-07-03T11:12:50","slug":"consejos-alimentacion-natural-para-gatos","status":"publish","type":"page","link":"https:\/\/www.kiwoko.com\/blogmundoanimal\/consejos-alimentacion-natural-para-gatos\/","title":{"rendered":"Consejos sobre alimentaci\u00f3n natural para gatos"},"content":{"rendered":"<div id=\"ez-toc-container\" class=\"ez-toc-v2_0_82_2 counter-hierarchy ez-toc-counter ez-toc-grey ez-toc-container-direction\">\n<div class=\"ez-toc-title-container\">\n<p class=\"ez-toc-title\" style=\"cursor:inherit\">\u00cdndice<\/p>\n<span class=\"ez-toc-title-toggle\"><a href=\"#\" class=\"ez-toc-pull-right ez-toc-btn ez-toc-btn-xs ez-toc-btn-default ez-toc-toggle\" aria-label=\"Alternar tabla de contenidos\"><span class=\"ez-toc-js-icon-con\"><span class=\"\"><span class=\"eztoc-hide\" style=\"display:none;\">Toggle<\/span><span class=\"ez-toc-icon-toggle-span\"><svg style=\"fill: #999;color:#999\" xmlns=\"http:\/\/www.w3.org\/2000\/svg\" class=\"list-377408\" width=\"20px\" height=\"20px\" viewBox=\"0 0 24 24\" fill=\"none\"><path d=\"M6 6H4v2h2V6zm14 0H8v2h12V6zM4 11h2v2H4v-2zm16 0H8v2h12v-2zM4 16h2v2H4v-2zm16 0H8v2h12v-2z\" fill=\"currentColor\"><\/path><\/svg><svg style=\"fill: #999;color:#999\" class=\"arrow-unsorted-368013\" xmlns=\"http:\/\/www.w3.org\/2000\/svg\" width=\"10px\" height=\"10px\" viewBox=\"0 0 24 24\" version=\"1.2\" baseProfile=\"tiny\"><path d=\"M18.2 9.3l-6.2-6.3-6.2 6.3c-.2.2-.3.4-.3.7s.1.5.3.7c.2.2.4.3.7.3h11c.3 0 .5-.1.7-.3.2-.2.3-.5.3-.7s-.1-.5-.3-.7zM5.8 14.7l6.2 6.3 6.2-6.3c.2-.2.3-.5.3-.7s-.1-.5-.3-.7c-.2-.2-.4-.3-.7-.3h-11c-.3 0-.5.1-.7.3-.2.2-.3.5-.3.7s.1.5.3.7z\"\/><\/svg><\/span><\/span><\/span><\/a><\/span><\/div>\n<nav><ul class='ez-toc-list ez-toc-list-level-1 ' ><li class='ez-toc-page-1 ez-toc-heading-level-2'><a class=\"ez-toc-link ez-toc-heading-1\" href=\"https:\/\/www.kiwoko.com\/blogmundoanimal\/guia-definitiva-sobre-el-mejor-pienso-natural-para-gatos\/#%C2%BFComo_es_el_pienso_natural_para_gatos\" >\u00bfC\u00f3mo es el pienso natural para gatos?<\/a><ul class='ez-toc-list-level-3' ><li class='ez-toc-heading-level-3'><a class=\"ez-toc-link ez-toc-heading-2\" href=\"https:\/\/www.kiwoko.com\/blogmundoanimal\/guia-definitiva-sobre-el-mejor-pienso-natural-para-gatos\/#%C2%BFPor_que_elegir_comida_natural_para_tu_gato\" >\u00bfPor qu\u00e9 elegir comida natural para tu gato?<\/a><\/li><\/ul><\/li><li class='ez-toc-page-1 ez-toc-heading-level-2'><a class=\"ez-toc-link ez-toc-heading-3\" href=\"https:\/\/www.kiwoko.com\/blogmundoanimal\/guia-definitiva-sobre-el-mejor-pienso-natural-para-gatos\/#%C2%BFCual_es_el_mejor_pienso_natural_para_gatos\" >\u00bfCu\u00e1l es el mejor pienso natural para gatos?<\/a><\/li><li class='ez-toc-page-1 ez-toc-heading-level-2'><a class=\"ez-toc-link ez-toc-heading-4\" href=\"https:\/\/www.kiwoko.com\/blogmundoanimal\/guia-definitiva-sobre-el-mejor-pienso-natural-para-gatos\/#Mejores_piensos_naturales_para_gatos\" >Mejores piensos naturales para gatos<\/a><ul class='ez-toc-list-level-3' ><li class='ez-toc-heading-level-3'><a class=\"ez-toc-link ez-toc-heading-5\" href=\"https:\/\/www.kiwoko.com\/blogmundoanimal\/guia-definitiva-sobre-el-mejor-pienso-natural-para-gatos\/#Mejor_pienso_natural_para_gatitos\" >Mejor pienso natural para gatitos<\/a><\/li><li class='ez-toc-page-1 ez-toc-heading-level-3'><a class=\"ez-toc-link ez-toc-heading-6\" href=\"https:\/\/www.kiwoko.com\/blogmundoanimal\/guia-definitiva-sobre-el-mejor-pienso-natural-para-gatos\/#Mejor_pienso_natural_para_gatos_adultos\" >Mejor pienso natural para gatos adultos<\/a><\/li><li class='ez-toc-page-1 ez-toc-heading-level-3'><a class=\"ez-toc-link ez-toc-heading-7\" href=\"https:\/\/www.kiwoko.com\/blogmundoanimal\/guia-definitiva-sobre-el-mejor-pienso-natural-para-gatos\/#Mejor_pienso_natural_para_gatos_senior\" >Mejor pienso natural para gatos senior<\/a><\/li><li class='ez-toc-page-1 ez-toc-heading-level-3'><a class=\"ez-toc-link ez-toc-heading-8\" href=\"https:\/\/www.kiwoko.com\/blogmundoanimal\/guia-definitiva-sobre-el-mejor-pienso-natural-para-gatos\/#Mejor_pienso_natural_para_gatos_con_necesidades_especiales\" >Mejor pienso natural para gatos con necesidades especiales<\/a><\/li><\/ul><\/li><\/ul><\/nav><\/div>\n<!-- wp:shortcode -->\n                    <div id=\"alimentacion-natural\">\n            <div class=\"posts-list\">\n            <div class=\"row\">\n                        <div class=\"col-md-6 0\">\n                <div class=\"kontainer-category 0\">                    <a href=\"https:\/\/www.kiwoko.com\/blogmundoanimal\/senales-cambio-alimentacion-natural-animales\/\" class=\"post 0\">\n                        <div class=\"post-image lazyload 0\" style=\"background:inherit;background-size:cover;\" data-bg=\"#DDDDDD url(https:\/\/www.kiwoko.com\/blogmundoanimal\/wp-content\/uploads\/2025\/11\/Como-se-si-mi-mascota-necesita-alimentacion-natural.jpg) no-repeat\"><\/div>\n                        <div class=\"post-text 0\">\n                            <h2>Se\u00f1ales de que tu animal de compa\u00f1\u00eda necesita un cambio a una alimentaci\u00f3n m\u00e1s natural<\/h2>\n                            \u00bfSientes que tu perro o gato ya no est\u00e1 tan activo como antes? \u00bfNotas que su pelaje ha perdido brillo, que su digesti\u00f3n es m\u00e1s sensible o que se...                        <\/div>\n                    <\/a>\n                <\/div>\n            <\/div>\n                        <div class=\"col-md-6 1\">\n                <div class=\"kontainer-category 1\">                    <a href=\"https:\/\/www.kiwoko.com\/blogmundoanimal\/comida-congelada-para-gatos-que-es-beneficios-tipos\/\" class=\"post 1\">\n                        <div class=\"post-image lazyload 1\" style=\"background:inherit;background-size:cover;\" data-bg=\"#DDDDDD url(https:\/\/www.kiwoko.com\/blogmundoanimal\/wp-content\/uploads\/2025\/09\/comida-congelada-para-gatos-que-es.jpg) no-repeat\"><\/div>\n                        <div class=\"post-text 1\">\n                            <h2>Comida congelada para gatos: Qu\u00e9 es, beneficios y tipos<\/h2>\n                            \u00bfTe has planteado alguna vez si la comida que le das a tu gato es lo m\u00e1s natural para \u00e9l? Hoy queremos hablarte de una tendencia que cada vez...                        <\/div>\n                    <\/a>\n                <\/div>\n            <\/div>\n                        <div class=\"col-md-6 2\">\n                <div class=\"kontainer-category 2\">                    <a href=\"https:\/\/www.kiwoko.com\/blogmundoanimal\/descubre-la-comida-perros-gatos-true-origins\/\" class=\"post 2\">\n                        <div class=\"post-image lazyload 2\" style=\"background:inherit;background-size:cover;\" data-bg=\"#DDDDDD url(https:\/\/www.kiwoko.com\/blogmundoanimal\/wp-content\/uploads\/2018\/12\/True-Origins_-un-alimento-natural-completo-y-equilibrado.jpg) no-repeat\"><\/div>\n                        <div class=\"post-text 2\">\n                            <h2>True Origins: Alimentaci\u00f3n natural, completa y equilibrada para tu perro o gato<\/h2>\n                            \u00bfConoces True Origins? Si buscas una alimentaci\u00f3n completa y equilibrada libre de cereales para tu mascota esta debe ser tu elecci\u00f3n. Si quieres saber m\u00e1s sobre True Origins sigue...                        <\/div>\n                    <\/a>\n                <\/div>\n            <\/div>\n                        <div class=\"col-md-6 3\">\n                <div class=\"kontainer-category 3\">                    <a href=\"https:\/\/www.kiwoko.com\/blogmundoanimal\/cuando-es-adecuado-pienso-sin-cereales-gatos\/\" class=\"post 3\">\n                        <div class=\"post-image lazyload 3\" style=\"background:inherit;background-size:cover;\" data-bg=\"#DDDDDD url(https:\/\/www.kiwoko.com\/blogmundoanimal\/wp-content\/uploads\/2024\/10\/como-saber-si-mi-gato-necesita-piensos-sin-cereales.jpg) no-repeat\"><\/div>\n                        <div class=\"post-text 3\">\n                            <h2>\u00bfEl pienso sin cereales es adecuado para todos los gatos? Ventajas y consejos<\/h2>\n                            La alimentaci\u00f3n de los gatos ha cambiado mucho en los \u00faltimos a\u00f1os, y cada vez son m\u00e1s los due\u00f1os que buscan alternativas m\u00e1s naturales para sus animales de compa\u00f1\u00eda....                        <\/div>\n                    <\/a>\n                <\/div>\n            <\/div>\n                        <div class=\"col-md-6 4\">\n                <div class=\"kontainer-category 4\">                    <a href=\"https:\/\/www.kiwoko.com\/blogmundoanimal\/guia-de-cantidades-barf-para-gatos\/\" class=\"post 4\">\n                        <div class=\"post-image lazyload 4\" style=\"background:inherit;background-size:cover;\" data-bg=\"#DDDDDD url(https:\/\/www.kiwoko.com\/blogmundoanimal\/wp-content\/uploads\/2023\/01\/dieta-barf-en-gatos.jpg) no-repeat\"><\/div>\n                        <div class=\"post-text 4\">\n                            <h2>Dieta BARF para gatos: Qu\u00e9 es, consideraciones y gu\u00eda de cantidades<\/h2>\n                            La dieta BARF para gatos se ha vuelto cada vez m\u00e1s popular entre los due\u00f1os de los felinos debido a que buscan una alimentaci\u00f3n mucho m\u00e1s natural y saludable....                        <\/div>\n                    <\/a>\n                <\/div>\n            <\/div>\n                        <div class=\"col-md-6 5\">\n                <div class=\"kontainer-category 5\">                    <a href=\"https:\/\/www.kiwoko.com\/blogmundoanimal\/guia-definitiva-sobre-el-mejor-pienso-natural-para-gatos\/\" class=\"post 5\">\n                        <div class=\"post-image lazyload 5\" style=\"background:inherit;background-size:cover;\" data-bg=\"#DDDDDD url(https:\/\/www.kiwoko.com\/blogmundoanimal\/wp-content\/uploads\/2024\/07\/mejor-pienso-natural-para-gatos.jpg) no-repeat\"><\/div>\n                        <div class=\"post-text 5\">\n                            <h2>Gu\u00eda definitiva sobre el mejor pienso natural para gatos<\/h2>\n                            Sabemos que elegir la mejor alimentaci\u00f3n para los gatos es una prioridad para sus due\u00f1os. La dieta es esencial para mantener a nuestros felinos felices y saludables, por lo...                        <\/div>\n                    <\/a>\n                <\/div>\n            <\/div>\n            <\/div>\n        <\/div>\n                    <div class=\"row\">\n                <div class=\"col-lg-12 mb-5\">\n                    <button id=\"alimentacion-natural-load-more-articles\" class=\"btn load-more\" data-cat=\"\" data-tag=\"alimentacion-natural\" data-animal=\"Gatos\"\n                data-numpost=\"8\">Cargar m\u00e1s articulos<\/button>\n                <\/div>\n            <\/div>\n            <script>\n                document.addEventListener('DOMContentLoaded', function () {\n                const buttons = document.querySelectorAll('.btn.load-more');\n\n                buttons.forEach(function (button) {\n                    button.addEventListener('click', function () {\n                    const title = button.getAttribute('data-title') || '';\n                    const link = button.getAttribute('data-link') || window.location.href;\n                    const position = button.getAttribute('data-position') || '';\n                    const category = button.getAttribute('data-cat') || '';\n                    const linkText = button.innerText || button.textContent;\n\n                    window.dataLayer = window.dataLayer || [];\n                    window.dataLayer.push({\n                        'event': 'blog_mas_articulos',\n                        'event_name': 'blog_mas_articulos',\n                        'position': position,\n                        'link_text': linkText,\n                        'link_url': link,\n                        'category': category,\n                        'product_name': title\n                    });\n                    });\n                });\n                });\n            <\/script> \n                <div id=\"alimentacion-natural-loading-elements\" class=\"text-center mt-1 loading-elements\"><div class=\"lds-ellipsis\"><div><\/div><div><\/div><div><\/div><div><\/div><\/div><\/div>\n                    <\/div>\n<!-- \/wp:shortcode -->","protected":false},"excerpt":{"rendered":"<p>Sabemos que elegir la mejor alimentaci\u00f3n para los gatos es una prioridad para sus due\u00f1os. La dieta es esencial para mantener a nuestros felinos felices y saludables, por lo que es crucial prestar atenci\u00f3n al tipo de alimentaci\u00f3n que les proporcionamos. En esta gu\u00eda, te ofrecemos informaci\u00f3n detallada sobre el mejor pienso natural para gatos, [&hellip;]<\/p>\n","protected":false},"author":40,"featured_media":0,"parent":0,"menu_order":0,"comment_status":"closed","ping_status":"closed","template":"","meta":{"_acf_changed":false,"footnotes":""},"class_list":["post-1988","page","type-page","status-publish","hentry"],"acf":[],"_links":{"self":[{"href":"https:\/\/www.kiwoko.com\/blogmundoanimal\/wp-json\/wp\/v2\/pages\/1988","targetHints":{"allow":["GET"]}}],"collection":[{"href":"https:\/\/www.kiwoko.com\/blogmundoanimal\/wp-json\/wp\/v2\/pages"}],"about":[{"href":"https:\/\/www.kiwoko.com\/blogmundoanimal\/wp-json\/wp\/v2\/types\/page"}],"author":[{"embeddable":true,"href":"https:\/\/www.kiwoko.com\/blogmundoanimal\/wp-json\/wp\/v2\/users\/40"}],"replies":[{"embeddable":true,"href":"https:\/\/www.kiwoko.com\/blogmundoanimal\/wp-json\/wp\/v2\/comments?post=1988"}],"version-history":[{"count":1,"href":"https:\/\/www.kiwoko.com\/blogmundoanimal\/wp-json\/wp\/v2\/pages\/1988\/revisions"}],"predecessor-version":[{"id":1989,"href":"https:\/\/www.kiwoko.com\/blogmundoanimal\/wp-json\/wp\/v2\/pages\/1988\/revisions\/1989"}],"wp:attachment":[{"href":"https:\/\/www.kiwoko.com\/blogmundoanimal\/wp-json\/wp\/v2\/media?parent=1988"}],"curies":[{"name":"wp","href":"https:\/\/api.w.org\/{rel}","templated":true}]}}