{"id":1995,"date":"2019-08-02T16:56:59","date_gmt":"2019-08-02T16:56:59","guid":{"rendered":"https:\/\/dev-kiwoko-es.on-dev.com\/blogmundoanimal\/?page_id=1995"},"modified":"2023-04-18T12:02:48","modified_gmt":"2023-04-18T10:02:48","slug":"consejos-sobre-antiparasitarios-para-gatos","status":"publish","type":"page","link":"https:\/\/www.kiwoko.com\/blogmundoanimal\/consejos-sobre-antiparasitarios-para-gatos\/","title":{"rendered":"Consejos sobre antiparasitarios para gatos"},"content":{"rendered":"<div id=\"ez-toc-container\" class=\"ez-toc-v2_0_82_2 counter-hierarchy ez-toc-counter ez-toc-grey ez-toc-container-direction\">\n<div class=\"ez-toc-title-container\">\n<p class=\"ez-toc-title\" style=\"cursor:inherit\">\u00cdndice<\/p>\n<span class=\"ez-toc-title-toggle\"><a href=\"#\" class=\"ez-toc-pull-right ez-toc-btn ez-toc-btn-xs ez-toc-btn-default ez-toc-toggle\" aria-label=\"Alternar tabla de contenidos\"><span class=\"ez-toc-js-icon-con\"><span class=\"\"><span class=\"eztoc-hide\" style=\"display:none;\">Toggle<\/span><span class=\"ez-toc-icon-toggle-span\"><svg style=\"fill: #999;color:#999\" xmlns=\"http:\/\/www.w3.org\/2000\/svg\" class=\"list-377408\" width=\"20px\" height=\"20px\" viewBox=\"0 0 24 24\" fill=\"none\"><path d=\"M6 6H4v2h2V6zm14 0H8v2h12V6zM4 11h2v2H4v-2zm16 0H8v2h12v-2zM4 16h2v2H4v-2zm16 0H8v2h12v-2z\" fill=\"currentColor\"><\/path><\/svg><svg style=\"fill: #999;color:#999\" class=\"arrow-unsorted-368013\" xmlns=\"http:\/\/www.w3.org\/2000\/svg\" width=\"10px\" height=\"10px\" viewBox=\"0 0 24 24\" version=\"1.2\" baseProfile=\"tiny\"><path d=\"M18.2 9.3l-6.2-6.3-6.2 6.3c-.2.2-.3.4-.3.7s.1.5.3.7c.2.2.4.3.7.3h11c.3 0 .5-.1.7-.3.2-.2.3-.5.3-.7s-.1-.5-.3-.7zM5.8 14.7l6.2 6.3 6.2-6.3c.2-.2.3-.5.3-.7s-.1-.5-.3-.7c-.2-.2-.4-.3-.7-.3h-11c-.3 0-.5.1-.7.3-.2.2-.3.5-.3.7s.1.5.3.7z\"\/><\/svg><\/span><\/span><\/span><\/a><\/span><\/div>\n<nav><ul class='ez-toc-list ez-toc-list-level-1 ' ><li class='ez-toc-page-1 ez-toc-heading-level-2'><a class=\"ez-toc-link ez-toc-heading-1\" href=\"https:\/\/www.kiwoko.com\/blogmundoanimal\/como-poner-una-pipeta-a-un-gato-guia\/#%C2%BFQue_es_una_pipeta_antiparasitaria_y_por_que_es_importante\" >\u00bfQu\u00e9 es una pipeta antiparasitaria y por qu\u00e9 es importante?<\/a><\/li><li class='ez-toc-page-1 ez-toc-heading-level-2'><a class=\"ez-toc-link ez-toc-heading-2\" href=\"https:\/\/www.kiwoko.com\/blogmundoanimal\/como-poner-una-pipeta-a-un-gato-guia\/#Preparacion_antes_de_aplicar_la_pipeta_a_un_gato\" >Preparaci\u00f3n antes de aplicar la pipeta a un gato<\/a><ul class='ez-toc-list-level-3' ><li class='ez-toc-heading-level-3'><a class=\"ez-toc-link ez-toc-heading-3\" href=\"https:\/\/www.kiwoko.com\/blogmundoanimal\/como-poner-una-pipeta-a-un-gato-guia\/#Elige_la_pipeta_adecuada\" >Elige la pipeta adecuada<\/a><\/li><li class='ez-toc-page-1 ez-toc-heading-level-3'><a class=\"ez-toc-link ez-toc-heading-4\" href=\"https:\/\/www.kiwoko.com\/blogmundoanimal\/como-poner-una-pipeta-a-un-gato-guia\/#Escoge_el_mejor_momento\" >Escoge el mejor momento<\/a><\/li><li class='ez-toc-page-1 ez-toc-heading-level-3'><a class=\"ez-toc-link ez-toc-heading-5\" href=\"https:\/\/www.kiwoko.com\/blogmundoanimal\/como-poner-una-pipeta-a-un-gato-guia\/#Prepara_el_espacio\" >Prepara el espacio<\/a><\/li><\/ul><\/li><li class='ez-toc-page-1 ez-toc-heading-level-2'><a class=\"ez-toc-link ez-toc-heading-6\" href=\"https:\/\/www.kiwoko.com\/blogmundoanimal\/como-poner-una-pipeta-a-un-gato-guia\/#Como_poner_una_pipeta_a_un_gato_paso_a_paso\" >C\u00f3mo poner una pipeta a un gato paso a paso<\/a><ul class='ez-toc-list-level-3' ><li class='ez-toc-heading-level-3'><a class=\"ez-toc-link ez-toc-heading-7\" href=\"https:\/\/www.kiwoko.com\/blogmundoanimal\/como-poner-una-pipeta-a-un-gato-guia\/#Paso_1_Abre_la_pipeta_con_cuidado\" >Paso 1: Abre la pipeta con cuidado<\/a><\/li><li class='ez-toc-page-1 ez-toc-heading-level-3'><a class=\"ez-toc-link ez-toc-heading-8\" href=\"https:\/\/www.kiwoko.com\/blogmundoanimal\/como-poner-una-pipeta-a-un-gato-guia\/#Paso_2_Encuentra_la_zona_de_aplicacion\" >Paso 2: Encuentra la zona de aplicaci\u00f3n<\/a><\/li><li class='ez-toc-page-1 ez-toc-heading-level-3'><a class=\"ez-toc-link ez-toc-heading-9\" href=\"https:\/\/www.kiwoko.com\/blogmundoanimal\/como-poner-una-pipeta-a-un-gato-guia\/#Paso_3_Separa_el_pelo_y_aplica_el_producto\" >Paso 3: Separa el pelo y aplica el producto<\/a><\/li><li class='ez-toc-page-1 ez-toc-heading-level-3'><a class=\"ez-toc-link ez-toc-heading-10\" href=\"https:\/\/www.kiwoko.com\/blogmundoanimal\/como-poner-una-pipeta-a-un-gato-guia\/#Paso_4_Deja_que_el_producto_se_absorba\" >Paso 4: Deja que el producto se absorba<\/a><\/li><li class='ez-toc-page-1 ez-toc-heading-level-3'><a class=\"ez-toc-link ez-toc-heading-11\" href=\"https:\/\/www.kiwoko.com\/blogmundoanimal\/como-poner-una-pipeta-a-un-gato-guia\/#Paso_5_Recompensa_positivamente\" >Paso 5: Recompensa positivamente<\/a><\/li><li class='ez-toc-page-1 ez-toc-heading-level-3'><a class=\"ez-toc-link ez-toc-heading-12\" href=\"https:\/\/www.kiwoko.com\/blogmundoanimal\/como-poner-una-pipeta-a-un-gato-guia\/#Paso_6_Lavate_bien_las_manos\" >Paso 6: L\u00e1vate bien las manos<\/a><\/li><\/ul><\/li><li class='ez-toc-page-1 ez-toc-heading-level-2'><a class=\"ez-toc-link ez-toc-heading-13\" href=\"https:\/\/www.kiwoko.com\/blogmundoanimal\/como-poner-una-pipeta-a-un-gato-guia\/#Consejos_para_evitar_los_parasitos_externos_en_tu_gato\" >Consejos para evitar los par\u00e1sitos externos en tu gato<\/a><\/li><li class='ez-toc-page-1 ez-toc-heading-level-2'><a class=\"ez-toc-link ez-toc-heading-14\" href=\"https:\/\/www.kiwoko.com\/blogmundoanimal\/como-poner-una-pipeta-a-un-gato-guia\/#Preguntas_frecuentes_sobre_como_aplicar_la_pipeta_a_un_gato\" >Preguntas frecuentes sobre c\u00f3mo aplicar la pipeta a un gato<\/a><ul class='ez-toc-list-level-3' ><li class='ez-toc-heading-level-3'><a class=\"ez-toc-link ez-toc-heading-15\" href=\"https:\/\/www.kiwoko.com\/blogmundoanimal\/como-poner-una-pipeta-a-un-gato-guia\/#%C2%BFCada_cuanto_tiempo_debo_aplicar_la_pipeta\" >\u00bfCada cu\u00e1nto tiempo debo aplicar la pipeta?<\/a><\/li><li class='ez-toc-page-1 ez-toc-heading-level-3'><a class=\"ez-toc-link ez-toc-heading-16\" href=\"https:\/\/www.kiwoko.com\/blogmundoanimal\/como-poner-una-pipeta-a-un-gato-guia\/#%C2%BFPuedo_banar_a_mi_gato_despues_de_aplicarle_la_pipeta\" >\u00bfPuedo ba\u00f1ar a mi gato despu\u00e9s de aplicarle la pipeta?<\/a><\/li><li class='ez-toc-page-1 ez-toc-heading-level-3'><a class=\"ez-toc-link ez-toc-heading-17\" href=\"https:\/\/www.kiwoko.com\/blogmundoanimal\/como-poner-una-pipeta-a-un-gato-guia\/#%C2%BFQue_hago_si_mi_gato_se_lame_la_pipeta\" >\u00bfQu\u00e9 hago si mi gato se lame la pipeta?<\/a><\/li><li class='ez-toc-page-1 ez-toc-heading-level-3'><a class=\"ez-toc-link ez-toc-heading-18\" href=\"https:\/\/www.kiwoko.com\/blogmundoanimal\/como-poner-una-pipeta-a-un-gato-guia\/#%C2%BFQue_pasa_si_mi_gato_tiene_una_reaccion_adversa\" >\u00bfQu\u00e9 pasa si mi gato tiene una reacci\u00f3n adversa?<\/a><\/li><\/ul><\/li><\/ul><\/nav><\/div>\n<!-- wp:heading -->\n<h2>Los m\u00e1s recientes:<\/h2>\n<!-- \/wp:heading -->\n\n<!-- wp:shortcode -->\n                    <div id=\"antiparasitarios\">\n            <div class=\"posts-list\">\n            <div class=\"row\">\n                        <div class=\"col-md-6 0\">\n                <div class=\"kontainer-category 0\">                    <a href=\"https:\/\/www.kiwoko.com\/blogmundoanimal\/parasitos-externos-en-gatos-guia\/\" class=\"post 0\">\n                        <div class=\"post-image lazyload 0\" style=\"background:inherit;background-size:cover;\" data-bg=\"#DDDDDD url(https:\/\/www.kiwoko.com\/blogmundoanimal\/wp-content\/uploads\/2026\/03\/parasitos-externos-gatos.jpg) no-repeat\"><\/div>\n                        <div class=\"post-text 0\">\n                            <h2>Par\u00e1sitos externos en gatos: Cu\u00e1les son los m\u00e1s frecuentes y c\u00f3mo proteger a tu felino<\/h2>\n                            Si convives con un gato, seguramente sabes lo importante que es mantener su salud bajo control. Sin embargo, hay un enemigo silencioso que puede afectar tanto a felinos que...                        <\/div>\n                    <\/a>\n                <\/div>\n            <\/div>\n                        <div class=\"col-md-6 1\">\n                <div class=\"kontainer-category 1\">                    <a href=\"https:\/\/www.kiwoko.com\/blogmundoanimal\/como-proteger-a-los-gatos-de-mosquitos\/\" class=\"post 1\">\n                        <div class=\"post-image lazyload 1\" style=\"background:inherit;background-size:cover;\" data-bg=\"#DDDDDD url(https:\/\/www.kiwoko.com\/blogmundoanimal\/wp-content\/uploads\/2026\/02\/mosquitos-y-gatos.jpg) no-repeat\"><\/div>\n                        <div class=\"post-text 1\">\n                            <h2>Mosquitos y gatos \u00bfc\u00f3mo protegerlos?<\/h2>\n                            El verano ha llegado y con \u00e9l esos molestos zumbidos que nos ponen tan nerviosos. Pero no solo los sufrimos nosotros. Nuestros gatos tambi\u00e9n sienten las picaduras de los...                        <\/div>\n                    <\/a>\n                <\/div>\n            <\/div>\n                        <div class=\"col-md-6 2\">\n                <div class=\"kontainer-category 2\">                    <a href=\"https:\/\/www.kiwoko.com\/blogmundoanimal\/parasitos-de-invierno-en-perros-y-gatos\/\" class=\"post 2\">\n                        <div class=\"post-image lazyload 2\" style=\"background:inherit;background-size:cover;\" data-bg=\"#DDDDDD url(https:\/\/www.kiwoko.com\/blogmundoanimal\/wp-content\/uploads\/2026\/01\/Parasitos-de-invierno-en-perros-y-gatos.jpg) no-repeat\"><\/div>\n                        <div class=\"post-text 2\">\n                            <h2>Par\u00e1sitos de invierno en perros y gatos: Lo que necesitas saber para protegerlos todo el a\u00f1o<\/h2>\n                            Cuando pensamos en pulgas o garrapatas, solemos imaginarlos en primavera o verano, \u00bfverdad? Pero lo cierto es que los par\u00e1sitos de invierno tambi\u00e9n pueden afectar a perros y gatos,...                        <\/div>\n                    <\/a>\n                <\/div>\n            <\/div>\n                        <div class=\"col-md-6 3\">\n                <div class=\"kontainer-category 3\">                    <a href=\"https:\/\/www.kiwoko.com\/blogmundoanimal\/es-necesario-desparasitar-a-un-gato-de-interior\/\" class=\"post 3\">\n                        <div class=\"post-image lazyload 3\" style=\"background:inherit;background-size:cover;\" data-bg=\"#DDDDDD url(https:\/\/www.kiwoko.com\/blogmundoanimal\/wp-content\/uploads\/2026\/01\/desparasitar-gato-de-interior.jpg) no-repeat\"><\/div>\n                        <div class=\"post-text 3\">\n                            <h2>\u00bfEs necesario desparasitar a un gato que no sale de casa? Todo lo que necesitas saber<\/h2>\n                            Si tienes un gato que vive c\u00f3modamente entre cojines, rascadores y ventanas cerradas, es f\u00e1cil pensar que est\u00e1 a salvo de todo. Pero, \u00bfRealmente es as\u00ed? \u00bfEs necesario desparasitar...                        <\/div>\n                    <\/a>\n                <\/div>\n            <\/div>\n                        <div class=\"col-md-6 4\">\n                <div class=\"kontainer-category 4\">                    <a href=\"https:\/\/www.kiwoko.com\/blogmundoanimal\/mejores-pipetas-para-gatos-comparativa\/\" class=\"post 4\">\n                        <div class=\"post-image lazyload 4\" style=\"background:inherit;background-size:cover;\" data-bg=\"#DDDDDD url(https:\/\/www.kiwoko.com\/blogmundoanimal\/wp-content\/uploads\/2025\/11\/mejores-pipetas-antiparasitarias-para-gatos.jpg) no-repeat\"><\/div>\n                        <div class=\"post-text 4\">\n                            <h2>Mejores pipetas para gatos: Gu\u00eda completa para proteger a tu felino<\/h2>\n                            \u00bfTu gato se rasca m\u00e1s de lo habitual, se muestra inquieto o ha dejado de comer? Es posible que tenga par\u00e1sitos externos como pulgas o garrapatas.&nbsp; Por suerte, existe...                        <\/div>\n                    <\/a>\n                <\/div>\n            <\/div>\n                        <div class=\"col-md-6 5\">\n                <div class=\"kontainer-category 5\">                    <a href=\"https:\/\/www.kiwoko.com\/blogmundoanimal\/mejores-collares-antiparasitarios-para-gatos\/\" class=\"post 5\">\n                        <div class=\"post-image lazyload 5\" style=\"background:inherit;background-size:cover;\" data-bg=\"#DDDDDD url(https:\/\/www.kiwoko.com\/blogmundoanimal\/wp-content\/uploads\/2025\/04\/mejor-collar-antiparasitario-para-gatos.jpg) no-repeat\"><\/div>\n                        <div class=\"post-text 5\">\n                            <h2>\u00bfCu\u00e1les son los mejores collares antiparasitarios para gatos? \u00a1Desc\u00fabrelos!<\/h2>\n                            Sabemos que a todos nos preocupa que nuestros gatos est\u00e9n protegidos de pulgas, garrapatas y mosquitos. Y lo cierto es que, \u00bfQui\u00e9n quiere ver a su amigo peludo rasc\u00e1ndose...                        <\/div>\n                    <\/a>\n                <\/div>\n            <\/div>\n                        <div class=\"col-md-6 6\">\n                <div class=\"kontainer-category 6\">                    <a href=\"https:\/\/www.kiwoko.com\/blogmundoanimal\/preguntas-frecuentes-sobre-antiparasitarios\/\" class=\"post 6\">\n                        <div class=\"post-image lazyload 6\" style=\"background:inherit;background-size:cover;\" data-bg=\"#DDDDDD url(https:\/\/www.kiwoko.com\/blogmundoanimal\/wp-content\/uploads\/2023\/03\/preguntas-frecuentes-sobre-antiparasitarios.jpg) no-repeat\"><\/div>\n                        <div class=\"post-text 6\">\n                            <h2>Preguntas frecuentes sobre antiparasitarios en perros y gatos<\/h2>\n                            Resolvemos las preguntas m\u00e1s frecuentes sobre antiparasitarios. \u00a1No te pierdas este interesante post!                        <\/div>\n                    <\/a>\n                <\/div>\n            <\/div>\n                        <div class=\"col-md-6 7\">\n                <div class=\"kontainer-category 7\">                    <a href=\"https:\/\/www.kiwoko.com\/blogmundoanimal\/como-poner-una-pipeta-a-un-gato-guia\/\" class=\"post 7\">\n                        <div class=\"post-image lazyload 7\" style=\"background:inherit;background-size:cover;\" data-bg=\"#DDDDDD url(https:\/\/www.kiwoko.com\/blogmundoanimal\/wp-content\/uploads\/2025\/02\/como-poner-una-pipeta-antiparasitaria-a-un-gato.jpg) no-repeat\"><\/div>\n                        <div class=\"post-text 7\">\n                            <h2>C\u00f3mo poner una pipeta a un gato: Gu\u00eda paso a paso<\/h2>\n                            Proteger a tu gato contra pulgas, garrapatas y otros par\u00e1sitos externos es fundamental para su bienestar. Una de las formas m\u00e1s efectivas de hacerlo es con pipetas antiparasitarias, pero...                        <\/div>\n                    <\/a>\n                <\/div>\n            <\/div>\n            <\/div>\n        <\/div>\n                    <div class=\"row\">\n                <div class=\"col-lg-12 mb-5\">\n                    <button id=\"antiparasitarios-load-more-articles\" class=\"btn load-more\" data-cat=\"\" data-tag=\"antiparasitarios\" data-animal=\"Gatos\"\n                data-numpost=\"8\">Cargar m\u00e1s articulos<\/button>\n                <\/div>\n            <\/div>\n            <script>\n                document.addEventListener('DOMContentLoaded', function () {\n                const buttons = document.querySelectorAll('.btn.load-more');\n\n                buttons.forEach(function (button) {\n                    button.addEventListener('click', function () {\n                    const title = button.getAttribute('data-title') || '';\n                    const link = button.getAttribute('data-link') || window.location.href;\n                    const position = button.getAttribute('data-position') || '';\n                    const category = button.getAttribute('data-cat') || '';\n                    const linkText = button.innerText || button.textContent;\n\n                    window.dataLayer = window.dataLayer || [];\n                    window.dataLayer.push({\n                        'event': 'blog_mas_articulos',\n                        'event_name': 'blog_mas_articulos',\n                        'position': position,\n                        'link_text': linkText,\n                        'link_url': link,\n                        'category': category,\n                        'product_name': title\n                    });\n                    });\n                });\n                });\n            <\/script> \n                <div id=\"antiparasitarios-loading-elements\" class=\"text-center mt-1 loading-elements\"><div class=\"lds-ellipsis\"><div><\/div><div><\/div><div><\/div><div><\/div><\/div><\/div>\n                    <\/div>\n<!-- \/wp:shortcode -->","protected":false},"excerpt":{"rendered":"<p>Proteger a tu gato contra pulgas, garrapatas y otros par\u00e1sitos externos es fundamental para su bienestar. Una de las formas m\u00e1s efectivas de hacerlo es con pipetas antiparasitarias, pero si nunca lo has hecho, es normal que te preguntes c\u00f3mo poner una pipeta a un gato sin que el proceso se vuelva una lucha. \u00a1Pero [&hellip;]<\/p>\n","protected":false},"author":40,"featured_media":0,"parent":0,"menu_order":0,"comment_status":"closed","ping_status":"closed","template":"","meta":{"_acf_changed":false,"footnotes":""},"class_list":["post-1995","page","type-page","status-publish","hentry"],"acf":[],"_links":{"self":[{"href":"https:\/\/www.kiwoko.com\/blogmundoanimal\/wp-json\/wp\/v2\/pages\/1995","targetHints":{"allow":["GET"]}}],"collection":[{"href":"https:\/\/www.kiwoko.com\/blogmundoanimal\/wp-json\/wp\/v2\/pages"}],"about":[{"href":"https:\/\/www.kiwoko.com\/blogmundoanimal\/wp-json\/wp\/v2\/types\/page"}],"author":[{"embeddable":true,"href":"https:\/\/www.kiwoko.com\/blogmundoanimal\/wp-json\/wp\/v2\/users\/40"}],"replies":[{"embeddable":true,"href":"https:\/\/www.kiwoko.com\/blogmundoanimal\/wp-json\/wp\/v2\/comments?post=1995"}],"version-history":[{"count":4,"href":"https:\/\/www.kiwoko.com\/blogmundoanimal\/wp-json\/wp\/v2\/pages\/1995\/revisions"}],"predecessor-version":[{"id":51599,"href":"https:\/\/www.kiwoko.com\/blogmundoanimal\/wp-json\/wp\/v2\/pages\/1995\/revisions\/51599"}],"wp:attachment":[{"href":"https:\/\/www.kiwoko.com\/blogmundoanimal\/wp-json\/wp\/v2\/media?parent=1995"}],"curies":[{"name":"wp","href":"https:\/\/api.w.org\/{rel}","templated":true}]}}