{"id":2011,"date":"2019-08-02T17:07:20","date_gmt":"2019-08-02T17:07:20","guid":{"rendered":"https:\/\/dev-kiwoko-es.on-dev.com\/blogmundoanimal\/?page_id=2011"},"modified":"2020-07-03T13:44:58","modified_gmt":"2020-07-03T11:44:58","slug":"consejos-para-viajar-con-tus-gatos","status":"publish","type":"page","link":"https:\/\/www.kiwoko.com\/blogmundoanimal\/consejos-para-viajar-con-tus-gatos\/","title":{"rendered":"Consejos para viajar con tus gatos"},"content":{"rendered":"<!-- wp:shortcode -->\n                    <div id=\"viajes\">\n            <div class=\"posts-list\">\n            <div class=\"row\">\n                        <div class=\"col-md-6 0\">\n                <div class=\"kontainer-category 0\">                    <a href=\"https:\/\/www.kiwoko.com\/blogmundoanimal\/consejos-viajar-con-gatos\/\" class=\"post 0\">\n                        <div class=\"post-image lazyload 0\" style=\"background:inherit;background-size:cover;\" data-bg=\"#DDDDDD url(https:\/\/www.kiwoko.com\/blogmundoanimal\/wp-content\/uploads\/2019\/07\/viajar-con-un-gato-en-coche.jpg) no-repeat\"><\/div>\n                        <div class=\"post-text 0\">\n                            <h2>Viajar con un gato en coche: Todas las recomendaciones<\/h2>\n                            Si est&aacute;s a punto de organizar un viaje donde quieres incluir a tu compa&ntilde;ero felino, lee este post donde te contamos lo que necesitas preparar antes del viaje...                        <\/div>\n                    <\/a>\n                <\/div>\n            <\/div>\n                        <div class=\"col-md-6 1\">\n                <div class=\"kontainer-category 1\">                    <a href=\"https:\/\/www.kiwoko.com\/blogmundoanimal\/checklist-para-viajar-con-gatos\/\" class=\"post 1\">\n                        <div class=\"post-image lazyload 1\" style=\"background:inherit;background-size:cover;\" data-bg=\"#DDDDDD url(https:\/\/www.kiwoko.com\/blogmundoanimal\/wp-content\/uploads\/2025\/06\/checklist-para-viajar-con-un-gato.jpg) no-repeat\"><\/div>\n                        <div class=\"post-text 1\">\n                            <h2>Checklist para viajar con gatos: Todo lo que no puedes olvidar<\/h2>\n                            Viajar con un gato en coche es mucho m\u00e1s que meterlo en un transport\u00edn y salir por la puerta. Requiere planificaci\u00f3n, sensibilidad y, sobre todo, pensar como lo har\u00edas...                        <\/div>\n                    <\/a>\n                <\/div>\n            <\/div>\n                        <div class=\"col-md-6 2\">\n                <div class=\"kontainer-category 2\">                    <a href=\"https:\/\/www.kiwoko.com\/blogmundoanimal\/guia-para-elegir-transportin-para-tu-gato\/\" class=\"post 2\">\n                        <div class=\"post-image lazyload 2\" style=\"background:inherit;background-size:cover;\" data-bg=\"#DDDDDD url(https:\/\/www.kiwoko.com\/blogmundoanimal\/wp-content\/uploads\/2023\/05\/el-mejor-transportin-para-tu-gato-min.jpg) no-repeat\"><\/div>\n                        <div class=\"post-text 2\">\n                            <h2>Aprende a elegir el mejor transport\u00edn para tu gato<\/h2>\n                            \u00bfTienes pensado realizar un viaje con tu mascota? \u00bfO necesitas un transport\u00edn c\u00f3modo con el que poder hacer los trayectos al veterinario? Tener un transport\u00edn para tu gato es...                        <\/div>\n                    <\/a>\n                <\/div>\n            <\/div>\n                        <div class=\"col-md-6 3\">\n                <div class=\"kontainer-category 3\">                    <a href=\"https:\/\/www.kiwoko.com\/blogmundoanimal\/donde-dejar-a-tu-gato-en-vacaciones\/\" class=\"post 3\">\n                        <div class=\"post-image lazyload 3\" style=\"background:inherit;background-size:cover;\" data-bg=\"#DDDDDD url(https:\/\/www.kiwoko.com\/blogmundoanimal\/wp-content\/uploads\/2019\/04\/que-hacer-con-el-gato-en-vacaciones-2.jpg) no-repeat\"><\/div>\n                        <div class=\"post-text 3\">\n                            <h2>Me voy de vacaciones, \u00bfd\u00f3nde dejo a mi gato?<\/h2>\n                            Al fin lleg\u00f3 el ansiado momento de salir de vacaciones, pero, \u00bflo has dejado todo listo para que tu gato est\u00e9 bien cuidado mientras est\u00e1s fuera? En este post...                        <\/div>\n                    <\/a>\n                <\/div>\n            <\/div>\n                        <div class=\"col-md-6 4\">\n                <div class=\"kontainer-category 4\">                    <a href=\"https:\/\/www.kiwoko.com\/blogmundoanimal\/pasear-un-gato-por-la-calle-es-posible\/\" class=\"post 4\">\n                        <div class=\"post-image lazyload 4\" style=\"background:inherit;background-size:cover;\" data-bg=\"#DDDDDD url(https:\/\/www.kiwoko.com\/blogmundoanimal\/wp-content\/uploads\/2022\/05\/pasear-gato.jpg) no-repeat\"><\/div>\n                        <div class=\"post-text 4\">\n                            <h2>Pasear un gato por la calle, \u00bfes posible?<\/h2>\n                            Pasear gatos por la calle se ha vuelto cada vez m\u00e1s habitual y, si quieres empezar a explorar el mundo con tu felino, te explicamos todo lo que necesitas...                        <\/div>\n                    <\/a>\n                <\/div>\n            <\/div>\n                        <div class=\"col-md-6 5\">\n                <div class=\"kontainer-category 5\">                    <a href=\"https:\/\/www.kiwoko.com\/blogmundoanimal\/hoteles-residencias-gatos-madrid\/\" class=\"post 5\">\n                        <div class=\"post-image lazyload 5\" style=\"background:inherit;background-size:cover;\" data-bg=\"#DDDDDD url(https:\/\/www.kiwoko.com\/blogmundoanimal\/wp-content\/uploads\/2022\/05\/Hoteles-y-residencias-para-gatos-en-Madrid.jpg) no-repeat\"><\/div>\n                        <div class=\"post-text 5\">\n                            <h2>Hoteles y residencias para gatos en Madrid<\/h2>\n                            Descubre cu\u00e1les son las mejores residencias para gatos de Madrid y deja a tu felino en las mejores manos cuando te vayas de vacaciones. \u00a1Se sentir\u00e1 como en casa!                        <\/div>\n                    <\/a>\n                <\/div>\n            <\/div>\n                        <div class=\"col-md-6 6\">\n                <div class=\"kontainer-category 6\">                    <a href=\"https:\/\/www.kiwoko.com\/blogmundoanimal\/como-tranquilizar-a-un-gato-en-el-coche\/\" class=\"post 6\">\n                        <div class=\"post-image lazyload 6\" style=\"background:inherit;background-size:cover;\" data-bg=\"#DDDDDD url(https:\/\/www.kiwoko.com\/blogmundoanimal\/wp-content\/uploads\/2021\/06\/como-tranquilizar-un-gato-en-el-coche.jpg) no-repeat\"><\/div>\n                        <div class=\"post-text 6\">\n                            <h2>C\u00f3mo tranquilizar a un gato en el coche<\/h2>\n                            Los gatos suelen ser animales de costumbres. Necesitan de un entorno favorable para sentirse c\u00f3modos y no padecer episodios de estr\u00e9s. Es por eso que viajar en coche con...                        <\/div>\n                    <\/a>\n                <\/div>\n            <\/div>\n                        <div class=\"col-md-6 7\">\n                <div class=\"kontainer-category 7\">                    <a href=\"https:\/\/www.kiwoko.com\/blogmundoanimal\/como-viajar-de-forma-segura-con-tu-peludo-en-el-coche\/\" class=\"post 7\">\n                        <div class=\"post-image lazyload 7\" style=\"background:inherit;background-size:cover;\" data-bg=\"#DDDDDD url(https:\/\/www.kiwoko.com\/blogmundoanimal\/wp-content\/uploads\/2019\/08\/cabecera-como-viajar-de-forma-segura-con-tu-gato-en-el-coche-230.jpg) no-repeat\"><\/div>\n                        <div class=\"post-text 7\">\n                            <h2>\u00bfC\u00f3mo viajar de forma segura con tu gato en el coche?<\/h2>\n                            Las vacaciones plantean una serie de preguntas si quieres que tu gato viaje contigo: \u00bfCu\u00e1l es la forma m\u00e1s segura de transportarlos? \u00bfQu\u00e9 hago para que est\u00e9 c\u00f3modo? \u00bfQu\u00e9...                        <\/div>\n                    <\/a>\n                <\/div>\n            <\/div>\n            <\/div>\n        <\/div>\n                    <div class=\"row\">\n                <div class=\"col-lg-12 mb-5\">\n                    <button id=\"viajes-load-more-articles\" class=\"btn load-more\" data-cat=\"\" data-tag=\"viajes\" data-animal=\"Gatos\"\n                data-numpost=\"8\">Cargar m\u00e1s articulos<\/button>\n                <\/div>\n            <\/div>\n            <script>\n                document.addEventListener('DOMContentLoaded', function () {\n                const buttons = document.querySelectorAll('.btn.load-more');\n\n                buttons.forEach(function (button) {\n                    button.addEventListener('click', function () {\n                    const title = button.getAttribute('data-title') || '';\n                    const link = button.getAttribute('data-link') || window.location.href;\n                    const position = button.getAttribute('data-position') || '';\n                    const category = button.getAttribute('data-cat') || '';\n                    const linkText = button.innerText || button.textContent;\n\n                    window.dataLayer = window.dataLayer || [];\n                    window.dataLayer.push({\n                        'event': 'blog_mas_articulos',\n                        'event_name': 'blog_mas_articulos',\n                        'position': position,\n                        'link_text': linkText,\n                        'link_url': link,\n                        'category': category,\n                        'product_name': title\n                    });\n                    });\n                });\n                });\n            <\/script> \n                <div id=\"viajes-loading-elements\" class=\"text-center mt-1 loading-elements\"><div class=\"lds-ellipsis\"><div><\/div><div><\/div><div><\/div><div><\/div><\/div><\/div>\n                    <\/div>\n<!-- \/wp:shortcode -->","protected":false},"excerpt":{"rendered":"<p>\u00bfTe est\u00e1s planteando salir de viaje con tu gato en coche? Antes de salir tendr\u00e1s que valorar las circunstancias, el tiempo en carretera que vais a estar, etc. Y piensa que si a tu gato no le convence demasiado la idea (a la mayor\u00eda no les entusiasma moverse y les estresa bastante) siempre tienes la [&hellip;]<\/p>\n","protected":false},"author":40,"featured_media":19383,"parent":0,"menu_order":0,"comment_status":"closed","ping_status":"closed","template":"","meta":{"_acf_changed":false,"footnotes":""},"class_list":["post-2011","page","type-page","status-publish","has-post-thumbnail","hentry"],"acf":[],"_links":{"self":[{"href":"https:\/\/www.kiwoko.com\/blogmundoanimal\/wp-json\/wp\/v2\/pages\/2011","targetHints":{"allow":["GET"]}}],"collection":[{"href":"https:\/\/www.kiwoko.com\/blogmundoanimal\/wp-json\/wp\/v2\/pages"}],"about":[{"href":"https:\/\/www.kiwoko.com\/blogmundoanimal\/wp-json\/wp\/v2\/types\/page"}],"author":[{"embeddable":true,"href":"https:\/\/www.kiwoko.com\/blogmundoanimal\/wp-json\/wp\/v2\/users\/40"}],"replies":[{"embeddable":true,"href":"https:\/\/www.kiwoko.com\/blogmundoanimal\/wp-json\/wp\/v2\/comments?post=2011"}],"version-history":[{"count":1,"href":"https:\/\/www.kiwoko.com\/blogmundoanimal\/wp-json\/wp\/v2\/pages\/2011\/revisions"}],"predecessor-version":[{"id":2013,"href":"https:\/\/www.kiwoko.com\/blogmundoanimal\/wp-json\/wp\/v2\/pages\/2011\/revisions\/2013"}],"wp:featuredmedia":[{"embeddable":true,"href":"https:\/\/www.kiwoko.com\/blogmundoanimal\/wp-json\/wp\/v2\/media\/19383"}],"wp:attachment":[{"href":"https:\/\/www.kiwoko.com\/blogmundoanimal\/wp-json\/wp\/v2\/media?parent=2011"}],"curies":[{"name":"wp","href":"https:\/\/api.w.org\/{rel}","templated":true}]}}