{"id":2014,"date":"2019-08-02T17:08:24","date_gmt":"2019-08-02T17:08:24","guid":{"rendered":"https:\/\/dev-kiwoko-es.on-dev.com\/blogmundoanimal\/?page_id=2014"},"modified":"2020-07-03T14:07:43","modified_gmt":"2020-07-03T12:07:43","slug":"consejos-sobre-juegos-con-gatos","status":"publish","type":"page","link":"https:\/\/www.kiwoko.com\/blogmundoanimal\/consejos-sobre-juegos-con-gatos\/","title":{"rendered":"Consejos sobre juegos con gatos"},"content":{"rendered":"<div id=\"ez-toc-container\" class=\"ez-toc-v2_0_82_2 counter-hierarchy ez-toc-counter ez-toc-grey ez-toc-container-direction\">\n<div class=\"ez-toc-title-container\">\n<p class=\"ez-toc-title\" style=\"cursor:inherit\">\u00cdndice<\/p>\n<span class=\"ez-toc-title-toggle\"><a href=\"#\" class=\"ez-toc-pull-right ez-toc-btn ez-toc-btn-xs ez-toc-btn-default ez-toc-toggle\" aria-label=\"Alternar tabla de contenidos\"><span class=\"ez-toc-js-icon-con\"><span class=\"\"><span class=\"eztoc-hide\" style=\"display:none;\">Toggle<\/span><span class=\"ez-toc-icon-toggle-span\"><svg style=\"fill: #999;color:#999\" xmlns=\"http:\/\/www.w3.org\/2000\/svg\" class=\"list-377408\" width=\"20px\" height=\"20px\" viewBox=\"0 0 24 24\" fill=\"none\"><path d=\"M6 6H4v2h2V6zm14 0H8v2h12V6zM4 11h2v2H4v-2zm16 0H8v2h12v-2zM4 16h2v2H4v-2zm16 0H8v2h12v-2z\" fill=\"currentColor\"><\/path><\/svg><svg style=\"fill: #999;color:#999\" class=\"arrow-unsorted-368013\" xmlns=\"http:\/\/www.w3.org\/2000\/svg\" width=\"10px\" height=\"10px\" viewBox=\"0 0 24 24\" version=\"1.2\" baseProfile=\"tiny\"><path d=\"M18.2 9.3l-6.2-6.3-6.2 6.3c-.2.2-.3.4-.3.7s.1.5.3.7c.2.2.4.3.7.3h11c.3 0 .5-.1.7-.3.2-.2.3-.5.3-.7s-.1-.5-.3-.7zM5.8 14.7l6.2 6.3 6.2-6.3c.2-.2.3-.5.3-.7s-.1-.5-.3-.7c-.2-.2-.4-.3-.7-.3h-11c-.3 0-.5.1-.7.3-.2.2-.3.5-.3.7s.1.5.3.7z\"\/><\/svg><\/span><\/span><\/span><\/a><\/span><\/div>\n<nav><ul class='ez-toc-list ez-toc-list-level-1 ' ><li class='ez-toc-page-1 ez-toc-heading-level-2'><a class=\"ez-toc-link ez-toc-heading-1\" href=\"https:\/\/www.kiwoko.com\/blogmundoanimal\/regalos-para-hacer-feliz-a-tu-gato\/#Consejos_para_hacer_feliz_a_un_gato\" >Consejos para hacer feliz a un gato<\/a><ul class='ez-toc-list-level-3' ><li class='ez-toc-heading-level-3'><a class=\"ez-toc-link ez-toc-heading-2\" href=\"https:\/\/www.kiwoko.com\/blogmundoanimal\/regalos-para-hacer-feliz-a-tu-gato\/#Esconde_sus_snacks_favoritos_para_su_entretenimiento\" >Esconde sus snacks favoritos para su entretenimiento<\/a><\/li><li class='ez-toc-page-1 ez-toc-heading-level-3'><a class=\"ez-toc-link ez-toc-heading-3\" href=\"https:\/\/www.kiwoko.com\/blogmundoanimal\/regalos-para-hacer-feliz-a-tu-gato\/#Dale_espacios_diferenciados\" >Dale espacios diferenciados<\/a><\/li><li class='ez-toc-page-1 ez-toc-heading-level-3'><a class=\"ez-toc-link ez-toc-heading-4\" href=\"https:\/\/www.kiwoko.com\/blogmundoanimal\/regalos-para-hacer-feliz-a-tu-gato\/#Posibilidad_de_pasear_en_el_exterior\" >Posibilidad de pasear en el exterior<\/a><\/li><li class='ez-toc-page-1 ez-toc-heading-level-3'><a class=\"ez-toc-link ez-toc-heading-5\" href=\"https:\/\/www.kiwoko.com\/blogmundoanimal\/regalos-para-hacer-feliz-a-tu-gato\/#Cubre_sus_necesidades_basicas\" >Cubre sus necesidades b\u00e1sicas<\/a><\/li><\/ul><\/li><li class='ez-toc-page-1 ez-toc-heading-level-2'><a class=\"ez-toc-link ez-toc-heading-6\" href=\"https:\/\/www.kiwoko.com\/blogmundoanimal\/regalos-para-hacer-feliz-a-tu-gato\/#Los_mejores_regalos_para_gatos\" >Los mejores regalos para gatos<\/a><ul class='ez-toc-list-level-3' ><li class='ez-toc-heading-level-3'><a class=\"ez-toc-link ez-toc-heading-7\" href=\"https:\/\/www.kiwoko.com\/blogmundoanimal\/regalos-para-hacer-feliz-a-tu-gato\/#Juguetes_para_gatos\" >Juguetes para gatos<\/a><\/li><li class='ez-toc-page-1 ez-toc-heading-level-3'><a class=\"ez-toc-link ez-toc-heading-8\" href=\"https:\/\/www.kiwoko.com\/blogmundoanimal\/regalos-para-hacer-feliz-a-tu-gato\/#Rascadores_para_cuidar_sus_unas\" >Rascadores para cuidar sus u\u00f1as<\/a><\/li><\/ul><\/li><li class='ez-toc-page-1 ez-toc-heading-level-2'><a class=\"ez-toc-link ez-toc-heading-9\" href=\"https:\/\/www.kiwoko.com\/blogmundoanimal\/regalos-para-hacer-feliz-a-tu-gato\/#Ideas_de_regalos_para_gatos_que_lo_haran_sentirse_comodo\" >Ideas de regalos para gatos que lo har\u00e1n sentirse c\u00f3modo<\/a><ul class='ez-toc-list-level-3' ><li class='ez-toc-heading-level-3'><a class=\"ez-toc-link ez-toc-heading-10\" href=\"https:\/\/www.kiwoko.com\/blogmundoanimal\/regalos-para-hacer-feliz-a-tu-gato\/#Camas_calentitas\" >Camas calentitas<\/a><\/li><li class='ez-toc-page-1 ez-toc-heading-level-3'><a class=\"ez-toc-link ez-toc-heading-11\" href=\"https:\/\/www.kiwoko.com\/blogmundoanimal\/regalos-para-hacer-feliz-a-tu-gato\/#Ropa_calentita\" >Ropa calentita<\/a><\/li><\/ul><\/li><li class='ez-toc-page-1 ez-toc-heading-level-2'><a class=\"ez-toc-link ez-toc-heading-12\" href=\"https:\/\/www.kiwoko.com\/blogmundoanimal\/regalos-para-hacer-feliz-a-tu-gato\/#Regalos_para_gatos_que_puedan_comer\" >Regalos para gatos que puedan comer<\/a><ul class='ez-toc-list-level-3' ><li class='ez-toc-heading-level-3'><a class=\"ez-toc-link ez-toc-heading-13\" href=\"https:\/\/www.kiwoko.com\/blogmundoanimal\/regalos-para-hacer-feliz-a-tu-gato\/#Sus_snacks_favoritos\" >Sus snacks favoritos<\/a><\/li><li class='ez-toc-page-1 ez-toc-heading-level-3'><a class=\"ez-toc-link ez-toc-heading-14\" href=\"https:\/\/www.kiwoko.com\/blogmundoanimal\/regalos-para-hacer-feliz-a-tu-gato\/#Comida_de_calidad\" >Comida de calidad<\/a><\/li><li class='ez-toc-page-1 ez-toc-heading-level-3'><a class=\"ez-toc-link ez-toc-heading-15\" href=\"https:\/\/www.kiwoko.com\/blogmundoanimal\/regalos-para-hacer-feliz-a-tu-gato\/#Calendarios_de_adviento\" >Calendarios de adviento<\/a><\/li><\/ul><\/li><li class='ez-toc-page-1 ez-toc-heading-level-2'><a class=\"ez-toc-link ez-toc-heading-16\" href=\"https:\/\/www.kiwoko.com\/blogmundoanimal\/regalos-para-hacer-feliz-a-tu-gato\/#Regalos_para_cuidar_su_salud_digestiva\" >Regalos para cuidar su salud digestiva<\/a><ul class='ez-toc-list-level-3' ><li class='ez-toc-heading-level-3'><a class=\"ez-toc-link ez-toc-heading-17\" href=\"https:\/\/www.kiwoko.com\/blogmundoanimal\/regalos-para-hacer-feliz-a-tu-gato\/#Pasta_de_malta\" >Pasta de malta<\/a><\/li><li class='ez-toc-page-1 ez-toc-heading-level-3'><a class=\"ez-toc-link ez-toc-heading-18\" href=\"https:\/\/www.kiwoko.com\/blogmundoanimal\/regalos-para-hacer-feliz-a-tu-gato\/#Hierba_gatera\" >Hierba gatera<\/a><\/li><\/ul><\/li><\/ul><\/nav><\/div>\n<!-- wp:shortcode -->\n                    <div id=\"juego\">\n            <div class=\"posts-list\">\n            <div class=\"row\">\n                        <div class=\"col-md-6 0\">\n                <div class=\"kontainer-category 0\">                    <a href=\"https:\/\/www.kiwoko.com\/blogmundoanimal\/guia-para-jugar-con-tu-gato\/\" class=\"post 0\">\n                        <div class=\"post-image lazyload 0\" style=\"background:inherit;background-size:cover;\" data-bg=\"#DDDDDD url(https:\/\/www.kiwoko.com\/blogmundoanimal\/wp-content\/uploads\/2026\/03\/como-jugar-con-un-gato.jpg) no-repeat\"><\/div>\n                        <div class=\"post-text 0\">\n                            <h2>Gu\u00eda para ense\u00f1arte a jugar con tu gato (Y fortalecer vuestro v\u00ednculo)<\/h2>\n                            Si convives con un gato, seguro que ya te has hecho esta pregunta alguna vez: \u00bfC\u00f3mo jugar con mi gato para que se divierta de verdad?. Y es que,...                        <\/div>\n                    <\/a>\n                <\/div>\n            <\/div>\n                        <div class=\"col-md-6 1\">\n                <div class=\"kontainer-category 1\">                    <a href=\"https:\/\/www.kiwoko.com\/blogmundoanimal\/mejores-juguetes-para-gatos-senior\/\" class=\"post 1\">\n                        <div class=\"post-image lazyload 1\" style=\"background:inherit;background-size:cover;\" data-bg=\"#DDDDDD url(https:\/\/www.kiwoko.com\/blogmundoanimal\/wp-content\/uploads\/2026\/02\/gato-senior-jugando.jpg) no-repeat\"><\/div>\n                        <div class=\"post-text 1\">\n                            <h2>Los mejores tipos de juguetes para gatos senior: diversi\u00f3n adaptada a su edad<\/h2>\n                            Si tienes un gato que ya ha alcanzado la etapa senior, sabr\u00e1s que sus necesidades ya no son las mismas que cuando era un gatito.\u00a0 Sin embargo, aunque a...                        <\/div>\n                    <\/a>\n                <\/div>\n            <\/div>\n                        <div class=\"col-md-6 2\">\n                <div class=\"kontainer-category 2\">                    <a href=\"https:\/\/www.kiwoko.com\/blogmundoanimal\/ideas-regalos-gatos-san-valentin\/\" class=\"post 2\">\n                        <div class=\"post-image lazyload 2\" style=\"background:inherit;background-size:cover;\" data-bg=\"#DDDDDD url(https:\/\/www.kiwoko.com\/blogmundoanimal\/wp-content\/uploads\/2026\/02\/ideas-regalos-para-gatos-san-valentin.jpg) no-repeat\"><\/div>\n                        <div class=\"post-text 2\">\n                            <h2>Ideas de regalos para dar amor a tu gato en San Valent\u00edn<\/h2>\n                            San Valent\u00edn no es solo cosa de parejas. Si convives con un gato, sabes que el amor tambi\u00e9n se mide en ronroneos, miradas lentas y siestas compartidas. Y qu\u00e9...                        <\/div>\n                    <\/a>\n                <\/div>\n            <\/div>\n                        <div class=\"col-md-6 3\">\n                <div class=\"kontainer-category 3\">                    <a href=\"https:\/\/www.kiwoko.com\/blogmundoanimal\/tipos-y-beneficios-juguetes-inteligencia-para-gatos\/\" class=\"post 3\">\n                        <div class=\"post-image lazyload 3\" style=\"background:inherit;background-size:cover;\" data-bg=\"#DDDDDD url(https:\/\/www.kiwoko.com\/blogmundoanimal\/wp-content\/uploads\/2025\/09\/juguetes-de-inteligencia-para-gatos-beneficios.jpg) no-repeat\"><\/div>\n                        <div class=\"post-text 3\">\n                            <h2>C\u00f3mo mejorar la vida de tu gato con juegos de inteligencia<\/h2>\n                            \u00bfTu gato pasa muchas horas en casa solo? \u00bfTe preguntas si se aburre o si necesita algo m\u00e1s que una siesta al sol para ser feliz? Aunque parezca que...                        <\/div>\n                    <\/a>\n                <\/div>\n            <\/div>\n                        <div class=\"col-md-6 4\">\n                <div class=\"kontainer-category 4\">                    <a href=\"https:\/\/www.kiwoko.com\/blogmundoanimal\/los-mejores-juguetes-para-gatos-bebes\/\" class=\"post 4\">\n                        <div class=\"post-image lazyload 4\" style=\"background:inherit;background-size:cover;\" data-bg=\"#DDDDDD url(https:\/\/www.kiwoko.com\/blogmundoanimal\/wp-content\/uploads\/2022\/01\/Los-mejores-juguetes-para-gatos-bebes.jpg) no-repeat\"><\/div>\n                        <div class=\"post-text 4\">\n                            <h2>Los mejores juguetes para gatos beb\u00e9s<\/h2>\n                            Existe una amplia gama de juguetes que distraen y estimulan a los gatos beb\u00e9s                        <\/div>\n                    <\/a>\n                <\/div>\n            <\/div>\n                        <div class=\"col-md-6 5\">\n                <div class=\"kontainer-category 5\">                    <a href=\"https:\/\/www.kiwoko.com\/blogmundoanimal\/comparativa-mejores-juguetes-para-gatos\/\" class=\"post 5\">\n                        <div class=\"post-image lazyload 5\" style=\"background:inherit;background-size:cover;\" data-bg=\"#DDDDDD url(https:\/\/www.kiwoko.com\/blogmundoanimal\/wp-content\/uploads\/2025\/07\/mejores-juguetes-para-gatos.jpg) no-repeat\"><\/div>\n                        <div class=\"post-text 5\">\n                            <h2>Los mejores juguetes para gatos: Diversi\u00f3n, estimulaci\u00f3n y bienestar felino<\/h2>\n                            \u00bfAlguna vez te has preguntado si tu gato se aburre cuando no est\u00e1s? Aunque los gatos tienen fama de ser independientes, tambi\u00e9n necesitan est\u00edmulos diarios para mantenerse activos, sanos...                        <\/div>\n                    <\/a>\n                <\/div>\n            <\/div>\n                        <div class=\"col-md-6 6\">\n                <div class=\"kontainer-category 6\">                    <a href=\"https:\/\/www.kiwoko.com\/blogmundoanimal\/importancia-juego-gatos\/\" class=\"post 6\">\n                        <div class=\"post-image lazyload 6\" style=\"background:inherit;background-size:cover;\" data-bg=\"#DDDDDD url(https:\/\/www.kiwoko.com\/blogmundoanimal\/wp-content\/uploads\/2018\/11\/motivos-para-jugar-con-un-gato.jpg) no-repeat\"><\/div>\n                        <div class=\"post-text 6\">\n                            <h2>Todos los motivos para jugar con tu gato: Diversi\u00f3n y bienestar<\/h2>\n                            En este post te damos tres razones de peso por las que deber\u00edas jugar con tu gato un ratito todos los d\u00edas. \u00bfQuieres saber por qu\u00e9? \u00a1Entra en...                        <\/div>\n                    <\/a>\n                <\/div>\n            <\/div>\n                        <div class=\"col-md-6 7\">\n                <div class=\"kontainer-category 7\">                    <a href=\"https:\/\/www.kiwoko.com\/blogmundoanimal\/regalos-para-hacer-feliz-a-tu-gato\/\" class=\"post 7\">\n                        <div class=\"post-image lazyload 7\" style=\"background:inherit;background-size:cover;\" data-bg=\"#DDDDDD url(https:\/\/www.kiwoko.com\/blogmundoanimal\/wp-content\/uploads\/2022\/07\/regalos-para-gatos.jpg) no-repeat\"><\/div>\n                        <div class=\"post-text 7\">\n                            <h2>Los mejores regalos para gatos en Navidad para hacerle feliz<\/h2>\n                            La Navidad es una \u00e9poca especial para todos, \u00a1Incluso para nuestros gatos! Sorprender a tu felino con un detalle navide\u00f1o es una excelente manera de demostrarle cu\u00e1nto lo quieres...                        <\/div>\n                    <\/a>\n                <\/div>\n            <\/div>\n            <\/div>\n        <\/div>\n                    <div class=\"row\">\n                <div class=\"col-lg-12 mb-5\">\n                    <button id=\"juego-load-more-articles\" class=\"btn load-more\" data-cat=\"\" data-tag=\"juego\" data-animal=\"Gatos\"\n                data-numpost=\"8\">Cargar m\u00e1s articulos<\/button>\n                <\/div>\n            <\/div>\n            <script>\n                document.addEventListener('DOMContentLoaded', function () {\n                const buttons = document.querySelectorAll('.btn.load-more');\n\n                buttons.forEach(function (button) {\n                    button.addEventListener('click', function () {\n                    const title = button.getAttribute('data-title') || '';\n                    const link = button.getAttribute('data-link') || window.location.href;\n                    const position = button.getAttribute('data-position') || '';\n                    const category = button.getAttribute('data-cat') || '';\n                    const linkText = button.innerText || button.textContent;\n\n                    window.dataLayer = window.dataLayer || [];\n                    window.dataLayer.push({\n                        'event': 'blog_mas_articulos',\n                        'event_name': 'blog_mas_articulos',\n                        'position': position,\n                        'link_text': linkText,\n                        'link_url': link,\n                        'category': category,\n                        'product_name': title\n                    });\n                    });\n                });\n                });\n            <\/script> \n                <div id=\"juego-loading-elements\" class=\"text-center mt-1 loading-elements\"><div class=\"lds-ellipsis\"><div><\/div><div><\/div><div><\/div><div><\/div><\/div><\/div>\n                    <\/div>\n<!-- \/wp:shortcode -->","protected":false},"excerpt":{"rendered":"<p>La Navidad es una \u00e9poca especial para todos, \u00a1Incluso para nuestros gatos! Sorprender a tu felino con un detalle navide\u00f1o es una excelente manera de demostrarle cu\u00e1nto lo quieres y hacer que sus d\u00edas est\u00e9n llenos de diversi\u00f3n y bienestar. Por eso, en este art\u00edculo vas a encontrar una selecci\u00f3n de regalos para gatos que [&hellip;]<\/p>\n","protected":false},"author":40,"featured_media":19384,"parent":0,"menu_order":0,"comment_status":"closed","ping_status":"closed","template":"","meta":{"_acf_changed":false,"footnotes":""},"class_list":["post-2014","page","type-page","status-publish","has-post-thumbnail","hentry"],"acf":[],"_links":{"self":[{"href":"https:\/\/www.kiwoko.com\/blogmundoanimal\/wp-json\/wp\/v2\/pages\/2014","targetHints":{"allow":["GET"]}}],"collection":[{"href":"https:\/\/www.kiwoko.com\/blogmundoanimal\/wp-json\/wp\/v2\/pages"}],"about":[{"href":"https:\/\/www.kiwoko.com\/blogmundoanimal\/wp-json\/wp\/v2\/types\/page"}],"author":[{"embeddable":true,"href":"https:\/\/www.kiwoko.com\/blogmundoanimal\/wp-json\/wp\/v2\/users\/40"}],"replies":[{"embeddable":true,"href":"https:\/\/www.kiwoko.com\/blogmundoanimal\/wp-json\/wp\/v2\/comments?post=2014"}],"version-history":[{"count":2,"href":"https:\/\/www.kiwoko.com\/blogmundoanimal\/wp-json\/wp\/v2\/pages\/2014\/revisions"}],"predecessor-version":[{"id":2017,"href":"https:\/\/www.kiwoko.com\/blogmundoanimal\/wp-json\/wp\/v2\/pages\/2014\/revisions\/2017"}],"wp:featuredmedia":[{"embeddable":true,"href":"https:\/\/www.kiwoko.com\/blogmundoanimal\/wp-json\/wp\/v2\/media\/19384"}],"wp:attachment":[{"href":"https:\/\/www.kiwoko.com\/blogmundoanimal\/wp-json\/wp\/v2\/media?parent=2014"}],"curies":[{"name":"wp","href":"https:\/\/api.w.org\/{rel}","templated":true}]}}