{"id":2046,"date":"2019-08-02T17:35:40","date_gmt":"2019-08-02T17:35:40","guid":{"rendered":"https:\/\/dev-kiwoko-es.on-dev.com\/blogmundoanimal\/?page_id=2046"},"modified":"2020-09-09T16:17:03","modified_gmt":"2020-09-09T14:17:03","slug":"tu-primer-acuario","status":"publish","type":"page","link":"https:\/\/www.kiwoko.com\/blogmundoanimal\/tu-primer-acuario\/","title":{"rendered":"Tu primer acuario"},"content":{"rendered":"<div id=\"ez-toc-container\" class=\"ez-toc-v2_0_82_2 counter-hierarchy ez-toc-counter ez-toc-grey ez-toc-container-direction\">\n<div class=\"ez-toc-title-container\">\n<p class=\"ez-toc-title\" style=\"cursor:inherit\">\u00cdndice<\/p>\n<span class=\"ez-toc-title-toggle\"><a href=\"#\" class=\"ez-toc-pull-right ez-toc-btn ez-toc-btn-xs ez-toc-btn-default ez-toc-toggle\" aria-label=\"Alternar tabla de contenidos\"><span class=\"ez-toc-js-icon-con\"><span class=\"\"><span class=\"eztoc-hide\" style=\"display:none;\">Toggle<\/span><span class=\"ez-toc-icon-toggle-span\"><svg style=\"fill: #999;color:#999\" xmlns=\"http:\/\/www.w3.org\/2000\/svg\" class=\"list-377408\" width=\"20px\" height=\"20px\" viewBox=\"0 0 24 24\" fill=\"none\"><path d=\"M6 6H4v2h2V6zm14 0H8v2h12V6zM4 11h2v2H4v-2zm16 0H8v2h12v-2zM4 16h2v2H4v-2zm16 0H8v2h12v-2z\" fill=\"currentColor\"><\/path><\/svg><svg style=\"fill: #999;color:#999\" class=\"arrow-unsorted-368013\" xmlns=\"http:\/\/www.w3.org\/2000\/svg\" width=\"10px\" height=\"10px\" viewBox=\"0 0 24 24\" version=\"1.2\" baseProfile=\"tiny\"><path d=\"M18.2 9.3l-6.2-6.3-6.2 6.3c-.2.2-.3.4-.3.7s.1.5.3.7c.2.2.4.3.7.3h11c.3 0 .5-.1.7-.3.2-.2.3-.5.3-.7s-.1-.5-.3-.7zM5.8 14.7l6.2 6.3 6.2-6.3c.2-.2.3-.5.3-.7s-.1-.5-.3-.7c-.2-.2-.4-.3-.7-.3h-11c-.3 0-.5.1-.7.3-.2.2-.3.5-.3.7s.1.5.3.7z\"\/><\/svg><\/span><\/span><\/span><\/a><\/span><\/div>\n<nav><ul class='ez-toc-list ez-toc-list-level-1 ' ><li class='ez-toc-page-1 ez-toc-heading-level-2'><a class=\"ez-toc-link ez-toc-heading-1\" href=\"https:\/\/www.kiwoko.com\/blogmundoanimal\/como-introducir-primeras-especies-en-el-acuaterrario\/#1_El_metodo_de_la_bolsa\" >1 El m\u00e9todo de la bolsa<\/a><ul class='ez-toc-list-level-3' ><li class='ez-toc-heading-level-3'><a class=\"ez-toc-link ez-toc-heading-2\" href=\"https:\/\/www.kiwoko.com\/blogmundoanimal\/como-introducir-primeras-especies-en-el-acuaterrario\/#El_metodo_de_la_bolsa_es_muy_facil_%C2%A1sigue_estos_pasos\" >El m\u00e9todo de la bolsa es muy f\u00e1cil \u00a1sigue estos pasos!:<\/a><\/li><\/ul><\/li><li class='ez-toc-page-1 ez-toc-heading-level-2'><a class=\"ez-toc-link ez-toc-heading-3\" href=\"https:\/\/www.kiwoko.com\/blogmundoanimal\/como-introducir-primeras-especies-en-el-acuaterrario\/#2_El_metodo_del_goteo_para_aclimatar_invertebrados\" >2 El m\u00e9todo del goteo para aclimatar invertebrados<\/a><\/li><li class='ez-toc-page-1 ez-toc-heading-level-2'><a class=\"ez-toc-link ez-toc-heading-4\" href=\"https:\/\/www.kiwoko.com\/blogmundoanimal\/como-introducir-primeras-especies-en-el-acuaterrario\/#Controla_muy_bien_los_valores_del_agua\" >Controla muy bien los valores del agua<\/a><\/li><\/ul><\/nav><\/div>\n<!-- wp:shortcode -->\n                    <div id=\"tu-primer-acuario\">\n            <div class=\"posts-list\">\n            <div class=\"row\">\n                        <div class=\"col-md-6 0\">\n                <div class=\"kontainer-category 0\">                    <a href=\"https:\/\/www.kiwoko.com\/blogmundoanimal\/como-elegir-el-mejor-acuario\/\" class=\"post 0\">\n                        <div class=\"post-image lazyload 0\" style=\"background:inherit;background-size:cover;\" data-bg=\"#DDDDDD url(https:\/\/www.kiwoko.com\/blogmundoanimal\/wp-content\/uploads\/2018\/03\/mejor-acuario-para-peces.jpg) no-repeat\"><\/div>\n                        <div class=\"post-text 0\">\n                            <h2>C\u00f3mo elegir el mejor acuario para tus peces: Gu\u00eda completa<\/h2>\n                            En este post te damos algunos trucos para que escoger un acuario no sea un quebradero de cabeza. Solo tienes que tener una serie de par\u00e1metros presentes. \u00a1Sigue leyendo!                        <\/div>\n                    <\/a>\n                <\/div>\n            <\/div>\n                        <div class=\"col-md-6 1\">\n                <div class=\"kontainer-category 1\">                    <a href=\"https:\/\/www.kiwoko.com\/blogmundoanimal\/aclimatacion-peces-acuario\/\" class=\"post 1\">\n                        <div class=\"post-image lazyload 1\" style=\"background:inherit;background-size:cover;\" data-bg=\"#DDDDDD url(https:\/\/www.kiwoko.com\/blogmundoanimal\/wp-content\/uploads\/2020\/05\/como-aclimatar-peces.jpg) no-repeat\"><\/div>\n                        <div class=\"post-text 1\">\n                            <h2>\u00bfC\u00f3mo aclimatar a tus peces cuando llegan a casa?<\/h2>\n                            En este post te contamos el m\u00e9todo m\u00e1s f\u00e1cil y sencillo para que tus peces no se estresen nada m\u00e1s llegar a su nuevo hogar. \u00a1Te lo explicamos paso...                        <\/div>\n                    <\/a>\n                <\/div>\n            <\/div>\n                        <div class=\"col-md-6 2\">\n                <div class=\"kontainer-category 2\">                    <a href=\"https:\/\/www.kiwoko.com\/blogmundoanimal\/elegir-peces-acuario-agua-fria\/\" class=\"post 2\">\n                        <div class=\"post-image lazyload 2\" style=\"background:inherit;background-size:cover;\" data-bg=\"#DDDDDD url(https:\/\/www.kiwoko.com\/blogmundoanimal\/wp-content\/uploads\/2019\/09\/elegir-peces-de-agua-fria-acuario.jpg) no-repeat\"><\/div>\n                        <div class=\"post-text 2\">\n                            <h2>\u00bfC\u00f3mo elegir los peces de agua fr\u00eda para tu acuario? Todo lo que necesitas saber<\/h2>\n                            \u00bfEst\u00e1s a punto de llenar tu acuario de peces pero no sabes por d\u00f3nde empezar? En este post te contamos los principales factores que debes tener en cuenta a...                        <\/div>\n                    <\/a>\n                <\/div>\n            <\/div>\n                        <div class=\"col-md-6 3\">\n                <div class=\"kontainer-category 3\">                    <a href=\"https:\/\/www.kiwoko.com\/blogmundoanimal\/como-elegir-sustrato-o-arena-para-acuario\/\" class=\"post 3\">\n                        <div class=\"post-image lazyload 3\" style=\"background:inherit;background-size:cover;\" data-bg=\"#DDDDDD url(https:\/\/www.kiwoko.com\/blogmundoanimal\/wp-content\/uploads\/2020\/09\/mejor-sustrato-para-acuario.jpg) no-repeat\"><\/div>\n                        <div class=\"post-text 3\">\n                            <h2>C\u00f3mo elegir el mejor sustrato o gravilla para un acuario<\/h2>\n                            Aprende la importancia de elegir sustrato, grava, gravilla o arena como fondo de tu acuario.                        <\/div>\n                    <\/a>\n                <\/div>\n            <\/div>\n                        <div class=\"col-md-6 4\">\n                <div class=\"kontainer-category 4\">                    <a href=\"https:\/\/www.kiwoko.com\/blogmundoanimal\/acuarios-20-consejos-para-principiantes\/\" class=\"post 4\">\n                        <div class=\"post-image lazyload 4\" style=\"background:inherit;background-size:cover;\" data-bg=\"#DDDDDD url(https:\/\/www.kiwoko.com\/blogmundoanimal\/wp-content\/uploads\/2020\/07\/cuidar-tu-primer-acuario.jpg) no-repeat\"><\/div>\n                        <div class=\"post-text 4\">\n                            <h2>Acuarios: Consejos para principiantes<\/h2>\n                            \u00bfEst\u00e1s pensando en montar tu primer acuario? Seguro que tienes muchas dudas al respecto, no te preocupes, en este post te proporcionamos la informaci\u00f3n b\u00e1sica que necesitas para dar...                        <\/div>\n                    <\/a>\n                <\/div>\n            <\/div>\n                        <div class=\"col-md-6 5\">\n                <div class=\"kontainer-category 5\">                    <a href=\"https:\/\/www.kiwoko.com\/blogmundoanimal\/acuarios-instalacion-y-mantenimiento\/\" class=\"post 5\">\n                        <div class=\"post-image lazyload 5\" style=\"background:inherit;background-size:cover;\" data-bg=\"#DDDDDD url(https:\/\/www.kiwoko.com\/blogmundoanimal\/wp-content\/uploads\/2017\/05\/acuario-tropical-de-agua-dulce.jpg) no-repeat\"><\/div>\n                        <div class=\"post-text 5\">\n                            <h2>Instalaci\u00f3n y mantenimiento de un acuario tropical de agua dulce<\/h2>\n                            \u00bfAcabas de llegar a casa con tu primer acuario y no sabes por d\u00f3nde empezar? Antes de empezar toma nota de los siguientes consejos para instalarlo y para su...                        <\/div>\n                    <\/a>\n                <\/div>\n            <\/div>\n                        <div class=\"col-md-6 6\">\n                <div class=\"kontainer-category 6\">                    <a href=\"https:\/\/www.kiwoko.com\/blogmundoanimal\/montar-acuario-comunitario-con-un-betta-splendens-luchador-de-siam\/\" class=\"post 6\">\n                        <div class=\"post-image lazyload 6\" style=\"background:inherit;background-size:cover;\" data-bg=\"#DDDDDD url(https:\/\/www.kiwoko.com\/blogmundoanimal\/wp-content\/uploads\/2023\/01\/montar-acuario-comunitario-con-betta.jpg) no-repeat\"><\/div>\n                        <div class=\"post-text 6\">\n                            <h2>Monta un acuario comunitario con un Betta Splendens o luchador de Siam<\/h2>\n                            En el art\u00edculo anterior hablamos sobre el acuario para un solo Betta, en cambio, en este art\u00edculo vamos a elegir un acuario un poco mayor en volumen para a\u00f1adir...                        <\/div>\n                    <\/a>\n                <\/div>\n            <\/div>\n                        <div class=\"col-md-6 7\">\n                <div class=\"kontainer-category 7\">                    <a href=\"https:\/\/www.kiwoko.com\/blogmundoanimal\/como-introducir-primeras-especies-en-el-acuaterrario\/\" class=\"post 7\">\n                        <div class=\"post-image lazyload 7\" style=\"background:inherit;background-size:cover;\" data-bg=\"#DDDDDD url(https:\/\/www.kiwoko.com\/blogmundoanimal\/wp-content\/uploads\/2020\/09\/c\u00f3mo-introducir-pirmeros-habitantes-en-el-acuaterrario-min.png) no-repeat\"><\/div>\n                        <div class=\"post-text 7\">\n                            <h2>C\u00f3mo introducir los primeros habitantes en el acuaterrario<\/h2>\n                            Si ya has montado tu acuaterrario ahora toca llenarlo de vida con los primeros habitantes. Con la ayuda de Marcel, te ayudamos a elegirlos.                        <\/div>\n                    <\/a>\n                <\/div>\n            <\/div>\n            <\/div>\n        <\/div>\n                    <div class=\"row\">\n                <div class=\"col-lg-12 mb-5\">\n                    <button id=\"tu-primer-acuario-load-more-articles\" class=\"btn load-more\" data-cat=\"\" data-tag=\"tu-primer-acuario\" data-animal=\"Peces\"\n                data-numpost=\"8\">Cargar m\u00e1s articulos<\/button>\n                <\/div>\n            <\/div>\n            <script>\n                document.addEventListener('DOMContentLoaded', function () {\n                const buttons = document.querySelectorAll('.btn.load-more');\n\n                buttons.forEach(function (button) {\n                    button.addEventListener('click', function () {\n                    const title = button.getAttribute('data-title') || '';\n                    const link = button.getAttribute('data-link') || window.location.href;\n                    const position = button.getAttribute('data-position') || '';\n                    const category = button.getAttribute('data-cat') || '';\n                    const linkText = button.innerText || button.textContent;\n\n                    window.dataLayer = window.dataLayer || [];\n                    window.dataLayer.push({\n                        'event': 'blog_mas_articulos',\n                        'event_name': 'blog_mas_articulos',\n                        'position': position,\n                        'link_text': linkText,\n                        'link_url': link,\n                        'category': category,\n                        'product_name': title\n                    });\n                    });\n                });\n                });\n            <\/script> \n                <div id=\"tu-primer-acuario-loading-elements\" class=\"text-center mt-1 loading-elements\"><div class=\"lds-ellipsis\"><div><\/div><div><\/div><div><\/div><div><\/div><\/div><\/div>\n                    <\/div>\n<!-- \/wp:shortcode -->","protected":false},"excerpt":{"rendered":"<p>Una vez visto nuestro art\u00edculo de c\u00f3mo montar un acuaterrario toca ahora las instrucciones de mano de Marcel de c\u00f3mo introducir los primeros habitantes en el acuaterrario. Existen muchas especies que puedes introducir en tu acuaterrario, pero nuestro compa\u00f1ero te sugiere las siguientes especies y ser\u00e1n las utilizadas como ejemplo: Guppy Endler (Guppy salvajes) Gamba [&hellip;]<\/p>\n","protected":false},"author":40,"featured_media":0,"parent":0,"menu_order":0,"comment_status":"closed","ping_status":"closed","template":"","meta":{"_acf_changed":false,"footnotes":""},"class_list":["post-2046","page","type-page","status-publish","hentry"],"acf":[],"_links":{"self":[{"href":"https:\/\/www.kiwoko.com\/blogmundoanimal\/wp-json\/wp\/v2\/pages\/2046","targetHints":{"allow":["GET"]}}],"collection":[{"href":"https:\/\/www.kiwoko.com\/blogmundoanimal\/wp-json\/wp\/v2\/pages"}],"about":[{"href":"https:\/\/www.kiwoko.com\/blogmundoanimal\/wp-json\/wp\/v2\/types\/page"}],"author":[{"embeddable":true,"href":"https:\/\/www.kiwoko.com\/blogmundoanimal\/wp-json\/wp\/v2\/users\/40"}],"replies":[{"embeddable":true,"href":"https:\/\/www.kiwoko.com\/blogmundoanimal\/wp-json\/wp\/v2\/comments?post=2046"}],"version-history":[{"count":7,"href":"https:\/\/www.kiwoko.com\/blogmundoanimal\/wp-json\/wp\/v2\/pages\/2046\/revisions"}],"predecessor-version":[{"id":20954,"href":"https:\/\/www.kiwoko.com\/blogmundoanimal\/wp-json\/wp\/v2\/pages\/2046\/revisions\/20954"}],"wp:attachment":[{"href":"https:\/\/www.kiwoko.com\/blogmundoanimal\/wp-json\/wp\/v2\/media?parent=2046"}],"curies":[{"name":"wp","href":"https:\/\/api.w.org\/{rel}","templated":true}]}}