{"id":2054,"date":"2019-08-02T17:38:37","date_gmt":"2019-08-02T17:38:37","guid":{"rendered":"https:\/\/dev-kiwoko-es.on-dev.com\/blogmundoanimal\/?page_id=2054"},"modified":"2020-05-21T16:56:57","modified_gmt":"2020-05-21T14:56:57","slug":"familias-de-peces","status":"publish","type":"page","link":"https:\/\/www.kiwoko.com\/blogmundoanimal\/familias-de-peces\/","title":{"rendered":"Familias de peces"},"content":{"rendered":"<div id=\"ez-toc-container\" class=\"ez-toc-v2_0_82_2 counter-hierarchy ez-toc-counter ez-toc-grey ez-toc-container-direction\">\n<div class=\"ez-toc-title-container\">\n<p class=\"ez-toc-title\" style=\"cursor:inherit\">\u00cdndice<\/p>\n<span class=\"ez-toc-title-toggle\"><a href=\"#\" class=\"ez-toc-pull-right ez-toc-btn ez-toc-btn-xs ez-toc-btn-default ez-toc-toggle\" aria-label=\"Alternar tabla de contenidos\"><span class=\"ez-toc-js-icon-con\"><span class=\"\"><span class=\"eztoc-hide\" style=\"display:none;\">Toggle<\/span><span class=\"ez-toc-icon-toggle-span\"><svg style=\"fill: #999;color:#999\" xmlns=\"http:\/\/www.w3.org\/2000\/svg\" class=\"list-377408\" width=\"20px\" height=\"20px\" viewBox=\"0 0 24 24\" fill=\"none\"><path d=\"M6 6H4v2h2V6zm14 0H8v2h12V6zM4 11h2v2H4v-2zm16 0H8v2h12v-2zM4 16h2v2H4v-2zm16 0H8v2h12v-2z\" fill=\"currentColor\"><\/path><\/svg><svg style=\"fill: #999;color:#999\" class=\"arrow-unsorted-368013\" xmlns=\"http:\/\/www.w3.org\/2000\/svg\" width=\"10px\" height=\"10px\" viewBox=\"0 0 24 24\" version=\"1.2\" baseProfile=\"tiny\"><path d=\"M18.2 9.3l-6.2-6.3-6.2 6.3c-.2.2-.3.4-.3.7s.1.5.3.7c.2.2.4.3.7.3h11c.3 0 .5-.1.7-.3.2-.2.3-.5.3-.7s-.1-.5-.3-.7zM5.8 14.7l6.2 6.3 6.2-6.3c.2-.2.3-.5.3-.7s-.1-.5-.3-.7c-.2-.2-.4-.3-.7-.3h-11c-.3 0-.5.1-.7.3-.2.2-.3.5-.3.7s.1.5.3.7z\"\/><\/svg><\/span><\/span><\/span><\/a><\/span><\/div>\n<nav><ul class='ez-toc-list ez-toc-list-level-1 ' ><li class='ez-toc-page-1 ez-toc-heading-level-2'><a class=\"ez-toc-link ez-toc-heading-1\" href=\"https:\/\/www.kiwoko.com\/blogmundoanimal\/pez-molly\/#Tipos_de_Molly\" >Tipos de Molly<\/a><ul class='ez-toc-list-level-3' ><li class='ez-toc-heading-level-3'><a class=\"ez-toc-link ez-toc-heading-2\" href=\"https:\/\/www.kiwoko.com\/blogmundoanimal\/pez-molly\/#Pez_Molly_negro\" >Pez Molly negro<\/a><\/li><li class='ez-toc-page-1 ez-toc-heading-level-3'><a class=\"ez-toc-link ez-toc-heading-3\" href=\"https:\/\/www.kiwoko.com\/blogmundoanimal\/pez-molly\/#Pez_Molly_blanco_balon\" >Pez Molly blanco bal\u00f3n<\/a><\/li><li class='ez-toc-page-1 ez-toc-heading-level-3'><a class=\"ez-toc-link ez-toc-heading-4\" href=\"https:\/\/www.kiwoko.com\/blogmundoanimal\/pez-molly\/#Pez_Molly_dalmata\" >Pez Molly d\u00e1lmata<\/a><\/li><li class='ez-toc-page-1 ez-toc-heading-level-3'><a class=\"ez-toc-link ez-toc-heading-5\" href=\"https:\/\/www.kiwoko.com\/blogmundoanimal\/pez-molly\/#Pez_Molly_rojo\" >Pez Molly rojo<\/a><\/li><li class='ez-toc-page-1 ez-toc-heading-level-3'><a class=\"ez-toc-link ez-toc-heading-6\" href=\"https:\/\/www.kiwoko.com\/blogmundoanimal\/pez-molly\/#Pez_Molly_amarillo_y_negro\" >Pez Molly amarillo y negro<\/a><\/li><li class='ez-toc-page-1 ez-toc-heading-level-3'><a class=\"ez-toc-link ez-toc-heading-7\" href=\"https:\/\/www.kiwoko.com\/blogmundoanimal\/pez-molly\/#Pez_Molly_naranja\" >Pez Molly naranja<\/a><\/li><\/ul><\/li><li class='ez-toc-page-1 ez-toc-heading-level-2'><a class=\"ez-toc-link ez-toc-heading-8\" href=\"https:\/\/www.kiwoko.com\/blogmundoanimal\/pez-molly\/#Cuidados_basicos_de_los_peces_Molly\" >Cuidados b\u00e1sicos de los peces Molly<\/a><ul class='ez-toc-list-level-3' ><li class='ez-toc-heading-level-3'><a class=\"ez-toc-link ez-toc-heading-9\" href=\"https:\/\/www.kiwoko.com\/blogmundoanimal\/pez-molly\/#Alimentacion_de_los_peces_Molly\" >Alimentaci\u00f3n de los peces Molly<\/a><\/li><li class='ez-toc-page-1 ez-toc-heading-level-3'><a class=\"ez-toc-link ez-toc-heading-10\" href=\"https:\/\/www.kiwoko.com\/blogmundoanimal\/pez-molly\/#Mantenimiento_del_acuario_para_el_pez_Molly\" >Mantenimiento del acuario para el pez Molly<\/a><\/li><\/ul><\/li><li class='ez-toc-page-1 ez-toc-heading-level-2'><a class=\"ez-toc-link ez-toc-heading-11\" href=\"https:\/\/www.kiwoko.com\/blogmundoanimal\/pez-molly\/#Peces_compatibles_con_Mollys\" >Peces compatibles con Mollys<\/a><\/li><li class='ez-toc-page-1 ez-toc-heading-level-2'><a class=\"ez-toc-link ez-toc-heading-12\" href=\"https:\/\/www.kiwoko.com\/blogmundoanimal\/pez-molly\/#Reproduccion_del_pez_Molly\" >Reproducci\u00f3n del pez Molly<\/a><\/li><\/ul><\/nav><\/div>\n<!-- wp:shortcode -->\n                    <div id=\"familias-de-peces\">\n            <div class=\"posts-list\">\n            <div class=\"row\">\n                        <div class=\"col-md-6 0\">\n                <div class=\"kontainer-category 0\">                    <a href=\"https:\/\/www.kiwoko.com\/blogmundoanimal\/pez-gato-ficha-tecnica\/\" class=\"post 0\">\n                        <div class=\"post-image lazyload 0\" style=\"background:inherit;background-size:cover;\" data-bg=\"#DDDDDD url(https:\/\/www.kiwoko.com\/blogmundoanimal\/wp-content\/uploads\/2024\/07\/pez-gato-platydoras-ficha-cuidados-habitat.png) no-repeat\"><\/div>\n                        <div class=\"post-text 0\">\n                            <h2>Pez gato: Gu\u00eda completa de cuidados<\/h2>\n                            El pez gato es una de las especies m\u00e1s variadas que se puede encontrar en el mundo de los acuarios. Estos peces, adem\u00e1s de ser populares por su aspecto...                        <\/div>\n                    <\/a>\n                <\/div>\n            <\/div>\n                        <div class=\"col-md-6 1\">\n                <div class=\"kontainer-category 1\">                    <a href=\"https:\/\/www.kiwoko.com\/blogmundoanimal\/pez-come-algas-guia-ficha-tecnica\/\" class=\"post 1\">\n                        <div class=\"post-image lazyload 1\" style=\"background:inherit;background-size:cover;\" data-bg=\"#DDDDDD url(https:\/\/www.kiwoko.com\/blogmundoanimal\/wp-content\/uploads\/2024\/04\/pez-chupa-algas.jpg) no-repeat\"><\/div>\n                        <div class=\"post-text 1\">\n                            <h2>Pez come algas: Gu\u00eda de cuidados<\/h2>\n                            Si est\u00e1s considerando a\u00f1adir un nuevo miembro a tu acuario, el Pez come algas o chupa algas puede ser una opci\u00f3n fascinante. Este pez no solo es conocido por...                        <\/div>\n                    <\/a>\n                <\/div>\n            <\/div>\n                        <div class=\"col-md-6 2\">\n                <div class=\"kontainer-category 2\">                    <a href=\"https:\/\/www.kiwoko.com\/blogmundoanimal\/tiburon-bala-guia-completa-para-su-cuidado\/\" class=\"post 2\">\n                        <div class=\"post-image lazyload 2\" style=\"background:inherit;background-size:cover;\" data-bg=\"#DDDDDD url(https:\/\/www.kiwoko.com\/blogmundoanimal\/wp-content\/uploads\/2024\/04\/tiburon-bala.jpg) no-repeat\"><\/div>\n                        <div class=\"post-text 2\">\n                            <h2>Tibur\u00f3n bala: Gu\u00eda completa para su cuidado<\/h2>\n                            El tibur\u00f3n bala, tambi\u00e9n conocido como balantiocheilus melanopterus, es un pez tropical de agua dulce que pertenece a la familia Cyprinidae. Se caracteriza por su cuerpo alargado y delgado,...                        <\/div>\n                    <\/a>\n                <\/div>\n            <\/div>\n                        <div class=\"col-md-6 3\">\n                <div class=\"kontainer-category 3\">                    <a href=\"https:\/\/www.kiwoko.com\/blogmundoanimal\/gourami-azul-y-oro-ficha-tecnica\/\" class=\"post 3\">\n                        <div class=\"post-image lazyload 3\" style=\"background:inherit;background-size:cover;\" data-bg=\"#DDDDDD url(https:\/\/www.kiwoko.com\/blogmundoanimal\/wp-content\/uploads\/2023\/10\/Ficha-tecnica-gourami-azul-y-oro.jpg) no-repeat\"><\/div>\n                        <div class=\"post-text 3\">\n                            <h2>Gourami azul y oro: Caracter\u00edsticas, cuidados y consideraciones<\/h2>\n                            Los gourami azul y oro son una especie de pez muy popular en la acuariofilia, donde es conocido por su belleza y singular comportamiento.&nbsp; Si est\u00e1s plante\u00e1ndote incorporar un...                        <\/div>\n                    <\/a>\n                <\/div>\n            <\/div>\n                        <div class=\"col-md-6 4\">\n                <div class=\"kontainer-category 4\">                    <a href=\"https:\/\/www.kiwoko.com\/blogmundoanimal\/peces-ciclido-africano-lombardoi\/\" class=\"post 4\">\n                        <div class=\"post-image lazyload 4\" style=\"background:inherit;background-size:cover;\" data-bg=\"#DDDDDD url(https:\/\/www.kiwoko.com\/blogmundoanimal\/wp-content\/uploads\/2023\/05\/caracteristicas-del-pez-ciclico-africano-lombardoi.jpg) no-repeat\"><\/div>\n                        <div class=\"post-text 4\">\n                            <h2>El pez c\u00edclido africano lombardoi: caracter\u00edsticas y cuidados<\/h2>\n                            Tambi\u00e9n conocido como Maylandia lombardoi, el pez c\u00edclido africano es una de las especies de peces m\u00e1s populares entre los amantes de los acuarios.&nbsp; Nombre: Maylandia Lombardoi (Pseudotropheus Lombardoi)...                        <\/div>\n                    <\/a>\n                <\/div>\n            <\/div>\n                        <div class=\"col-md-6 5\">\n                <div class=\"kontainer-category 5\">                    <a href=\"https:\/\/www.kiwoko.com\/blogmundoanimal\/ajolote\/\" class=\"post 5\">\n                        <div class=\"post-image lazyload 5\" style=\"background:inherit;background-size:cover;\" data-bg=\"#DDDDDD url(https:\/\/www.kiwoko.com\/blogmundoanimal\/wp-content\/uploads\/2021\/05\/Ajolote.jpg) no-repeat\"><\/div>\n                        <div class=\"post-text 5\">\n                            <h2>Ajolote: Consejos, cuidados y alimentaci\u00f3n<\/h2>\n                            El ajolote, un anfibio en peligro de extinci\u00f3n, es uno de esos animales cuanto menos curioso por su aspecto, muy parecido a un pez, pero con patas. \u00bfTe apetece...                        <\/div>\n                    <\/a>\n                <\/div>\n            <\/div>\n                        <div class=\"col-md-6 6\">\n                <div class=\"kontainer-category 6\">                    <a href=\"https:\/\/www.kiwoko.com\/blogmundoanimal\/el-pez-platy-caracteristicas-y-cuidados\/\" class=\"post 6\">\n                        <div class=\"post-image lazyload 6\" style=\"background:inherit;background-size:cover;\" data-bg=\"#DDDDDD url(https:\/\/www.kiwoko.com\/blogmundoanimal\/wp-content\/uploads\/2022\/07\/pez-platy.jpg) no-repeat\"><\/div>\n                        <div class=\"post-text 6\">\n                            <h2>El pez Platy: caracter\u00edsticas y cuidados<\/h2>\n                            Llamativos, tranquilos y muy pac\u00edficos, los peces Platy son muy famosos en el mundo de la acuariofilia. Conoce todo lo que hay detr\u00e1s de este pez tan peculiar...                        <\/div>\n                    <\/a>\n                <\/div>\n            <\/div>\n                        <div class=\"col-md-6 7\">\n                <div class=\"kontainer-category 7\">                    <a href=\"https:\/\/www.kiwoko.com\/blogmundoanimal\/pez-molly\/\" class=\"post 7\">\n                        <div class=\"post-image lazyload 7\" style=\"background:inherit;background-size:cover;\" data-bg=\"#DDDDDD url(https:\/\/www.kiwoko.com\/blogmundoanimal\/wp-content\/uploads\/2022\/05\/pez-Molly.jpg) no-repeat\"><\/div>\n                        <div class=\"post-text 7\">\n                            <h2>El pez Molly: Caracter\u00edsticas y cuidados<\/h2>\n                            Los peces Molly son una especie b\u00e1sica dentro del mundo de la acuariofilia. En la siguiente gu\u00eda te mostramos todas las claves para su alimentaci\u00f3n y cr\u00eda si quieres...                        <\/div>\n                    <\/a>\n                <\/div>\n            <\/div>\n            <\/div>\n        <\/div>\n                    <div class=\"row\">\n                <div class=\"col-lg-12 mb-5\">\n                    <button id=\"familias-de-peces-load-more-articles\" class=\"btn load-more\" data-cat=\"\" data-tag=\"familias-de-peces\" data-animal=\"Peces\"\n                data-numpost=\"8\">Cargar m\u00e1s articulos<\/button>\n                <\/div>\n            <\/div>\n            <script>\n                document.addEventListener('DOMContentLoaded', function () {\n                const buttons = document.querySelectorAll('.btn.load-more');\n\n                buttons.forEach(function (button) {\n                    button.addEventListener('click', function () {\n                    const title = button.getAttribute('data-title') || '';\n                    const link = button.getAttribute('data-link') || window.location.href;\n                    const position = button.getAttribute('data-position') || '';\n                    const category = button.getAttribute('data-cat') || '';\n                    const linkText = button.innerText || button.textContent;\n\n                    window.dataLayer = window.dataLayer || [];\n                    window.dataLayer.push({\n                        'event': 'blog_mas_articulos',\n                        'event_name': 'blog_mas_articulos',\n                        'position': position,\n                        'link_text': linkText,\n                        'link_url': link,\n                        'category': category,\n                        'product_name': title\n                    });\n                    });\n                });\n                });\n            <\/script> \n                <div id=\"familias-de-peces-loading-elements\" class=\"text-center mt-1 loading-elements\"><div class=\"lds-ellipsis\"><div><\/div><div><\/div><div><\/div><div><\/div><\/div><\/div>\n                    <\/div>\n<!-- \/wp:shortcode -->","protected":false},"excerpt":{"rendered":"<p>Uno de los peces m\u00e1s populares de agua dulce, el pez Molly es un est\u00e1ndar en el mundo de la acuariofilia. Con un temperamento pac\u00edfico y una personalidad activa y social, esta especie es perfecta para quienes se inician en el mundo de los peces, ya que son muy f\u00e1ciles de cuidar. Los peces Mollys [&hellip;]<\/p>\n","protected":false},"author":40,"featured_media":0,"parent":0,"menu_order":0,"comment_status":"closed","ping_status":"closed","template":"","meta":{"_acf_changed":false,"footnotes":""},"class_list":["post-2054","page","type-page","status-publish","hentry"],"acf":[],"_links":{"self":[{"href":"https:\/\/www.kiwoko.com\/blogmundoanimal\/wp-json\/wp\/v2\/pages\/2054","targetHints":{"allow":["GET"]}}],"collection":[{"href":"https:\/\/www.kiwoko.com\/blogmundoanimal\/wp-json\/wp\/v2\/pages"}],"about":[{"href":"https:\/\/www.kiwoko.com\/blogmundoanimal\/wp-json\/wp\/v2\/types\/page"}],"author":[{"embeddable":true,"href":"https:\/\/www.kiwoko.com\/blogmundoanimal\/wp-json\/wp\/v2\/users\/40"}],"replies":[{"embeddable":true,"href":"https:\/\/www.kiwoko.com\/blogmundoanimal\/wp-json\/wp\/v2\/comments?post=2054"}],"version-history":[{"count":2,"href":"https:\/\/www.kiwoko.com\/blogmundoanimal\/wp-json\/wp\/v2\/pages\/2054\/revisions"}],"predecessor-version":[{"id":2057,"href":"https:\/\/www.kiwoko.com\/blogmundoanimal\/wp-json\/wp\/v2\/pages\/2054\/revisions\/2057"}],"wp:attachment":[{"href":"https:\/\/www.kiwoko.com\/blogmundoanimal\/wp-json\/wp\/v2\/media?parent=2054"}],"curies":[{"name":"wp","href":"https:\/\/api.w.org\/{rel}","templated":true}]}}