{"id":2068,"date":"2019-08-02T17:47:50","date_gmt":"2019-08-02T17:47:50","guid":{"rendered":"https:\/\/dev-kiwoko-es.on-dev.com\/blogmundoanimal\/?page_id=2068"},"modified":"2020-08-12T11:18:31","modified_gmt":"2020-08-12T09:18:31","slug":"consejos-mantenimiento-acuarios","status":"publish","type":"page","link":"https:\/\/www.kiwoko.com\/blogmundoanimal\/consejos-mantenimiento-acuarios\/","title":{"rendered":"Consejos sobre mantenimiento de acuarios"},"content":{"rendered":"<div id=\"ez-toc-container\" class=\"ez-toc-v2_0_82_2 counter-hierarchy ez-toc-counter ez-toc-grey ez-toc-container-direction\">\n<div class=\"ez-toc-title-container\">\n<p class=\"ez-toc-title\" style=\"cursor:inherit\">\u00cdndice<\/p>\n<span class=\"ez-toc-title-toggle\"><a href=\"#\" class=\"ez-toc-pull-right ez-toc-btn ez-toc-btn-xs ez-toc-btn-default ez-toc-toggle\" aria-label=\"Alternar tabla de contenidos\"><span class=\"ez-toc-js-icon-con\"><span class=\"\"><span class=\"eztoc-hide\" style=\"display:none;\">Toggle<\/span><span class=\"ez-toc-icon-toggle-span\"><svg style=\"fill: #999;color:#999\" xmlns=\"http:\/\/www.w3.org\/2000\/svg\" class=\"list-377408\" width=\"20px\" height=\"20px\" viewBox=\"0 0 24 24\" fill=\"none\"><path d=\"M6 6H4v2h2V6zm14 0H8v2h12V6zM4 11h2v2H4v-2zm16 0H8v2h12v-2zM4 16h2v2H4v-2zm16 0H8v2h12v-2z\" fill=\"currentColor\"><\/path><\/svg><svg style=\"fill: #999;color:#999\" class=\"arrow-unsorted-368013\" xmlns=\"http:\/\/www.w3.org\/2000\/svg\" width=\"10px\" height=\"10px\" viewBox=\"0 0 24 24\" version=\"1.2\" baseProfile=\"tiny\"><path d=\"M18.2 9.3l-6.2-6.3-6.2 6.3c-.2.2-.3.4-.3.7s.1.5.3.7c.2.2.4.3.7.3h11c.3 0 .5-.1.7-.3.2-.2.3-.5.3-.7s-.1-.5-.3-.7zM5.8 14.7l6.2 6.3 6.2-6.3c.2-.2.3-.5.3-.7s-.1-.5-.3-.7c-.2-.2-.4-.3-.7-.3h-11c-.3 0-.5.1-.7.3-.2.2-.3.5-.3.7s.1.5.3.7z\"\/><\/svg><\/span><\/span><\/span><\/a><\/span><\/div>\n<nav><ul class='ez-toc-list ez-toc-list-level-1 ' ><li class='ez-toc-page-1 ez-toc-heading-level-2'><a class=\"ez-toc-link ez-toc-heading-1\" href=\"https:\/\/www.kiwoko.com\/blogmundoanimal\/bajar-ph-acuario\/#%C2%BFQue_es_el_pH_y_por_que_es_tan_importante\" >\u00bfQu\u00e9 es el pH y por qu\u00e9 es tan importante?<\/a><\/li><li class='ez-toc-page-1 ez-toc-heading-level-2'><a class=\"ez-toc-link ez-toc-heading-2\" href=\"https:\/\/www.kiwoko.com\/blogmundoanimal\/bajar-ph-acuario\/#GH_y_KH_Factores_clave_en_la_estabilidad_del_pH\" >GH y KH: Factores clave en la estabilidad del pH<\/a><\/li><li class='ez-toc-page-1 ez-toc-heading-level-2'><a class=\"ez-toc-link ez-toc-heading-3\" href=\"https:\/\/www.kiwoko.com\/blogmundoanimal\/bajar-ph-acuario\/#Como_medir_el_pH_del_agua_del_acuario\" >C\u00f3mo medir el pH del agua del acuario<\/a><\/li><li class='ez-toc-page-1 ez-toc-heading-level-2'><a class=\"ez-toc-link ez-toc-heading-4\" href=\"https:\/\/www.kiwoko.com\/blogmundoanimal\/bajar-ph-acuario\/#Como_bajar_el_pH_del_acuario_de_forma_natural\" >C\u00f3mo bajar el pH del acuario de forma natural<\/a><ul class='ez-toc-list-level-3' ><li class='ez-toc-heading-level-3'><a class=\"ez-toc-link ez-toc-heading-5\" href=\"https:\/\/www.kiwoko.com\/blogmundoanimal\/bajar-ph-acuario\/#Uso_de_turba_en_el_filtro\" >Uso de turba en el filtro<\/a><\/li><li class='ez-toc-page-1 ez-toc-heading-level-3'><a class=\"ez-toc-link ez-toc-heading-6\" href=\"https:\/\/www.kiwoko.com\/blogmundoanimal\/bajar-ph-acuario\/#Hojas_de_almendro_indio_Terminalia_catappa\" >Hojas de almendro indio (Terminalia catappa)<\/a><\/li><li class='ez-toc-page-1 ez-toc-heading-level-3'><a class=\"ez-toc-link ez-toc-heading-7\" href=\"https:\/\/www.kiwoko.com\/blogmundoanimal\/bajar-ph-acuario\/#Madera_de_Mopani_o_troncos_de_pantano\" >Madera de Mopani o troncos de pantano<\/a><\/li><li class='ez-toc-page-1 ez-toc-heading-level-3'><a class=\"ez-toc-link ez-toc-heading-8\" href=\"https:\/\/www.kiwoko.com\/blogmundoanimal\/bajar-ph-acuario\/#Uso_de_agua_de_osmosis_inversa_o_destilada\" >Uso de agua de \u00f3smosis inversa o destilada<\/a><\/li><li class='ez-toc-page-1 ez-toc-heading-level-3'><a class=\"ez-toc-link ez-toc-heading-9\" href=\"https:\/\/www.kiwoko.com\/blogmundoanimal\/bajar-ph-acuario\/#Aumento_de_CO%E2%82%82_en_el_agua\" >Aumento de CO\u2082 en el agua<\/a><\/li><\/ul><\/li><li class='ez-toc-page-1 ez-toc-heading-level-2'><a class=\"ez-toc-link ez-toc-heading-10\" href=\"https:\/\/www.kiwoko.com\/blogmundoanimal\/bajar-ph-acuario\/#Como_bajar_el_pH_del_agua_del_acuario_con_productos_quimicos\" >C\u00f3mo bajar el pH del agua del acuario con productos qu\u00edmicos<\/a><ul class='ez-toc-list-level-3' ><li class='ez-toc-heading-level-3'><a class=\"ez-toc-link ez-toc-heading-11\" href=\"https:\/\/www.kiwoko.com\/blogmundoanimal\/bajar-ph-acuario\/#Estabilizadores_de_pH\" >Estabilizadores de pH<\/a><\/li><li class='ez-toc-page-1 ez-toc-heading-level-3'><a class=\"ez-toc-link ez-toc-heading-12\" href=\"https:\/\/www.kiwoko.com\/blogmundoanimal\/bajar-ph-acuario\/#Uso_de_acidos_como_el_fosforico_o_citrico\" >Uso de \u00e1cidos como el fosf\u00f3rico o c\u00edtrico<\/a><\/li><\/ul><\/li><li class='ez-toc-page-1 ez-toc-heading-level-2'><a class=\"ez-toc-link ez-toc-heading-13\" href=\"https:\/\/www.kiwoko.com\/blogmundoanimal\/bajar-ph-acuario\/#Errores_comunes_al_bajar_el_pH_del_acuario\" >Errores comunes al bajar el pH del acuario<\/a><\/li><\/ul><\/nav><\/div>\n<!-- wp:shortcode -->\n                    <div id=\"habitat\">\n            <div class=\"posts-list\">\n            <div class=\"row\">\n                        <div class=\"col-md-6 0\">\n                <div class=\"kontainer-category 0\">                    <a href=\"https:\/\/www.kiwoko.com\/blogmundoanimal\/como-elegir-peces-para-estanque\/\" class=\"post 0\">\n                        <div class=\"post-image lazyload 0\" style=\"background:inherit;background-size:cover;\" data-bg=\"#DDDDDD url(https:\/\/www.kiwoko.com\/blogmundoanimal\/wp-content\/uploads\/2026\/03\/que-peces-poner-en-mi-estanque-1-1.jpg) no-repeat\"><\/div>\n                        <div class=\"post-text 0\">\n                            <h2>C\u00f3mo elegir los peces para mi estanque: Gu\u00eda para acertar desde el primer d\u00eda<\/h2>\n                            A la hora de poner en marcha tu estanque te preguntar\u00e1s qu\u00e9 tipo de peces son los m\u00e1s apropiados. Antes de dar el paso, tendr\u00e1s que tener varios factores...                        <\/div>\n                    <\/a>\n                <\/div>\n            <\/div>\n                        <div class=\"col-md-6 1\">\n                <div class=\"kontainer-category 1\">                    <a href=\"https:\/\/www.kiwoko.com\/blogmundoanimal\/plantas-de-acuario-funcionamiento-y-cuidados\/\" class=\"post 1\">\n                        <div class=\"post-image lazyload 1\" style=\"background:inherit;background-size:cover;\" data-bg=\"#DDDDDD url(https:\/\/www.kiwoko.com\/blogmundoanimal\/wp-content\/uploads\/2017\/08\/plantas-de-acuario.jpg) no-repeat\"><\/div>\n                        <div class=\"post-text 1\">\n                            <h2>Plantas de acuario: \u00bfc\u00f3mo cuidarlas?<\/h2>\n                            \u00bfTe gustar\u00eda saber un poco m\u00e1s sobre el cuidado y el funcionamiento de las plantas de tu acuario? En este post te contamos con todo detalle lo que tienes...                        <\/div>\n                    <\/a>\n                <\/div>\n            <\/div>\n                        <div class=\"col-md-6 2\">\n                <div class=\"kontainer-category 2\">                    <a href=\"https:\/\/www.kiwoko.com\/blogmundoanimal\/como-elegir-el-mejor-acuario\/\" class=\"post 2\">\n                        <div class=\"post-image lazyload 2\" style=\"background:inherit;background-size:cover;\" data-bg=\"#DDDDDD url(https:\/\/www.kiwoko.com\/blogmundoanimal\/wp-content\/uploads\/2018\/03\/mejor-acuario-para-peces.jpg) no-repeat\"><\/div>\n                        <div class=\"post-text 2\">\n                            <h2>C\u00f3mo elegir el mejor acuario para tus peces: Gu\u00eda completa<\/h2>\n                            En este post te damos algunos trucos para que escoger un acuario no sea un quebradero de cabeza. Solo tienes que tener una serie de par\u00e1metros presentes. \u00a1Sigue leyendo!                        <\/div>\n                    <\/a>\n                <\/div>\n            <\/div>\n                        <div class=\"col-md-6 3\">\n                <div class=\"kontainer-category 3\">                    <a href=\"https:\/\/www.kiwoko.com\/blogmundoanimal\/mantenimiento-acuario-peces-invierno\/\" class=\"post 3\">\n                        <div class=\"post-image lazyload 3\" style=\"background:inherit;background-size:cover;\" data-bg=\"#DDDDDD url(https:\/\/www.kiwoko.com\/blogmundoanimal\/wp-content\/uploads\/2018\/01\/mantenimiento-acuario-peces-invierno.jpg) no-repeat\"><\/div>\n                        <div class=\"post-text 3\">\n                            <h2>Cuidados acuario invierno: La gu\u00eda definitiva para proteger a tus peces del fr\u00edo<\/h2>\n                            Seguro que te interesa saber c\u00f3mo cuidar de tus peces durante los meses de invierno. \u00a1En este post te damos algunos consejos!                        <\/div>\n                    <\/a>\n                <\/div>\n            <\/div>\n                        <div class=\"col-md-6 4\">\n                <div class=\"kontainer-category 4\">                    <a href=\"https:\/\/www.kiwoko.com\/blogmundoanimal\/algas-filamentosas\/\" class=\"post 4\">\n                        <div class=\"post-image lazyload 4\" style=\"background:inherit;background-size:cover;\" data-bg=\"#DDDDDD url(https:\/\/www.kiwoko.com\/blogmundoanimal\/wp-content\/uploads\/2022\/03\/algas-filamentosas-en-acuarios.jpg) no-repeat\"><\/div>\n                        <div class=\"post-text 4\">\n                            <h2>Algas filamentosas: Todo lo que debes saber para mantener tu acuario saludable<\/h2>\n                            Las algas filamentosas pueden perjudicar a las plantas y a los peces del acuario                        <\/div>\n                    <\/a>\n                <\/div>\n            <\/div>\n                        <div class=\"col-md-6 5\">\n                <div class=\"kontainer-category 5\">                    <a href=\"https:\/\/www.kiwoko.com\/blogmundoanimal\/como-medir-eliminar-nitritos-acuarios\/\" class=\"post 5\">\n                        <div class=\"post-image lazyload 5\" style=\"background:inherit;background-size:cover;\" data-bg=\"#DDDDDD url(https:\/\/www.kiwoko.com\/blogmundoanimal\/wp-content\/uploads\/2020\/08\/como-medir-y-eliminar-nitritos-min.jpg) no-repeat\"><\/div>\n                        <div class=\"post-text 5\">\n                            <h2>\u00bfC\u00f3mo medir y eliminar los nitritos en acuario? Gu\u00eda completa para mantener a tus peces sanos<\/h2>\n                            Hoy toca tratar el tema de los nitritos en el acuario (NO2) Un enemigo silencio que debes de conocer y abatir si quieres que reine la vida en tu...                        <\/div>\n                    <\/a>\n                <\/div>\n            <\/div>\n                        <div class=\"col-md-6 6\">\n                <div class=\"kontainer-category 6\">                    <a href=\"https:\/\/www.kiwoko.com\/blogmundoanimal\/beneficios-de-un-aireador-compresor-en-tu-acuario\/\" class=\"post 6\">\n                        <div class=\"post-image lazyload 6\" style=\"background:inherit;background-size:cover;\" data-bg=\"#DDDDDD url(https:\/\/www.kiwoko.com\/blogmundoanimal\/wp-content\/uploads\/2020\/01\/aireador-para-acuario.jpg) no-repeat\"><\/div>\n                        <div class=\"post-text 6\">\n                            <h2>\u00bfNecesito un aireador en mi acuario? Descubre si es esencial o prescindible<\/h2>\n                            Los 4 motivos fundamentales para instalar un aireador en tu acuario.                        <\/div>\n                    <\/a>\n                <\/div>\n            <\/div>\n                        <div class=\"col-md-6 7\">\n                <div class=\"kontainer-category 7\">                    <a href=\"https:\/\/www.kiwoko.com\/blogmundoanimal\/sustratos-nutritivos-para-acuarios-plantados\/\" class=\"post 7\">\n                        <div class=\"post-image lazyload 7\" style=\"background:inherit;background-size:cover;\" data-bg=\"#DDDDDD url(https:\/\/www.kiwoko.com\/blogmundoanimal\/wp-content\/uploads\/2020\/06\/sustrato-nutritivo-para-acuarios-plantados.jpg) no-repeat\"><\/div>\n                        <div class=\"post-text 7\">\n                            <h2>Sustratos nutritivos para acuarios plantados \u00bfC\u00f3mo elegir el mejor?<\/h2>\n                            En el post de hoy, conocer\u00e1s tres tipos de sustratos nutritivos para acuarios plantados, que te ayudar\u00e1n a que tu acuario sea m\u00e1s espectacular y que tus plantas se...                        <\/div>\n                    <\/a>\n                <\/div>\n            <\/div>\n                        <div class=\"col-md-6 8\">\n                <div class=\"kontainer-category 8\">                    <a href=\"https:\/\/www.kiwoko.com\/blogmundoanimal\/guia-nombres-para-peces\/\" class=\"post 8\">\n                        <div class=\"post-image lazyload 8\" style=\"background:inherit;background-size:cover;\" data-bg=\"#DDDDDD url(https:\/\/www.kiwoko.com\/blogmundoanimal\/wp-content\/uploads\/2025\/06\/nombres-para-peces.jpg) no-repeat\"><\/div>\n                        <div class=\"post-text 8\">\n                            <h2>M\u00e1s de 100 nombres para peces: Tu gu\u00eda perfecta<\/h2>\n                            Dar la bienvenida a un pez en tu acuario es una experiencia \u00fanica: Su mundo bajo el agua, su apariencia y ese movimiento hipn\u00f3tico al nadar pueden traerte mucha...                        <\/div>\n                    <\/a>\n                <\/div>\n            <\/div>\n                        <div class=\"col-md-6 9\">\n                <div class=\"kontainer-category 9\">                    <a href=\"https:\/\/www.kiwoko.com\/blogmundoanimal\/acuarios-de-agua-dulce-a-agua-salada\/\" class=\"post 9\">\n                        <div class=\"post-image lazyload 9\" style=\"background:inherit;background-size:cover;\" data-bg=\"#DDDDDD url(https:\/\/www.kiwoko.com\/blogmundoanimal\/wp-content\/uploads\/2017\/06\/convertir-acuario-de-agua-dulce-en-marino.jpg) no-repeat\"><\/div>\n                        <div class=\"post-text 9\">\n                            <h2>\u00a1Convierte tu acuario de agua dulce en uno marino sin complicaciones!<\/h2>\n                            Acuarios, de agua dulce a agua salada. Toma nota de todos los pasos que debes dar para concluir con \u00e9xito la transici\u00f3n de un acuario de agua dulce a...                        <\/div>\n                    <\/a>\n                <\/div>\n            <\/div>\n                        <div class=\"col-md-6 10\">\n                <div class=\"kontainer-category 10\">                    <a href=\"https:\/\/www.kiwoko.com\/blogmundoanimal\/bacterias-grandes-amigas-de-la-acuariofilia\/\" class=\"post 10\">\n                        <div class=\"post-image lazyload 10\" style=\"background:inherit;background-size:cover;\" data-bg=\"#DDDDDD url(https:\/\/www.kiwoko.com\/blogmundoanimal\/wp-content\/uploads\/2017\/11\/bacterias-para-acuarios-ventajas.jpg) no-repeat\"><\/div>\n                        <div class=\"post-text 10\">\n                            <h2>Bacterias para acuarios: El secreto invisible para un ecosistema saludable<\/h2>\n                            Puede que hasta ahora conocieras a las bacterias como causantes de enfermedades, pero si tienes un acuario y lees este post, ese concepto est\u00e1 a punto de cambiar. \u00a1Sigue...                        <\/div>\n                    <\/a>\n                <\/div>\n            <\/div>\n                        <div class=\"col-md-6 11\">\n                <div class=\"kontainer-category 11\">                    <a href=\"https:\/\/www.kiwoko.com\/blogmundoanimal\/mantenimiento-estanque-jardines\/\" class=\"post 11\">\n                        <div class=\"post-image lazyload 11\" style=\"background:inherit;background-size:cover;\" data-bg=\"#DDDDDD url(https:\/\/www.kiwoko.com\/blogmundoanimal\/wp-content\/uploads\/2018\/05\/como-cuidar-el-estanque-de-un-jardin.jpg) no-repeat\"><\/div>\n                        <div class=\"post-text 11\">\n                            <h2>Lo que nadie te cuenta sobre c\u00f3mo cuidar un estanque de jard\u00edn<\/h2>\n                            Los estanques bien cuidados son preciosos y hacen m\u00e1s atractivo tu jard\u00edn. Si tu problema es que no sabes c\u00f3mo mantenerlo para que luzca siempre bonito, en este post...                        <\/div>\n                    <\/a>\n                <\/div>\n            <\/div>\n                        <div class=\"col-md-6 12\">\n                <div class=\"kontainer-category 12\">                    <a href=\"https:\/\/www.kiwoko.com\/blogmundoanimal\/aclimatacion-peces-acuario\/\" class=\"post 12\">\n                        <div class=\"post-image lazyload 12\" style=\"background:inherit;background-size:cover;\" data-bg=\"#DDDDDD url(https:\/\/www.kiwoko.com\/blogmundoanimal\/wp-content\/uploads\/2020\/05\/como-aclimatar-peces.jpg) no-repeat\"><\/div>\n                        <div class=\"post-text 12\">\n                            <h2>\u00bfC\u00f3mo aclimatar a tus peces cuando llegan a casa?<\/h2>\n                            En este post te contamos el m\u00e9todo m\u00e1s f\u00e1cil y sencillo para que tus peces no se estresen nada m\u00e1s llegar a su nuevo hogar. \u00a1Te lo explicamos paso...                        <\/div>\n                    <\/a>\n                <\/div>\n            <\/div>\n                        <div class=\"col-md-6 13\">\n                <div class=\"kontainer-category 13\">                    <a href=\"https:\/\/www.kiwoko.com\/blogmundoanimal\/bajar-ph-acuario\/\" class=\"post 13\">\n                        <div class=\"post-image lazyload 13\" style=\"background:inherit;background-size:cover;\" data-bg=\"#DDDDDD url(https:\/\/www.kiwoko.com\/blogmundoanimal\/wp-content\/uploads\/2025\/03\/como-bajar-ph-del-acuario.jpg) no-repeat\"><\/div>\n                        <div class=\"post-text 13\">\n                            <h2>C\u00f3mo bajar el pH de mi acuario: Gu\u00eda completa para un agua equilibrada<\/h2>\n                            Saber c\u00f3mo variar los niveles de PH y controlar el resto de valores del agua te garantiza tener un ecosistema perfecto para la vida marina y contener las especies...                        <\/div>\n                    <\/a>\n                <\/div>\n            <\/div>\n            <\/div>\n        <\/div>\n                    <div class=\"row\">\n                <div class=\"col-lg-12 mb-5\">\n                    <button id=\"habitat-load-more-articles\" class=\"btn load-more\" data-cat=\"\" data-tag=\"habitat\" data-animal=\"Peces\"\n                data-numpost=\"14\">Cargar m\u00e1s articulos<\/button>\n                <\/div>\n            <\/div>\n            <script>\n                document.addEventListener('DOMContentLoaded', function () {\n                const buttons = document.querySelectorAll('.btn.load-more');\n\n                buttons.forEach(function (button) {\n                    button.addEventListener('click', function () {\n                    const title = button.getAttribute('data-title') || '';\n                    const link = button.getAttribute('data-link') || window.location.href;\n                    const position = button.getAttribute('data-position') || '';\n                    const category = button.getAttribute('data-cat') || '';\n                    const linkText = button.innerText || button.textContent;\n\n                    window.dataLayer = window.dataLayer || [];\n                    window.dataLayer.push({\n                        'event': 'blog_mas_articulos',\n                        'event_name': 'blog_mas_articulos',\n                        'position': position,\n                        'link_text': linkText,\n                        'link_url': link,\n                        'category': category,\n                        'product_name': title\n                    });\n                    });\n                });\n                });\n            <\/script> \n                <div id=\"habitat-loading-elements\" class=\"text-center mt-1 loading-elements\"><div class=\"lds-ellipsis\"><div><\/div><div><\/div><div><\/div><div><\/div><\/div><\/div>\n                    <\/div>\n<!-- \/wp:shortcode -->","protected":false},"excerpt":{"rendered":"<p>Si tienes un acuario, seguramente ya sabes que mantener el agua en buenas condiciones es clave para la salud de los peces y las plantas. Uno de los aspectos m\u00e1s importantes es el pH, que indica si el agua es \u00e1cida, neutra o alcalina. Cuando el pH del acuario es demasiado alto, puede causar estr\u00e9s [&hellip;]<\/p>\n","protected":false},"author":40,"featured_media":0,"parent":0,"menu_order":0,"comment_status":"closed","ping_status":"closed","template":"","meta":{"_acf_changed":false,"footnotes":""},"class_list":["post-2068","page","type-page","status-publish","hentry"],"acf":[],"_links":{"self":[{"href":"https:\/\/www.kiwoko.com\/blogmundoanimal\/wp-json\/wp\/v2\/pages\/2068","targetHints":{"allow":["GET"]}}],"collection":[{"href":"https:\/\/www.kiwoko.com\/blogmundoanimal\/wp-json\/wp\/v2\/pages"}],"about":[{"href":"https:\/\/www.kiwoko.com\/blogmundoanimal\/wp-json\/wp\/v2\/types\/page"}],"author":[{"embeddable":true,"href":"https:\/\/www.kiwoko.com\/blogmundoanimal\/wp-json\/wp\/v2\/users\/40"}],"replies":[{"embeddable":true,"href":"https:\/\/www.kiwoko.com\/blogmundoanimal\/wp-json\/wp\/v2\/comments?post=2068"}],"version-history":[{"count":1,"href":"https:\/\/www.kiwoko.com\/blogmundoanimal\/wp-json\/wp\/v2\/pages\/2068\/revisions"}],"predecessor-version":[{"id":2070,"href":"https:\/\/www.kiwoko.com\/blogmundoanimal\/wp-json\/wp\/v2\/pages\/2068\/revisions\/2070"}],"wp:attachment":[{"href":"https:\/\/www.kiwoko.com\/blogmundoanimal\/wp-json\/wp\/v2\/media?parent=2068"}],"curies":[{"name":"wp","href":"https:\/\/api.w.org\/{rel}","templated":true}]}}