{"id":2083,"date":"2019-08-05T12:06:28","date_gmt":"2019-08-05T12:06:28","guid":{"rendered":"https:\/\/dev-kiwoko-es.on-dev.com\/blogmundoanimal\/?page_id=2083"},"modified":"2020-08-26T10:33:05","modified_gmt":"2020-08-26T08:33:05","slug":"consejos-para-roedores-recien-llegados","status":"publish","type":"page","link":"https:\/\/www.kiwoko.com\/blogmundoanimal\/consejos-para-roedores-recien-llegados\/","title":{"rendered":"Consejos para roedores reci\u00e9n llegados"},"content":{"rendered":"<div id=\"ez-toc-container\" class=\"ez-toc-v2_0_82_2 counter-hierarchy ez-toc-counter ez-toc-grey ez-toc-container-direction\">\n<div class=\"ez-toc-title-container\">\n<p class=\"ez-toc-title\" style=\"cursor:inherit\">\u00cdndice<\/p>\n<span class=\"ez-toc-title-toggle\"><a href=\"#\" class=\"ez-toc-pull-right ez-toc-btn ez-toc-btn-xs ez-toc-btn-default ez-toc-toggle\" aria-label=\"Alternar tabla de contenidos\"><span class=\"ez-toc-js-icon-con\"><span class=\"\"><span class=\"eztoc-hide\" style=\"display:none;\">Toggle<\/span><span class=\"ez-toc-icon-toggle-span\"><svg style=\"fill: #999;color:#999\" xmlns=\"http:\/\/www.w3.org\/2000\/svg\" class=\"list-377408\" width=\"20px\" height=\"20px\" viewBox=\"0 0 24 24\" fill=\"none\"><path d=\"M6 6H4v2h2V6zm14 0H8v2h12V6zM4 11h2v2H4v-2zm16 0H8v2h12v-2zM4 16h2v2H4v-2zm16 0H8v2h12v-2z\" fill=\"currentColor\"><\/path><\/svg><svg style=\"fill: #999;color:#999\" class=\"arrow-unsorted-368013\" xmlns=\"http:\/\/www.w3.org\/2000\/svg\" width=\"10px\" height=\"10px\" viewBox=\"0 0 24 24\" version=\"1.2\" baseProfile=\"tiny\"><path d=\"M18.2 9.3l-6.2-6.3-6.2 6.3c-.2.2-.3.4-.3.7s.1.5.3.7c.2.2.4.3.7.3h11c.3 0 .5-.1.7-.3.2-.2.3-.5.3-.7s-.1-.5-.3-.7zM5.8 14.7l6.2 6.3 6.2-6.3c.2-.2.3-.5.3-.7s-.1-.5-.3-.7c-.2-.2-.4-.3-.7-.3h-11c-.3 0-.5.1-.7.3-.2.2-.3.5-.3.7s.1.5.3.7z\"\/><\/svg><\/span><\/span><\/span><\/a><\/span><\/div>\n<nav><ul class='ez-toc-list ez-toc-list-level-1 ' ><li class='ez-toc-page-1 ez-toc-heading-level-2'><a class=\"ez-toc-link ez-toc-heading-1\" href=\"https:\/\/www.kiwoko.com\/blogmundoanimal\/conejo-belier-origen-cuidados-y-caracteristicas\/#Origen_del_conejo_Belier\" >Origen del conejo Belier<\/a><\/li><li class='ez-toc-page-1 ez-toc-heading-level-2'><a class=\"ez-toc-link ez-toc-heading-2\" href=\"https:\/\/www.kiwoko.com\/blogmundoanimal\/conejo-belier-origen-cuidados-y-caracteristicas\/#Tipos_de_conejo_Belier\" >Tipos de conejo Belier<\/a><\/li><li class='ez-toc-page-1 ez-toc-heading-level-2'><a class=\"ez-toc-link ez-toc-heading-3\" href=\"https:\/\/www.kiwoko.com\/blogmundoanimal\/conejo-belier-origen-cuidados-y-caracteristicas\/#Caracter_y_comportamiento_del_conejo_Belier\" >Car\u00e1cter y comportamiento del conejo Belier<\/a><\/li><li class='ez-toc-page-1 ez-toc-heading-level-2'><a class=\"ez-toc-link ez-toc-heading-4\" href=\"https:\/\/www.kiwoko.com\/blogmundoanimal\/conejo-belier-origen-cuidados-y-caracteristicas\/#Cuidados_del_conejo_Belier\" >Cuidados del conejo Belier<\/a><ul class='ez-toc-list-level-3' ><li class='ez-toc-heading-level-3'><a class=\"ez-toc-link ez-toc-heading-5\" href=\"https:\/\/www.kiwoko.com\/blogmundoanimal\/conejo-belier-origen-cuidados-y-caracteristicas\/#Pelo\" >Pelo<\/a><\/li><li class='ez-toc-page-1 ez-toc-heading-level-3'><a class=\"ez-toc-link ez-toc-heading-6\" href=\"https:\/\/www.kiwoko.com\/blogmundoanimal\/conejo-belier-origen-cuidados-y-caracteristicas\/#Unas_y_dientes\" >U\u00f1as y dientes<\/a><\/li><li class='ez-toc-page-1 ez-toc-heading-level-3'><a class=\"ez-toc-link ez-toc-heading-7\" href=\"https:\/\/www.kiwoko.com\/blogmundoanimal\/conejo-belier-origen-cuidados-y-caracteristicas\/#Actividad_cognitiva_y_fisica\" >Actividad cognitiva y f\u00edsica<\/a><\/li><li class='ez-toc-page-1 ez-toc-heading-level-3'><a class=\"ez-toc-link ez-toc-heading-8\" href=\"https:\/\/www.kiwoko.com\/blogmundoanimal\/conejo-belier-origen-cuidados-y-caracteristicas\/#Higiene_del_conejo_de_orejas_caidas\" >Higiene del conejo de orejas ca\u00eddas<\/a><\/li><\/ul><\/li><li class='ez-toc-page-1 ez-toc-heading-level-2'><a class=\"ez-toc-link ez-toc-heading-9\" href=\"https:\/\/www.kiwoko.com\/blogmundoanimal\/conejo-belier-origen-cuidados-y-caracteristicas\/#Alimentacion_del_conejo_Belier\" >Alimentaci\u00f3n del conejo Belier<\/a><\/li><li class='ez-toc-page-1 ez-toc-heading-level-2'><a class=\"ez-toc-link ez-toc-heading-10\" href=\"https:\/\/www.kiwoko.com\/blogmundoanimal\/conejo-belier-origen-cuidados-y-caracteristicas\/#Salud_del_conejo_Belier\" >Salud del conejo Belier<\/a><ul class='ez-toc-list-level-3' ><li class='ez-toc-heading-level-3'><a class=\"ez-toc-link ez-toc-heading-11\" href=\"https:\/\/www.kiwoko.com\/blogmundoanimal\/conejo-belier-origen-cuidados-y-caracteristicas\/#Adopcion_del_conejo_Belier\" >Adopci\u00f3n del conejo Belier<\/a><\/li><\/ul><\/li><\/ul><\/nav><\/div>\n<!-- wp:shortcode -->\n                    <div id=\"recien-llegados\">\n            <div class=\"posts-list\">\n            <div class=\"row\">\n                        <div class=\"col-md-6 0\">\n                <div class=\"kontainer-category 0\">                    <a href=\"https:\/\/www.kiwoko.com\/blogmundoanimal\/los-mejores-nombres-para-conejos\/\" class=\"post 0\">\n                        <div class=\"post-image lazyload 0\" style=\"background:inherit;background-size:cover;\" data-bg=\"#DDDDDD url(https:\/\/www.kiwoko.com\/blogmundoanimal\/wp-content\/uploads\/2025\/05\/nombres-para-conejos.jpg) no-repeat\"><\/div>\n                        <div class=\"post-text 0\">\n                            <h2>Los mejores nombres para conejos seg\u00fan su car\u00e1cter, color y raza<\/h2>\n                            Adoptar un conejo es una de las decisiones m\u00e1s bonitas que puedes tomar. Estos peque\u00f1os animales no solo son adorables, sino tambi\u00e9n muy inteligentes, curiosos y capaces de generar...                        <\/div>\n                    <\/a>\n                <\/div>\n            <\/div>\n                        <div class=\"col-md-6 1\">\n                <div class=\"kontainer-category 1\">                    <a href=\"https:\/\/www.kiwoko.com\/blogmundoanimal\/hamsters-sus-cuidados-y-necesidades\/\" class=\"post 1\">\n                        <div class=\"post-image lazyload 1\" style=\"background:inherit;background-size:cover;\" data-bg=\"#DDDDDD url(https:\/\/www.kiwoko.com\/blogmundoanimal\/wp-content\/uploads\/2017\/05\/guia-cuidados-necesidades-hamster.png) no-repeat\"><\/div>\n                        <div class=\"post-text 1\">\n                            <h2>H\u00e1mster: Gu\u00eda de cuidados y necesidades<\/h2>\n                            \u00bfAcaba de llegar un peque\u00f1o h\u00e1mster a casa? \u00a1Felicidades! Ahora querr\u00e1s tener todo a punto, te contamos por d\u00f3nde empezar para que tu h\u00e1mster y t\u00fa disfrut\u00e9is al m\u00e1ximo...                        <\/div>\n                    <\/a>\n                <\/div>\n            <\/div>\n                        <div class=\"col-md-6 2\">\n                <div class=\"kontainer-category 2\">                    <a href=\"https:\/\/www.kiwoko.com\/blogmundoanimal\/cobayas-como-elegir-a-una\/\" class=\"post 2\">\n                        <div class=\"post-image lazyload 2\" style=\"background:inherit;background-size:cover;\" data-bg=\"#DDDDDD url(https:\/\/www.kiwoko.com\/blogmundoanimal\/wp-content\/uploads\/2018\/01\/como-elegir-una-cobaya.jpg) no-repeat\"><\/div>\n                        <div class=\"post-text 2\">\n                            <h2>\u00bfC\u00f3mo elegir una cobaya? Consejos y consideraciones<\/h2>\n                            Elegir una cobaya sana es mucho m\u00e1s f\u00e1cil de lo que te imaginas. En este post te decimos c\u00f3mo hacerlo y te damos algunos consejos para que no te...                        <\/div>\n                    <\/a>\n                <\/div>\n            <\/div>\n                        <div class=\"col-md-6 3\">\n                <div class=\"kontainer-category 3\">                    <a href=\"https:\/\/www.kiwoko.com\/blogmundoanimal\/chinchilla-la-magia-de-los-andes-en-invierno\/\" class=\"post 3\">\n                        <div class=\"post-image lazyload 3\" style=\"background:inherit;background-size:cover;\" data-bg=\"#DDDDDD url(https:\/\/www.kiwoko.com\/blogmundoanimal\/wp-content\/uploads\/2020\/05\/chinchila.jpg) no-repeat\"><\/div>\n                        <div class=\"post-text 3\">\n                            <h2>Chinchillas, sus cuidados y necesidades<\/h2>\n                            En este post te contamos los cuidados y las necesidades que necesitan las chinchillas, \u00a1esos roedores tan adorables que no puedes dejar de mirar! Ent\u00e9rate de todo lo que...                        <\/div>\n                    <\/a>\n                <\/div>\n            <\/div>\n                        <div class=\"col-md-6 4\">\n                <div class=\"kontainer-category 4\">                    <a href=\"https:\/\/www.kiwoko.com\/blogmundoanimal\/conejos-sus-cuidados-y-necesidades\/\" class=\"post 4\">\n                        <div class=\"post-image lazyload 4\" style=\"background:inherit;background-size:cover;\" data-bg=\"#DDDDDD url(https:\/\/www.kiwoko.com\/blogmundoanimal\/wp-content\/uploads\/2017\/06\/cuidados-del-conejo-min.jpg) no-repeat\"><\/div>\n                        <div class=\"post-text 4\">\n                            <h2>Conejos, sus cuidados y necesidades<\/h2>\n                            Los conejitos son excelentes mascotas, pero antes de que llegue a casa deber\u00edas conocerlos un poco m\u00e1s para saber c\u00f3mo cuidarlos adecuadamente. En este post te explicamos lo que...                        <\/div>\n                    <\/a>\n                <\/div>\n            <\/div>\n                        <div class=\"col-md-6 5\">\n                <div class=\"kontainer-category 5\">                    <a href=\"https:\/\/www.kiwoko.com\/blogmundoanimal\/cobayas-sus-cuidados-y-necesidades\/\" class=\"post 5\">\n                        <div class=\"post-image lazyload 5\" style=\"background:inherit;background-size:cover;\" data-bg=\"#DDDDDD url(https:\/\/www.kiwoko.com\/blogmundoanimal\/wp-content\/uploads\/2023\/09\/Cobayas-sus-cuidados-y-necesidades.png) no-repeat\"><\/div>\n                        <div class=\"post-text 5\">\n                            <h2>Cobayas, sus cuidados y necesidades<\/h2>\n                            Descubre los cuidados esenciales de las cobayas, desde su alimentaci\u00f3n y comportamiento hasta su convivencia con otras mascotas y ni\u00f1os.                        <\/div>\n                    <\/a>\n                <\/div>\n            <\/div>\n                        <div class=\"col-md-6 6\">\n                <div class=\"kontainer-category 6\">                    <a href=\"https:\/\/www.kiwoko.com\/blogmundoanimal\/adopta-un-conejo-y-conviertete-en-la-mejor-mama\/\" class=\"post 6\">\n                        <div class=\"post-image lazyload 6\" style=\"background:inherit;background-size:cover;\" data-bg=\"#DDDDDD url(https:\/\/www.kiwoko.com\/blogmundoanimal\/wp-content\/uploads\/2022\/04\/adopta-un-conejo.jpg) no-repeat\"><\/div>\n                        <div class=\"post-text 6\">\n                            <h2>\u00a1Adopta un conejo y convi\u00e9rtete en la mejor mam\u00e1!<\/h2>\n                            No te hacen falta m\u00e1s motivos, pero por si acaso, te dejamos algunas razones por las que deber\u00edas adoptar un conejo como mascota. \u00a1Tenlos en cuenta!                        <\/div>\n                    <\/a>\n                <\/div>\n            <\/div>\n                        <div class=\"col-md-6 7\">\n                <div class=\"kontainer-category 7\">                    <a href=\"https:\/\/www.kiwoko.com\/blogmundoanimal\/conejo-belier-origen-cuidados-y-caracteristicas\/\" class=\"post 7\">\n                        <div class=\"post-image lazyload 7\" style=\"background:inherit;background-size:cover;\" data-bg=\"#DDDDDD url(https:\/\/www.kiwoko.com\/blogmundoanimal\/wp-content\/uploads\/2023\/02\/conejo-belier-min.jpg) no-repeat\"><\/div>\n                        <div class=\"post-text 7\">\n                            <h2>Conejo Belier: origen, cuidados y caracter\u00edsticas<\/h2>\n                            Las grandes orejas ca\u00eddas son una de las se\u00f1as de distinci\u00f3n de los conejos Belier y uno de los elementos que lo ha hecho el favorito para muchas familias....                        <\/div>\n                    <\/a>\n                <\/div>\n            <\/div>\n            <\/div>\n        <\/div>\n                    <div class=\"row\">\n                <div class=\"col-lg-12 mb-5\">\n                    <button id=\"recien-llegados-load-more-articles\" class=\"btn load-more\" data-cat=\"\" data-tag=\"recien-llegados\" data-animal=\"Peque\u00f1os animales\"\n                data-numpost=\"8\">Cargar m\u00e1s articulos<\/button>\n                <\/div>\n            <\/div>\n            <script>\n                document.addEventListener('DOMContentLoaded', function () {\n                const buttons = document.querySelectorAll('.btn.load-more');\n\n                buttons.forEach(function (button) {\n                    button.addEventListener('click', function () {\n                    const title = button.getAttribute('data-title') || '';\n                    const link = button.getAttribute('data-link') || window.location.href;\n                    const position = button.getAttribute('data-position') || '';\n                    const category = button.getAttribute('data-cat') || '';\n                    const linkText = button.innerText || button.textContent;\n\n                    window.dataLayer = window.dataLayer || [];\n                    window.dataLayer.push({\n                        'event': 'blog_mas_articulos',\n                        'event_name': 'blog_mas_articulos',\n                        'position': position,\n                        'link_text': linkText,\n                        'link_url': link,\n                        'category': category,\n                        'product_name': title\n                    });\n                    });\n                });\n                });\n            <\/script> \n                <div id=\"recien-llegados-loading-elements\" class=\"text-center mt-1 loading-elements\"><div class=\"lds-ellipsis\"><div><\/div><div><\/div><div><\/div><div><\/div><\/div><\/div>\n                    <\/div>\n<!-- \/wp:shortcode -->","protected":false},"excerpt":{"rendered":"<p>Las grandes orejas ca\u00eddas son una de las se\u00f1as de distinci\u00f3n de los conejos Belier y uno de los elementos que lo ha hecho el favorito para muchas familias. En el art\u00edculo de hoy te contamos todo lo que necesitas saber sobre el cuidado y caracter\u00edsticas de esta simp\u00e1tica y tranquila mascota. Nombre:&nbsp;Conejo Belier, lop [&hellip;]<\/p>\n","protected":false},"author":40,"featured_media":20694,"parent":0,"menu_order":0,"comment_status":"closed","ping_status":"closed","template":"","meta":{"_acf_changed":false,"footnotes":""},"class_list":["post-2083","page","type-page","status-publish","has-post-thumbnail","hentry"],"acf":[],"_links":{"self":[{"href":"https:\/\/www.kiwoko.com\/blogmundoanimal\/wp-json\/wp\/v2\/pages\/2083","targetHints":{"allow":["GET"]}}],"collection":[{"href":"https:\/\/www.kiwoko.com\/blogmundoanimal\/wp-json\/wp\/v2\/pages"}],"about":[{"href":"https:\/\/www.kiwoko.com\/blogmundoanimal\/wp-json\/wp\/v2\/types\/page"}],"author":[{"embeddable":true,"href":"https:\/\/www.kiwoko.com\/blogmundoanimal\/wp-json\/wp\/v2\/users\/40"}],"replies":[{"embeddable":true,"href":"https:\/\/www.kiwoko.com\/blogmundoanimal\/wp-json\/wp\/v2\/comments?post=2083"}],"version-history":[{"count":2,"href":"https:\/\/www.kiwoko.com\/blogmundoanimal\/wp-json\/wp\/v2\/pages\/2083\/revisions"}],"predecessor-version":[{"id":2086,"href":"https:\/\/www.kiwoko.com\/blogmundoanimal\/wp-json\/wp\/v2\/pages\/2083\/revisions\/2086"}],"wp:featuredmedia":[{"embeddable":true,"href":"https:\/\/www.kiwoko.com\/blogmundoanimal\/wp-json\/wp\/v2\/media\/20694"}],"wp:attachment":[{"href":"https:\/\/www.kiwoko.com\/blogmundoanimal\/wp-json\/wp\/v2\/media?parent=2083"}],"curies":[{"name":"wp","href":"https:\/\/api.w.org\/{rel}","templated":true}]}}