{"id":2087,"date":"2019-08-05T12:11:41","date_gmt":"2019-08-05T12:11:41","guid":{"rendered":"https:\/\/dev-kiwoko-es.on-dev.com\/blogmundoanimal\/?page_id=2087"},"modified":"2023-04-10T09:47:50","modified_gmt":"2023-04-10T07:47:50","slug":"guia-completa-conejos","status":"publish","type":"page","link":"https:\/\/www.kiwoko.com\/blogmundoanimal\/guia-completa-conejos\/","title":{"rendered":"Gu\u00eda completa sobre los conejos"},"content":{"rendered":"<div id=\"ez-toc-container\" class=\"ez-toc-v2_0_82_2 counter-hierarchy ez-toc-counter ez-toc-grey ez-toc-container-direction\">\n<div class=\"ez-toc-title-container\">\n<p class=\"ez-toc-title\" style=\"cursor:inherit\">\u00cdndice<\/p>\n<span class=\"ez-toc-title-toggle\"><a href=\"#\" class=\"ez-toc-pull-right ez-toc-btn ez-toc-btn-xs ez-toc-btn-default ez-toc-toggle\" aria-label=\"Alternar tabla de contenidos\"><span class=\"ez-toc-js-icon-con\"><span class=\"\"><span class=\"eztoc-hide\" style=\"display:none;\">Toggle<\/span><span class=\"ez-toc-icon-toggle-span\"><svg style=\"fill: #999;color:#999\" xmlns=\"http:\/\/www.w3.org\/2000\/svg\" class=\"list-377408\" width=\"20px\" height=\"20px\" viewBox=\"0 0 24 24\" fill=\"none\"><path d=\"M6 6H4v2h2V6zm14 0H8v2h12V6zM4 11h2v2H4v-2zm16 0H8v2h12v-2zM4 16h2v2H4v-2zm16 0H8v2h12v-2z\" fill=\"currentColor\"><\/path><\/svg><svg style=\"fill: #999;color:#999\" class=\"arrow-unsorted-368013\" xmlns=\"http:\/\/www.w3.org\/2000\/svg\" width=\"10px\" height=\"10px\" viewBox=\"0 0 24 24\" version=\"1.2\" baseProfile=\"tiny\"><path d=\"M18.2 9.3l-6.2-6.3-6.2 6.3c-.2.2-.3.4-.3.7s.1.5.3.7c.2.2.4.3.7.3h11c.3 0 .5-.1.7-.3.2-.2.3-.5.3-.7s-.1-.5-.3-.7zM5.8 14.7l6.2 6.3 6.2-6.3c.2-.2.3-.5.3-.7s-.1-.5-.3-.7c-.2-.2-.4-.3-.7-.3h-11c-.3 0-.5.1-.7.3-.2.2-.3.5-.3.7s.1.5.3.7z\"\/><\/svg><\/span><\/span><\/span><\/a><\/span><\/div>\n<nav><ul class='ez-toc-list ez-toc-list-level-1 ' ><li class='ez-toc-page-1 ez-toc-heading-level-2'><a class=\"ez-toc-link ez-toc-heading-1\" href=\"https:\/\/www.kiwoko.com\/blogmundoanimal\/habitaculo-e-higiene-del-conejo\/#Como_crear_el_mejor_habitat_para_mi_conejo\" >C\u00f3mo crear el mejor h\u00e1bitat para mi conejo<\/a><ul class='ez-toc-list-level-3' ><li class='ez-toc-heading-level-3'><a class=\"ez-toc-link ez-toc-heading-2\" href=\"https:\/\/www.kiwoko.com\/blogmundoanimal\/habitaculo-e-higiene-del-conejo\/#Tamano_y_espacio_de_la_jaula\" >Tama\u00f1o y espacio de la jaula<\/a><\/li><li class='ez-toc-page-1 ez-toc-heading-level-3'><a class=\"ez-toc-link ez-toc-heading-3\" href=\"https:\/\/www.kiwoko.com\/blogmundoanimal\/habitaculo-e-higiene-del-conejo\/#Material_de_la_jaula\" >Material de la jaula<\/a><\/li><li class='ez-toc-page-1 ez-toc-heading-level-3'><a class=\"ez-toc-link ez-toc-heading-4\" href=\"https:\/\/www.kiwoko.com\/blogmundoanimal\/habitaculo-e-higiene-del-conejo\/#Condiciones_de_seguridad\" >Condiciones de seguridad<\/a><\/li><li class='ez-toc-page-1 ez-toc-heading-level-3'><a class=\"ez-toc-link ez-toc-heading-5\" href=\"https:\/\/www.kiwoko.com\/blogmundoanimal\/habitaculo-e-higiene-del-conejo\/#Organiza_bien_el_espacio_interno\" >Organiza bien el espacio interno<\/a><\/li><\/ul><\/li><li class='ez-toc-page-1 ez-toc-heading-level-2'><a class=\"ez-toc-link ez-toc-heading-6\" href=\"https:\/\/www.kiwoko.com\/blogmundoanimal\/habitaculo-e-higiene-del-conejo\/#%C2%BFQue_necesita_tener_el_habitat_de_un_conejo\" >\u00bfQu\u00e9 necesita tener el h\u00e1bitat de un conejo?<\/a><\/li><li class='ez-toc-page-1 ez-toc-heading-level-2'><a class=\"ez-toc-link ez-toc-heading-7\" href=\"https:\/\/www.kiwoko.com\/blogmundoanimal\/habitaculo-e-higiene-del-conejo\/#%C2%BFComo_limpiar_el_habitat_de_mi_conejo\" >\u00bfC\u00f3mo limpiar el h\u00e1bitat de mi conejo?<\/a><\/li><li class='ez-toc-page-1 ez-toc-heading-level-2'><a class=\"ez-toc-link ez-toc-heading-8\" href=\"https:\/\/www.kiwoko.com\/blogmundoanimal\/habitaculo-e-higiene-del-conejo\/#Por_que_es_importante_el_lecho_para_conejos\" >Por qu\u00e9 es importante el lecho para conejos&nbsp;<\/a><ul class='ez-toc-list-level-3' ><li class='ez-toc-heading-level-3'><a class=\"ez-toc-link ez-toc-heading-9\" href=\"https:\/\/www.kiwoko.com\/blogmundoanimal\/habitaculo-e-higiene-del-conejo\/#Lecho_de_virutas_de_madera\" >Lecho de virutas de madera<\/a><\/li><li class='ez-toc-page-1 ez-toc-heading-level-3'><a class=\"ez-toc-link ez-toc-heading-10\" href=\"https:\/\/www.kiwoko.com\/blogmundoanimal\/habitaculo-e-higiene-del-conejo\/#Lecho_de_madera_prensada\" >Lecho de madera prensada<\/a><\/li><li class='ez-toc-page-1 ez-toc-heading-level-3'><a class=\"ez-toc-link ez-toc-heading-11\" href=\"https:\/\/www.kiwoko.com\/blogmundoanimal\/habitaculo-e-higiene-del-conejo\/#Lecho_de_papel\" >Lecho de papel<\/a><\/li><li class='ez-toc-page-1 ez-toc-heading-level-3'><a class=\"ez-toc-link ez-toc-heading-12\" href=\"https:\/\/www.kiwoko.com\/blogmundoanimal\/habitaculo-e-higiene-del-conejo\/#Lecho_de_mazorca_de_maiz\" >Lecho de mazorca de ma\u00edz<\/a><\/li><\/ul><\/li><\/ul><\/nav><\/div>\n<!-- wp:heading -->\n<h2>Art\u00edculos destacados<\/h2>\n<!-- \/wp:heading -->\n\n<!-- wp:shortcode -->\n        <section style=\"margin-top:21px;\">\n            <div class=\" container \">\n                <div class=\"row\">\n                    <div class=\"container-fluid\">\n                        <div class=\"grid\">\n                            <div class=\"grid-sizer\"><\/div>\n                                                        <a href=\"https:\/\/www.kiwoko.com\/blogmundoanimal\/conejos-sus-cuidados-y-necesidades\/\">\n                                <div class=\"grid-item lazyload\" style=\"background:inherit;\n                                background: -moz-linear-gradient(rgba(0, 0, 0, 0) 0%, rgba(0, 0, 0, 0.8) 100%), \n                                url(https:\/\/www.kiwoko.com\/blogmundoanimal\/wp-content\/uploads\/2017\/06\/cuidados-del-conejo-min.jpg);\n                                background: -webkit-linear-gradient(rgba(0, 0, 0, 0) 0%, rgba(0, 0, 0, 0.8) 100%), \n                                url(https:\/\/www.kiwoko.com\/blogmundoanimal\/wp-content\/uploads\/2017\/06\/cuidados-del-conejo-min.jpg);\n                                background: -o-linear-gradient(rgba(0, 0, 0, 0) 0%, rgba(0, 0, 0, 0.8) 100%), \n                                url(https:\/\/www.kiwoko.com\/blogmundoanimal\/wp-content\/uploads\/2017\/06\/cuidados-del-conejo-min.jpg);\n                                background: -ms-linear-gradient(rgba(0, 0, 0, 0) 0%, rgba(0, 0, 0, 0.8) 100%), \n                                url(https:\/\/www.kiwoko.com\/blogmundoanimal\/wp-content\/uploads\/2017\/06\/cuidados-del-conejo-min.jpg);background-size:cover;\n                                background-position: center;background-repeat: no-repeat;height:230px;\" data-bg=\"linear-gradient(rgba(0, 0, 0, 0) 0%, rgba(0, 0, 0, 0.8) 100%), \n                                url(https:\/\/www.kiwoko.com\/blogmundoanimal\/wp-content\/uploads\/2017\/06\/cuidados-del-conejo-min.jpg)\">\n                                    <p class=\"slider-caption\">Conejos, sus cuidados y necesidades<\/p>\n                                    \n                                <\/div>\n                                <\/a>\n                                                        <a href=\"https:\/\/www.kiwoko.com\/blogmundoanimal\/los-conejos-se-banan\/\">\n                                <div class=\"grid-item lazyload\" style=\"background:inherit;\n                                background: -moz-linear-gradient(rgba(0, 0, 0, 0) 0%, rgba(0, 0, 0, 0.8) 100%), \n                                url(https:\/\/www.kiwoko.com\/blogmundoanimal\/wp-content\/uploads\/2022\/05\/los-conejos-se-banan.jpg);\n                                background: -webkit-linear-gradient(rgba(0, 0, 0, 0) 0%, rgba(0, 0, 0, 0.8) 100%), \n                                url(https:\/\/www.kiwoko.com\/blogmundoanimal\/wp-content\/uploads\/2022\/05\/los-conejos-se-banan.jpg);\n                                background: -o-linear-gradient(rgba(0, 0, 0, 0) 0%, rgba(0, 0, 0, 0.8) 100%), \n                                url(https:\/\/www.kiwoko.com\/blogmundoanimal\/wp-content\/uploads\/2022\/05\/los-conejos-se-banan.jpg);\n                                background: -ms-linear-gradient(rgba(0, 0, 0, 0) 0%, rgba(0, 0, 0, 0.8) 100%), \n                                url(https:\/\/www.kiwoko.com\/blogmundoanimal\/wp-content\/uploads\/2022\/05\/los-conejos-se-banan.jpg);background-size:cover;\n                                background-position: center;background-repeat: no-repeat;height:230px;\" data-bg=\"linear-gradient(rgba(0, 0, 0, 0) 0%, rgba(0, 0, 0, 0.8) 100%), \n                                url(https:\/\/www.kiwoko.com\/blogmundoanimal\/wp-content\/uploads\/2022\/05\/los-conejos-se-banan.jpg)\">\n                                    <p class=\"slider-caption\">\u00bfHay que ba\u00f1ar a los conejos? \u00bfS\u00ed o no?<\/p>\n                                    \n                                <\/div>\n                                <\/a>\n                                                        <a href=\"https:\/\/www.kiwoko.com\/blogmundoanimal\/mi-conejo-no-come\/\">\n                                <div class=\"grid-item lazyload\" style=\"background:inherit;\n                                background: -moz-linear-gradient(rgba(0, 0, 0, 0) 0%, rgba(0, 0, 0, 0.8) 100%), \n                                url(https:\/\/www.kiwoko.com\/blogmundoanimal\/wp-content\/uploads\/2021\/02\/M-conejo-no-come.jpg);\n                                background: -webkit-linear-gradient(rgba(0, 0, 0, 0) 0%, rgba(0, 0, 0, 0.8) 100%), \n                                url(https:\/\/www.kiwoko.com\/blogmundoanimal\/wp-content\/uploads\/2021\/02\/M-conejo-no-come.jpg);\n                                background: -o-linear-gradient(rgba(0, 0, 0, 0) 0%, rgba(0, 0, 0, 0.8) 100%), \n                                url(https:\/\/www.kiwoko.com\/blogmundoanimal\/wp-content\/uploads\/2021\/02\/M-conejo-no-come.jpg);\n                                background: -ms-linear-gradient(rgba(0, 0, 0, 0) 0%, rgba(0, 0, 0, 0.8) 100%), \n                                url(https:\/\/www.kiwoko.com\/blogmundoanimal\/wp-content\/uploads\/2021\/02\/M-conejo-no-come.jpg);background-size:cover;\n                                background-position: center;background-repeat: no-repeat;height:230px;\" data-bg=\"linear-gradient(rgba(0, 0, 0, 0) 0%, rgba(0, 0, 0, 0.8) 100%), \n                                url(https:\/\/www.kiwoko.com\/blogmundoanimal\/wp-content\/uploads\/2021\/02\/M-conejo-no-come.jpg)\">\n                                    <p class=\"slider-caption\">Mi conejo no come: \u00bfQu\u00e9 hacer?<\/p>\n                                    \n                                <\/div>\n                                <\/a>\n                                                    <\/div>\n                    <\/div>\n                <\/div>\n                <script src=\"https:\/\/www.kiwoko.com\/blogmundoanimal\/wp-content\/themes\/kiwoko\/inc\/assets\/js\/masonry.pkgd.min.js\"><\/script>\n                <script type=\"text\/javascript\">\n                    var $grid = jQuery('.grid').masonry({\n                        itemSelector: '.grid-item',\n                        percentPosition: true,\n                        columnWidth: '.grid-sizer',\n                    });\n                <\/script>\n\n            <\/div>\n        <\/section>\n    \n<!-- \/wp:shortcode -->\n\n<!-- wp:heading -->\n<h2>Novedades<\/h2>\n<!-- \/wp:heading -->\n\n<!-- wp:shortcode -->\n                    <div id=\"conejos\">\n            <div class=\"posts-list\">\n            <div class=\"row\">\n                        <div class=\"col-md-6 0\">\n                <div class=\"kontainer-category 0\">                    <a href=\"https:\/\/www.kiwoko.com\/blogmundoanimal\/conejo-con-una-oreja-caida-deberia-preocuparme\/\" class=\"post 0\">\n                        <div class=\"post-image lazyload 0\" style=\"background:inherit;background-size:cover;\" data-bg=\"#DDDDDD url(https:\/\/www.kiwoko.com\/blogmundoanimal\/wp-content\/uploads\/2020\/12\/Conejo-con-una-oreja-caida.jpg) no-repeat\"><\/div>\n                        <div class=\"post-text 0\">\n                            <h2>\u00bfPor qu\u00e9 mi conejo tiene una oreja ca\u00edda? Todo lo que debes saber<\/h2>\n                            Conejo con una oreja ca\u00edda, \u00bfdeber\u00eda preocuparme? Causas por las que un conejo tiene una oreja ca\u00edda                        <\/div>\n                    <\/a>\n                <\/div>\n            <\/div>\n                        <div class=\"col-md-6 1\">\n                <div class=\"kontainer-category 1\">                    <a href=\"https:\/\/www.kiwoko.com\/blogmundoanimal\/que-no-puede-comer-un-conejo\/\" class=\"post 1\">\n                        <div class=\"post-image lazyload 1\" style=\"background:inherit;background-size:cover;\" data-bg=\"#DDDDDD url(https:\/\/www.kiwoko.com\/blogmundoanimal\/wp-content\/uploads\/2021\/03\/que-no-pueden-comer-los-conejos.jpg) no-repeat\"><\/div>\n                        <div class=\"post-text 1\">\n                            <h2>Alimentos que no pueden comer los conejos: Cuida la salud de tu peque\u00f1o animal<\/h2>\n                            Seg\u00fan las caracter\u00edsticas de tus conejos, necesitan diferentes cuidados para mantener su bienestar. Entre ellos, debes cuidar su alimentaci\u00f3n y saber cu\u00e1les son los alimentos que no puede comer...                        <\/div>\n                    <\/a>\n                <\/div>\n            <\/div>\n                        <div class=\"col-md-6 2\">\n                <div class=\"kontainer-category 2\">                    <a href=\"https:\/\/www.kiwoko.com\/blogmundoanimal\/los-mejores-nombres-para-conejos\/\" class=\"post 2\">\n                        <div class=\"post-image lazyload 2\" style=\"background:inherit;background-size:cover;\" data-bg=\"#DDDDDD url(https:\/\/www.kiwoko.com\/blogmundoanimal\/wp-content\/uploads\/2025\/05\/nombres-para-conejos.jpg) no-repeat\"><\/div>\n                        <div class=\"post-text 2\">\n                            <h2>Los mejores nombres para conejos seg\u00fan su car\u00e1cter, color y raza<\/h2>\n                            Adoptar un conejo es una de las decisiones m\u00e1s bonitas que puedes tomar. Estos peque\u00f1os animales no solo son adorables, sino tambi\u00e9n muy inteligentes, curiosos y capaces de generar...                        <\/div>\n                    <\/a>\n                <\/div>\n            <\/div>\n                        <div class=\"col-md-6 3\">\n                <div class=\"kontainer-category 3\">                    <a href=\"https:\/\/www.kiwoko.com\/blogmundoanimal\/guia-de-alimentacion-para-tu-conejo\/\" class=\"post 3\">\n                        <div class=\"post-image lazyload 3\" style=\"background:inherit;background-size:cover;\" data-bg=\"#DDDDDD url(https:\/\/www.kiwoko.com\/blogmundoanimal\/wp-content\/uploads\/2019\/10\/conejos-y-su-alimentacion.jpg) no-repeat\"><\/div>\n                        <div class=\"post-text 3\">\n                            <h2>Gu\u00eda completa de la alimentaci\u00f3n de los conejos<\/h2>\n                            Descubre qu\u00e9 alimentos pueden comer los conejos y cu\u00e1les no con la ayuda de nuestra gu\u00eda de alimentaci\u00f3n para conejos.                        <\/div>\n                    <\/a>\n                <\/div>\n            <\/div>\n                        <div class=\"col-md-6 4\">\n                <div class=\"kontainer-category 4\">                    <a href=\"https:\/\/www.kiwoko.com\/blogmundoanimal\/plantas-toxicas-para-los-conejos\/\" class=\"post 4\">\n                        <div class=\"post-image lazyload 4\" style=\"background:inherit;background-size:cover;\" data-bg=\"#DDDDDD url(https:\/\/www.kiwoko.com\/blogmundoanimal\/wp-content\/uploads\/2021\/12\/plantas-toxicas-para-conejos.jpg) no-repeat\"><\/div>\n                        <div class=\"post-text 4\">\n                            <h2>Plantas t\u00f3xicas para conejos: Gu\u00eda completa para la seguridad de tu peque\u00f1o animal<\/h2>\n                            Existen numerosos tipos de plantas t\u00f3xicas para conejos. \u00a1Descubre cu\u00e1les son!                        <\/div>\n                    <\/a>\n                <\/div>\n            <\/div>\n                        <div class=\"col-md-6 5\">\n                <div class=\"kontainer-category 5\">                    <a href=\"https:\/\/www.kiwoko.com\/blogmundoanimal\/muda-pelo-conejos\/\" class=\"post 5\">\n                        <div class=\"post-image lazyload 5\" style=\"background:inherit;background-size:cover;\" data-bg=\"#DDDDDD url(https:\/\/www.kiwoko.com\/blogmundoanimal\/wp-content\/uploads\/2019\/08\/cabecera-muda-pelo-conejos.jpg) no-repeat\"><\/div>\n                        <div class=\"post-text 5\">\n                            <h2>Muda de pelo en conejos: Todo lo que necesitas saber<\/h2>\n                            En este post te contamos lo que debes hacer en \u00e9pocas de muda de tu conejo. \u00bfTu conejo pierde mucho pelo? \u00a1No te preocupes! Sigue leyendo.                        <\/div>\n                    <\/a>\n                <\/div>\n            <\/div>\n                        <div class=\"col-md-6 6\">\n                <div class=\"kontainer-category 6\">                    <a href=\"https:\/\/www.kiwoko.com\/blogmundoanimal\/juegos-con-conejos\/\" class=\"post 6\">\n                        <div class=\"post-image lazyload 6\" style=\"background:inherit;background-size:cover;\" data-bg=\"#DDDDDD url(https:\/\/www.kiwoko.com\/blogmundoanimal\/wp-content\/uploads\/2022\/03\/Juegos-con-conejos.jpg) no-repeat\"><\/div>\n                        <div class=\"post-text 6\">\n                            <h2>Descubre los mejores juegos con conejos para divertirte con tu mascota<\/h2>\n                            Hay juegos para conejos que ayudan a cuidar sus dientes.                        <\/div>\n                    <\/a>\n                <\/div>\n            <\/div>\n                        <div class=\"col-md-6 7\">\n                <div class=\"kontainer-category 7\">                    <a href=\"https:\/\/www.kiwoko.com\/blogmundoanimal\/habitaculo-e-higiene-del-conejo\/\" class=\"post 7\">\n                        <div class=\"post-image lazyload 7\" style=\"background:inherit;background-size:cover;\" data-bg=\"#DDDDDD url(https:\/\/www.kiwoko.com\/blogmundoanimal\/wp-content\/uploads\/2024\/01\/habitat-de-un-conejo.jpg) no-repeat\"><\/div>\n                        <div class=\"post-text 7\">\n                            <h2>Descubre cu\u00e1l es el mejor h\u00e1bitat del conejo y c\u00f3mo mantenerlo limpio<\/h2>\n                            Los conejos son animales muy juguetones a los que les gusta saltar y divertirse. Deber\u00e1s habilitar un espacio lo suficientemente amplio y limpio para que se sientan felices.                        <\/div>\n                    <\/a>\n                <\/div>\n            <\/div>\n            <\/div>\n        <\/div>\n                    <div class=\"row\">\n                <div class=\"col-lg-12 mb-5\">\n                    <button id=\"conejos-load-more-articles\" class=\"btn load-more\" data-cat=\"\" data-tag=\"conejos\" data-animal=\"Peque\u00f1os animales\"\n                data-numpost=\"8\">Cargar m\u00e1s articulos<\/button>\n                <\/div>\n            <\/div>\n            <script>\n                document.addEventListener('DOMContentLoaded', function () {\n                const buttons = document.querySelectorAll('.btn.load-more');\n\n                buttons.forEach(function (button) {\n                    button.addEventListener('click', function () {\n                    const title = button.getAttribute('data-title') || '';\n                    const link = button.getAttribute('data-link') || window.location.href;\n                    const position = button.getAttribute('data-position') || '';\n                    const category = button.getAttribute('data-cat') || '';\n                    const linkText = button.innerText || button.textContent;\n\n                    window.dataLayer = window.dataLayer || [];\n                    window.dataLayer.push({\n                        'event': 'blog_mas_articulos',\n                        'event_name': 'blog_mas_articulos',\n                        'position': position,\n                        'link_text': linkText,\n                        'link_url': link,\n                        'category': category,\n                        'product_name': title\n                    });\n                    });\n                });\n                });\n            <\/script> \n                <div id=\"conejos-loading-elements\" class=\"text-center mt-1 loading-elements\"><div class=\"lds-ellipsis\"><div><\/div><div><\/div><div><\/div><div><\/div><\/div><\/div>\n                    <\/div>\n<!-- \/wp:shortcode -->","protected":false},"excerpt":{"rendered":"<p>Los conejos son animales alegres y activos a los que les encanta saltar y curiosear por todas partes. Estos peque\u00f1os mam\u00edferos necesitan un lugar propio en tu hogar donde poder moverse libremente y estar c\u00f3modos tanto f\u00edsica como emocionalmente.&nbsp; Por lo tanto, es esencial habilitar un \u00e1rea suficientemente amplia y segura en tu hogar para [&hellip;]<\/p>\n","protected":false},"author":40,"featured_media":0,"parent":0,"menu_order":0,"comment_status":"closed","ping_status":"closed","template":"","meta":{"_acf_changed":false,"footnotes":""},"class_list":["post-2087","page","type-page","status-publish","hentry"],"acf":[],"_links":{"self":[{"href":"https:\/\/www.kiwoko.com\/blogmundoanimal\/wp-json\/wp\/v2\/pages\/2087","targetHints":{"allow":["GET"]}}],"collection":[{"href":"https:\/\/www.kiwoko.com\/blogmundoanimal\/wp-json\/wp\/v2\/pages"}],"about":[{"href":"https:\/\/www.kiwoko.com\/blogmundoanimal\/wp-json\/wp\/v2\/types\/page"}],"author":[{"embeddable":true,"href":"https:\/\/www.kiwoko.com\/blogmundoanimal\/wp-json\/wp\/v2\/users\/40"}],"replies":[{"embeddable":true,"href":"https:\/\/www.kiwoko.com\/blogmundoanimal\/wp-json\/wp\/v2\/comments?post=2087"}],"version-history":[{"count":5,"href":"https:\/\/www.kiwoko.com\/blogmundoanimal\/wp-json\/wp\/v2\/pages\/2087\/revisions"}],"predecessor-version":[{"id":38753,"href":"https:\/\/www.kiwoko.com\/blogmundoanimal\/wp-json\/wp\/v2\/pages\/2087\/revisions\/38753"}],"wp:attachment":[{"href":"https:\/\/www.kiwoko.com\/blogmundoanimal\/wp-json\/wp\/v2\/media?parent=2087"}],"curies":[{"name":"wp","href":"https:\/\/api.w.org\/{rel}","templated":true}]}}