{"id":2094,"date":"2019-08-05T15:58:45","date_gmt":"2019-08-05T15:58:45","guid":{"rendered":"https:\/\/dev-kiwoko-es.on-dev.com\/blogmundoanimal\/?page_id=2094"},"modified":"2020-08-13T11:31:47","modified_gmt":"2020-08-13T09:31:47","slug":"guia-completa-chinchillas","status":"publish","type":"page","link":"https:\/\/www.kiwoko.com\/blogmundoanimal\/guia-completa-chinchillas\/","title":{"rendered":"Gu\u00eda completa sobre las chinchillas"},"content":{"rendered":"<div id=\"ez-toc-container\" class=\"ez-toc-v2_0_82_2 counter-hierarchy ez-toc-counter ez-toc-grey ez-toc-container-direction\">\n<div class=\"ez-toc-title-container\">\n<p class=\"ez-toc-title\" style=\"cursor:inherit\">\u00cdndice<\/p>\n<span class=\"ez-toc-title-toggle\"><a href=\"#\" class=\"ez-toc-pull-right ez-toc-btn ez-toc-btn-xs ez-toc-btn-default ez-toc-toggle\" aria-label=\"Alternar tabla de contenidos\"><span class=\"ez-toc-js-icon-con\"><span class=\"\"><span class=\"eztoc-hide\" style=\"display:none;\">Toggle<\/span><span class=\"ez-toc-icon-toggle-span\"><svg style=\"fill: #999;color:#999\" xmlns=\"http:\/\/www.w3.org\/2000\/svg\" class=\"list-377408\" width=\"20px\" height=\"20px\" viewBox=\"0 0 24 24\" fill=\"none\"><path d=\"M6 6H4v2h2V6zm14 0H8v2h12V6zM4 11h2v2H4v-2zm16 0H8v2h12v-2zM4 16h2v2H4v-2zm16 0H8v2h12v-2z\" fill=\"currentColor\"><\/path><\/svg><svg style=\"fill: #999;color:#999\" class=\"arrow-unsorted-368013\" xmlns=\"http:\/\/www.w3.org\/2000\/svg\" width=\"10px\" height=\"10px\" viewBox=\"0 0 24 24\" version=\"1.2\" baseProfile=\"tiny\"><path d=\"M18.2 9.3l-6.2-6.3-6.2 6.3c-.2.2-.3.4-.3.7s.1.5.3.7c.2.2.4.3.7.3h11c.3 0 .5-.1.7-.3.2-.2.3-.5.3-.7s-.1-.5-.3-.7zM5.8 14.7l6.2 6.3 6.2-6.3c.2-.2.3-.5.3-.7s-.1-.5-.3-.7c-.2-.2-.4-.3-.7-.3h-11c-.3 0-.5.1-.7.3-.2.2-.3.5-.3.7s.1.5.3.7z\"\/><\/svg><\/span><\/span><\/span><\/a><\/span><\/div>\n<nav><ul class='ez-toc-list ez-toc-list-level-1 ' ><li class='ez-toc-page-1 ez-toc-heading-level-2'><a class=\"ez-toc-link ez-toc-heading-1\" href=\"https:\/\/www.kiwoko.com\/blogmundoanimal\/que-pueden-comer-las-chinchillas\/#Comida_para_chinchillas\" >Comida para chinchillas<\/a><\/li><li class='ez-toc-page-1 ez-toc-heading-level-2'><a class=\"ez-toc-link ez-toc-heading-2\" href=\"https:\/\/www.kiwoko.com\/blogmundoanimal\/que-pueden-comer-las-chinchillas\/#%C2%BFQue_verduras_pueden_comer_las_chinchillas\" >\u00bfQu\u00e9 verduras pueden comer las chinchillas?<\/a><\/li><li class='ez-toc-page-1 ez-toc-heading-level-2'><a class=\"ez-toc-link ez-toc-heading-3\" href=\"https:\/\/www.kiwoko.com\/blogmundoanimal\/que-pueden-comer-las-chinchillas\/#%C2%BFQue_frutas_comen_las_chinchillas\" >\u00bfQu\u00e9 frutas comen las chinchillas?<\/a><\/li><li class='ez-toc-page-1 ez-toc-heading-level-2'><a class=\"ez-toc-link ez-toc-heading-4\" href=\"https:\/\/www.kiwoko.com\/blogmundoanimal\/que-pueden-comer-las-chinchillas\/#%C2%BFQue_otros_alimentos_pueden_comer_las_chinchillas\" >\u00bfQu\u00e9 otros alimentos pueden comer las chinchillas?<\/a><\/li><li class='ez-toc-page-1 ez-toc-heading-level-2'><a class=\"ez-toc-link ez-toc-heading-5\" href=\"https:\/\/www.kiwoko.com\/blogmundoanimal\/que-pueden-comer-las-chinchillas\/#%C2%BFQue_no_deben_comer_las_chinchillas_Alimentos_prohibidos\" >\u00bfQu\u00e9 no deben comer las chinchillas? Alimentos prohibidos<\/a><\/li><\/ul><\/nav><\/div>\n<!-- wp:shortcode -->\n                    <div id=\"chinchillas\">\n            <div class=\"posts-list\">\n            <div class=\"row\">\n                        <div class=\"col-md-6 0\">\n                <div class=\"kontainer-category 0\">                    <a href=\"https:\/\/www.kiwoko.com\/blogmundoanimal\/como-banar-a-una-chinchilla-paso-a-paso\/\" class=\"post 0\">\n                        <div class=\"post-image lazyload 0\" style=\"background:inherit;background-size:cover;\" data-bg=\"#DDDDDD url(https:\/\/www.kiwoko.com\/blogmundoanimal\/wp-content\/uploads\/2025\/04\/como-banar-a-una-chinchilla.jpg) no-repeat\"><\/div>\n                        <div class=\"post-text 0\">\n                            <h2>\u00bfC\u00f3mo ba\u00f1ar a una chinchilla de forma correcta? Gu\u00eda paso a paso<\/h2>\n                            \u00bfEst\u00e1s pensando en incorporar una chinchilla a tu familia y no sabes qu\u00e9 cuidados necesita? Uno de los m\u00e1s esenciales es la higiene, y es posible que no sepas...                        <\/div>\n                    <\/a>\n                <\/div>\n            <\/div>\n                        <div class=\"col-md-6 1\">\n                <div class=\"kontainer-category 1\">                    <a href=\"https:\/\/www.kiwoko.com\/blogmundoanimal\/chinchilla-la-magia-de-los-andes-en-invierno\/\" class=\"post 1\">\n                        <div class=\"post-image lazyload 1\" style=\"background:inherit;background-size:cover;\" data-bg=\"#DDDDDD url(https:\/\/www.kiwoko.com\/blogmundoanimal\/wp-content\/uploads\/2020\/05\/chinchila.jpg) no-repeat\"><\/div>\n                        <div class=\"post-text 1\">\n                            <h2>Chinchillas, sus cuidados y necesidades<\/h2>\n                            En este post te contamos los cuidados y las necesidades que necesitan las chinchillas, \u00a1esos roedores tan adorables que no puedes dejar de mirar! Ent\u00e9rate de todo lo que...                        <\/div>\n                    <\/a>\n                <\/div>\n            <\/div>\n                        <div class=\"col-md-6 2\">\n                <div class=\"kontainer-category 2\">                    <a href=\"https:\/\/www.kiwoko.com\/blogmundoanimal\/que-pueden-comer-las-chinchillas\/\" class=\"post 2\">\n                        <div class=\"post-image lazyload 2\" style=\"background:inherit;background-size:cover;\" data-bg=\"#DDDDDD url(https:\/\/www.kiwoko.com\/blogmundoanimal\/wp-content\/uploads\/2022\/05\/que-pueden-comer-las-chinchillas.jpg) no-repeat\"><\/div>\n                        <div class=\"post-text 2\">\n                            <h2>\u00bfQu\u00e9 pueden comer las chinchillas?<\/h2>\n                            La alimentaci\u00f3n de las chinchillas se debe de basar en una combinaci\u00f3n de heno, pienso, frutas y verduras. Te damos todas las claves y consejos para alimentar a tu...                        <\/div>\n                    <\/a>\n                <\/div>\n            <\/div>\n            <\/div>\n        <\/div>\n                    <div class=\"row\">\n                <div class=\"col-lg-12 mb-5\">\n                    <button id=\"chinchillas-load-more-articles\" class=\"btn load-more\" data-cat=\"\" data-tag=\"chinchillas\" data-animal=\"Peque\u00f1os animales\"\n                data-numpost=\"8\">Cargar m\u00e1s articulos<\/button>\n                <\/div>\n            <\/div>\n            <script>\n                document.addEventListener('DOMContentLoaded', function () {\n                const buttons = document.querySelectorAll('.btn.load-more');\n\n                buttons.forEach(function (button) {\n                    button.addEventListener('click', function () {\n                    const title = button.getAttribute('data-title') || '';\n                    const link = button.getAttribute('data-link') || window.location.href;\n                    const position = button.getAttribute('data-position') || '';\n                    const category = button.getAttribute('data-cat') || '';\n                    const linkText = button.innerText || button.textContent;\n\n                    window.dataLayer = window.dataLayer || [];\n                    window.dataLayer.push({\n                        'event': 'blog_mas_articulos',\n                        'event_name': 'blog_mas_articulos',\n                        'position': position,\n                        'link_text': linkText,\n                        'link_url': link,\n                        'category': category,\n                        'product_name': title\n                    });\n                    });\n                });\n                });\n            <\/script> \n                <div id=\"chinchillas-loading-elements\" class=\"text-center mt-1 loading-elements\"><div class=\"lds-ellipsis\"><div><\/div><div><\/div><div><\/div><div><\/div><\/div><\/div>\n                    <\/div>\n<!-- \/wp:shortcode -->\n\n<!-- wp:paragraph -->\n<p><\/p>\n<!-- \/wp:paragraph -->","protected":false},"excerpt":{"rendered":"<p>Las chinchillas son roedores herb\u00edvoros, por lo que se alimentan \u00fanicamente de plantas, verduras y frutas. A diferencia de otros roedores, las chinchillas no son gran\u00edvoras, es decir, no comen semillas ni granos. En cautividad, la alimentaci\u00f3n de las chinchillas se debe basar en: 5% de verduras y frutas. 75% de heno. 20% de pienso [&hellip;]<\/p>\n","protected":false},"author":40,"featured_media":0,"parent":0,"menu_order":0,"comment_status":"closed","ping_status":"closed","template":"","meta":{"_acf_changed":false,"footnotes":""},"class_list":["post-2094","page","type-page","status-publish","hentry"],"acf":[],"_links":{"self":[{"href":"https:\/\/www.kiwoko.com\/blogmundoanimal\/wp-json\/wp\/v2\/pages\/2094","targetHints":{"allow":["GET"]}}],"collection":[{"href":"https:\/\/www.kiwoko.com\/blogmundoanimal\/wp-json\/wp\/v2\/pages"}],"about":[{"href":"https:\/\/www.kiwoko.com\/blogmundoanimal\/wp-json\/wp\/v2\/types\/page"}],"author":[{"embeddable":true,"href":"https:\/\/www.kiwoko.com\/blogmundoanimal\/wp-json\/wp\/v2\/users\/40"}],"replies":[{"embeddable":true,"href":"https:\/\/www.kiwoko.com\/blogmundoanimal\/wp-json\/wp\/v2\/comments?post=2094"}],"version-history":[{"count":3,"href":"https:\/\/www.kiwoko.com\/blogmundoanimal\/wp-json\/wp\/v2\/pages\/2094\/revisions"}],"predecessor-version":[{"id":2178,"href":"https:\/\/www.kiwoko.com\/blogmundoanimal\/wp-json\/wp\/v2\/pages\/2094\/revisions\/2178"}],"wp:attachment":[{"href":"https:\/\/www.kiwoko.com\/blogmundoanimal\/wp-json\/wp\/v2\/media?parent=2094"}],"curies":[{"name":"wp","href":"https:\/\/api.w.org\/{rel}","templated":true}]}}