{"id":2111,"date":"2019-08-05T16:16:51","date_gmt":"2019-08-05T16:16:51","guid":{"rendered":"https:\/\/dev-kiwoko-es.on-dev.com\/blogmundoanimal\/?page_id=2111"},"modified":"2020-05-21T13:38:13","modified_gmt":"2020-05-21T11:38:13","slug":"consejos-de-nutricion-para-pequenos-animales","status":"publish","type":"page","link":"https:\/\/www.kiwoko.com\/blogmundoanimal\/consejos-de-nutricion-para-pequenos-animales\/","title":{"rendered":"Consejos de nutrici\u00f3n para peque\u00f1os animales"},"content":{"rendered":"<div id=\"ez-toc-container\" class=\"ez-toc-v2_0_82_2 counter-hierarchy ez-toc-counter ez-toc-grey ez-toc-container-direction\">\n<div class=\"ez-toc-title-container\">\n<p class=\"ez-toc-title\" style=\"cursor:inherit\">\u00cdndice<\/p>\n<span class=\"ez-toc-title-toggle\"><a href=\"#\" class=\"ez-toc-pull-right ez-toc-btn ez-toc-btn-xs ez-toc-btn-default ez-toc-toggle\" aria-label=\"Alternar tabla de contenidos\"><span class=\"ez-toc-js-icon-con\"><span class=\"\"><span class=\"eztoc-hide\" style=\"display:none;\">Toggle<\/span><span class=\"ez-toc-icon-toggle-span\"><svg style=\"fill: #999;color:#999\" xmlns=\"http:\/\/www.w3.org\/2000\/svg\" class=\"list-377408\" width=\"20px\" height=\"20px\" viewBox=\"0 0 24 24\" fill=\"none\"><path d=\"M6 6H4v2h2V6zm14 0H8v2h12V6zM4 11h2v2H4v-2zm16 0H8v2h12v-2zM4 16h2v2H4v-2zm16 0H8v2h12v-2z\" fill=\"currentColor\"><\/path><\/svg><svg style=\"fill: #999;color:#999\" class=\"arrow-unsorted-368013\" xmlns=\"http:\/\/www.w3.org\/2000\/svg\" width=\"10px\" height=\"10px\" viewBox=\"0 0 24 24\" version=\"1.2\" baseProfile=\"tiny\"><path d=\"M18.2 9.3l-6.2-6.3-6.2 6.3c-.2.2-.3.4-.3.7s.1.5.3.7c.2.2.4.3.7.3h11c.3 0 .5-.1.7-.3.2-.2.3-.5.3-.7s-.1-.5-.3-.7zM5.8 14.7l6.2 6.3 6.2-6.3c.2-.2.3-.5.3-.7s-.1-.5-.3-.7c-.2-.2-.4-.3-.7-.3h-11c-.3 0-.5.1-.7.3-.2.2-.3.5-.3.7s.1.5.3.7z\"\/><\/svg><\/span><\/span><\/span><\/a><\/span><\/div>\n<nav><ul class='ez-toc-list ez-toc-list-level-1 ' ><li class='ez-toc-page-1 ez-toc-heading-level-2'><a class=\"ez-toc-link ez-toc-heading-1\" href=\"https:\/\/www.kiwoko.com\/blogmundoanimal\/tipos-alimentacion-para-roedores\/#La_alimentacion_de_los_roedores\" >La alimentaci\u00f3n de los roedores<\/a><\/li><li class='ez-toc-page-1 ez-toc-heading-level-2'><a class=\"ez-toc-link ez-toc-heading-2\" href=\"https:\/\/www.kiwoko.com\/blogmundoanimal\/tipos-alimentacion-para-roedores\/#Alimentacion_de_los_hamsters\" >Alimentaci\u00f3n de los h\u00e1msters<\/a><\/li><li class='ez-toc-page-1 ez-toc-heading-level-2'><a class=\"ez-toc-link ez-toc-heading-3\" href=\"https:\/\/www.kiwoko.com\/blogmundoanimal\/tipos-alimentacion-para-roedores\/#Alimentacion_de_las_cobayas\" >Alimentaci\u00f3n de las cobayas<\/a><\/li><li class='ez-toc-page-1 ez-toc-heading-level-2'><a class=\"ez-toc-link ez-toc-heading-4\" href=\"https:\/\/www.kiwoko.com\/blogmundoanimal\/tipos-alimentacion-para-roedores\/#Alimentacion_de_los_conejos\" >Alimentaci\u00f3n de los conejos<\/a><\/li><li class='ez-toc-page-1 ez-toc-heading-level-2'><a class=\"ez-toc-link ez-toc-heading-5\" href=\"https:\/\/www.kiwoko.com\/blogmundoanimal\/tipos-alimentacion-para-roedores\/#Los_curiosos_menus_de_otros_roedores\" >Los curiosos men\u00fas de otros roedores<\/a><ul class='ez-toc-list-level-3' ><li class='ez-toc-heading-level-3'><a class=\"ez-toc-link ez-toc-heading-6\" href=\"https:\/\/www.kiwoko.com\/blogmundoanimal\/tipos-alimentacion-para-roedores\/#Dieta_basada_en_plantas\" >Dieta basada en plantas<\/a><\/li><li class='ez-toc-page-1 ez-toc-heading-level-3'><a class=\"ez-toc-link ez-toc-heading-7\" href=\"https:\/\/www.kiwoko.com\/blogmundoanimal\/tipos-alimentacion-para-roedores\/#Dieta_basada_en_nueces\" >Dieta basada en nueces<\/a><\/li><li class='ez-toc-page-1 ez-toc-heading-level-3'><a class=\"ez-toc-link ez-toc-heading-8\" href=\"https:\/\/www.kiwoko.com\/blogmundoanimal\/tipos-alimentacion-para-roedores\/#Dietas_para_carnivoros\" >Dietas para carn\u00edvoros<\/a><\/li><li class='ez-toc-page-1 ez-toc-heading-level-3'><a class=\"ez-toc-link ez-toc-heading-9\" href=\"https:\/\/www.kiwoko.com\/blogmundoanimal\/tipos-alimentacion-para-roedores\/#Dietas_con_frutas_y_bayas\" >Dietas con frutas y bayas<\/a><\/li><\/ul><\/li><\/ul><\/nav><\/div>\n<!-- wp:shortcode -->\n                    <div id=\"nutricion\">\n            <div class=\"posts-list\">\n            <div class=\"row\">\n                        <div class=\"col-md-6 0\">\n                <div class=\"kontainer-category 0\">                    <a href=\"https:\/\/www.kiwoko.com\/blogmundoanimal\/que-no-puede-comer-un-conejo\/\" class=\"post 0\">\n                        <div class=\"post-image lazyload 0\" style=\"background:inherit;background-size:cover;\" data-bg=\"#DDDDDD url(https:\/\/www.kiwoko.com\/blogmundoanimal\/wp-content\/uploads\/2021\/03\/que-no-pueden-comer-los-conejos.jpg) no-repeat\"><\/div>\n                        <div class=\"post-text 0\">\n                            <h2>Alimentos que no pueden comer los conejos: Cuida la salud de tu peque\u00f1o animal<\/h2>\n                            Seg\u00fan las caracter\u00edsticas de tus conejos, necesitan diferentes cuidados para mantener su bienestar. Entre ellos, debes cuidar su alimentaci\u00f3n y saber cu\u00e1les son los alimentos que no puede comer...                        <\/div>\n                    <\/a>\n                <\/div>\n            <\/div>\n                        <div class=\"col-md-6 1\">\n                <div class=\"kontainer-category 1\">                    <a href=\"https:\/\/www.kiwoko.com\/blogmundoanimal\/que-come-un-hamster-guia-completa-de-alimentacion\/\" class=\"post 1\">\n                        <div class=\"post-image lazyload 1\" style=\"background:inherit;background-size:cover;\" data-bg=\"#DDDDDD url(https:\/\/www.kiwoko.com\/blogmundoanimal\/wp-content\/uploads\/2019\/01\/que-come-un-hamster.jpg) no-repeat\"><\/div>\n                        <div class=\"post-text 1\">\n                            <h2>\u00bfQu\u00e9 come un h\u00e1mster? Los secretos de su dieta perfecta<\/h2>\n                            En este post te contamos qu\u00e9 alimentos pueden comer los h\u00e1mster para que no les falte ning\u00fan tipo de nutriente en su dieta. \u00a1Sigue leyendo!                        <\/div>\n                    <\/a>\n                <\/div>\n            <\/div>\n                        <div class=\"col-md-6 2\">\n                <div class=\"kontainer-category 2\">                    <a href=\"https:\/\/www.kiwoko.com\/blogmundoanimal\/guia-de-alimentacion-para-tu-conejo\/\" class=\"post 2\">\n                        <div class=\"post-image lazyload 2\" style=\"background:inherit;background-size:cover;\" data-bg=\"#DDDDDD url(https:\/\/www.kiwoko.com\/blogmundoanimal\/wp-content\/uploads\/2019\/10\/conejos-y-su-alimentacion.jpg) no-repeat\"><\/div>\n                        <div class=\"post-text 2\">\n                            <h2>Gu\u00eda completa de la alimentaci\u00f3n de los conejos<\/h2>\n                            Descubre qu\u00e9 alimentos pueden comer los conejos y cu\u00e1les no con la ayuda de nuestra gu\u00eda de alimentaci\u00f3n para conejos.                        <\/div>\n                    <\/a>\n                <\/div>\n            <\/div>\n                        <div class=\"col-md-6 3\">\n                <div class=\"kontainer-category 3\">                    <a href=\"https:\/\/www.kiwoko.com\/blogmundoanimal\/alimentacion-hamsters-gordos\/\" class=\"post 3\">\n                        <div class=\"post-image lazyload 3\" style=\"background:inherit;background-size:cover;\" data-bg=\"#DDDDDD url(https:\/\/www.kiwoko.com\/blogmundoanimal\/wp-content\/uploads\/2022\/06\/Alimentacion-hasmter-gordito-1.jpg) no-repeat\"><\/div>\n                        <div class=\"post-text 3\">\n                            <h2>Gu\u00eda de alimentaci\u00f3n para h\u00e1msters gorditos<\/h2>\n                            La obesidad en h\u00e1msters no s\u00f3lo afecta a su aspecto, sino que tambi\u00e9n les puede acarrear muchas enfermedades peligrosas con las que pueden, incluso, morir. No pongas en jaque...                        <\/div>\n                    <\/a>\n                <\/div>\n            <\/div>\n                        <div class=\"col-md-6 4\">\n                <div class=\"kontainer-category 4\">                    <a href=\"https:\/\/www.kiwoko.com\/blogmundoanimal\/que-pueden-comer-las-chinchillas\/\" class=\"post 4\">\n                        <div class=\"post-image lazyload 4\" style=\"background:inherit;background-size:cover;\" data-bg=\"#DDDDDD url(https:\/\/www.kiwoko.com\/blogmundoanimal\/wp-content\/uploads\/2022\/05\/que-pueden-comer-las-chinchillas.jpg) no-repeat\"><\/div>\n                        <div class=\"post-text 4\">\n                            <h2>\u00bfQu\u00e9 pueden comer las chinchillas?<\/h2>\n                            La alimentaci\u00f3n de las chinchillas se debe de basar en una combinaci\u00f3n de heno, pienso, frutas y verduras. Te damos todas las claves y consejos para alimentar a tu...                        <\/div>\n                    <\/a>\n                <\/div>\n            <\/div>\n                        <div class=\"col-md-6 5\">\n                <div class=\"kontainer-category 5\">                    <a href=\"https:\/\/www.kiwoko.com\/blogmundoanimal\/tipos-alimentacion-para-roedores\/\" class=\"post 5\">\n                        <div class=\"post-image lazyload 5\" style=\"background:inherit;background-size:cover;\" data-bg=\"#DDDDDD url(https:\/\/www.kiwoko.com\/blogmundoanimal\/wp-content\/uploads\/2017\/08\/Que-alimentacion-debo-dar-a-mi-roedor.jpg) no-repeat\"><\/div>\n                        <div class=\"post-text 5\">\n                            <h2>\u00bfQu\u00e9 alimentaci\u00f3n debo dar a mi roedor?<\/h2>\n                            \u00bfTienes dudas a la hora de elegir la alimentaci\u00f3n para tu roedor? Si te preocupa el men\u00fa diario de tu amigo, te interesar\u00e1 este art\u00edculo.                        <\/div>\n                    <\/a>\n                <\/div>\n            <\/div>\n            <\/div>\n        <\/div>\n                    <div class=\"row\">\n                <div class=\"col-lg-12 mb-5\">\n                    <button id=\"nutricion-load-more-articles\" class=\"btn load-more\" data-cat=\"\" data-tag=\"nutricion\" data-animal=\"Peque\u00f1os animales\"\n                data-numpost=\"8\">Cargar m\u00e1s articulos<\/button>\n                <\/div>\n            <\/div>\n            <script>\n                document.addEventListener('DOMContentLoaded', function () {\n                const buttons = document.querySelectorAll('.btn.load-more');\n\n                buttons.forEach(function (button) {\n                    button.addEventListener('click', function () {\n                    const title = button.getAttribute('data-title') || '';\n                    const link = button.getAttribute('data-link') || window.location.href;\n                    const position = button.getAttribute('data-position') || '';\n                    const category = button.getAttribute('data-cat') || '';\n                    const linkText = button.innerText || button.textContent;\n\n                    window.dataLayer = window.dataLayer || [];\n                    window.dataLayer.push({\n                        'event': 'blog_mas_articulos',\n                        'event_name': 'blog_mas_articulos',\n                        'position': position,\n                        'link_text': linkText,\n                        'link_url': link,\n                        'category': category,\n                        'product_name': title\n                    });\n                    });\n                });\n                });\n            <\/script> \n                <div id=\"nutricion-loading-elements\" class=\"text-center mt-1 loading-elements\"><div class=\"lds-ellipsis\"><div><\/div><div><\/div><div><\/div><div><\/div><\/div><\/div>\n                    <\/div>\n<!-- \/wp:shortcode -->","protected":false},"excerpt":{"rendered":"<p>\u00bfQuieres saber si le est\u00e1s dando todos los nutrientes necesarios a tu roedor? Muchos roedores tienen una dieta flexible y la capacidad para adaptarse a cualquier men\u00fa como por ejemplo los ratones. Otros, como las ardillas, tienen unos requisitos alimentarios m\u00e1s exigentes y espec\u00edficos. Veamos en profundidad en qu\u00e9 se diferencian las dietas espec\u00edficas para [&hellip;]<\/p>\n","protected":false},"author":40,"featured_media":0,"parent":0,"menu_order":0,"comment_status":"closed","ping_status":"closed","template":"","meta":{"_acf_changed":false,"footnotes":""},"class_list":["post-2111","page","type-page","status-publish","hentry"],"acf":[],"_links":{"self":[{"href":"https:\/\/www.kiwoko.com\/blogmundoanimal\/wp-json\/wp\/v2\/pages\/2111","targetHints":{"allow":["GET"]}}],"collection":[{"href":"https:\/\/www.kiwoko.com\/blogmundoanimal\/wp-json\/wp\/v2\/pages"}],"about":[{"href":"https:\/\/www.kiwoko.com\/blogmundoanimal\/wp-json\/wp\/v2\/types\/page"}],"author":[{"embeddable":true,"href":"https:\/\/www.kiwoko.com\/blogmundoanimal\/wp-json\/wp\/v2\/users\/40"}],"replies":[{"embeddable":true,"href":"https:\/\/www.kiwoko.com\/blogmundoanimal\/wp-json\/wp\/v2\/comments?post=2111"}],"version-history":[{"count":3,"href":"https:\/\/www.kiwoko.com\/blogmundoanimal\/wp-json\/wp\/v2\/pages\/2111\/revisions"}],"predecessor-version":[{"id":18103,"href":"https:\/\/www.kiwoko.com\/blogmundoanimal\/wp-json\/wp\/v2\/pages\/2111\/revisions\/18103"}],"wp:attachment":[{"href":"https:\/\/www.kiwoko.com\/blogmundoanimal\/wp-json\/wp\/v2\/media?parent=2111"}],"curies":[{"name":"wp","href":"https:\/\/api.w.org\/{rel}","templated":true}]}}