{"id":2114,"date":"2019-08-05T16:18:13","date_gmt":"2019-08-05T16:18:13","guid":{"rendered":"https:\/\/dev-kiwoko-es.on-dev.com\/blogmundoanimal\/?page_id=2114"},"modified":"2020-04-30T17:04:48","modified_gmt":"2020-04-30T15:04:48","slug":"salud-y-cuidados-de-los-pequenos-animales","status":"publish","type":"page","link":"https:\/\/www.kiwoko.com\/blogmundoanimal\/salud-y-cuidados-de-los-pequenos-animales\/","title":{"rendered":"Salud y cuidados de los peque\u00f1os animales"},"content":{"rendered":"<div id=\"ez-toc-container\" class=\"ez-toc-v2_0_82_2 counter-hierarchy ez-toc-counter ez-toc-grey ez-toc-container-direction\">\n<div class=\"ez-toc-title-container\">\n<p class=\"ez-toc-title\" style=\"cursor:inherit\">\u00cdndice<\/p>\n<span class=\"ez-toc-title-toggle\"><a href=\"#\" class=\"ez-toc-pull-right ez-toc-btn ez-toc-btn-xs ez-toc-btn-default ez-toc-toggle\" aria-label=\"Alternar tabla de contenidos\"><span class=\"ez-toc-js-icon-con\"><span class=\"\"><span class=\"eztoc-hide\" style=\"display:none;\">Toggle<\/span><span class=\"ez-toc-icon-toggle-span\"><svg style=\"fill: #999;color:#999\" xmlns=\"http:\/\/www.w3.org\/2000\/svg\" class=\"list-377408\" width=\"20px\" height=\"20px\" viewBox=\"0 0 24 24\" fill=\"none\"><path d=\"M6 6H4v2h2V6zm14 0H8v2h12V6zM4 11h2v2H4v-2zm16 0H8v2h12v-2zM4 16h2v2H4v-2zm16 0H8v2h12v-2z\" fill=\"currentColor\"><\/path><\/svg><svg style=\"fill: #999;color:#999\" class=\"arrow-unsorted-368013\" xmlns=\"http:\/\/www.w3.org\/2000\/svg\" width=\"10px\" height=\"10px\" viewBox=\"0 0 24 24\" version=\"1.2\" baseProfile=\"tiny\"><path d=\"M18.2 9.3l-6.2-6.3-6.2 6.3c-.2.2-.3.4-.3.7s.1.5.3.7c.2.2.4.3.7.3h11c.3 0 .5-.1.7-.3.2-.2.3-.5.3-.7s-.1-.5-.3-.7zM5.8 14.7l6.2 6.3 6.2-6.3c.2-.2.3-.5.3-.7s-.1-.5-.3-.7c-.2-.2-.4-.3-.7-.3h-11c-.3 0-.5.1-.7.3-.2.2-.3.5-.3.7s.1.5.3.7z\"\/><\/svg><\/span><\/span><\/span><\/a><\/span><\/div>\n<nav><ul class='ez-toc-list ez-toc-list-level-1 ' ><li class='ez-toc-page-1 ez-toc-heading-level-2'><a class=\"ez-toc-link ez-toc-heading-1\" href=\"https:\/\/www.kiwoko.com\/blogmundoanimal\/los-conejos-se-banan\/#%C2%BFCuando_se_bana_a_un_conejo\" >\u00bfCu\u00e1ndo se ba\u00f1a a un conejo?<\/a><\/li><li class='ez-toc-page-1 ez-toc-heading-level-2'><a class=\"ez-toc-link ez-toc-heading-2\" href=\"https:\/\/www.kiwoko.com\/blogmundoanimal\/los-conejos-se-banan\/#Pasos_para_banar_a_un_conejo_en_casa\" >Pasos para ba\u00f1ar a un conejo en casa<\/a><\/li><li class='ez-toc-page-1 ez-toc-heading-level-2'><a class=\"ez-toc-link ez-toc-heading-3\" href=\"https:\/\/www.kiwoko.com\/blogmundoanimal\/los-conejos-se-banan\/#En_Mundo_Belleza_Kiwoko_ofrecemos_servicio_para_conejo\" >En Mundo Belleza Kiwoko ofrecemos servicio para conejo<\/a><ul class='ez-toc-list-level-3' ><li class='ez-toc-heading-level-3'><a class=\"ez-toc-link ez-toc-heading-4\" href=\"https:\/\/www.kiwoko.com\/blogmundoanimal\/los-conejos-se-banan\/#El_servicio_de_bano_corte_incluye\" >El servicio de ba\u00f1o + corte incluye:<\/a><\/li><li class='ez-toc-page-1 ez-toc-heading-level-3'><a class=\"ez-toc-link ez-toc-heading-5\" href=\"https:\/\/www.kiwoko.com\/blogmundoanimal\/los-conejos-se-banan\/#Tipos_de_servicio\" >Tipos de servicio<\/a><\/li><\/ul><\/li><\/ul><\/nav><\/div>\n<!-- wp:shortcode -->\n                    <div id=\"salud-y-cuidados\">\n            <div class=\"posts-list\">\n            <div class=\"row\">\n                        <div class=\"col-md-6 0\">\n                <div class=\"kontainer-category 0\">                    <a href=\"https:\/\/www.kiwoko.com\/blogmundoanimal\/cuanto-vive-un-hamster\/\" class=\"post 0\">\n                        <div class=\"post-image lazyload 0\" style=\"background:inherit;background-size:cover;\" data-bg=\"#DDDDDD url(https:\/\/www.kiwoko.com\/blogmundoanimal\/wp-content\/uploads\/2021\/10\/cuanto-vive-un-hamster-1.jpg) no-repeat\"><\/div>\n                        <div class=\"post-text 0\">\n                            <h2>\u00bfCu\u00e1nto vive un h\u00e1mster? Gu\u00eda completa sobre su esperanza de vida<\/h2>\n                            Adem\u00e1s de responder a esta pregunta, te contamos c\u00f3mo cuidar a tu h\u00e1mster correctamente para alargar su esperanza de vida.                        <\/div>\n                    <\/a>\n                <\/div>\n            <\/div>\n                        <div class=\"col-md-6 1\">\n                <div class=\"kontainer-category 1\">                    <a href=\"https:\/\/www.kiwoko.com\/blogmundoanimal\/como-limpiar-jaula-hamster\/\" class=\"post 1\">\n                        <div class=\"post-image lazyload 1\" style=\"background:inherit;background-size:cover;\" data-bg=\"#DDDDDD url(https:\/\/www.kiwoko.com\/blogmundoanimal\/wp-content\/uploads\/2018\/11\/como-limpiar-la-jaula-de-un-hamster.jpg) no-repeat\"><\/div>\n                        <div class=\"post-text 1\">\n                            <h2>\u00bfC\u00f3mo limpiar la jaula de un h\u00e1mster? Todo lo que necesitas saber<\/h2>\n                            \u00bfTienes problemas para limpiar la suciedad de la jaula de tu h\u00e1mster? En este post te contamos c\u00f3mo limpiar una jaula de h\u00e1mster de forma adecuada y con...                        <\/div>\n                    <\/a>\n                <\/div>\n            <\/div>\n                        <div class=\"col-md-6 2\">\n                <div class=\"kontainer-category 2\">                    <a href=\"https:\/\/www.kiwoko.com\/blogmundoanimal\/plantas-toxicas-para-los-conejos\/\" class=\"post 2\">\n                        <div class=\"post-image lazyload 2\" style=\"background:inherit;background-size:cover;\" data-bg=\"#DDDDDD url(https:\/\/www.kiwoko.com\/blogmundoanimal\/wp-content\/uploads\/2021\/12\/plantas-toxicas-para-conejos.jpg) no-repeat\"><\/div>\n                        <div class=\"post-text 2\">\n                            <h2>Plantas t\u00f3xicas para conejos: Gu\u00eda completa para la seguridad de tu peque\u00f1o animal<\/h2>\n                            Existen numerosos tipos de plantas t\u00f3xicas para conejos. \u00a1Descubre cu\u00e1les son!                        <\/div>\n                    <\/a>\n                <\/div>\n            <\/div>\n                        <div class=\"col-md-6 3\">\n                <div class=\"kontainer-category 3\">                    <a href=\"https:\/\/www.kiwoko.com\/blogmundoanimal\/muda-pelo-conejos\/\" class=\"post 3\">\n                        <div class=\"post-image lazyload 3\" style=\"background:inherit;background-size:cover;\" data-bg=\"#DDDDDD url(https:\/\/www.kiwoko.com\/blogmundoanimal\/wp-content\/uploads\/2019\/08\/cabecera-muda-pelo-conejos.jpg) no-repeat\"><\/div>\n                        <div class=\"post-text 3\">\n                            <h2>Muda de pelo en conejos: Todo lo que necesitas saber<\/h2>\n                            En este post te contamos lo que debes hacer en \u00e9pocas de muda de tu conejo. \u00bfTu conejo pierde mucho pelo? \u00a1No te preocupes! Sigue leyendo.                        <\/div>\n                    <\/a>\n                <\/div>\n            <\/div>\n                        <div class=\"col-md-6 4\">\n                <div class=\"kontainer-category 4\">                    <a href=\"https:\/\/www.kiwoko.com\/blogmundoanimal\/muda-de-pelo-en-hamster-causas-cuidados-y-consejos\/\" class=\"post 4\">\n                        <div class=\"post-image lazyload 4\" style=\"background:inherit;background-size:cover;\" data-bg=\"#DDDDDD url(https:\/\/www.kiwoko.com\/blogmundoanimal\/wp-content\/uploads\/2023\/10\/muda-de-pelo-en-hamster.jpg) no-repeat\"><\/div>\n                        <div class=\"post-text 4\">\n                            <h2>Muda de pelo en h\u00e1mster: Causas, cuidados y consejos<\/h2>\n                            \u00bfTe has preguntado por qu\u00e9 a tu h\u00e1mster se le cae el pelo? Por norma general, no es algo de lo que preocuparse ya que, en cada cambio de...                        <\/div>\n                    <\/a>\n                <\/div>\n            <\/div>\n                        <div class=\"col-md-6 5\">\n                <div class=\"kontainer-category 5\">                    <a href=\"https:\/\/www.kiwoko.com\/blogmundoanimal\/acaros-en-conejos\/\" class=\"post 5\">\n                        <div class=\"post-image lazyload 5\" style=\"background:inherit;background-size:cover;\" data-bg=\"#DDDDDD url(https:\/\/www.kiwoko.com\/blogmundoanimal\/wp-content\/uploads\/2022\/07\/acaros-conejos.jpg) no-repeat\"><\/div>\n                        <div class=\"post-text 5\">\n                            <h2>C\u00f3mo prevenir los \u00e1caros en conejos<\/h2>\n                            Es muy f\u00e1cil que un conejo se infecte por \u00e1caros pero, si no se trata a tiempo, le pueden ocasionar problemas de salud graves. En esta publicaci\u00f3n te explicamos...                        <\/div>\n                    <\/a>\n                <\/div>\n            <\/div>\n                        <div class=\"col-md-6 6\">\n                <div class=\"kontainer-category 6\">                    <a href=\"https:\/\/www.kiwoko.com\/blogmundoanimal\/caspa-en-conejos\/\" class=\"post 6\">\n                        <div class=\"post-image lazyload 6\" style=\"background:inherit;background-size:cover;\" data-bg=\"#DDDDDD url(https:\/\/www.kiwoko.com\/blogmundoanimal\/wp-content\/uploads\/2022\/09\/caspa-conejos.jpg) no-repeat\"><\/div>\n                        <div class=\"post-text 6\">\n                            <h2>Caspa en conejos \u00bfC\u00f3mo prevenirla?<\/h2>\n                            A diferencia de la caspa humana, la caspa en conejos es una infecci\u00f3n muy seria que debe ser tratada lo m\u00e1s r\u00e1pido posible. Descubre cu\u00e1les son los s\u00edntomas de...                        <\/div>\n                    <\/a>\n                <\/div>\n            <\/div>\n                        <div class=\"col-md-6 7\">\n                <div class=\"kontainer-category 7\">                    <a href=\"https:\/\/www.kiwoko.com\/blogmundoanimal\/los-conejos-se-banan\/\" class=\"post 7\">\n                        <div class=\"post-image lazyload 7\" style=\"background:inherit;background-size:cover;\" data-bg=\"#DDDDDD url(https:\/\/www.kiwoko.com\/blogmundoanimal\/wp-content\/uploads\/2022\/05\/los-conejos-se-banan.jpg) no-repeat\"><\/div>\n                        <div class=\"post-text 7\">\n                            <h2>\u00bfHay que ba\u00f1ar a los conejos? \u00bfS\u00ed o no?<\/h2>\n                            De la higiene de los conejos se encargan ellos pero, \u00bfqu\u00e9 pasa si se les ba\u00f1a? \u00a1Descubre si es recomendable o no ba\u00f1ar a un conejo y cu\u00e1l es...                        <\/div>\n                    <\/a>\n                <\/div>\n            <\/div>\n            <\/div>\n        <\/div>\n                    <div class=\"row\">\n                <div class=\"col-lg-12 mb-5\">\n                    <button id=\"salud-y-cuidados-load-more-articles\" class=\"btn load-more\" data-cat=\"salud-y-cuidados + Peque\u00f1os animales\" data-tag=\"\" data-animal=\"Peque\u00f1os animales\"\n                data-numpost=\"8\">Cargar m\u00e1s articulos<\/button>\n                <\/div>\n            <\/div>\n            <script>\n                document.addEventListener('DOMContentLoaded', function () {\n                const buttons = document.querySelectorAll('.btn.load-more');\n\n                buttons.forEach(function (button) {\n                    button.addEventListener('click', function () {\n                    const title = button.getAttribute('data-title') || '';\n                    const link = button.getAttribute('data-link') || window.location.href;\n                    const position = button.getAttribute('data-position') || '';\n                    const category = button.getAttribute('data-cat') || '';\n                    const linkText = button.innerText || button.textContent;\n\n                    window.dataLayer = window.dataLayer || [];\n                    window.dataLayer.push({\n                        'event': 'blog_mas_articulos',\n                        'event_name': 'blog_mas_articulos',\n                        'position': position,\n                        'link_text': linkText,\n                        'link_url': link,\n                        'category': category,\n                        'product_name': title\n                    });\n                    });\n                });\n                });\n            <\/script> \n                <div id=\"salud-y-cuidados-loading-elements\" class=\"text-center mt-1 loading-elements\"><div class=\"lds-ellipsis\"><div><\/div><div><\/div><div><\/div><div><\/div><\/div><\/div>\n                    <\/div>\n<!-- \/wp:shortcode -->","protected":false},"excerpt":{"rendered":"<p>Los conejos, al igual que los gatos, son unos animales muy limpios que se acicalan continuamente pero, \u00bfpuedo ba\u00f1ar a mi conejo? Si bien ba\u00f1arles no es com\u00fan, puede haber excepciones y razones por las que se puede ba\u00f1ar a un conejo.&nbsp; Por norma general, los conejos no necesitan ba\u00f1arse con agua, pues ya se [&hellip;]<\/p>\n","protected":false},"author":40,"featured_media":0,"parent":0,"menu_order":0,"comment_status":"closed","ping_status":"closed","template":"","meta":{"_acf_changed":false,"footnotes":""},"class_list":["post-2114","page","type-page","status-publish","hentry"],"acf":[],"_links":{"self":[{"href":"https:\/\/www.kiwoko.com\/blogmundoanimal\/wp-json\/wp\/v2\/pages\/2114","targetHints":{"allow":["GET"]}}],"collection":[{"href":"https:\/\/www.kiwoko.com\/blogmundoanimal\/wp-json\/wp\/v2\/pages"}],"about":[{"href":"https:\/\/www.kiwoko.com\/blogmundoanimal\/wp-json\/wp\/v2\/types\/page"}],"author":[{"embeddable":true,"href":"https:\/\/www.kiwoko.com\/blogmundoanimal\/wp-json\/wp\/v2\/users\/40"}],"replies":[{"embeddable":true,"href":"https:\/\/www.kiwoko.com\/blogmundoanimal\/wp-json\/wp\/v2\/comments?post=2114"}],"version-history":[{"count":2,"href":"https:\/\/www.kiwoko.com\/blogmundoanimal\/wp-json\/wp\/v2\/pages\/2114\/revisions"}],"predecessor-version":[{"id":35019,"href":"https:\/\/www.kiwoko.com\/blogmundoanimal\/wp-json\/wp\/v2\/pages\/2114\/revisions\/35019"}],"wp:attachment":[{"href":"https:\/\/www.kiwoko.com\/blogmundoanimal\/wp-json\/wp\/v2\/media?parent=2114"}],"curies":[{"name":"wp","href":"https:\/\/api.w.org\/{rel}","templated":true}]}}