{"id":2120,"date":"2019-08-05T16:24:07","date_gmt":"2019-08-05T16:24:07","guid":{"rendered":"https:\/\/dev-kiwoko-es.on-dev.com\/blogmundoanimal\/?page_id=2120"},"modified":"2020-04-30T16:41:36","modified_gmt":"2020-04-30T14:41:36","slug":"consejos-sobre-habitat-de-pequenos-animales","status":"publish","type":"page","link":"https:\/\/www.kiwoko.com\/blogmundoanimal\/consejos-sobre-habitat-de-pequenos-animales\/","title":{"rendered":"Consejos sobre h\u00e1bitat de peque\u00f1os animales"},"content":{"rendered":"<div id=\"ez-toc-container\" class=\"ez-toc-v2_0_82_2 counter-hierarchy ez-toc-counter ez-toc-grey ez-toc-container-direction\">\n<div class=\"ez-toc-title-container\">\n<p class=\"ez-toc-title\" style=\"cursor:inherit\">\u00cdndice<\/p>\n<span class=\"ez-toc-title-toggle\"><a href=\"#\" class=\"ez-toc-pull-right ez-toc-btn ez-toc-btn-xs ez-toc-btn-default ez-toc-toggle\" aria-label=\"Alternar tabla de contenidos\"><span class=\"ez-toc-js-icon-con\"><span class=\"\"><span class=\"eztoc-hide\" style=\"display:none;\">Toggle<\/span><span class=\"ez-toc-icon-toggle-span\"><svg style=\"fill: #999;color:#999\" xmlns=\"http:\/\/www.w3.org\/2000\/svg\" class=\"list-377408\" width=\"20px\" height=\"20px\" viewBox=\"0 0 24 24\" fill=\"none\"><path d=\"M6 6H4v2h2V6zm14 0H8v2h12V6zM4 11h2v2H4v-2zm16 0H8v2h12v-2zM4 16h2v2H4v-2zm16 0H8v2h12v-2z\" fill=\"currentColor\"><\/path><\/svg><svg style=\"fill: #999;color:#999\" class=\"arrow-unsorted-368013\" xmlns=\"http:\/\/www.w3.org\/2000\/svg\" width=\"10px\" height=\"10px\" viewBox=\"0 0 24 24\" version=\"1.2\" baseProfile=\"tiny\"><path d=\"M18.2 9.3l-6.2-6.3-6.2 6.3c-.2.2-.3.4-.3.7s.1.5.3.7c.2.2.4.3.7.3h11c.3 0 .5-.1.7-.3.2-.2.3-.5.3-.7s-.1-.5-.3-.7zM5.8 14.7l6.2 6.3 6.2-6.3c.2-.2.3-.5.3-.7s-.1-.5-.3-.7c-.2-.2-.4-.3-.7-.3h-11c-.3 0-.5.1-.7.3-.2.2-.3.5-.3.7s.1.5.3.7z\"\/><\/svg><\/span><\/span><\/span><\/a><\/span><\/div>\n<nav><ul class='ez-toc-list ez-toc-list-level-1 ' ><li class='ez-toc-page-1 ez-toc-heading-level-2'><a class=\"ez-toc-link ez-toc-heading-1\" href=\"https:\/\/www.kiwoko.com\/blogmundoanimal\/cuidados-e-higiene-de-los-roedores\/#%C2%BFComo_limpiar_la_jaula_de_un_roedor\" >\u00bfC\u00f3mo limpiar la jaula de un roedor?<\/a><\/li><li class='ez-toc-page-1 ez-toc-heading-level-2'><a class=\"ez-toc-link ez-toc-heading-2\" href=\"https:\/\/www.kiwoko.com\/blogmundoanimal\/cuidados-e-higiene-de-los-roedores\/#%C2%BFComo_cepillar_a_un_roedor\" >\u00bfC\u00f3mo cepillar a un roedor?<\/a><\/li><li class='ez-toc-page-1 ez-toc-heading-level-2'><a class=\"ez-toc-link ez-toc-heading-3\" href=\"https:\/\/www.kiwoko.com\/blogmundoanimal\/cuidados-e-higiene-de-los-roedores\/#%C2%BFComo_banar_a_un_roedor\" >\u00bfC\u00f3mo ba\u00f1ar a un roedor?<\/a><\/li><\/ul><\/nav><\/div>\n<!-- wp:shortcode -->\n                    <div id=\"habitat\">\n            <div class=\"posts-list\">\n            <div class=\"row\">\n                        <div class=\"col-md-6 0\">\n                <div class=\"kontainer-category 0\">                    <a href=\"https:\/\/www.kiwoko.com\/blogmundoanimal\/hamster-ruso-gris\/\" class=\"post 0\">\n                        <div class=\"post-image lazyload 0\" style=\"background:inherit;background-size:cover;\" data-bg=\"#DDDDDD url(https:\/\/www.kiwoko.com\/blogmundoanimal\/wp-content\/uploads\/2019\/08\/hamster-ruso-gris-78.jpg) no-repeat\"><\/div>\n                        <div class=\"post-text 0\">\n                            <h2>H\u00e1mster ruso gris, sus cuidados y necesidades<\/h2>\n                            En este post te contamos todo lo que debes tener en cuenta para comenzar a cuidar a tu nuevo amigo con muy buen pie y que no le falte...                        <\/div>\n                    <\/a>\n                <\/div>\n            <\/div>\n                        <div class=\"col-md-6 1\">\n                <div class=\"kontainer-category 1\">                    <a href=\"https:\/\/www.kiwoko.com\/blogmundoanimal\/los-mejores-nombres-para-conejos\/\" class=\"post 1\">\n                        <div class=\"post-image lazyload 1\" style=\"background:inherit;background-size:cover;\" data-bg=\"#DDDDDD url(https:\/\/www.kiwoko.com\/blogmundoanimal\/wp-content\/uploads\/2025\/05\/nombres-para-conejos.jpg) no-repeat\"><\/div>\n                        <div class=\"post-text 1\">\n                            <h2>Los mejores nombres para conejos seg\u00fan su car\u00e1cter, color y raza<\/h2>\n                            Adoptar un conejo es una de las decisiones m\u00e1s bonitas que puedes tomar. Estos peque\u00f1os animales no solo son adorables, sino tambi\u00e9n muy inteligentes, curiosos y capaces de generar...                        <\/div>\n                    <\/a>\n                <\/div>\n            <\/div>\n                        <div class=\"col-md-6 2\">\n                <div class=\"kontainer-category 2\">                    <a href=\"https:\/\/www.kiwoko.com\/blogmundoanimal\/como-limpiar-jaula-hamster\/\" class=\"post 2\">\n                        <div class=\"post-image lazyload 2\" style=\"background:inherit;background-size:cover;\" data-bg=\"#DDDDDD url(https:\/\/www.kiwoko.com\/blogmundoanimal\/wp-content\/uploads\/2018\/11\/como-limpiar-la-jaula-de-un-hamster.jpg) no-repeat\"><\/div>\n                        <div class=\"post-text 2\">\n                            <h2>\u00bfC\u00f3mo limpiar la jaula de un h\u00e1mster? Todo lo que necesitas saber<\/h2>\n                            \u00bfTienes problemas para limpiar la suciedad de la jaula de tu h\u00e1mster? En este post te contamos c\u00f3mo limpiar una jaula de h\u00e1mster de forma adecuada y con...                        <\/div>\n                    <\/a>\n                <\/div>\n            <\/div>\n                        <div class=\"col-md-6 3\">\n                <div class=\"kontainer-category 3\">                    <a href=\"https:\/\/www.kiwoko.com\/blogmundoanimal\/habitaculo-e-higiene-del-conejo\/\" class=\"post 3\">\n                        <div class=\"post-image lazyload 3\" style=\"background:inherit;background-size:cover;\" data-bg=\"#DDDDDD url(https:\/\/www.kiwoko.com\/blogmundoanimal\/wp-content\/uploads\/2024\/01\/habitat-de-un-conejo.jpg) no-repeat\"><\/div>\n                        <div class=\"post-text 3\">\n                            <h2>Descubre cu\u00e1l es el mejor h\u00e1bitat del conejo y c\u00f3mo mantenerlo limpio<\/h2>\n                            Los conejos son animales muy juguetones a los que les gusta saltar y divertirse. Deber\u00e1s habilitar un espacio lo suficientemente amplio y limpio para que se sientan felices.                        <\/div>\n                    <\/a>\n                <\/div>\n            <\/div>\n                        <div class=\"col-md-6 4\">\n                <div class=\"kontainer-category 4\">                    <a href=\"https:\/\/www.kiwoko.com\/blogmundoanimal\/hamster-chino-sus-cuidados-y-necesidades\/\" class=\"post 4\">\n                        <div class=\"post-image lazyload 4\" style=\"background:inherit;background-size:cover;\" data-bg=\"#DDDDDD url(https:\/\/www.kiwoko.com\/blogmundoanimal\/wp-content\/uploads\/2022\/12\/raton-chino-min.jpg) no-repeat\"><\/div>\n                        <div class=\"post-text 4\">\n                            <h2>H\u00e1mster chino: sus cuidados y necesidades<\/h2>\n                            Nombre: Cricetulus barabensis Origen: Nordeste de China y Mongolia Esperanza de vida: 2 - 3 a\u00f1os Peso: de 17 a 31 gr Tama\u00f1o: 8 a 13 cm de largo...                        <\/div>\n                    <\/a>\n                <\/div>\n            <\/div>\n                        <div class=\"col-md-6 5\">\n                <div class=\"kontainer-category 5\">                    <a href=\"https:\/\/www.kiwoko.com\/blogmundoanimal\/repartir-tareas-familia-cuidar-mascotas\/\" class=\"post 5\">\n                        <div class=\"post-image lazyload 5\" style=\"background:inherit;background-size:cover;\" data-bg=\"#DDDDDD url(https:\/\/www.kiwoko.com\/blogmundoanimal\/wp-content\/uploads\/2020\/03\/reparto-tareas-mascotas-min.jpg) no-repeat\"><\/div>\n                        <div class=\"post-text 5\">\n                            <h2>C\u00f3mo repartir las tareas del cuidado de vuestra mascota<\/h2>\n                            La mayor\u00eda de las familias con mascotas comparten las responsabilidades de sus cuidados. Si quieres saber c\u00f3mo repartir las tareas por edades en tu casa, lee este post donde...                        <\/div>\n                    <\/a>\n                <\/div>\n            <\/div>\n                        <div class=\"col-md-6 6\">\n                <div class=\"kontainer-category 6\">                    <a href=\"https:\/\/www.kiwoko.com\/blogmundoanimal\/hurones-el-descanso\/\" class=\"post 6\">\n                        <div class=\"post-image lazyload 6\" style=\"background:inherit;background-size:cover;\" data-bg=\"#DDDDDD url(https:\/\/www.kiwoko.com\/blogmundoanimal\/wp-content\/uploads\/2019\/08\/cabecera-hurones-el-descanso-32.jpg) no-repeat\"><\/div>\n                        <div class=\"post-text 6\">\n                            <h2>\u00bfC\u00f3mo ayudar a tu hur\u00f3n a tener un buen descanso?<\/h2>\n                            Como sabr\u00e1s, una de las cosas m\u00e1s importantes para la vida los hurones es tener un buen descanso. Lee este post para ver c\u00f3mo puedes ayudarle a conseguirlo.                        <\/div>\n                    <\/a>\n                <\/div>\n            <\/div>\n                        <div class=\"col-md-6 7\">\n                <div class=\"kontainer-category 7\">                    <a href=\"https:\/\/www.kiwoko.com\/blogmundoanimal\/cuidados-e-higiene-de-los-roedores\/\" class=\"post 7\">\n                        <div class=\"post-image lazyload 7\" style=\"background:inherit;background-size:cover;\" data-bg=\"#DDDDDD url(https:\/\/www.kiwoko.com\/blogmundoanimal\/wp-content\/uploads\/2018\/01\/Todo-lo-que-necesitas-saber-sobre-la-limpieza-de-los-roedores.jpg) no-repeat\"><\/div>\n                        <div class=\"post-text 7\">\n                            <h2>Todo lo que necesitas saber sobre la limpieza de los roedores<\/h2>\n                            El peque\u00f1o tama\u00f1o de los roedores y su f\u00e1cil cuidado, los convierte en las mascotas ideales, tenerlos en casa nos puede resultar muy divertido, pero nunca debemos olvidarnos de...                        <\/div>\n                    <\/a>\n                <\/div>\n            <\/div>\n            <\/div>\n        <\/div>\n                    <div class=\"row\">\n                <div class=\"col-lg-12 mb-5\">\n                    <button id=\"habitat-load-more-articles\" class=\"btn load-more\" data-cat=\"\" data-tag=\"habitat\" data-animal=\"Peque\u00f1os animales\"\n                data-numpost=\"8\">Cargar m\u00e1s articulos<\/button>\n                <\/div>\n            <\/div>\n            <script>\n                document.addEventListener('DOMContentLoaded', function () {\n                const buttons = document.querySelectorAll('.btn.load-more');\n\n                buttons.forEach(function (button) {\n                    button.addEventListener('click', function () {\n                    const title = button.getAttribute('data-title') || '';\n                    const link = button.getAttribute('data-link') || window.location.href;\n                    const position = button.getAttribute('data-position') || '';\n                    const category = button.getAttribute('data-cat') || '';\n                    const linkText = button.innerText || button.textContent;\n\n                    window.dataLayer = window.dataLayer || [];\n                    window.dataLayer.push({\n                        'event': 'blog_mas_articulos',\n                        'event_name': 'blog_mas_articulos',\n                        'position': position,\n                        'link_text': linkText,\n                        'link_url': link,\n                        'category': category,\n                        'product_name': title\n                    });\n                    });\n                });\n                });\n            <\/script> \n                <div id=\"habitat-loading-elements\" class=\"text-center mt-1 loading-elements\"><div class=\"lds-ellipsis\"><div><\/div><div><\/div><div><\/div><div><\/div><\/div><\/div>\n                    <\/div>\n<!-- \/wp:shortcode -->","protected":false},"excerpt":{"rendered":"<p>\u00bfSabes por qu\u00e9 los roedores son las mascotas ideales? Quiz\u00e1 una de las razones sea el peque\u00f1o tama\u00f1o que tienen, que hace que sus cuidados sean m\u00e1s f\u00e1ciles y llevaderos para divertirnos con ellos en casa y disfrutar de su compa\u00f1\u00eda. Pero no debemos descuidar la higiene, ya que es algo b\u00e1sico para evitar enfermedades. [&hellip;]<\/p>\n","protected":false},"author":40,"featured_media":0,"parent":0,"menu_order":0,"comment_status":"closed","ping_status":"closed","template":"","meta":{"_acf_changed":false,"footnotes":""},"class_list":["post-2120","page","type-page","status-publish","hentry"],"acf":[],"_links":{"self":[{"href":"https:\/\/www.kiwoko.com\/blogmundoanimal\/wp-json\/wp\/v2\/pages\/2120","targetHints":{"allow":["GET"]}}],"collection":[{"href":"https:\/\/www.kiwoko.com\/blogmundoanimal\/wp-json\/wp\/v2\/pages"}],"about":[{"href":"https:\/\/www.kiwoko.com\/blogmundoanimal\/wp-json\/wp\/v2\/types\/page"}],"author":[{"embeddable":true,"href":"https:\/\/www.kiwoko.com\/blogmundoanimal\/wp-json\/wp\/v2\/users\/40"}],"replies":[{"embeddable":true,"href":"https:\/\/www.kiwoko.com\/blogmundoanimal\/wp-json\/wp\/v2\/comments?post=2120"}],"version-history":[{"count":1,"href":"https:\/\/www.kiwoko.com\/blogmundoanimal\/wp-json\/wp\/v2\/pages\/2120\/revisions"}],"predecessor-version":[{"id":2122,"href":"https:\/\/www.kiwoko.com\/blogmundoanimal\/wp-json\/wp\/v2\/pages\/2120\/revisions\/2122"}],"wp:attachment":[{"href":"https:\/\/www.kiwoko.com\/blogmundoanimal\/wp-json\/wp\/v2\/media?parent=2120"}],"curies":[{"name":"wp","href":"https:\/\/api.w.org\/{rel}","templated":true}]}}