{"id":2154,"date":"2019-08-05T17:09:38","date_gmt":"2019-08-05T17:09:38","guid":{"rendered":"https:\/\/dev-kiwoko-es.on-dev.com\/blogmundoanimal\/?page_id=2154"},"modified":"2020-08-12T13:33:41","modified_gmt":"2020-08-12T11:33:41","slug":"guia-completa-periquitos","status":"publish","type":"page","link":"https:\/\/www.kiwoko.com\/blogmundoanimal\/guia-completa-periquitos\/","title":{"rendered":"Gu\u00eda completa sobre los periquitos"},"content":{"rendered":"<div id=\"ez-toc-container\" class=\"ez-toc-v2_0_82_2 counter-hierarchy ez-toc-counter ez-toc-grey ez-toc-container-direction\">\n<div class=\"ez-toc-title-container\">\n<p class=\"ez-toc-title\" style=\"cursor:inherit\">\u00cdndice<\/p>\n<span class=\"ez-toc-title-toggle\"><a href=\"#\" class=\"ez-toc-pull-right ez-toc-btn ez-toc-btn-xs ez-toc-btn-default ez-toc-toggle\" aria-label=\"Alternar tabla de contenidos\"><span class=\"ez-toc-js-icon-con\"><span class=\"\"><span class=\"eztoc-hide\" style=\"display:none;\">Toggle<\/span><span class=\"ez-toc-icon-toggle-span\"><svg style=\"fill: #999;color:#999\" xmlns=\"http:\/\/www.w3.org\/2000\/svg\" class=\"list-377408\" width=\"20px\" height=\"20px\" viewBox=\"0 0 24 24\" fill=\"none\"><path d=\"M6 6H4v2h2V6zm14 0H8v2h12V6zM4 11h2v2H4v-2zm16 0H8v2h12v-2zM4 16h2v2H4v-2zm16 0H8v2h12v-2z\" fill=\"currentColor\"><\/path><\/svg><svg style=\"fill: #999;color:#999\" class=\"arrow-unsorted-368013\" xmlns=\"http:\/\/www.w3.org\/2000\/svg\" width=\"10px\" height=\"10px\" viewBox=\"0 0 24 24\" version=\"1.2\" baseProfile=\"tiny\"><path d=\"M18.2 9.3l-6.2-6.3-6.2 6.3c-.2.2-.3.4-.3.7s.1.5.3.7c.2.2.4.3.7.3h11c.3 0 .5-.1.7-.3.2-.2.3-.5.3-.7s-.1-.5-.3-.7zM5.8 14.7l6.2 6.3 6.2-6.3c.2-.2.3-.5.3-.7s-.1-.5-.3-.7c-.2-.2-.4-.3-.7-.3h-11c-.3 0-.5.1-.7.3-.2.2-.3.5-.3.7s.1.5.3.7z\"\/><\/svg><\/span><\/span><\/span><\/a><\/span><\/div>\n<nav><ul class='ez-toc-list ez-toc-list-level-1 ' ><li class='ez-toc-page-1 ez-toc-heading-level-2'><a class=\"ez-toc-link ez-toc-heading-1\" href=\"https:\/\/www.kiwoko.com\/blogmundoanimal\/periquitos-sus-cuidados-y-necesidades\/#Recomendaciones_para_el_cuidado_de_los_periquitos\" >Recomendaciones para el cuidado de los periquitos<\/a><\/li><li class='ez-toc-page-1 ez-toc-heading-level-2'><a class=\"ez-toc-link ez-toc-heading-2\" href=\"https:\/\/www.kiwoko.com\/blogmundoanimal\/periquitos-sus-cuidados-y-necesidades\/#%C2%BFComo_debe_ser_la_jaula_de_un_periquito\" >\u00bfC\u00f3mo debe ser la jaula de un periquito?<\/a><ul class='ez-toc-list-level-3' ><li class='ez-toc-heading-level-3'><a class=\"ez-toc-link ez-toc-heading-3\" href=\"https:\/\/www.kiwoko.com\/blogmundoanimal\/periquitos-sus-cuidados-y-necesidades\/#%C2%BFComo_debe_ser_la_jaula_de_un_periquito-2\" >\u00bfC\u00f3mo debe ser la jaula de un periquito?<\/a><\/li><li class='ez-toc-page-1 ez-toc-heading-level-3'><a class=\"ez-toc-link ez-toc-heading-4\" href=\"https:\/\/www.kiwoko.com\/blogmundoanimal\/periquitos-sus-cuidados-y-necesidades\/#%C2%BFDonde_colocar_la_jaula_del_periquito\" >\u00bfD\u00f3nde colocar la jaula del periquito?<\/a><\/li><li class='ez-toc-page-1 ez-toc-heading-level-3'><a class=\"ez-toc-link ez-toc-heading-5\" href=\"https:\/\/www.kiwoko.com\/blogmundoanimal\/periquitos-sus-cuidados-y-necesidades\/#%C2%BFQue_complementos_necesita_la_jaula_de_un_periquito\" >\u00bfQu\u00e9 complementos necesita la jaula de un periquito?<\/a><\/li><\/ul><\/li><li class='ez-toc-page-1 ez-toc-heading-level-2'><a class=\"ez-toc-link ez-toc-heading-6\" href=\"https:\/\/www.kiwoko.com\/blogmundoanimal\/periquitos-sus-cuidados-y-necesidades\/#Lecho_y_Limpieza\" >Lecho y Limpieza<\/a><ul class='ez-toc-list-level-3' ><li class='ez-toc-heading-level-3'><a class=\"ez-toc-link ez-toc-heading-7\" href=\"https:\/\/www.kiwoko.com\/blogmundoanimal\/periquitos-sus-cuidados-y-necesidades\/#%C2%BFComo_limpiar_la_jaula_del_periquito\" >\u00bfC\u00f3mo limpiar la jaula del periquito?<\/a><\/li><\/ul><\/li><li class='ez-toc-page-1 ez-toc-heading-level-2'><a class=\"ez-toc-link ez-toc-heading-8\" href=\"https:\/\/www.kiwoko.com\/blogmundoanimal\/periquitos-sus-cuidados-y-necesidades\/#Alimentacion_de_los_periquitos\" >Alimentaci\u00f3n de los periquitos<\/a><ul class='ez-toc-list-level-3' ><li class='ez-toc-heading-level-3'><a class=\"ez-toc-link ez-toc-heading-9\" href=\"https:\/\/www.kiwoko.com\/blogmundoanimal\/periquitos-sus-cuidados-y-necesidades\/#%C2%BFQue_comen_los_periquitos\" >\u00bfQu\u00e9 comen los periquitos?<\/a><\/li><\/ul><\/li><li class='ez-toc-page-1 ez-toc-heading-level-2'><a class=\"ez-toc-link ez-toc-heading-10\" href=\"https:\/\/www.kiwoko.com\/blogmundoanimal\/periquitos-sus-cuidados-y-necesidades\/#Necesidades\" >Necesidades<\/a><ul class='ez-toc-list-level-3' ><li class='ez-toc-heading-level-3'><a class=\"ez-toc-link ez-toc-heading-11\" href=\"https:\/\/www.kiwoko.com\/blogmundoanimal\/periquitos-sus-cuidados-y-necesidades\/#%C2%BFQue_necesitan_los_periquitos\" >\u00bfQu\u00e9 necesitan los periquitos?<\/a><\/li><li class='ez-toc-page-1 ez-toc-heading-level-3'><a class=\"ez-toc-link ez-toc-heading-12\" href=\"https:\/\/www.kiwoko.com\/blogmundoanimal\/periquitos-sus-cuidados-y-necesidades\/#Llegada_a_casa_basicos\" >Llegada a casa (b\u00e1sicos)<\/a><\/li><li class='ez-toc-page-1 ez-toc-heading-level-3'><a class=\"ez-toc-link ez-toc-heading-13\" href=\"https:\/\/www.kiwoko.com\/blogmundoanimal\/periquitos-sus-cuidados-y-necesidades\/#Cuidado_de_la_salud\" >Cuidado de la salud<\/a><\/li><li class='ez-toc-page-1 ez-toc-heading-level-3'><a class=\"ez-toc-link ez-toc-heading-14\" href=\"https:\/\/www.kiwoko.com\/blogmundoanimal\/periquitos-sus-cuidados-y-necesidades\/#Diversion\" >Diversi\u00f3n<\/a><\/li><li class='ez-toc-page-1 ez-toc-heading-level-3'><a class=\"ez-toc-link ez-toc-heading-15\" href=\"https:\/\/www.kiwoko.com\/blogmundoanimal\/periquitos-sus-cuidados-y-necesidades\/#Higiene\" >Higiene<\/a><\/li><\/ul><\/li><\/ul><\/nav><\/div>\n<!-- wp:shortcode -->\n                    <div id=\"periquitos\">\n            <div class=\"posts-list\">\n            <div class=\"row\">\n                        <div class=\"col-md-6 0\">\n                <div class=\"kontainer-category 0\">                    <a href=\"https:\/\/www.kiwoko.com\/blogmundoanimal\/periquitos-el-amaestramiento\/\" class=\"post 0\">\n                        <div class=\"post-image lazyload 0\" style=\"background:inherit;background-size:cover;\" data-bg=\"#DDDDDD url(https:\/\/www.kiwoko.com\/blogmundoanimal\/wp-content\/uploads\/2019\/08\/cabecera-ensenar-periquitos-hacer-trucos-21.jpg) no-repeat\"><\/div>\n                        <div class=\"post-text 0\">\n                            <h2>Consejos para saber c\u00f3mo adiestrar a un periquito<\/h2>\n                            \u00bfTienes un periquito en casa como mascota? \u00bfY quieres amaestrarlo? Seguro que te sorprender\u00edas al ver lo inteligentes y especiales que son. En este post te contamos c\u00f3mo ense\u00f1arle...                        <\/div>\n                    <\/a>\n                <\/div>\n            <\/div>\n                        <div class=\"col-md-6 1\">\n                <div class=\"kontainer-category 1\">                    <a href=\"https:\/\/www.kiwoko.com\/blogmundoanimal\/diferencia-entre-periquitos-y-canarios\/\" class=\"post 1\">\n                        <div class=\"post-image lazyload 1\" style=\"background:inherit;background-size:cover;\" data-bg=\"#DDDDDD url(https:\/\/www.kiwoko.com\/blogmundoanimal\/wp-content\/uploads\/2023\/02\/Proyecto-nuevo-62-min.jpg) no-repeat\"><\/div>\n                        <div class=\"post-text 1\">\n                            <h2>\u00bfCu\u00e1l es la diferencia entre periquitos y canarios?<\/h2>\n                            Los periquitos y los canarios son una de las especies de p\u00e1jaros m\u00e1s populares. Su larga vida, los pocos cuidados que requieren los hace perfectos para tenerlos en pisos...                        <\/div>\n                    <\/a>\n                <\/div>\n            <\/div>\n                        <div class=\"col-md-6 2\">\n                <div class=\"kontainer-category 2\">                    <a href=\"https:\/\/www.kiwoko.com\/blogmundoanimal\/ficha-tecnica-periquito\/\" class=\"post 2\">\n                        <div class=\"post-image lazyload 2\" style=\"background:inherit;background-size:cover;\" data-bg=\"#DDDDDD url(https:\/\/www.kiwoko.com\/blogmundoanimal\/wp-content\/uploads\/2019\/08\/thumb-ficha-tecnica-periquito-27.jpg) no-repeat\"><\/div>\n                        <div class=\"post-text 2\">\n                            <h2>Periquitos: consejos, cuidados y caracter\u00edsticas<\/h2>\n                            Es uno de los p\u00e1jaros m\u00e1s queridos por todos, \u00bfquieres saber un poquito m\u00e1s sobre los periquitos? En este post te contamos c\u00f3mo es, qu\u00e9 comen y algo sobre...                        <\/div>\n                    <\/a>\n                <\/div>\n            <\/div>\n                        <div class=\"col-md-6 3\">\n                <div class=\"kontainer-category 3\">                    <a href=\"https:\/\/www.kiwoko.com\/blogmundoanimal\/periquitos-sus-cuidados-y-necesidades\/\" class=\"post 3\">\n                        <div class=\"post-image lazyload 3\" style=\"background:inherit;background-size:cover;\" data-bg=\"#DDDDDD url(https:\/\/www.kiwoko.com\/blogmundoanimal\/wp-content\/uploads\/2019\/08\/thumb-periquitos-bienvenida-22.jpg) no-repeat\"><\/div>\n                        <div class=\"post-text 3\">\n                            <h2>Periquitos, sus cuidados y necesidades<\/h2>\n                            Si tienes un periquito en casa seguro que te gustar\u00e1 saber un poco m\u00e1s sobre estos alegres p\u00e1jaros. Aqu\u00ed encontrar\u00e1s toda la informaci\u00f3n que necesitas para darles una vida...                        <\/div>\n                    <\/a>\n                <\/div>\n            <\/div>\n            <\/div>\n        <\/div>\n                    <div class=\"row\">\n                <div class=\"col-lg-12 mb-5\">\n                    <button id=\"periquitos-load-more-articles\" class=\"btn load-more\" data-cat=\"\" data-tag=\"periquitos\" data-animal=\"P\u00e1jaros\"\n                data-numpost=\"4\">Cargar m\u00e1s articulos<\/button>\n                <\/div>\n            <\/div>\n            <script>\n                document.addEventListener('DOMContentLoaded', function () {\n                const buttons = document.querySelectorAll('.btn.load-more');\n\n                buttons.forEach(function (button) {\n                    button.addEventListener('click', function () {\n                    const title = button.getAttribute('data-title') || '';\n                    const link = button.getAttribute('data-link') || window.location.href;\n                    const position = button.getAttribute('data-position') || '';\n                    const category = button.getAttribute('data-cat') || '';\n                    const linkText = button.innerText || button.textContent;\n\n                    window.dataLayer = window.dataLayer || [];\n                    window.dataLayer.push({\n                        'event': 'blog_mas_articulos',\n                        'event_name': 'blog_mas_articulos',\n                        'position': position,\n                        'link_text': linkText,\n                        'link_url': link,\n                        'category': category,\n                        'product_name': title\n                    });\n                    });\n                });\n                });\n            <\/script> \n                <div id=\"periquitos-loading-elements\" class=\"text-center mt-1 loading-elements\"><div class=\"lds-ellipsis\"><div><\/div><div><\/div><div><\/div><div><\/div><\/div><\/div>\n                    <\/div>\n<!-- \/wp:shortcode -->","protected":false},"excerpt":{"rendered":"<p>Tal vez te est\u00e9s preguntando si es f\u00e1cil cuidar a un periquito o si requiere de muchos sacrificios. No te preocupes, siguiendo las siguientes recomendaciones sobre la jaula, la comida y los cuidados b\u00e1sicos podr\u00e1s mantenerlo feliz durante muchos a\u00f1os. Comencemos por saber un poco m\u00e1s sobre ellos: Nombre cient\u00edfico: Melopsittacus undulatus Origen: zonas interiores [&hellip;]<\/p>\n","protected":false},"author":40,"featured_media":0,"parent":0,"menu_order":0,"comment_status":"closed","ping_status":"closed","template":"","meta":{"_acf_changed":false,"footnotes":""},"class_list":["post-2154","page","type-page","status-publish","hentry"],"acf":[],"_links":{"self":[{"href":"https:\/\/www.kiwoko.com\/blogmundoanimal\/wp-json\/wp\/v2\/pages\/2154","targetHints":{"allow":["GET"]}}],"collection":[{"href":"https:\/\/www.kiwoko.com\/blogmundoanimal\/wp-json\/wp\/v2\/pages"}],"about":[{"href":"https:\/\/www.kiwoko.com\/blogmundoanimal\/wp-json\/wp\/v2\/types\/page"}],"author":[{"embeddable":true,"href":"https:\/\/www.kiwoko.com\/blogmundoanimal\/wp-json\/wp\/v2\/users\/40"}],"replies":[{"embeddable":true,"href":"https:\/\/www.kiwoko.com\/blogmundoanimal\/wp-json\/wp\/v2\/comments?post=2154"}],"version-history":[{"count":2,"href":"https:\/\/www.kiwoko.com\/blogmundoanimal\/wp-json\/wp\/v2\/pages\/2154\/revisions"}],"predecessor-version":[{"id":2173,"href":"https:\/\/www.kiwoko.com\/blogmundoanimal\/wp-json\/wp\/v2\/pages\/2154\/revisions\/2173"}],"wp:attachment":[{"href":"https:\/\/www.kiwoko.com\/blogmundoanimal\/wp-json\/wp\/v2\/media?parent=2154"}],"curies":[{"name":"wp","href":"https:\/\/api.w.org\/{rel}","templated":true}]}}