{"id":2185,"date":"2019-08-05T17:37:54","date_gmt":"2019-08-05T17:37:54","guid":{"rendered":"https:\/\/dev-kiwoko-es.on-dev.com\/blogmundoanimal\/?page_id=2185"},"modified":"2020-08-12T11:39:16","modified_gmt":"2020-08-12T09:39:16","slug":"salud-y-cuidados-de-los-pajaros-domesticos","status":"publish","type":"page","link":"https:\/\/www.kiwoko.com\/blogmundoanimal\/salud-y-cuidados-de-los-pajaros-domesticos\/","title":{"rendered":"Salud y cuidados de los p\u00e1jaros dom\u00e9sticos"},"content":{"rendered":"<div id=\"ez-toc-container\" class=\"ez-toc-v2_0_82_2 counter-hierarchy ez-toc-counter ez-toc-grey ez-toc-container-direction\">\n<div class=\"ez-toc-title-container\">\n<p class=\"ez-toc-title\" style=\"cursor:inherit\">\u00cdndice<\/p>\n<span class=\"ez-toc-title-toggle\"><a href=\"#\" class=\"ez-toc-pull-right ez-toc-btn ez-toc-btn-xs ez-toc-btn-default ez-toc-toggle\" aria-label=\"Alternar tabla de contenidos\"><span class=\"ez-toc-js-icon-con\"><span class=\"\"><span class=\"eztoc-hide\" style=\"display:none;\">Toggle<\/span><span class=\"ez-toc-icon-toggle-span\"><svg style=\"fill: #999;color:#999\" xmlns=\"http:\/\/www.w3.org\/2000\/svg\" class=\"list-377408\" width=\"20px\" height=\"20px\" viewBox=\"0 0 24 24\" fill=\"none\"><path d=\"M6 6H4v2h2V6zm14 0H8v2h12V6zM4 11h2v2H4v-2zm16 0H8v2h12v-2zM4 16h2v2H4v-2zm16 0H8v2h12v-2z\" fill=\"currentColor\"><\/path><\/svg><svg style=\"fill: #999;color:#999\" class=\"arrow-unsorted-368013\" xmlns=\"http:\/\/www.w3.org\/2000\/svg\" width=\"10px\" height=\"10px\" viewBox=\"0 0 24 24\" version=\"1.2\" baseProfile=\"tiny\"><path d=\"M18.2 9.3l-6.2-6.3-6.2 6.3c-.2.2-.3.4-.3.7s.1.5.3.7c.2.2.4.3.7.3h11c.3 0 .5-.1.7-.3.2-.2.3-.5.3-.7s-.1-.5-.3-.7zM5.8 14.7l6.2 6.3 6.2-6.3c.2-.2.3-.5.3-.7s-.1-.5-.3-.7c-.2-.2-.4-.3-.7-.3h-11c-.3 0-.5.1-.7.3-.2.2-.3.5-.3.7s.1.5.3.7z\"\/><\/svg><\/span><\/span><\/span><\/a><\/span><\/div>\n<nav><ul class='ez-toc-list ez-toc-list-level-1 ' ><li class='ez-toc-page-1 ez-toc-heading-level-2'><a class=\"ez-toc-link ez-toc-heading-1\" href=\"https:\/\/www.kiwoko.com\/blogmundoanimal\/muda-plumas-aves\/#Tipos_de_muda_en_aves\" >Tipos de muda en aves<\/a><\/li><li class='ez-toc-page-1 ez-toc-heading-level-2'><a class=\"ez-toc-link ez-toc-heading-2\" href=\"https:\/\/www.kiwoko.com\/blogmundoanimal\/muda-plumas-aves\/#%C2%BFComo_puedes_cuidar_a_tu_pajaro_durante_la_muda\" >\u00bfC\u00f3mo puedes cuidar a tu p\u00e1jaro durante la muda?<\/a><ul class='ez-toc-list-level-3' ><li class='ez-toc-heading-level-3'><a class=\"ez-toc-link ez-toc-heading-3\" href=\"https:\/\/www.kiwoko.com\/blogmundoanimal\/muda-plumas-aves\/#Alimentacion_adecuada\" >Alimentaci\u00f3n adecuada<\/a><\/li><li class='ez-toc-page-1 ez-toc-heading-level-3'><a class=\"ez-toc-link ez-toc-heading-4\" href=\"https:\/\/www.kiwoko.com\/blogmundoanimal\/muda-plumas-aves\/#Revisa_el_plumaje_y_ofrecele_suplementacion\" >Revisa el plumaje y ofr\u00e9cele suplementaci\u00f3n<\/a><\/li><li class='ez-toc-page-1 ez-toc-heading-level-3'><a class=\"ez-toc-link ez-toc-heading-5\" href=\"https:\/\/www.kiwoko.com\/blogmundoanimal\/muda-plumas-aves\/#Control_de_la_humedad_y_accesibilidad_al_agua\" >Control de la humedad y accesibilidad al agua<\/a><\/li><li class='ez-toc-page-1 ez-toc-heading-level-3'><a class=\"ez-toc-link ez-toc-heading-6\" href=\"https:\/\/www.kiwoko.com\/blogmundoanimal\/muda-plumas-aves\/#Cambia_la_ubicacion_de_la_jaula\" >Cambia la ubicaci\u00f3n de la jaula<\/a><\/li><\/ul><\/li><\/ul><\/nav><\/div>\n<!-- wp:shortcode -->\n                    <div id=\"salud-y-cuidados\">\n            <div class=\"posts-list\">\n            <div class=\"row\">\n                        <div class=\"col-md-6 0\">\n                <div class=\"kontainer-category 0\">                    <a href=\"https:\/\/www.kiwoko.com\/blogmundoanimal\/muda-canarios\/\" class=\"post 0\">\n                        <div class=\"post-image lazyload 0\" style=\"background:inherit;background-size:cover;\" data-bg=\"#DDDDDD url(https:\/\/www.kiwoko.com\/blogmundoanimal\/wp-content\/uploads\/2022\/03\/muda-de-canarios.jpg) no-repeat\"><\/div>\n                        <div class=\"post-text 0\">\n                            <h2>La muda en los canarios: Todo lo que necesitas saber<\/h2>\n                            La alimentaci\u00f3n en la muda de canarios es determinante                        <\/div>\n                    <\/a>\n                <\/div>\n            <\/div>\n                        <div class=\"col-md-6 1\">\n                <div class=\"kontainer-category 1\">                    <a href=\"https:\/\/www.kiwoko.com\/blogmundoanimal\/guia-cria-de-canarios-en-casa\/\" class=\"post 1\">\n                        <div class=\"post-image lazyload 1\" style=\"background:inherit;background-size:cover;\" data-bg=\"#DDDDDD url(https:\/\/www.kiwoko.com\/blogmundoanimal\/wp-content\/uploads\/2018\/05\/como-criar-canarios.png) no-repeat\"><\/div>\n                        <div class=\"post-text 1\">\n                            <h2>\u00bfC\u00f3mo criar canarios en casa? Gu\u00eda definitiva<\/h2>\n                            Toda la informaci\u00f3n principal paso a paso para criar canarios en casa por primera vez.                        <\/div>\n                    <\/a>\n                <\/div>\n            <\/div>\n                        <div class=\"col-md-6 2\">\n                <div class=\"kontainer-category 2\">                    <a href=\"https:\/\/www.kiwoko.com\/blogmundoanimal\/cuidados-especiales-pajaros-invierno\/\" class=\"post 2\">\n                        <div class=\"post-image lazyload 2\" style=\"background:inherit;background-size:cover;\" data-bg=\"#DDDDDD url(https:\/\/www.kiwoko.com\/blogmundoanimal\/wp-content\/uploads\/2019\/11\/cuidado-p\u00e1jaro-invierno.jpg) no-repeat\"><\/div>\n                        <div class=\"post-text 2\">\n                            <h2>C\u00f3mo proteger a los p\u00e1jaros del fr\u00edo: Cuidados durante el invierno<\/h2>\n                            \u00bfQuieres saber qu\u00e9 cuidados especiales necesitan los p\u00e1jaros cuando bajan las temperaturas? En este post te contamos c\u00f3mo cuidar a tus p\u00e1jaros durante los meses m\u00e1s fr\u00edos del a\u00f1o....                        <\/div>\n                    <\/a>\n                <\/div>\n            <\/div>\n                        <div class=\"col-md-6 3\">\n                <div class=\"kontainer-category 3\">                    <a href=\"https:\/\/www.kiwoko.com\/blogmundoanimal\/muda-plumas-aves\/\" class=\"post 3\">\n                        <div class=\"post-image lazyload 3\" style=\"background:inherit;background-size:cover;\" data-bg=\"#DDDDDD url(https:\/\/www.kiwoko.com\/blogmundoanimal\/wp-content\/uploads\/2019\/08\/cabecera-muda-plumas-aves.jpg) no-repeat\"><\/div>\n                        <div class=\"post-text 3\">\n                            <h2>\u00bfC\u00f3mo cuidar a tu ave durante la muda del plumaje?<\/h2>\n                            En este post te contamos en qu\u00e9 consiste y qu\u00e9 puedes hacer cuando tu p\u00e1jaro est\u00e1 mudando las plumas. \u00a1Sigue leyendo!                        <\/div>\n                    <\/a>\n                <\/div>\n            <\/div>\n            <\/div>\n        <\/div>\n                    <div class=\"row\">\n                <div class=\"col-lg-12 mb-5\">\n                    <button id=\"salud-y-cuidados-load-more-articles\" class=\"btn load-more\" data-cat=\"salud-y-cuidados + P\u00e1jaros\" data-tag=\"\" data-animal=\"P\u00e1jaros\"\n                data-numpost=\"4\">Cargar m\u00e1s articulos<\/button>\n                <\/div>\n            <\/div>\n            <script>\n                document.addEventListener('DOMContentLoaded', function () {\n                const buttons = document.querySelectorAll('.btn.load-more');\n\n                buttons.forEach(function (button) {\n                    button.addEventListener('click', function () {\n                    const title = button.getAttribute('data-title') || '';\n                    const link = button.getAttribute('data-link') || window.location.href;\n                    const position = button.getAttribute('data-position') || '';\n                    const category = button.getAttribute('data-cat') || '';\n                    const linkText = button.innerText || button.textContent;\n\n                    window.dataLayer = window.dataLayer || [];\n                    window.dataLayer.push({\n                        'event': 'blog_mas_articulos',\n                        'event_name': 'blog_mas_articulos',\n                        'position': position,\n                        'link_text': linkText,\n                        'link_url': link,\n                        'category': category,\n                        'product_name': title\n                    });\n                    });\n                });\n                });\n            <\/script> \n                <div id=\"salud-y-cuidados-loading-elements\" class=\"text-center mt-1 loading-elements\"><div class=\"lds-ellipsis\"><div><\/div><div><\/div><div><\/div><div><\/div><\/div><\/div>\n                    <\/div>\n<!-- \/wp:shortcode -->","protected":false},"excerpt":{"rendered":"<p>Los p\u00e1jaros al igual que los perros y los gatos, mudan su pelaje, en el caso de las aves, las plumas. La muda es un proceso delicado para tu mascota porque a la vez que se desprende de las plumas, tiene que generar unas nuevas, por lo que muchas aves est\u00e1n m\u00e1s irascibles durante la [&hellip;]<\/p>\n","protected":false},"author":40,"featured_media":0,"parent":0,"menu_order":0,"comment_status":"closed","ping_status":"closed","template":"","meta":{"_acf_changed":false,"footnotes":""},"class_list":["post-2185","page","type-page","status-publish","hentry"],"acf":[],"_links":{"self":[{"href":"https:\/\/www.kiwoko.com\/blogmundoanimal\/wp-json\/wp\/v2\/pages\/2185","targetHints":{"allow":["GET"]}}],"collection":[{"href":"https:\/\/www.kiwoko.com\/blogmundoanimal\/wp-json\/wp\/v2\/pages"}],"about":[{"href":"https:\/\/www.kiwoko.com\/blogmundoanimal\/wp-json\/wp\/v2\/types\/page"}],"author":[{"embeddable":true,"href":"https:\/\/www.kiwoko.com\/blogmundoanimal\/wp-json\/wp\/v2\/users\/40"}],"replies":[{"embeddable":true,"href":"https:\/\/www.kiwoko.com\/blogmundoanimal\/wp-json\/wp\/v2\/comments?post=2185"}],"version-history":[{"count":7,"href":"https:\/\/www.kiwoko.com\/blogmundoanimal\/wp-json\/wp\/v2\/pages\/2185\/revisions"}],"predecessor-version":[{"id":4004,"href":"https:\/\/www.kiwoko.com\/blogmundoanimal\/wp-json\/wp\/v2\/pages\/2185\/revisions\/4004"}],"wp:attachment":[{"href":"https:\/\/www.kiwoko.com\/blogmundoanimal\/wp-json\/wp\/v2\/media?parent=2185"}],"curies":[{"name":"wp","href":"https:\/\/api.w.org\/{rel}","templated":true}]}}