{"id":2205,"date":"2019-08-05T17:51:13","date_gmt":"2019-08-05T17:51:13","guid":{"rendered":"https:\/\/dev-kiwoko-es.on-dev.com\/blogmundoanimal\/?page_id=2205"},"modified":"2020-05-25T17:04:12","modified_gmt":"2020-05-25T15:04:12","slug":"consejos-para-reptiles-recien-llegados","status":"publish","type":"page","link":"https:\/\/www.kiwoko.com\/blogmundoanimal\/consejos-para-reptiles-recien-llegados\/","title":{"rendered":"Consejos para reptiles reci\u00e9n llegados"},"content":{"rendered":"<div id=\"ez-toc-container\" class=\"ez-toc-v2_0_82_2 counter-hierarchy ez-toc-counter ez-toc-grey ez-toc-container-direction\">\n<div class=\"ez-toc-title-container\">\n<p class=\"ez-toc-title\" style=\"cursor:inherit\">\u00cdndice<\/p>\n<span class=\"ez-toc-title-toggle\"><a href=\"#\" class=\"ez-toc-pull-right ez-toc-btn ez-toc-btn-xs ez-toc-btn-default ez-toc-toggle\" aria-label=\"Alternar tabla de contenidos\"><span class=\"ez-toc-js-icon-con\"><span class=\"\"><span class=\"eztoc-hide\" style=\"display:none;\">Toggle<\/span><span class=\"ez-toc-icon-toggle-span\"><svg style=\"fill: #999;color:#999\" xmlns=\"http:\/\/www.w3.org\/2000\/svg\" class=\"list-377408\" width=\"20px\" height=\"20px\" viewBox=\"0 0 24 24\" fill=\"none\"><path d=\"M6 6H4v2h2V6zm14 0H8v2h12V6zM4 11h2v2H4v-2zm16 0H8v2h12v-2zM4 16h2v2H4v-2zm16 0H8v2h12v-2z\" fill=\"currentColor\"><\/path><\/svg><svg style=\"fill: #999;color:#999\" class=\"arrow-unsorted-368013\" xmlns=\"http:\/\/www.w3.org\/2000\/svg\" width=\"10px\" height=\"10px\" viewBox=\"0 0 24 24\" version=\"1.2\" baseProfile=\"tiny\"><path d=\"M18.2 9.3l-6.2-6.3-6.2 6.3c-.2.2-.3.4-.3.7s.1.5.3.7c.2.2.4.3.7.3h11c.3 0 .5-.1.7-.3.2-.2.3-.5.3-.7s-.1-.5-.3-.7zM5.8 14.7l6.2 6.3 6.2-6.3c.2-.2.3-.5.3-.7s-.1-.5-.3-.7c-.2-.2-.4-.3-.7-.3h-11c-.3 0-.5.1-.7.3-.2.2-.3.5-.3.7s.1.5.3.7z\"\/><\/svg><\/span><\/span><\/span><\/a><\/span><\/div>\n<nav><ul class='ez-toc-list ez-toc-list-level-1 ' ><li class='ez-toc-page-1 ez-toc-heading-level-2'><a class=\"ez-toc-link ez-toc-heading-1\" href=\"https:\/\/www.kiwoko.com\/blogmundoanimal\/gecko-leopardo-una-lagarto-peculiar\/#Recomendaciones_para_el_cuidado_de_un_gecko_leopardo\" >Recomendaciones para el cuidado de un gecko leopardo<\/a><ul class='ez-toc-list-level-3' ><li class='ez-toc-heading-level-3'><a class=\"ez-toc-link ez-toc-heading-2\" href=\"https:\/\/www.kiwoko.com\/blogmundoanimal\/gecko-leopardo-una-lagarto-peculiar\/#%C2%BFComo_debe_ser_el_terrario_de_mi_gecko_leopardo\" >\u00bfC\u00f3mo debe ser el terrario de mi gecko leopardo?<\/a><\/li><li class='ez-toc-page-1 ez-toc-heading-level-3'><a class=\"ez-toc-link ez-toc-heading-3\" href=\"https:\/\/www.kiwoko.com\/blogmundoanimal\/gecko-leopardo-una-lagarto-peculiar\/#%C2%BFComo_iluminar_el_terrario_de_un_gecko\" >\u00bfC\u00f3mo iluminar el terrario de un gecko?<\/a><\/li><li class='ez-toc-page-1 ez-toc-heading-level-3'><a class=\"ez-toc-link ez-toc-heading-4\" href=\"https:\/\/www.kiwoko.com\/blogmundoanimal\/gecko-leopardo-una-lagarto-peculiar\/#%C2%BFComo_decorar_el_terrario_de_un_gecko\" >\u00bfC\u00f3mo decorar el terrario de un gecko?<\/a><\/li><\/ul><\/li><li class='ez-toc-page-1 ez-toc-heading-level-2'><a class=\"ez-toc-link ez-toc-heading-5\" href=\"https:\/\/www.kiwoko.com\/blogmundoanimal\/gecko-leopardo-una-lagarto-peculiar\/#Alimentacion_de_los_geckos\" >Alimentaci\u00f3n de los geckos<\/a><ul class='ez-toc-list-level-3' ><li class='ez-toc-heading-level-3'><a class=\"ez-toc-link ez-toc-heading-6\" href=\"https:\/\/www.kiwoko.com\/blogmundoanimal\/gecko-leopardo-una-lagarto-peculiar\/#%C2%BFQue_come_el_gecko_leopardo\" >\u00bfQu\u00e9 come el gecko leopardo?<\/a><\/li><\/ul><\/li><li class='ez-toc-page-1 ez-toc-heading-level-2'><a class=\"ez-toc-link ez-toc-heading-7\" href=\"https:\/\/www.kiwoko.com\/blogmundoanimal\/gecko-leopardo-una-lagarto-peculiar\/#Cuidados_de_los_geckos\" >Cuidados de los geckos<\/a><ul class='ez-toc-list-level-3' ><li class='ez-toc-heading-level-3'><a class=\"ez-toc-link ez-toc-heading-8\" href=\"https:\/\/www.kiwoko.com\/blogmundoanimal\/gecko-leopardo-una-lagarto-peculiar\/#%C2%BFComo_cuidar_a_tu_gecko\" >\u00bfC\u00f3mo cuidar a tu gecko?<\/a><\/li><\/ul><\/li><\/ul><\/nav><\/div>\n<!-- wp:shortcode -->\n                    <div id=\"recien-llegados\">\n            <div class=\"posts-list\">\n            <div class=\"row\">\n                        <div class=\"col-md-6 0\">\n                <div class=\"kontainer-category 0\">                    <a href=\"https:\/\/www.kiwoko.com\/blogmundoanimal\/tortuga-de-tierra-cuidados-alimentacion-curiosidades\/\" class=\"post 0\">\n                        <div class=\"post-image lazyload 0\" style=\"background:inherit;background-size:cover;\" data-bg=\"#DDDDDD url(https:\/\/www.kiwoko.com\/blogmundoanimal\/wp-content\/uploads\/2025\/11\/tortuga-de-tierra.jpg) no-repeat\"><\/div>\n                        <div class=\"post-text 0\">\n                            <h2>Tortuga de tierra: Cuidados, alimentaci\u00f3n y curiosidades<\/h2>\n                            Si est\u00e1s pensando en tener una tortuga de tierra como compa\u00f1era de vida, o ya convives con una, seguro que te has hecho esta pregunta m\u00e1s de una vez:...                        <\/div>\n                    <\/a>\n                <\/div>\n            <\/div>\n                        <div class=\"col-md-6 1\">\n                <div class=\"kontainer-category 1\">                    <a href=\"https:\/\/www.kiwoko.com\/blogmundoanimal\/rana-pacman\/\" class=\"post 1\">\n                        <div class=\"post-image lazyload 1\" style=\"background:inherit;background-size:cover;\" data-bg=\"#DDDDDD url(https:\/\/www.kiwoko.com\/blogmundoanimal\/wp-content\/uploads\/2022\/03\/Rana-Pacman.jpg) no-repeat\"><\/div>\n                        <div class=\"post-text 1\">\n                            <h2>Rana Pacman: Cuidados, terrario ideal y todo lo que necesitas saber<\/h2>\n                            La rana Pacman se caracteriza por su baja actividad f\u00edsica                        <\/div>\n                    <\/a>\n                <\/div>\n            <\/div>\n                        <div class=\"col-md-6 2\">\n                <div class=\"kontainer-category 2\">                    <a href=\"https:\/\/www.kiwoko.com\/blogmundoanimal\/serpiente-del-maiz-ficha-cuidados\/\" class=\"post 2\">\n                        <div class=\"post-image lazyload 2\" style=\"background:inherit;background-size:cover;\" data-bg=\"#DDDDDD url(https:\/\/www.kiwoko.com\/blogmundoanimal\/wp-content\/uploads\/2025\/07\/serpiente-del-maiz.jpg) no-repeat\"><\/div>\n                        <div class=\"post-text 2\">\n                            <h2>Serpiente del ma\u00edz: Cuidados, terrario, alimentaci\u00f3n y todo lo que necesitas saber<\/h2>\n                            Elegante, silenciosa, fascinante... La serpiente del ma\u00edz se ha convertido en uno de los animales de compa\u00f1\u00eda ex\u00f3ticos m\u00e1s queridos por los amantes de los reptiles. Y no es...                        <\/div>\n                    <\/a>\n                <\/div>\n            <\/div>\n                        <div class=\"col-md-6 3\">\n                <div class=\"kontainer-category 3\">                    <a href=\"https:\/\/www.kiwoko.com\/blogmundoanimal\/iguanas-cuidados-necesidades\/\" class=\"post 3\">\n                        <div class=\"post-image lazyload 3\" style=\"background:inherit;background-size:cover;\" data-bg=\"#DDDDDD url(https:\/\/www.kiwoko.com\/blogmundoanimal\/wp-content\/uploads\/2019\/09\/iguana.jpg) no-repeat\"><\/div>\n                        <div class=\"post-text 3\">\n                            <h2>Gu\u00eda completa sobre las iguanas: Cuidado, alimentaci\u00f3n y consejos para tenerlas como mascotas<\/h2>\n                            En este post te contamos c\u00f3mo es y qu\u00e9 cuidados necesitan las iguanas para vivir sanas y felices. \u00a1Sigue leyendo!                        <\/div>\n                    <\/a>\n                <\/div>\n            <\/div>\n                        <div class=\"col-md-6 4\">\n                <div class=\"kontainer-category 4\">                    <a href=\"https:\/\/www.kiwoko.com\/blogmundoanimal\/el-desierto-australiano-en-la-ciudad-de-las-pogonas\/\" class=\"post 4\">\n                        <div class=\"post-image lazyload 4\" style=\"background:inherit;background-size:cover;\" data-bg=\"#DDDDDD url(https:\/\/www.kiwoko.com\/blogmundoanimal\/wp-content\/uploads\/2019\/05\/cuidados-pogona.jpg) no-repeat\"><\/div>\n                        <div class=\"post-text 4\">\n                            <h2>Cuidados y caracter\u00edstica de una Pogona<\/h2>\n                            En este post te contamos c\u00f3mo es y qu\u00e9 cuidados necesitan las pogonas para vivir sanas y felices. \u00a1Sigue leyendo!                        <\/div>\n                    <\/a>\n                <\/div>\n            <\/div>\n                        <div class=\"col-md-6 5\">\n                <div class=\"kontainer-category 5\">                    <a href=\"https:\/\/www.kiwoko.com\/blogmundoanimal\/tortugas-acuaticas-sus-cuidados-y-necesidades\/\" class=\"post 5\">\n                        <div class=\"post-image lazyload 5\" style=\"background:inherit;background-size:cover;\" data-bg=\"#DDDDDD url(https:\/\/www.kiwoko.com\/blogmundoanimal\/wp-content\/uploads\/2020\/06\/tortuga-acuatica-cuidados-y-caracteristicas.jpg) no-repeat\"><\/div>\n                        <div class=\"post-text 5\">\n                            <h2>Gu\u00eda completa de cuidados de las tortugas acu\u00e1ticas<\/h2>\n                            Si has tomado la firme decisi\u00f3n de adoptar una tortuga acu\u00e1tica como mascota, te ense\u00f1amos todos los aspectos que debes tener en cuenta para cuidar como se merece a...                        <\/div>\n                    <\/a>\n                <\/div>\n            <\/div>\n                        <div class=\"col-md-6 6\">\n                <div class=\"kontainer-category 6\">                    <a href=\"https:\/\/www.kiwoko.com\/blogmundoanimal\/consejos-antes-de-adquirir-un-reptil-como-mascota\/\" class=\"post 6\">\n                        <div class=\"post-image lazyload 6\" style=\"background:inherit;background-size:cover;\" data-bg=\"#DDDDDD url(https:\/\/www.kiwoko.com\/blogmundoanimal\/wp-content\/uploads\/2023\/07\/reptil-como-mascota.jpg) no-repeat\"><\/div>\n                        <div class=\"post-text 6\">\n                            <h2>Consejos antes de adquirir un reptil como mascota<\/h2>\n                            Adquirir un reptil como mascota puede ser una experiencia fascinante. Sin embargo, antes de tomar la decisi\u00f3n de tener uno, es imperante estar preparado y comprender los cuidados espec\u00edficos...                        <\/div>\n                    <\/a>\n                <\/div>\n            <\/div>\n                        <div class=\"col-md-6 7\">\n                <div class=\"kontainer-category 7\">                    <a href=\"https:\/\/www.kiwoko.com\/blogmundoanimal\/gecko-leopardo-una-lagarto-peculiar\/\" class=\"post 7\">\n                        <div class=\"post-image lazyload 7\" style=\"background:inherit;background-size:cover;\" data-bg=\"#DDDDDD url(https:\/\/www.kiwoko.com\/blogmundoanimal\/wp-content\/uploads\/2019\/06\/Gecko-leopardo-cuidados-caracteristicas.jpg) no-repeat\"><\/div>\n                        <div class=\"post-text 7\">\n                            <h2>Cuidados y caracter\u00edsticas del Gecko Leopardo<\/h2>\n                            En este post te vamos a hablar del fascinante mundo del Gecko Leopardo y te vamos a dar una serie de sugerencias para que aprendas a cuidarlos y darles...                        <\/div>\n                    <\/a>\n                <\/div>\n            <\/div>\n            <\/div>\n        <\/div>\n                    <div class=\"row\">\n                <div class=\"col-lg-12 mb-5\">\n                    <button id=\"recien-llegados-load-more-articles\" class=\"btn load-more\" data-cat=\"\" data-tag=\"recien-llegados\" data-animal=\"Reptiles\"\n                data-numpost=\"8\">Cargar m\u00e1s articulos<\/button>\n                <\/div>\n            <\/div>\n            <script>\n                document.addEventListener('DOMContentLoaded', function () {\n                const buttons = document.querySelectorAll('.btn.load-more');\n\n                buttons.forEach(function (button) {\n                    button.addEventListener('click', function () {\n                    const title = button.getAttribute('data-title') || '';\n                    const link = button.getAttribute('data-link') || window.location.href;\n                    const position = button.getAttribute('data-position') || '';\n                    const category = button.getAttribute('data-cat') || '';\n                    const linkText = button.innerText || button.textContent;\n\n                    window.dataLayer = window.dataLayer || [];\n                    window.dataLayer.push({\n                        'event': 'blog_mas_articulos',\n                        'event_name': 'blog_mas_articulos',\n                        'position': position,\n                        'link_text': linkText,\n                        'link_url': link,\n                        'category': category,\n                        'product_name': title\n                    });\n                    });\n                });\n                });\n            <\/script> \n                <div id=\"recien-llegados-loading-elements\" class=\"text-center mt-1 loading-elements\"><div class=\"lds-ellipsis\"><div><\/div><div><\/div><div><\/div><div><\/div><\/div><\/div>\n                    <\/div>\n<!-- \/wp:shortcode -->","protected":false},"excerpt":{"rendered":"<p>\u00bfHa llegado un gecko leopardo a tu vida? \u00a1Genial! Si eres principiante, el gecko es perfecto para iniciarte en el mundo de los reptiles. Ahora que ha llegado a casa es un gran momento para informarte un poquito m\u00e1s sobre \u00e9l. Nombre cient\u00edfico: Eublepharis macularius Origen: Oriente medio Tama\u00f1o: 18 &#8211; 24 cm Esperanza de [&hellip;]<\/p>\n","protected":false},"author":40,"featured_media":0,"parent":0,"menu_order":0,"comment_status":"closed","ping_status":"closed","template":"","meta":{"_acf_changed":false,"footnotes":""},"class_list":["post-2205","page","type-page","status-publish","hentry"],"acf":[],"_links":{"self":[{"href":"https:\/\/www.kiwoko.com\/blogmundoanimal\/wp-json\/wp\/v2\/pages\/2205","targetHints":{"allow":["GET"]}}],"collection":[{"href":"https:\/\/www.kiwoko.com\/blogmundoanimal\/wp-json\/wp\/v2\/pages"}],"about":[{"href":"https:\/\/www.kiwoko.com\/blogmundoanimal\/wp-json\/wp\/v2\/types\/page"}],"author":[{"embeddable":true,"href":"https:\/\/www.kiwoko.com\/blogmundoanimal\/wp-json\/wp\/v2\/users\/40"}],"replies":[{"embeddable":true,"href":"https:\/\/www.kiwoko.com\/blogmundoanimal\/wp-json\/wp\/v2\/comments?post=2205"}],"version-history":[{"count":1,"href":"https:\/\/www.kiwoko.com\/blogmundoanimal\/wp-json\/wp\/v2\/pages\/2205\/revisions"}],"predecessor-version":[{"id":2207,"href":"https:\/\/www.kiwoko.com\/blogmundoanimal\/wp-json\/wp\/v2\/pages\/2205\/revisions\/2207"}],"wp:attachment":[{"href":"https:\/\/www.kiwoko.com\/blogmundoanimal\/wp-json\/wp\/v2\/media?parent=2205"}],"curies":[{"name":"wp","href":"https:\/\/api.w.org\/{rel}","templated":true}]}}