{"id":2208,"date":"2019-08-05T17:53:03","date_gmt":"2019-08-05T17:53:03","guid":{"rendered":"https:\/\/dev-kiwoko-es.on-dev.com\/blogmundoanimal\/?page_id=2208"},"modified":"2023-04-27T09:42:14","modified_gmt":"2023-04-27T07:42:14","slug":"guia-completa-tortugas","status":"publish","type":"page","link":"https:\/\/www.kiwoko.com\/blogmundoanimal\/guia-completa-tortugas\/","title":{"rendered":"Gu\u00eda completa sobre las tortugas"},"content":{"rendered":"<div id=\"ez-toc-container\" class=\"ez-toc-v2_0_82_2 counter-hierarchy ez-toc-counter ez-toc-grey ez-toc-container-direction\">\n<div class=\"ez-toc-title-container\">\n<p class=\"ez-toc-title\" style=\"cursor:inherit\">\u00cdndice<\/p>\n<span class=\"ez-toc-title-toggle\"><a href=\"#\" class=\"ez-toc-pull-right ez-toc-btn ez-toc-btn-xs ez-toc-btn-default ez-toc-toggle\" aria-label=\"Alternar tabla de contenidos\"><span class=\"ez-toc-js-icon-con\"><span class=\"\"><span class=\"eztoc-hide\" style=\"display:none;\">Toggle<\/span><span class=\"ez-toc-icon-toggle-span\"><svg style=\"fill: #999;color:#999\" xmlns=\"http:\/\/www.w3.org\/2000\/svg\" class=\"list-377408\" width=\"20px\" height=\"20px\" viewBox=\"0 0 24 24\" fill=\"none\"><path d=\"M6 6H4v2h2V6zm14 0H8v2h12V6zM4 11h2v2H4v-2zm16 0H8v2h12v-2zM4 16h2v2H4v-2zm16 0H8v2h12v-2z\" fill=\"currentColor\"><\/path><\/svg><svg style=\"fill: #999;color:#999\" class=\"arrow-unsorted-368013\" xmlns=\"http:\/\/www.w3.org\/2000\/svg\" width=\"10px\" height=\"10px\" viewBox=\"0 0 24 24\" version=\"1.2\" baseProfile=\"tiny\"><path d=\"M18.2 9.3l-6.2-6.3-6.2 6.3c-.2.2-.3.4-.3.7s.1.5.3.7c.2.2.4.3.7.3h11c.3 0 .5-.1.7-.3.2-.2.3-.5.3-.7s-.1-.5-.3-.7zM5.8 14.7l6.2 6.3 6.2-6.3c.2-.2.3-.5.3-.7s-.1-.5-.3-.7c-.2-.2-.4-.3-.7-.3h-11c-.3 0-.5.1-.7.3-.2.2-.3.5-.3.7s.1.5.3.7z\"\/><\/svg><\/span><\/span><\/span><\/a><\/span><\/div>\n<nav><ul class='ez-toc-list ez-toc-list-level-1 ' ><li class='ez-toc-page-1 ez-toc-heading-level-2'><a class=\"ez-toc-link ez-toc-heading-1\" href=\"https:\/\/www.kiwoko.com\/blogmundoanimal\/que-comen-las-tortugas-acuaticas\/#%C2%BFQue_comen_las_tortugas_de_agua\" >\u00bfQu\u00e9 comen las tortugas de agua?<\/a><\/li><li class='ez-toc-page-1 ez-toc-heading-level-2'><a class=\"ez-toc-link ez-toc-heading-2\" href=\"https:\/\/www.kiwoko.com\/blogmundoanimal\/que-comen-las-tortugas-acuaticas\/#%C2%BFQue_comen_las_tortugas_de_agua_bebes\" >\u00bfQu\u00e9 comen las tortugas de agua beb\u00e9s?<\/a><\/li><li class='ez-toc-page-1 ez-toc-heading-level-2'><a class=\"ez-toc-link ez-toc-heading-3\" href=\"https:\/\/www.kiwoko.com\/blogmundoanimal\/que-comen-las-tortugas-acuaticas\/#%C2%BFQue_comen_las_tortugas_de_agua_adultas\" >\u00bfQu\u00e9 comen las tortugas de agua adultas?<\/a><\/li><li class='ez-toc-page-1 ez-toc-heading-level-2'><a class=\"ez-toc-link ez-toc-heading-4\" href=\"https:\/\/www.kiwoko.com\/blogmundoanimal\/que-comen-las-tortugas-acuaticas\/#Como_seleccionar_el_alimento_adecuado_para_las_tortugas_acuaticas\" >C\u00f3mo seleccionar el alimento adecuado para las tortugas acu\u00e1ticas<\/a><ul class='ez-toc-list-level-3' ><li class='ez-toc-heading-level-3'><a class=\"ez-toc-link ez-toc-heading-5\" href=\"https:\/\/www.kiwoko.com\/blogmundoanimal\/que-comen-las-tortugas-acuaticas\/#Sticks_y_Pellets\" >Sticks y Pellets<\/a><\/li><li class='ez-toc-page-1 ez-toc-heading-level-3'><a class=\"ez-toc-link ez-toc-heading-6\" href=\"https:\/\/www.kiwoko.com\/blogmundoanimal\/que-comen-las-tortugas-acuaticas\/#Gambitas\" >Gambitas<\/a><\/li><li class='ez-toc-page-1 ez-toc-heading-level-3'><a class=\"ez-toc-link ez-toc-heading-7\" href=\"https:\/\/www.kiwoko.com\/blogmundoanimal\/que-comen-las-tortugas-acuaticas\/#Pequenos_alimentos\" >Peque\u00f1os alimentos<\/a><\/li><li class='ez-toc-page-1 ez-toc-heading-level-3'><a class=\"ez-toc-link ez-toc-heading-8\" href=\"https:\/\/www.kiwoko.com\/blogmundoanimal\/que-comen-las-tortugas-acuaticas\/#Alimentos_prohibidos_para_las_tortugas_de_agua\" >Alimentos prohibidos para las tortugas de agua<\/a><\/li><\/ul><\/li><\/ul><\/nav><\/div>\n<!-- wp:heading {\"className\":\"landing-h2\"} -->\n<h2 class=\"landing-h2\">Art\u00edculos destacados sobre tortugas<\/h2>\n<!-- \/wp:heading -->\n\n<!-- wp:shortcode -->\n        <section style=\"margin-top:21px;\">\n            <div class=\" container \">\n                <div class=\"row\">\n                    <div class=\"container-fluid\">\n                        <div class=\"grid\">\n                            <div class=\"grid-sizer\"><\/div>\n                                                        <a href=\"https:\/\/www.kiwoko.com\/blogmundoanimal\/tortugas-acuaticas-sus-cuidados-y-necesidades\/\">\n                                <div class=\"grid-item lazyload\" style=\"background:inherit;\n                                background: -moz-linear-gradient(rgba(0, 0, 0, 0) 0%, rgba(0, 0, 0, 0.8) 100%), \n                                url(https:\/\/www.kiwoko.com\/blogmundoanimal\/wp-content\/uploads\/2020\/06\/tortuga-acuatica-cuidados-y-caracteristicas.jpg);\n                                background: -webkit-linear-gradient(rgba(0, 0, 0, 0) 0%, rgba(0, 0, 0, 0.8) 100%), \n                                url(https:\/\/www.kiwoko.com\/blogmundoanimal\/wp-content\/uploads\/2020\/06\/tortuga-acuatica-cuidados-y-caracteristicas.jpg);\n                                background: -o-linear-gradient(rgba(0, 0, 0, 0) 0%, rgba(0, 0, 0, 0.8) 100%), \n                                url(https:\/\/www.kiwoko.com\/blogmundoanimal\/wp-content\/uploads\/2020\/06\/tortuga-acuatica-cuidados-y-caracteristicas.jpg);\n                                background: -ms-linear-gradient(rgba(0, 0, 0, 0) 0%, rgba(0, 0, 0, 0.8) 100%), \n                                url(https:\/\/www.kiwoko.com\/blogmundoanimal\/wp-content\/uploads\/2020\/06\/tortuga-acuatica-cuidados-y-caracteristicas.jpg);background-size:cover;\n                                background-position: center;background-repeat: no-repeat;height:230px;\" data-bg=\"linear-gradient(rgba(0, 0, 0, 0) 0%, rgba(0, 0, 0, 0.8) 100%), \n                                url(https:\/\/www.kiwoko.com\/blogmundoanimal\/wp-content\/uploads\/2020\/06\/tortuga-acuatica-cuidados-y-caracteristicas.jpg)\">\n                                    <p class=\"slider-caption\">Gu\u00eda completa de cuidados de las tortugas acu\u00e1ticas<\/p>\n                                    \n                                <\/div>\n                                <\/a>\n                                                        <a href=\"https:\/\/www.kiwoko.com\/blogmundoanimal\/la-hibernacion-de-las-tortugas\/\">\n                                <div class=\"grid-item lazyload\" style=\"background:inherit;\n                                background: -moz-linear-gradient(rgba(0, 0, 0, 0) 0%, rgba(0, 0, 0, 0.8) 100%), \n                                url(https:\/\/www.kiwoko.com\/blogmundoanimal\/wp-content\/uploads\/2017\/10\/como-hibernan-las-tortugas-1.jpg);\n                                background: -webkit-linear-gradient(rgba(0, 0, 0, 0) 0%, rgba(0, 0, 0, 0.8) 100%), \n                                url(https:\/\/www.kiwoko.com\/blogmundoanimal\/wp-content\/uploads\/2017\/10\/como-hibernan-las-tortugas-1.jpg);\n                                background: -o-linear-gradient(rgba(0, 0, 0, 0) 0%, rgba(0, 0, 0, 0.8) 100%), \n                                url(https:\/\/www.kiwoko.com\/blogmundoanimal\/wp-content\/uploads\/2017\/10\/como-hibernan-las-tortugas-1.jpg);\n                                background: -ms-linear-gradient(rgba(0, 0, 0, 0) 0%, rgba(0, 0, 0, 0.8) 100%), \n                                url(https:\/\/www.kiwoko.com\/blogmundoanimal\/wp-content\/uploads\/2017\/10\/como-hibernan-las-tortugas-1.jpg);background-size:cover;\n                                background-position: center;background-repeat: no-repeat;height:230px;\" data-bg=\"linear-gradient(rgba(0, 0, 0, 0) 0%, rgba(0, 0, 0, 0.8) 100%), \n                                url(https:\/\/www.kiwoko.com\/blogmundoanimal\/wp-content\/uploads\/2017\/10\/como-hibernan-las-tortugas-1.jpg)\">\n                                    <p class=\"slider-caption\">\u00bfPor qu\u00e9 las tortugas hibernan?  Causas y consejos<\/p>\n                                    \n                                <\/div>\n                                <\/a>\n                                                        <a href=\"https:\/\/www.kiwoko.com\/blogmundoanimal\/que-comen-las-tortugas-acuaticas\/\">\n                                <div class=\"grid-item lazyload\" style=\"background:inherit;\n                                background: -moz-linear-gradient(rgba(0, 0, 0, 0) 0%, rgba(0, 0, 0, 0.8) 100%), \n                                url(https:\/\/www.kiwoko.com\/blogmundoanimal\/wp-content\/uploads\/2020\/07\/qu\u00e9-comen-las-tortugas-acu\u00e1ticas-min.jpg);\n                                background: -webkit-linear-gradient(rgba(0, 0, 0, 0) 0%, rgba(0, 0, 0, 0.8) 100%), \n                                url(https:\/\/www.kiwoko.com\/blogmundoanimal\/wp-content\/uploads\/2020\/07\/qu\u00e9-comen-las-tortugas-acu\u00e1ticas-min.jpg);\n                                background: -o-linear-gradient(rgba(0, 0, 0, 0) 0%, rgba(0, 0, 0, 0.8) 100%), \n                                url(https:\/\/www.kiwoko.com\/blogmundoanimal\/wp-content\/uploads\/2020\/07\/qu\u00e9-comen-las-tortugas-acu\u00e1ticas-min.jpg);\n                                background: -ms-linear-gradient(rgba(0, 0, 0, 0) 0%, rgba(0, 0, 0, 0.8) 100%), \n                                url(https:\/\/www.kiwoko.com\/blogmundoanimal\/wp-content\/uploads\/2020\/07\/qu\u00e9-comen-las-tortugas-acu\u00e1ticas-min.jpg);background-size:cover;\n                                background-position: center;background-repeat: no-repeat;height:230px;\" data-bg=\"linear-gradient(rgba(0, 0, 0, 0) 0%, rgba(0, 0, 0, 0.8) 100%), \n                                url(https:\/\/www.kiwoko.com\/blogmundoanimal\/wp-content\/uploads\/2020\/07\/qu\u00e9-comen-las-tortugas-acu\u00e1ticas-min.jpg)\">\n                                    <p class=\"slider-caption\">Preguntas y respuestas sobre la alimentaci\u00f3n de las tortugas de agua<\/p>\n                                    \n                                <\/div>\n                                <\/a>\n                                                    <\/div>\n                    <\/div>\n                <\/div>\n                <script src=\"https:\/\/www.kiwoko.com\/blogmundoanimal\/wp-content\/themes\/kiwoko\/inc\/assets\/js\/masonry.pkgd.min.js\"><\/script>\n                <script type=\"text\/javascript\">\n                    var $grid = jQuery('.grid').masonry({\n                        itemSelector: '.grid-item',\n                        percentPosition: true,\n                        columnWidth: '.grid-sizer',\n                    });\n                <\/script>\n\n            <\/div>\n        <\/section>\n    \n<!-- \/wp:shortcode -->\n\n<!-- wp:heading {\"className\":\"landing-h2\"} -->\n<h2 class=\"landing-h2\">Novedades<\/h2>\n<!-- \/wp:heading -->\n\n<!-- wp:shortcode -->\n                    <div id=\"tortugas\">\n            <div class=\"posts-list\">\n            <div class=\"row\">\n                        <div class=\"col-md-6 0\">\n                <div class=\"kontainer-category 0\">                    <a href=\"https:\/\/www.kiwoko.com\/blogmundoanimal\/tortuga-de-tierra-cuidados-alimentacion-curiosidades\/\" class=\"post 0\">\n                        <div class=\"post-image lazyload 0\" style=\"background:inherit;background-size:cover;\" data-bg=\"#DDDDDD url(https:\/\/www.kiwoko.com\/blogmundoanimal\/wp-content\/uploads\/2025\/11\/tortuga-de-tierra.jpg) no-repeat\"><\/div>\n                        <div class=\"post-text 0\">\n                            <h2>Tortuga de tierra: Cuidados, alimentaci\u00f3n y curiosidades<\/h2>\n                            Si est\u00e1s pensando en tener una tortuga de tierra como compa\u00f1era de vida, o ya convives con una, seguro que te has hecho esta pregunta m\u00e1s de una vez:...                        <\/div>\n                    <\/a>\n                <\/div>\n            <\/div>\n                        <div class=\"col-md-6 1\">\n                <div class=\"kontainer-category 1\">                    <a href=\"https:\/\/www.kiwoko.com\/blogmundoanimal\/como-montar-un-tortuguero-o-acuaterrario\/\" class=\"post 1\">\n                        <div class=\"post-image lazyload 1\" style=\"background:inherit;background-size:cover;\" data-bg=\"#DDDDDD url(https:\/\/www.kiwoko.com\/blogmundoanimal\/wp-content\/uploads\/2020\/06\/como-hacer-un-acuaterrario-de-tortugas.jpg) no-repeat\"><\/div>\n                        <div class=\"post-text 1\">\n                            <h2>Gu\u00eda definitiva: C\u00f3mo hacer un acuaterrario para tortugas<\/h2>\n                            Quieres aprender a montar un tortuguero. En nuestro post tendr\u00e1s toda la informaci\u00f3n de lo que necesitas y c\u00f3mo montarlo paso a paso.                        <\/div>\n                    <\/a>\n                <\/div>\n            <\/div>\n                        <div class=\"col-md-6 2\">\n                <div class=\"kontainer-category 2\">                    <a href=\"https:\/\/www.kiwoko.com\/blogmundoanimal\/diferencias-tortugas-tierra-tortugas-agua\/\" class=\"post 2\">\n                        <div class=\"post-image lazyload 2\" style=\"background:inherit;background-size:cover;\" data-bg=\"#DDDDDD url(https:\/\/www.kiwoko.com\/blogmundoanimal\/wp-content\/uploads\/2019\/06\/tortuga-de-agua-o-de-tierra.jpg) no-repeat\"><\/div>\n                        <div class=\"post-text 2\">\n                            <h2>Tortuga de agua o de tierra: Diferencias y cuidados<\/h2>\n                            En este post queremos contarte en qu\u00e9 se diferencia una tortuga de tierra de una tortuga de agua. Cuando termines de leerlo tendr\u00e1s mucho m\u00e1s claro por qu\u00e9...                        <\/div>\n                    <\/a>\n                <\/div>\n            <\/div>\n                        <div class=\"col-md-6 3\">\n                <div class=\"kontainer-category 3\">                    <a href=\"https:\/\/www.kiwoko.com\/blogmundoanimal\/tortugas-acuaticas-sus-cuidados-y-necesidades\/\" class=\"post 3\">\n                        <div class=\"post-image lazyload 3\" style=\"background:inherit;background-size:cover;\" data-bg=\"#DDDDDD url(https:\/\/www.kiwoko.com\/blogmundoanimal\/wp-content\/uploads\/2020\/06\/tortuga-acuatica-cuidados-y-caracteristicas.jpg) no-repeat\"><\/div>\n                        <div class=\"post-text 3\">\n                            <h2>Gu\u00eda completa de cuidados de las tortugas acu\u00e1ticas<\/h2>\n                            Si has tomado la firme decisi\u00f3n de adoptar una tortuga acu\u00e1tica como mascota, te ense\u00f1amos todos los aspectos que debes tener en cuenta para cuidar como se merece a...                        <\/div>\n                    <\/a>\n                <\/div>\n            <\/div>\n                        <div class=\"col-md-6 4\">\n                <div class=\"kontainer-category 4\">                    <a href=\"https:\/\/www.kiwoko.com\/blogmundoanimal\/la-hibernacion-de-las-tortugas\/\" class=\"post 4\">\n                        <div class=\"post-image lazyload 4\" style=\"background:inherit;background-size:cover;\" data-bg=\"#DDDDDD url(https:\/\/www.kiwoko.com\/blogmundoanimal\/wp-content\/uploads\/2017\/10\/como-hibernan-las-tortugas-1.jpg) no-repeat\"><\/div>\n                        <div class=\"post-text 4\">\n                            <h2>\u00bfPor qu\u00e9 las tortugas hibernan?  Causas y consejos<\/h2>\n                            \u00bfTienes una tortuga y no sabes si deber\u00eda hibernar? Lee este post con atenci\u00f3n y ent\u00e9rate de todos los detalles que tendr\u00e1s que preparar en el caso de que...                        <\/div>\n                    <\/a>\n                <\/div>\n            <\/div>\n                        <div class=\"col-md-6 5\">\n                <div class=\"kontainer-category 5\">                    <a href=\"https:\/\/www.kiwoko.com\/blogmundoanimal\/como-cuidar-a-tus-tortugas-durante-las-vacaciones\/\" class=\"post 5\">\n                        <div class=\"post-image lazyload 5\" style=\"background:inherit;background-size:cover;\" data-bg=\"#DDDDDD url(https:\/\/www.kiwoko.com\/blogmundoanimal\/wp-content\/uploads\/2020\/07\/como-cuidar-a-tus-tortugas-en-verano-min.jpg) no-repeat\"><\/div>\n                        <div class=\"post-text 5\">\n                            <h2>Consejos para cuidar a tus tortugas durante las vacaciones<\/h2>\n                            Tanto como si vas a estar unos d\u00edas fueras como algo m\u00e1s de tiempo, tus tortugas deben estar cuidadas. En el post de hoy te contamos c\u00f3mo debes planificar...                        <\/div>\n                    <\/a>\n                <\/div>\n            <\/div>\n                        <div class=\"col-md-6 6\">\n                <div class=\"kontainer-category 6\">                    <a href=\"https:\/\/www.kiwoko.com\/blogmundoanimal\/tortuga-acuatica-un-pequeno-reptil\/\" class=\"post 6\">\n                        <div class=\"post-image lazyload 6\" style=\"background:inherit;background-size:cover;\" data-bg=\"#DDDDDD url(https:\/\/www.kiwoko.com\/blogmundoanimal\/wp-content\/uploads\/2023\/06\/cuidados-tortuga-acuatica.jpg) no-repeat\"><\/div>\n                        <div class=\"post-text 6\">\n                            <h2>\u00bfQu\u00e9 cuidados necesita tu tortuga acu\u00e1tica en verano?<\/h2>\n                            De cara a la estaci\u00f3n m\u00e1s calurosa del a\u00f1o, te estar\u00e1s preguntando qu\u00e9 preparativos necesita tu tortuga acu\u00e1tica. \u00a1En este post te lo contamos!                        <\/div>\n                    <\/a>\n                <\/div>\n            <\/div>\n                        <div class=\"col-md-6 7\">\n                <div class=\"kontainer-category 7\">                    <a href=\"https:\/\/www.kiwoko.com\/blogmundoanimal\/que-comen-las-tortugas-acuaticas\/\" class=\"post 7\">\n                        <div class=\"post-image lazyload 7\" style=\"background:inherit;background-size:cover;\" data-bg=\"#DDDDDD url(https:\/\/www.kiwoko.com\/blogmundoanimal\/wp-content\/uploads\/2020\/07\/qu\u00e9-comen-las-tortugas-acu\u00e1ticas-min.jpg) no-repeat\"><\/div>\n                        <div class=\"post-text 7\">\n                            <h2>Preguntas y respuestas sobre la alimentaci\u00f3n de las tortugas de agua<\/h2>\n                            Descubre qu\u00e9 comen las tortugas de agua y de tierra y cu\u00e1les son los alimentos que no pueden comer. \u00a1No te pierdas este post!                        <\/div>\n                    <\/a>\n                <\/div>\n            <\/div>\n            <\/div>\n        <\/div>\n                    <div class=\"row\">\n                <div class=\"col-lg-12 mb-5\">\n                    <button id=\"tortugas-load-more-articles\" class=\"btn load-more\" data-cat=\"\" data-tag=\"tortugas\" data-animal=\"Reptiles\"\n                data-numpost=\"8\">Cargar m\u00e1s articulos<\/button>\n                <\/div>\n            <\/div>\n            <script>\n                document.addEventListener('DOMContentLoaded', function () {\n                const buttons = document.querySelectorAll('.btn.load-more');\n\n                buttons.forEach(function (button) {\n                    button.addEventListener('click', function () {\n                    const title = button.getAttribute('data-title') || '';\n                    const link = button.getAttribute('data-link') || window.location.href;\n                    const position = button.getAttribute('data-position') || '';\n                    const category = button.getAttribute('data-cat') || '';\n                    const linkText = button.innerText || button.textContent;\n\n                    window.dataLayer = window.dataLayer || [];\n                    window.dataLayer.push({\n                        'event': 'blog_mas_articulos',\n                        'event_name': 'blog_mas_articulos',\n                        'position': position,\n                        'link_text': linkText,\n                        'link_url': link,\n                        'category': category,\n                        'product_name': title\n                    });\n                    });\n                });\n                });\n            <\/script> \n                <div id=\"tortugas-loading-elements\" class=\"text-center mt-1 loading-elements\"><div class=\"lds-ellipsis\"><div><\/div><div><\/div><div><\/div><div><\/div><\/div><\/div>\n                    <\/div>\n<!-- \/wp:shortcode -->","protected":false},"excerpt":{"rendered":"<p>A continuaci\u00f3n hemos recopilado las preguntas m\u00e1s frecuentes sobre la alimentaci\u00f3n de las tortugas de agua. \u00a1Toma nota de las respuestas! \u00bfQu\u00e9 comen las tortugas de agua? Las tortugas de agua o acu\u00e1ticas son un animal omn\u00edvoro, es decir, se alimentan tanto de frutas y verduras como de otros animales m\u00e1s peque\u00f1os, sobre todo insectos. [&hellip;]<\/p>\n","protected":false},"author":40,"featured_media":0,"parent":0,"menu_order":0,"comment_status":"closed","ping_status":"closed","template":"","meta":{"_acf_changed":false,"footnotes":""},"class_list":["post-2208","page","type-page","status-publish","hentry"],"acf":[],"_links":{"self":[{"href":"https:\/\/www.kiwoko.com\/blogmundoanimal\/wp-json\/wp\/v2\/pages\/2208","targetHints":{"allow":["GET"]}}],"collection":[{"href":"https:\/\/www.kiwoko.com\/blogmundoanimal\/wp-json\/wp\/v2\/pages"}],"about":[{"href":"https:\/\/www.kiwoko.com\/blogmundoanimal\/wp-json\/wp\/v2\/types\/page"}],"author":[{"embeddable":true,"href":"https:\/\/www.kiwoko.com\/blogmundoanimal\/wp-json\/wp\/v2\/users\/40"}],"replies":[{"embeddable":true,"href":"https:\/\/www.kiwoko.com\/blogmundoanimal\/wp-json\/wp\/v2\/comments?post=2208"}],"version-history":[{"count":2,"href":"https:\/\/www.kiwoko.com\/blogmundoanimal\/wp-json\/wp\/v2\/pages\/2208\/revisions"}],"predecessor-version":[{"id":39102,"href":"https:\/\/www.kiwoko.com\/blogmundoanimal\/wp-json\/wp\/v2\/pages\/2208\/revisions\/39102"}],"wp:attachment":[{"href":"https:\/\/www.kiwoko.com\/blogmundoanimal\/wp-json\/wp\/v2\/media?parent=2208"}],"curies":[{"name":"wp","href":"https:\/\/api.w.org\/{rel}","templated":true}]}}