{"id":2214,"date":"2019-08-05T17:56:05","date_gmt":"2019-08-05T17:56:05","guid":{"rendered":"https:\/\/dev-kiwoko-es.on-dev.com\/blogmundoanimal\/?page_id=2214"},"modified":"2020-08-12T13:58:46","modified_gmt":"2020-08-12T11:58:46","slug":"guia-completa-camaleones","status":"publish","type":"page","link":"https:\/\/www.kiwoko.com\/blogmundoanimal\/guia-completa-camaleones\/","title":{"rendered":"Gu\u00eda completa sobre los camaleones"},"content":{"rendered":"<div id=\"ez-toc-container\" class=\"ez-toc-v2_0_82_2 counter-hierarchy ez-toc-counter ez-toc-grey ez-toc-container-direction\">\n<div class=\"ez-toc-title-container\">\n<p class=\"ez-toc-title\" style=\"cursor:inherit\">\u00cdndice<\/p>\n<span class=\"ez-toc-title-toggle\"><a href=\"#\" class=\"ez-toc-pull-right ez-toc-btn ez-toc-btn-xs ez-toc-btn-default ez-toc-toggle\" aria-label=\"Alternar tabla de contenidos\"><span class=\"ez-toc-js-icon-con\"><span class=\"\"><span class=\"eztoc-hide\" style=\"display:none;\">Toggle<\/span><span class=\"ez-toc-icon-toggle-span\"><svg style=\"fill: #999;color:#999\" xmlns=\"http:\/\/www.w3.org\/2000\/svg\" class=\"list-377408\" width=\"20px\" height=\"20px\" viewBox=\"0 0 24 24\" fill=\"none\"><path d=\"M6 6H4v2h2V6zm14 0H8v2h12V6zM4 11h2v2H4v-2zm16 0H8v2h12v-2zM4 16h2v2H4v-2zm16 0H8v2h12v-2z\" fill=\"currentColor\"><\/path><\/svg><svg style=\"fill: #999;color:#999\" class=\"arrow-unsorted-368013\" xmlns=\"http:\/\/www.w3.org\/2000\/svg\" width=\"10px\" height=\"10px\" viewBox=\"0 0 24 24\" version=\"1.2\" baseProfile=\"tiny\"><path d=\"M18.2 9.3l-6.2-6.3-6.2 6.3c-.2.2-.3.4-.3.7s.1.5.3.7c.2.2.4.3.7.3h11c.3 0 .5-.1.7-.3.2-.2.3-.5.3-.7s-.1-.5-.3-.7zM5.8 14.7l6.2 6.3 6.2-6.3c.2-.2.3-.5.3-.7s-.1-.5-.3-.7c-.2-.2-.4-.3-.7-.3h-11c-.3 0-.5.1-.7.3-.2.2-.3.5-.3.7s.1.5.3.7z\"\/><\/svg><\/span><\/span><\/span><\/a><\/span><\/div>\n<nav><ul class='ez-toc-list ez-toc-list-level-1 ' ><li class='ez-toc-page-1 ez-toc-heading-level-2'><a class=\"ez-toc-link ez-toc-heading-1\" href=\"https:\/\/www.kiwoko.com\/blogmundoanimal\/camaleon-simpatico-animal-del-yemen\/#%C2%BFComo_debe_ser_el_terrario_de_un_camaleon\" >\u00bfC\u00f3mo debe ser el terrario de un camale\u00f3n?<\/a><ul class='ez-toc-list-level-3' ><li class='ez-toc-heading-level-3'><a class=\"ez-toc-link ez-toc-heading-2\" href=\"https:\/\/www.kiwoko.com\/blogmundoanimal\/camaleon-simpatico-animal-del-yemen\/#Como_decorar_el_terrario_de_un_camaleon\" >C\u00f3mo decorar el terrario de un camale\u00f3n<\/a><\/li><li class='ez-toc-page-1 ez-toc-heading-level-3'><a class=\"ez-toc-link ez-toc-heading-3\" href=\"https:\/\/www.kiwoko.com\/blogmundoanimal\/camaleon-simpatico-animal-del-yemen\/#Iluminacion_y_climatizacion\" >Iluminaci\u00f3n y climatizaci\u00f3n<\/a><\/li><li class='ez-toc-page-1 ez-toc-heading-level-3'><a class=\"ez-toc-link ez-toc-heading-4\" href=\"https:\/\/www.kiwoko.com\/blogmundoanimal\/camaleon-simpatico-animal-del-yemen\/#Alimentos_y_agua\" >Alimentos y agua<\/a><\/li><li class='ez-toc-page-1 ez-toc-heading-level-3'><a class=\"ez-toc-link ez-toc-heading-5\" href=\"https:\/\/www.kiwoko.com\/blogmundoanimal\/camaleon-simpatico-animal-del-yemen\/#Humedad\" >Humedad<\/a><\/li><li class='ez-toc-page-1 ez-toc-heading-level-3'><a class=\"ez-toc-link ez-toc-heading-6\" href=\"https:\/\/www.kiwoko.com\/blogmundoanimal\/camaleon-simpatico-animal-del-yemen\/#Sustrato\" >Sustrato<\/a><\/li><\/ul><\/li><\/ul><\/nav><\/div>\n<!-- wp:shortcode -->\n                    <div id=\"camaleones\">\n            <div class=\"posts-list\">\n            <div class=\"row\">\n                        <div class=\"col-md-6 0\">\n                <div class=\"kontainer-category 0\">                    <a href=\"https:\/\/www.kiwoko.com\/blogmundoanimal\/camaleones-cuidados-necesidades\/\" class=\"post 0\">\n                        <div class=\"post-image lazyload 0\" style=\"background:inherit;background-size:cover;\" data-bg=\"#DDDDDD url(https:\/\/www.kiwoko.com\/blogmundoanimal\/wp-content\/uploads\/2019\/10\/camaleon.jpg) no-repeat\"><\/div>\n                        <div class=\"post-text 0\">\n                            <h2>Ficha de cuidados de los camaleones: La gu\u00eda m\u00e1s completa para tutores responsables<\/h2>\n                            \u00bfHas adoptado un camale\u00f3n? En este post te contamos c\u00f3mo es y qu\u00e9 cuidados necesitan los camaleones para vivir sanos y felices en tu hogar. \u00a1Sigue leyendo!                        <\/div>\n                    <\/a>\n                <\/div>\n            <\/div>\n                        <div class=\"col-md-6 1\">\n                <div class=\"kontainer-category 1\">                    <a href=\"https:\/\/www.kiwoko.com\/blogmundoanimal\/que-come-un-camaleon\/\" class=\"post 1\">\n                        <div class=\"post-image lazyload 1\" style=\"background:inherit;background-size:cover;\" data-bg=\"#DDDDDD url(https:\/\/www.kiwoko.com\/blogmundoanimal\/wp-content\/uploads\/2020\/06\/qu\u00e9-come-un-camale\u00f3n-min.jpg) no-repeat\"><\/div>\n                        <div class=\"post-text 1\">\n                            <h2>\u00bfQu\u00e9 come un camale\u00f3n?<\/h2>\n                            Pero, \u00bfqu\u00e9 come un camale\u00f3n? si esas es tu pregunta en nuestro art\u00edculo sabr\u00e1s cu\u00e1l es la dieta de este incre\u00edble reptil dom\u00e9stico.                        <\/div>\n                    <\/a>\n                <\/div>\n            <\/div>\n                        <div class=\"col-md-6 2\">\n                <div class=\"kontainer-category 2\">                    <a href=\"https:\/\/www.kiwoko.com\/blogmundoanimal\/camaleones-la-cria\/\" class=\"post 2\">\n                        <div class=\"post-image lazyload 2\" style=\"background:inherit;background-size:cover;\" data-bg=\"#DDDDDD url(https:\/\/www.kiwoko.com\/blogmundoanimal\/wp-content\/uploads\/2019\/08\/cabecera-camaleones-la-cria-46.jpg) no-repeat\"><\/div>\n                        <div class=\"post-text 2\">\n                            <h2>Todo lo que debes saber sobre la reproducci\u00f3n y cr\u00eda del camale\u00f3n<\/h2>\n                            En este post te contamos c\u00f3mo es la reproducci\u00f3n de los camaleones paso a paso: desde que est\u00e1n preparados para reproducirse hasta la eclosi\u00f3n de los huevos. \u00a1Sigue leyendo!                        <\/div>\n                    <\/a>\n                <\/div>\n            <\/div>\n                        <div class=\"col-md-6 3\">\n                <div class=\"kontainer-category 3\">                    <a href=\"https:\/\/www.kiwoko.com\/blogmundoanimal\/camaleon-simpatico-animal-del-yemen\/\" class=\"post 3\">\n                        <div class=\"post-image lazyload 3\" style=\"background:inherit;background-size:cover;\" data-bg=\"#DDDDDD url(https:\/\/www.kiwoko.com\/blogmundoanimal\/wp-content\/uploads\/2019\/08\/thumb-entorno-adecuado-camaleon-44.jpg) no-repeat\"><\/div>\n                        <div class=\"post-text 3\">\n                            <h2>C\u00f3mo crear el entorno m\u00e1s apropiado para tu camale\u00f3n<\/h2>\n                            Si est\u00e1s a punto de crear el h\u00e1bitat donde vivir\u00e1 tu camale\u00f3n, has llegado al sitio correcto para tomar notas y darle una vida feliz a tu nuevo amigo....                        <\/div>\n                    <\/a>\n                <\/div>\n            <\/div>\n            <\/div>\n        <\/div>\n                    <div class=\"row\">\n                <div class=\"col-lg-12 mb-5\">\n                    <button id=\"camaleones-load-more-articles\" class=\"btn load-more\" data-cat=\"\" data-tag=\"camaleones\" data-animal=\"Reptiles\"\n                data-numpost=\"4\">Cargar m\u00e1s articulos<\/button>\n                <\/div>\n            <\/div>\n            <script>\n                document.addEventListener('DOMContentLoaded', function () {\n                const buttons = document.querySelectorAll('.btn.load-more');\n\n                buttons.forEach(function (button) {\n                    button.addEventListener('click', function () {\n                    const title = button.getAttribute('data-title') || '';\n                    const link = button.getAttribute('data-link') || window.location.href;\n                    const position = button.getAttribute('data-position') || '';\n                    const category = button.getAttribute('data-cat') || '';\n                    const linkText = button.innerText || button.textContent;\n\n                    window.dataLayer = window.dataLayer || [];\n                    window.dataLayer.push({\n                        'event': 'blog_mas_articulos',\n                        'event_name': 'blog_mas_articulos',\n                        'position': position,\n                        'link_text': linkText,\n                        'link_url': link,\n                        'category': category,\n                        'product_name': title\n                    });\n                    });\n                });\n                });\n            <\/script> \n                <div id=\"camaleones-loading-elements\" class=\"text-center mt-1 loading-elements\"><div class=\"lds-ellipsis\"><div><\/div><div><\/div><div><\/div><div><\/div><\/div><\/div>\n                    <\/div>\n<!-- \/wp:shortcode -->","protected":false},"excerpt":{"rendered":"<p>Los camaleones son unos animales muy especiales que requieren de un h\u00e1bitat bastante elaborado. Un terrario, la decoraci\u00f3n adecuada, el control de la humedad, y el m\u00e1ximo cuidado&#8230; Si consigues darle un h\u00e1bitat apropiado tu mascota estar\u00e1 mucho m\u00e1s activa y entretenida. En este post te contamos lo que necesitas para crear a tu camale\u00f3n [&hellip;]<\/p>\n","protected":false},"author":40,"featured_media":18455,"parent":0,"menu_order":0,"comment_status":"closed","ping_status":"closed","template":"","meta":{"_acf_changed":false,"footnotes":""},"class_list":["post-2214","page","type-page","status-publish","has-post-thumbnail","hentry"],"acf":[],"_links":{"self":[{"href":"https:\/\/www.kiwoko.com\/blogmundoanimal\/wp-json\/wp\/v2\/pages\/2214","targetHints":{"allow":["GET"]}}],"collection":[{"href":"https:\/\/www.kiwoko.com\/blogmundoanimal\/wp-json\/wp\/v2\/pages"}],"about":[{"href":"https:\/\/www.kiwoko.com\/blogmundoanimal\/wp-json\/wp\/v2\/types\/page"}],"author":[{"embeddable":true,"href":"https:\/\/www.kiwoko.com\/blogmundoanimal\/wp-json\/wp\/v2\/users\/40"}],"replies":[{"embeddable":true,"href":"https:\/\/www.kiwoko.com\/blogmundoanimal\/wp-json\/wp\/v2\/comments?post=2214"}],"version-history":[{"count":1,"href":"https:\/\/www.kiwoko.com\/blogmundoanimal\/wp-json\/wp\/v2\/pages\/2214\/revisions"}],"predecessor-version":[{"id":2216,"href":"https:\/\/www.kiwoko.com\/blogmundoanimal\/wp-json\/wp\/v2\/pages\/2214\/revisions\/2216"}],"wp:featuredmedia":[{"embeddable":true,"href":"https:\/\/www.kiwoko.com\/blogmundoanimal\/wp-json\/wp\/v2\/media\/18455"}],"wp:attachment":[{"href":"https:\/\/www.kiwoko.com\/blogmundoanimal\/wp-json\/wp\/v2\/media?parent=2214"}],"curies":[{"name":"wp","href":"https:\/\/api.w.org\/{rel}","templated":true}]}}