{"id":36845,"date":"2023-12-01T08:00:00","date_gmt":"2023-12-01T07:00:00","guid":{"rendered":"https:\/\/www.kiwoko.com\/blogmundoanimal\/?page_id=36845"},"modified":"2026-03-02T12:50:47","modified_gmt":"2026-03-02T11:50:47","slug":"bases-legales-sorteo","status":"publish","type":"page","link":"https:\/\/www.kiwoko.com\/blogmundoanimal\/bases-legales-sorteo\/","title":{"rendered":"BASES LEGALES SORTEO ENTRADAS DOBLE MERCEDES-BENZ FASHION WEEK MADRID (MBFWM)\u201cKIWOKO PET S.L.U\u201d"},"content":{"rendered":"<!-- wp:heading -->\n<h2 class=\"wp-block-heading\">1. EMPRESA ORGANIZADORA&nbsp;<\/h2>\n<!-- \/wp:heading -->\n\n<!-- wp:paragraph -->\n<p>KIWOKO PET, S.L.U, domiciliada en Avenida de Europa, n\u00ba8, 28922, Alcorc\u00f3n (Madrid), provista de N.I.F. B-85.236.461 (en adelante, la \u201cEmpresa Organizadora\u201d). inscrita en el Registro Mercantil de Madrid en el tomo 24851, folio 13, hoja M-44736<\/p>\n<!-- \/wp:paragraph -->\n\n<!-- wp:heading -->\n<h2 class=\"wp-block-heading\">2. EL SORTEO\u00a0<\/h2>\n<!-- \/wp:heading -->\n\n<!-- wp:paragraph -->\n<p>La Empresa Organizadora pone a disposici\u00f3n de los interesados esta acci\u00f3n promocional de \u00e1mbito nacional (en adelante, el \u201cSorteo\u201d), con el objetivo de promocionar su p\u00e1gina oficial de Instagram (<strong><a href=\"https:\/\/www.instagram.com\/kiwoko\/\" data-type=\"link\" data-id=\"https:\/\/www.instagram.com\/kiwoko\/\" target=\"_blank\" rel=\"noreferrer noopener\">www.instragram.com\/kiwoko<\/a><\/strong>).<\/p>\n<!-- \/wp:paragraph -->\n\n<!-- wp:paragraph -->\n<p>El presente Sorteo se desarrollar\u00e1 entre los d\u00edas 02 de marzo del 2026 a las 14:00h y 12 de marzo de 2026 hasta las 23:59h (hora espa\u00f1ola peninsular). Se considerar\u00e1n nulas aquellas participaciones que se hayan realizado una vez finalizado el plazo previsto. <\/p>\n<!-- \/wp:paragraph -->\n\n<!-- wp:paragraph -->\n<p>Los\/as ganadores\/as ser\u00e1n elegidos\/as mediante una herramienta externa y online de elecci\u00f3n aleatoria de personas ganadoras de conformidad con lo establecido en el apartado 4 de las presentes Bases Legales. Los\/as ganadores\/as se anunciar\u00e1n el d\u00eda 13 de marzo de 2026 a las 15:00h. (hora espa\u00f1ola peninsular).<\/p>\n<!-- \/wp:paragraph -->\n\n<!-- wp:heading -->\n<h2 class=\"wp-block-heading\">3. CONDICIONES DE PARTICIPACI\u00d3N<\/h2>\n<!-- \/wp:heading -->\n\n<!-- wp:paragraph -->\n<p>La participaci\u00f3n en el Sorteo atribuye la condici\u00f3n de persona participante \u00fanica y exclusivamente en la medida en que se cumplan las condiciones establecidas y se exprese la aceptaci\u00f3n plena e incondicional de las presentes Bases legales del Sorteo. <\/p>\n<!-- \/wp:paragraph -->\n\n<!-- wp:paragraph -->\n<p>Podr\u00e1n participar todas las personas mayores de 18 a\u00f1os (o de 16, si est\u00e1n legalmente emancipados), residentes legales en territorio espa\u00f1ol peninsular que dispongan de un perfil p\u00fablico en la red social Instagram y de una cuenta de cliente de la Empresa Organizadora y que cumplan todas y cada una de las siguientes condiciones:<\/p>\n<!-- \/wp:paragraph -->\n\n<!-- wp:list {\"ordered\":true} -->\n<ol class=\"wp-block-list\"><!-- wp:list-item -->\n<li>Seguir la cuenta oficial de Instagram de la Empresa organizadora, esto es, @kiwoko.<\/li>\n<!-- \/wp:list-item -->\n\n<!-- wp:list-item -->\n<li>El perfil del participante deber\u00e1 ser p\u00fablico y corresponder con una identidad real. <\/li>\n<!-- \/wp:list-item --><\/ol>\n<!-- \/wp:list -->\n\n<!-- wp:paragraph -->\n<p>El modo de participar en el Sorteo ser\u00e1 el siguiente:<\/p>\n<!-- \/wp:paragraph -->\n\n<!-- wp:list {\"ordered\":true} -->\n<ol class=\"wp-block-list\"><!-- wp:list-item -->\n<li>Seguir la cuenta de @kiwoko y la cuenta oficial de @pabloerroz<\/li>\n<!-- \/wp:list-item -->\n\n<!-- wp:list-item -->\n<li>Mencionar en comentarios a un (1) amigo\/a.<\/li>\n<!-- \/wp:list-item --><\/ol>\n<!-- \/wp:list -->\n\n<!-- wp:paragraph -->\n<p>No podr\u00e1n participar en el presente Sorteo:<\/p>\n<!-- \/wp:paragraph -->\n\n<!-- wp:list -->\n<ul class=\"wp-block-list\"><!-- wp:list-item -->\n<li>a) Los\/as empleados\/as vinculados a la marca de la Empresa Organizadora y dem\u00e1s empresas de su grupo, en el sentido que este t\u00e9rmino tiene conforme al art. 42 del C\u00f3digo de Comercio.<\/li>\n<!-- \/wp:list-item -->\n\n<!-- wp:list-item -->\n<li>b) Los\/as empleados\/as de las empresas, agencias de publicidad y dem\u00e1s prestadores de servicios que est\u00e9n involucrados en el Sorteo<\/li>\n<!-- \/wp:list-item --><\/ul>\n<!-- \/wp:list -->\n\n<!-- wp:heading -->\n<h2 class=\"wp-block-heading\">4. LA PERSONA GANADORA<\/h2>\n<!-- \/wp:heading -->\n\n<!-- wp:paragraph -->\n<p>Se seleccionar\u00e1n dos (2) participantes como personas ganadoras. El premio no es transferible a un tercero, ni un tercero podr\u00e1 representar al\/la ganador\/a. La identidad de las personas ganadoras se confirmar\u00e1 tras el cierre del sorteo. La selecci\u00f3n de las personas ganadoras se realizar\u00e1 mediante el uso de una herramienta externa y online de selecci\u00f3n aleatoria.<\/p>\n<!-- \/wp:paragraph -->\n\n<!-- wp:paragraph -->\n<p>Los\/as ganadores\/as se anunciar\u00e1n el d\u00eda 13 de marzo de 2025 a las 15:00 h (hora espa\u00f1ola peninsular), a trav\u00e9s de las stories de la p\u00e1gina oficial de Instagram de Kiwoko. Las personas ganadoras del Sorteo ser\u00e1n en todo caso, DOS (2), sin perjuicio de que se seleccionar\u00e1n hasta TRES (3) tres personas m\u00e1s, que quedar\u00e1n en reserva y s\u00f3lo obtendr\u00e1n el premio si las personas ganadoras seleccionadas rechazaran el premio o no lo solicitasen.<\/p>\n<!-- \/wp:paragraph -->\n\n<!-- wp:paragraph -->\n<p>Si las personas ganadoras no responden en el plazo de TRES (3) d\u00edas naturales tras esta comunicaci\u00f3n, perder\u00e1n el derecho al premio, y la Empresa Organizadora contactar\u00e1 con la primera persona en reserva y as\u00ed sucesivamente hasta alcanzar el m\u00e1ximo de DOS (2) personas en reserva.<\/p>\n<!-- \/wp:paragraph -->\n\n<!-- wp:paragraph -->\n<p>La Empresa Organizadora publicar\u00e1 el nombre de las personas ganadoras en su perfil de Instagram. Asimismo, se pondr\u00e1 en contacto con las personas ganadoras a trav\u00e9s de mensaje privado por Instagram en el plazo de TRES (3) d\u00edas laborables, proporcionando las instrucciones de entrega del premio. Las personas ganadoras deber\u00e1n aceptar el premio mediante el env\u00edo de un email a la direcci\u00f3n que se le indicar\u00e1 en el plazo de TRES (3) d\u00edas naturales desde que se le comunique que es el ganador\/a.<\/p>\n<!-- \/wp:paragraph -->\n\n<!-- wp:paragraph -->\n<p>Si las personas ganadoras (2) o cualquiera de los ganadores\/as elegidos como reserva no cumplen con los requisitos de participaci\u00f3n establecidos en el Apartado 3 de estas Bases, quedar\u00e1n excluidos del Sorteo perdiendo el derecho a obtener el premio. <\/p>\n<!-- \/wp:paragraph -->\n\n<!-- wp:paragraph -->\n<p>La Empresa Organizadora publicar\u00e1 el nombre de las personas ganadoras en su perfil de\u00a0 Instagram. Asimismo, se pondr\u00e1 en contacto con las personas ganadoras a trav\u00e9s de mensaje\u00a0 privado por Instagram en el plazo de TRES (3) d\u00edas laborables, proporcionando las\u00a0instrucciones de entrega del premio. Las personas ganadoras deber\u00e1n aceptar el premio\u00a0 mediante el env\u00edo de un email a la direcci\u00f3n que se le indicar\u00e1 en el plazo de TRES (3) d\u00edas\u00a0 naturales desde que se le comunique que es el ganador\/a.\u00a0\u00a0<\/p>\n<!-- \/wp:paragraph -->\n\n<!-- wp:paragraph -->\n<p>Si las personas ganadoras (2) o cualquiera de los ganadores\/as elegidos como reserva no&nbsp; cumplen con los requisitos de participaci\u00f3n establecidos en el Apartado 3 de estas Bases,&nbsp; quedar\u00e1n excluidos del Sorteo perdiendo el derecho a obtener el premio.&nbsp;&nbsp;<\/p>\n<!-- \/wp:paragraph -->\n\n<!-- wp:paragraph -->\n<p>La Empresa Organizadora no asume ninguna responsabilidad por aquellos comentarios\/ posts&nbsp; que, ya sea debido a un error t\u00e9cnico o por otro motivo, no hayan sido recibidos.&nbsp;&nbsp;<\/p>\n<!-- \/wp:paragraph -->\n\n<!-- wp:paragraph -->\n<p>La Empresa Organizadora no se responsabiliza de las posibles p\u00e9rdidas, deterioros, robos,&nbsp; retrasos o cualquier otra circunstancia imputable a terceros o a Internet, que pudieran afectar&nbsp; a la participaci\u00f3n en el presente Sorteo, a la entrega del premio, as\u00ed como a los servicios que&nbsp; pudieran prestar terceras entidades respecto al disfrute del premio.&nbsp;<\/p>\n<!-- \/wp:paragraph -->\n\n<!-- wp:paragraph -->\n<p>La Empresa Organizadora revisar\u00e1 todos los comentarios publicados por los\/las participantes&nbsp; y se reserva el derecho de rechazar todo aquel comentario o post que contenga mensajes o&nbsp; im\u00e1genes que puedan da\u00f1ar la sensibilidad de los dem\u00e1s usuarios\/as. Igualmente ser\u00e1n&nbsp; rechazadas aquellas publicaciones que no cumplan las condiciones previstas en las presentes&nbsp; Bases legales del Sorteo.&nbsp;&nbsp;<\/p>\n<!-- \/wp:paragraph -->\n\n<!-- wp:paragraph -->\n<p>Las personas ganadoras autorizan a la Empresa Organizadora a reproducir y utilizar su nombre\u00a0 y primer apellido en cualquier actividad p\u00fablica y promocional, relacionada con el Sorteo en\u00a0 el que ha resultado ganador\/a, sin que esta utilizaci\u00f3n le confiera derecho de remuneraci\u00f3n o\u00a0 beneficio alguno con excepci\u00f3n hecha de la entrega del premio. Por favor, lea atentamente la\u00a0 secci\u00f3n de protecci\u00f3n de datos a continuaci\u00f3n y la <strong><a href=\"https:\/\/www.kiwoko.com\/politica-de-privacidad-c1.html\" target=\"_blank\" rel=\"noreferrer noopener\">Pol\u00edtica de Privacidad<\/a><\/strong> de la Empresa\u00a0 Organizadora para conocer c\u00f3mo tratamos sus datos personales en el marco de este tipo de\u00a0 actividades promocionales.\u00a0<\/p>\n<!-- \/wp:paragraph -->\n\n<!-- wp:heading -->\n<h2 class=\"wp-block-heading\">5. EL PREMIO\u00a0<\/h2>\n<!-- \/wp:heading -->\n\n<!-- wp:paragraph -->\n<p>El premio del sorteo ser\u00e1n DOS (2) entradas DOBLES para el evento MERCEDES-BENZ FASHION&nbsp; WEEK MADRID con una valoraci\u00f3n individual P.V.P de hasta CIENTO CINCUENTA EUROS (150\u20ac). Cada una de las DOS (2) personas ganadoras recibir\u00e1 UNA entrada doble (1).&nbsp;<\/p>\n<!-- \/wp:paragraph -->\n\n<!-- wp:paragraph -->\n<p>El total del importe del premio tiene un P.V.P. de SEISCIENTOS EUROS (600\u20ac). <strong>6. DATOS PERSONALES<\/strong><\/p>\n<!-- \/wp:paragraph -->\n\n<!-- wp:paragraph -->\n<p>En cumplimiento de lo previsto en el Reglamento (UE) 2016\/679 del Parlamento Europeo y del&nbsp; Consejo, de 27 de abril de 2016, relativo a la protecci\u00f3n de las personas f\u00edsicas en lo que&nbsp; respecta al tratamiento de datos personales y a la libre circulaci\u00f3n de estos datos y por el que&nbsp; se deroga la Directiva 95\/46\/CE (RGPD), as\u00ed como en cumplimiento de lo previsto en la Ley&nbsp; Org\u00e1nica 3\/2018, de 5 de diciembre, de Protecci\u00f3n de Datos de Car\u00e1cter Personal y garant\u00eda&nbsp; de los derechos digitales (LOPDgdd) se informa a los participantes de que la el responsable&nbsp; del tratamiento de los datos recabados en el marco del Sorteo es KIWOKO PET, S.L.U., que&nbsp; tratar\u00e1 sus datos personales, incluida la imagen, para la correcta organizaci\u00f3n y gesti\u00f3n de su&nbsp; participaci\u00f3n en el Sorteo y, en su caso, proceder a la entrega del premio con las retenciones&nbsp; fiscales que resultasen procedentes, siendo las bases legitimadoras del tratamiento la&nbsp; ejecuci\u00f3n del contrato (suscripci\u00f3n al Sorteo ) en el que la persona interesada es parte o para&nbsp; la aplicaci\u00f3n a petici\u00f3n de \u00e9ste de medidas precontractuales, as\u00ed como el cumplimiento de&nbsp; obligaciones legales, respectivamente. La comunicaci\u00f3n por el interesado\/a de sus datos&nbsp; personales es un requisito necesario para suscribir su participaci\u00f3n en el Sorteo.&nbsp; Adicionalmente, sus datos ser\u00e1n tratados para remitir a los\/las participantes mensajes&nbsp; informativos y publicitarios en relaci\u00f3n con las ofertas relacionadas con los productos y\/o&nbsp; servicios de nuestra tienda f\u00edsica y nuestra tienda online, as\u00ed como para la publicaci\u00f3n en&nbsp; medios y redes sociales de informaci\u00f3n acerca de la Empresa Organizadora en el caso de que&nbsp; el\/la participante proporcione su consentimiento para ello.&nbsp;&nbsp;<\/p>\n<!-- \/wp:paragraph -->\n\n<!-- wp:paragraph -->\n<p>Los datos de los\/as participantes no ser\u00e1n cedidos a terceros salvo que sea necesario para la&nbsp; ejecuci\u00f3n del Sorteo, por ejemplo, a empresas de mensajer\u00eda para remitir al ganador el premio,&nbsp; o para cumplir con una obligaci\u00f3n legal, por ejemplo, los datos del ganador\/a ser\u00e1n&nbsp; comunicados a la Agencia Tributaria para realizar el preceptivo ingreso a cuenta del IRPF del&nbsp; ganador.&nbsp;<\/p>\n<!-- \/wp:paragraph -->\n\n<!-- wp:paragraph -->\n<p>Los datos ser\u00e1n conservados mientras dure el sorteo. Una vez finalizado el sorteo y entregado\u00a0 el premio, los datos del ganador\/a ser\u00e1n conservados para la formulaci\u00f3n, el ejercicio o la\u00a0 defensa de reclamaciones, durante el plazo de prescripci\u00f3n de las correspondientes acciones\u00a0 legales. Posteriormente se proceder\u00e1 a su eliminaci\u00f3n.\u00a0<\/p>\n<!-- \/wp:paragraph -->\n\n<!-- wp:paragraph -->\n<p>Le informamos de que podr\u00e1 ejercitar sus derechos de acceso, rectificaci\u00f3n, cancelaci\u00f3n y\/u\u00a0 oposici\u00f3n, portabilidad y limitaci\u00f3n del tratamiento enviando un email a la direcci\u00f3n de correo\u00a0 electr\u00f3nico <strong><a href=\"mailto:rgpd@kiwoko.com\">rgpd@kiwoko.com<\/a><\/strong> o mediante comunicaci\u00f3n dirigida a la siguiente direcci\u00f3n:\u00a0 Avenida de Europa, n\u00ba8, 28922, Alcorc\u00f3n (Madrid). Los\/as titulares de los datos podr\u00e1n\u00a0 presentar reclamaci\u00f3n, en caso de insatisfacci\u00f3n en el ejercicio de sus derechos, ante la\u00a0 Agencia Espa\u00f1ola de Protecci\u00f3n de Datos, a trav\u00e9s de su Sede Electr\u00f3nica mediante el\u00a0 procedimiento electr\u00f3nico de presentaci\u00f3n de denuncias.\u00a0\u00a0<\/p>\n<!-- \/wp:paragraph -->\n\n<!-- wp:heading -->\n<h2 class=\"wp-block-heading\">7. DECLARACION DE I.R.P.F<\/h2>\n<!-- \/wp:heading -->\n\n<!-- wp:paragraph -->\n<p>El premio obtenido tiene la consideraci\u00f3n de ganancia patrimonial no generadas por la&nbsp; transmisi\u00f3n de elementos patrimoniales, por lo que se deber\u00e1n tener en cuenta en la&nbsp; declaraci\u00f3n de I.R.P.F. y ser\u00e1n objeto de tributaci\u00f3n a escala en la base imponible general.&nbsp;<\/p>\n<!-- \/wp:paragraph -->\n\n<!-- wp:paragraph -->\n<p>En cumplimiento de la vigente normativa fiscal (Ley 35\/2006, de 28 de noviembre, del&nbsp; Impuesto sobre la Renta de las Personas F\u00edsicas y dem\u00e1s desarrollo reglamentario&nbsp; concordante), la Empresa Organizadora practicar\u00e1 la correspondiente retenci\u00f3n o ingreso a&nbsp; cuenta sobre el premio entregado, y en su momento, expedir\u00e1 la oportuna certificaci\u00f3n que&nbsp; facilite al Participante el cumplimiento de sus obligaciones fiscales al tener que incorporar en&nbsp; su declaraci\u00f3n de I.R.P.F el rendimiento consistente en el premio recibido, junto con el resto&nbsp; de las rentas que perciba, y de cuya cuota total se podr\u00e1 deducir como ya ingresada la cantidad&nbsp; que conste en la mencionada certificaci\u00f3n de ingreso a cuenta. Con la aceptaci\u00f3n del premio,&nbsp; la persona participante que haya resultado ganadora habilitar\u00e1 a la Empresa Organizadora&nbsp; para practicar, en nombre de la persona premiada, y en caso de que el premio obtenido sea&nbsp; superior a 300 euros (o de la cantidad que legalmente est\u00e9 vigente), la oportuna retenci\u00f3n o&nbsp; ingreso a cuenta correspondiente al 19% del valor del premio, o aquel porcentaje que en cada&nbsp; momento sea legalmente exigible.&nbsp;<\/p>\n<!-- \/wp:paragraph -->\n\n<!-- wp:paragraph -->\n<p>El no disfrute del premio por parte del participante ganador\/a no le eximir\u00e1 de computar el&nbsp; valor de este como ganancias patrimoniales no generadas por la transmisi\u00f3n de elementos&nbsp; patrimoniales a efectos de su declaraci\u00f3n de I.R.P.F.&nbsp;<\/p>\n<!-- \/wp:paragraph -->\n\n<!-- wp:paragraph -->\n<p>La Empresa Organizadora no ser\u00e1 en ning\u00fan caso responsable de la incorrecta declaraci\u00f3n&nbsp; fiscal que al efecto pueda hacer la persona ganadora del premio.&nbsp;<\/p>\n<!-- \/wp:paragraph -->\n\n<!-- wp:heading -->\n<h2 class=\"wp-block-heading\">8. LEY APLICABLE Y JURISDICCI\u00d3N<\/h2>\n<!-- \/wp:heading -->\n\n<!-- wp:paragraph -->\n<p>Las Bases del Sorteo se rigen por la ley com\u00fan espa\u00f1ola y, con renuncia expresa a cualquier&nbsp; otro foro, se someten a los Juzgados y Tribunales de la ciudad en la que tenga su domicilio la&nbsp; persona participante para resolver cualquier controversia entre las mismas en relaci\u00f3n con el&nbsp; Sorteo.&nbsp;&nbsp;<\/p>\n<!-- \/wp:paragraph -->\n\n<!-- wp:paragraph -->\n<p>En caso de existir dudas o discrepancias en la interpretaci\u00f3n de estas Bases Legales, la Empresa&nbsp; Organizadora realizar\u00e1 una interpretaci\u00f3n atendiendo al esp\u00edritu y finalidad para la cual se ha&nbsp; creado el Sorteo.&nbsp;&nbsp;<\/p>\n<!-- \/wp:paragraph -->\n\n<!-- wp:paragraph -->\n<p>La Empresa Organizadora se reserva el derecho a suspender, aplazar o cancelar el presente\u00a0 Sorteo en cualquier momento posterior al comienzo del mismo, siempre que exista justa\u00a0 causa, as\u00ed como a modificar las presentes Bases Legales cuando sea estrictamente necesario\u00a0 para el normal desarrollo del Sorteo, comprometi\u00e9ndose a comunicar las nuevas bases,\u00a0 condiciones, suspensi\u00f3n, aplazamiento o cancelaci\u00f3n, en su caso, a trav\u00e9s de la p\u00e1gina oficial\u00a0 de Instagram de la Empresa Organizadora (<a href=\"https:\/\/www.instagram.com\/kiwoko\" data-type=\"link\" data-id=\"www.instagram.com\/kiwoko\" target=\"_blank\" rel=\"noopener\">www.instagram.com\/kiwoko<\/a>).<\/p>\n<!-- \/wp:paragraph -->\n\n<!-- wp:heading -->\n<h2 class=\"wp-block-heading\">9. ACEPTACI\u00d3N DE LAS BASES\u00a0<\/h2>\n<!-- \/wp:heading -->\n\n<!-- wp:paragraph -->\n<p>La participaci\u00f3n en el Sorteo conlleva la aceptaci\u00f3n expresa, plena e incondicional de las&nbsp; presentes Bases Legales por parte de la persona participante.&nbsp;&nbsp;<\/p>\n<!-- \/wp:paragraph -->\n\n<!-- wp:heading -->\n<h2 class=\"wp-block-heading\">10. \u00bfTIENES ALGUNA DUDA?\u00a0<\/h2>\n<!-- \/wp:heading -->\n\n<!-- wp:paragraph -->\n<p>Puedes contactar con nosotros a trav\u00e9s de mensaje privado en la p\u00e1gina oficial de Instagram\u00a0 de la Empresa Organizadora (<a href=\"https:\/\/www.instagram.com\/kiwoko\" data-type=\"link\" data-id=\"www.instagram.com\/kiwoko\" target=\"_blank\" rel=\"noopener\"><strong>www.instagram.com\/kiwoko<\/strong><\/a>) e intentaremos responder a tus\u00a0 preguntas en el plazo m\u00e1s breve posible.\u00a0\u00a0<\/p>\n<!-- \/wp:paragraph -->\n\n<!-- wp:paragraph -->\n<p>La Empresa Organizadora se reserva el derecho a dar de baja y expulsar autom\u00e1ticamente a\u00a0 cualquier persona participante que realice un mal uso, uso fraudulento o abusivo del presente\u00a0 Sorteo, cancelando su participaci\u00f3n. Se entiende por mal uso el incumplimiento de cualquier\u00a0 condici\u00f3n incluida en las presentes Bases Legales o de cualesquiera normas, costumbres y\u00a0 usos sociales se reconocen en Espa\u00f1a.\u00a0\u00a0<\/p>\n<!-- \/wp:paragraph -->\n\n<!-- wp:paragraph -->\n<p>Instagram no patrocina, avala ni administra de modo alguno este sorteo, ni est\u00e1 asociado a \u00e9l.&nbsp; Los\/as participantes asumen que la participaci\u00f3n est\u00e1 desvinculada de Instagram.<\/p>\n<!-- \/wp:paragraph -->\n\n<!-- wp:paragraph -->\n<p><\/p>\n<!-- \/wp:paragraph -->","protected":false},"excerpt":{"rendered":"<p>1. EMPRESA ORGANIZADORA&nbsp; KIWOKO PET, S.L.U, domiciliada en Avenida de Europa, n\u00ba8, 28922, Alcorc\u00f3n (Madrid), provista de N.I.F. B-85.236.461 (en adelante, la \u201cEmpresa Organizadora\u201d). inscrita en el Registro Mercantil de Madrid en el tomo 24851, folio 13, hoja M-44736 2. EL SORTEO\u00a0 La Empresa Organizadora pone a disposici\u00f3n de los interesados esta acci\u00f3n promocional de [&hellip;]<\/p>\n","protected":false},"author":17,"featured_media":0,"parent":0,"menu_order":0,"comment_status":"closed","ping_status":"closed","template":"","meta":{"_acf_changed":false,"footnotes":""},"class_list":["post-36845","page","type-page","status-publish","hentry"],"acf":[],"_links":{"self":[{"href":"https:\/\/www.kiwoko.com\/blogmundoanimal\/wp-json\/wp\/v2\/pages\/36845","targetHints":{"allow":["GET"]}}],"collection":[{"href":"https:\/\/www.kiwoko.com\/blogmundoanimal\/wp-json\/wp\/v2\/pages"}],"about":[{"href":"https:\/\/www.kiwoko.com\/blogmundoanimal\/wp-json\/wp\/v2\/types\/page"}],"author":[{"embeddable":true,"href":"https:\/\/www.kiwoko.com\/blogmundoanimal\/wp-json\/wp\/v2\/users\/17"}],"replies":[{"embeddable":true,"href":"https:\/\/www.kiwoko.com\/blogmundoanimal\/wp-json\/wp\/v2\/comments?post=36845"}],"version-history":[{"count":38,"href":"https:\/\/www.kiwoko.com\/blogmundoanimal\/wp-json\/wp\/v2\/pages\/36845\/revisions"}],"predecessor-version":[{"id":53940,"href":"https:\/\/www.kiwoko.com\/blogmundoanimal\/wp-json\/wp\/v2\/pages\/36845\/revisions\/53940"}],"wp:attachment":[{"href":"https:\/\/www.kiwoko.com\/blogmundoanimal\/wp-json\/wp\/v2\/media?parent=36845"}],"curies":[{"name":"wp","href":"https:\/\/api.w.org\/{rel}","templated":true}]}}