{"id":47325,"date":"2024-06-25T16:32:04","date_gmt":"2024-06-25T14:32:04","guid":{"rendered":"https:\/\/www.kiwoko.com\/blogmundoanimal\/?page_id=47325"},"modified":"2024-07-09T11:50:49","modified_gmt":"2024-07-09T09:50:49","slug":"verano-con-reptiles","status":"publish","type":"page","link":"https:\/\/www.kiwoko.com\/blogmundoanimal\/verano-con-reptiles\/","title":{"rendered":"\u00a1El mejor verano para tus reptiles!"},"content":{"rendered":"<div id=\"ez-toc-container\" class=\"ez-toc-v2_0_82_2 counter-hierarchy ez-toc-counter ez-toc-grey ez-toc-container-direction\">\n<div class=\"ez-toc-title-container\">\n<p class=\"ez-toc-title\" style=\"cursor:inherit\">\u00cdndice<\/p>\n<span class=\"ez-toc-title-toggle\"><a href=\"#\" class=\"ez-toc-pull-right ez-toc-btn ez-toc-btn-xs ez-toc-btn-default ez-toc-toggle\" aria-label=\"Alternar tabla de contenidos\"><span class=\"ez-toc-js-icon-con\"><span class=\"\"><span class=\"eztoc-hide\" style=\"display:none;\">Toggle<\/span><span class=\"ez-toc-icon-toggle-span\"><svg style=\"fill: #999;color:#999\" xmlns=\"http:\/\/www.w3.org\/2000\/svg\" class=\"list-377408\" width=\"20px\" height=\"20px\" viewBox=\"0 0 24 24\" fill=\"none\"><path d=\"M6 6H4v2h2V6zm14 0H8v2h12V6zM4 11h2v2H4v-2zm16 0H8v2h12v-2zM4 16h2v2H4v-2zm16 0H8v2h12v-2z\" fill=\"currentColor\"><\/path><\/svg><svg style=\"fill: #999;color:#999\" class=\"arrow-unsorted-368013\" xmlns=\"http:\/\/www.w3.org\/2000\/svg\" width=\"10px\" height=\"10px\" viewBox=\"0 0 24 24\" version=\"1.2\" baseProfile=\"tiny\"><path d=\"M18.2 9.3l-6.2-6.3-6.2 6.3c-.2.2-.3.4-.3.7s.1.5.3.7c.2.2.4.3.7.3h11c.3 0 .5-.1.7-.3.2-.2.3-.5.3-.7s-.1-.5-.3-.7zM5.8 14.7l6.2 6.3 6.2-6.3c.2-.2.3-.5.3-.7s-.1-.5-.3-.7c-.2-.2-.4-.3-.7-.3h-11c-.3 0-.5.1-.7.3-.2.2-.3.5-.3.7s.1.5.3.7z\"\/><\/svg><\/span><\/span><\/span><\/a><\/span><\/div>\n<nav><ul class='ez-toc-list ez-toc-list-level-1 ' ><li class='ez-toc-page-1 ez-toc-heading-level-2'><a class=\"ez-toc-link ez-toc-heading-1\" href=\"https:\/\/www.kiwoko.com\/blogmundoanimal\/tortuga-acuatica-un-pequeno-reptil\/#Cuidados_generales_de_una_tortuga_acuatica_en_verano\" >Cuidados generales de una tortuga acu\u00e1tica en verano<\/a><\/li><li class='ez-toc-page-1 ez-toc-heading-level-2'><a class=\"ez-toc-link ez-toc-heading-2\" href=\"https:\/\/www.kiwoko.com\/blogmundoanimal\/tortuga-acuatica-un-pequeno-reptil\/#Checklist_de_cuidados_para_tu_tortuga_durante_los_meses_de_verano\" >Checklist de cuidados para tu tortuga durante los meses de verano<\/a><ul class='ez-toc-list-level-3' ><li class='ez-toc-heading-level-3'><a class=\"ez-toc-link ez-toc-heading-3\" href=\"https:\/\/www.kiwoko.com\/blogmundoanimal\/tortuga-acuatica-un-pequeno-reptil\/#Proporcionar_un_entorno_adecuado_%E2%9C%85\" >Proporcionar un entorno adecuado: \u2705<\/a><\/li><li class='ez-toc-page-1 ez-toc-heading-level-3'><a class=\"ez-toc-link ez-toc-heading-4\" href=\"https:\/\/www.kiwoko.com\/blogmundoanimal\/tortuga-acuatica-un-pequeno-reptil\/#Controlar_la_temperatura_del_agua_%E2%9C%85\" >Controlar la temperatura del agua: \u2705<\/a><\/li><li class='ez-toc-page-1 ez-toc-heading-level-3'><a class=\"ez-toc-link ez-toc-heading-5\" href=\"https:\/\/www.kiwoko.com\/blogmundoanimal\/tortuga-acuatica-un-pequeno-reptil\/#Proporcionar_acceso_a_areas_de_sombra_%E2%9C%85\" >Proporcionar acceso a \u00e1reas de sombra: \u2705<\/a><\/li><li class='ez-toc-page-1 ez-toc-heading-level-3'><a class=\"ez-toc-link ez-toc-heading-6\" href=\"https:\/\/www.kiwoko.com\/blogmundoanimal\/tortuga-acuatica-un-pequeno-reptil\/#Filtrar_y_mantener_el_agua_limpia_%E2%9C%85\" >Filtrar y mantener el agua limpia: \u2705<\/a><\/li><li class='ez-toc-page-1 ez-toc-heading-level-3'><a class=\"ez-toc-link ez-toc-heading-7\" href=\"https:\/\/www.kiwoko.com\/blogmundoanimal\/tortuga-acuatica-un-pequeno-reptil\/#Proporcionar_una_alimentacion_balanceada_%E2%9C%85\" >Proporcionar una alimentaci\u00f3n balanceada: \u2705<\/a><\/li><li class='ez-toc-page-1 ez-toc-heading-level-3'><a class=\"ez-toc-link ez-toc-heading-8\" href=\"https:\/\/www.kiwoko.com\/blogmundoanimal\/tortuga-acuatica-un-pequeno-reptil\/#Supervisar_la_exposicion_solar_%E2%9C%85\" >Supervisar la exposici\u00f3n solar: \u2705<\/a><\/li><li class='ez-toc-page-1 ez-toc-heading-level-3'><a class=\"ez-toc-link ez-toc-heading-9\" href=\"https:\/\/www.kiwoko.com\/blogmundoanimal\/tortuga-acuatica-un-pequeno-reptil\/#Controlar_los_niveles_de_humedad_%E2%9C%85\" >Controlar los niveles de humedad: \u2705<\/a><\/li><li class='ez-toc-page-1 ez-toc-heading-level-3'><a class=\"ez-toc-link ez-toc-heading-10\" href=\"https:\/\/www.kiwoko.com\/blogmundoanimal\/tortuga-acuatica-un-pequeno-reptil\/#Proporcionar_entretenimiento_y_estimulacion_%E2%9C%85\" >Proporcionar entretenimiento y estimulaci\u00f3n: \u2705<\/a><\/li><\/ul><\/li><\/ul><\/nav><\/div>\n<!-- wp:paragraph -->\n<p>\u00a1Prep\u00e1rate para un verano espectacular con nuestros art\u00edculos para reptiles! Mant\u00e9n a tus amigos escamosos frescos y c\u00f3modos con nuestros especializados. Tenemos todo lo que necesitas <strong>para que tus reptiles disfruten al m\u00e1ximo la temporada c\u00e1lida<\/strong>. \u00a1Explora nuestras opciones y aseg\u00farate de que tu reptil tenga un verano perfecto!<\/p>\n<!-- \/wp:paragraph -->\n\n<!-- wp:shortcode -->\n                    <div id=\"verano\">\n            <div class=\"posts-list\">\n            <div class=\"row\">\n                        <div class=\"col-md-6 0\">\n                <div class=\"kontainer-category 0\">                    <a href=\"https:\/\/www.kiwoko.com\/blogmundoanimal\/cuidados-especiales-reptiles-verano\/\" class=\"post 0\">\n                        <div class=\"post-image lazyload 0\" style=\"background:inherit;background-size:cover;\" data-bg=\"#DDDDDD url(https:\/\/www.kiwoko.com\/blogmundoanimal\/wp-content\/uploads\/2020\/07\/cuidados-reptils-en-verano.jpg) no-repeat\"><\/div>\n                        <div class=\"post-text 0\">\n                            <h2>Cuidados de los reptiles durante el verano<\/h2>\n                            El verano es una \u00e9poca delicada para el cuidado de tu reptil. Por ello este post se dedica a repasar una serie de consejos sobre cuidados en esta estaci\u00f3n...                        <\/div>\n                    <\/a>\n                <\/div>\n            <\/div>\n                        <div class=\"col-md-6 1\">\n                <div class=\"kontainer-category 1\">                    <a href=\"https:\/\/www.kiwoko.com\/blogmundoanimal\/temperatura-corporal-animales\/\" class=\"post 1\">\n                        <div class=\"post-image lazyload 1\" style=\"background:inherit;background-size:cover;\" data-bg=\"#DDDDDD url(https:\/\/www.kiwoko.com\/blogmundoanimal\/wp-content\/uploads\/2018\/08\/animales-capaces-de-regular-su-temperatura-corporal.jpg) no-repeat\"><\/div>\n                        <div class=\"post-text 1\">\n                            <h2>Animales capaces de regular su temperatura corporal: Informaci\u00f3n y consejos<\/h2>\n                            Todos los animales necesitan regular su temperatura corporal, en este post te contamos c\u00f3mo lo consiguen mam\u00edferos, aves, peces, anfibios y reptiles. \u00a1No te lo pierdas!                        <\/div>\n                    <\/a>\n                <\/div>\n            <\/div>\n                        <div class=\"col-md-6 2\">\n                <div class=\"kontainer-category 2\">                    <a href=\"https:\/\/www.kiwoko.com\/blogmundoanimal\/termorregulacion-reptiles-verano\/\" class=\"post 2\">\n                        <div class=\"post-image lazyload 2\" style=\"background:inherit;background-size:cover;\" data-bg=\"#DDDDDD url(https:\/\/www.kiwoko.com\/blogmundoanimal\/wp-content\/uploads\/2019\/08\/cabecera-termorregulacion-reptiles-verano.jpg) no-repeat\"><\/div>\n                        <div class=\"post-text 2\">\n                            <h2>\u00bfC\u00f3mo regulan los reptiles su temperatura corporal en verano?<\/h2>\n                            En este post te contamos c&oacute;mo regulan los reptiles su temperatura y qu&eacute; puedes hacer t&uacute; para ayudarles a que se termorregulen en su terrario. Presta atenci&oacute;n.                        <\/div>\n                    <\/a>\n                <\/div>\n            <\/div>\n                        <div class=\"col-md-6 3\">\n                <div class=\"kontainer-category 3\">                    <a href=\"https:\/\/www.kiwoko.com\/blogmundoanimal\/como-cuidar-a-tus-tortugas-durante-las-vacaciones\/\" class=\"post 3\">\n                        <div class=\"post-image lazyload 3\" style=\"background:inherit;background-size:cover;\" data-bg=\"#DDDDDD url(https:\/\/www.kiwoko.com\/blogmundoanimal\/wp-content\/uploads\/2020\/07\/como-cuidar-a-tus-tortugas-en-verano-min.jpg) no-repeat\"><\/div>\n                        <div class=\"post-text 3\">\n                            <h2>Consejos para cuidar a tus tortugas durante las vacaciones<\/h2>\n                            Tanto como si vas a estar unos d\u00edas fueras como algo m\u00e1s de tiempo, tus tortugas deben estar cuidadas. En el post de hoy te contamos c\u00f3mo debes planificar...                        <\/div>\n                    <\/a>\n                <\/div>\n            <\/div>\n                        <div class=\"col-md-6 4\">\n                <div class=\"kontainer-category 4\">                    <a href=\"https:\/\/www.kiwoko.com\/blogmundoanimal\/tortuga-acuatica-un-pequeno-reptil\/\" class=\"post 4\">\n                        <div class=\"post-image lazyload 4\" style=\"background:inherit;background-size:cover;\" data-bg=\"#DDDDDD url(https:\/\/www.kiwoko.com\/blogmundoanimal\/wp-content\/uploads\/2023\/06\/cuidados-tortuga-acuatica.jpg) no-repeat\"><\/div>\n                        <div class=\"post-text 4\">\n                            <h2>\u00bfQu\u00e9 cuidados necesita tu tortuga acu\u00e1tica en verano?<\/h2>\n                            De cara a la estaci\u00f3n m\u00e1s calurosa del a\u00f1o, te estar\u00e1s preguntando qu\u00e9 preparativos necesita tu tortuga acu\u00e1tica. \u00a1En este post te lo contamos!                        <\/div>\n                    <\/a>\n                <\/div>\n            <\/div>\n            <\/div>\n        <\/div>\n                    <div class=\"row\">\n                <div class=\"col-lg-12 mb-5\">\n                    <button id=\"verano-load-more-articles\" class=\"btn load-more\" data-cat=\"\" data-tag=\"verano\" data-animal=\"Reptiles\"\n                data-numpost=\"6\">Cargar m\u00e1s articulos<\/button>\n                <\/div>\n            <\/div>\n            <script>\n                document.addEventListener('DOMContentLoaded', function () {\n                const buttons = document.querySelectorAll('.btn.load-more');\n\n                buttons.forEach(function (button) {\n                    button.addEventListener('click', function () {\n                    const title = button.getAttribute('data-title') || '';\n                    const link = button.getAttribute('data-link') || window.location.href;\n                    const position = button.getAttribute('data-position') || '';\n                    const category = button.getAttribute('data-cat') || '';\n                    const linkText = button.innerText || button.textContent;\n\n                    window.dataLayer = window.dataLayer || [];\n                    window.dataLayer.push({\n                        'event': 'blog_mas_articulos',\n                        'event_name': 'blog_mas_articulos',\n                        'position': position,\n                        'link_text': linkText,\n                        'link_url': link,\n                        'category': category,\n                        'product_name': title\n                    });\n                    });\n                });\n                });\n            <\/script> \n                <div id=\"verano-loading-elements\" class=\"text-center mt-1 loading-elements\"><div class=\"lds-ellipsis\"><div><\/div><div><\/div><div><\/div><div><\/div><\/div><\/div>\n                    <\/div>\n<!-- \/wp:shortcode -->\n\n<!-- wp:image {\"id\":47595,\"sizeSlug\":\"full\",\"linkDestination\":\"custom\"} -->\n<figure class=\"wp-block-image size-full\"><a href=\"https:\/\/www.kiwoko.com\/promociones\/verano\/\" target=\"_blank\" rel=\"noreferrer noopener\"><img decoding=\"async\" width=\"800\" height=\"385\" data-src=\"https:\/\/www.kiwoko.com\/blogmundoanimal\/wp-content\/uploads\/2024\/07\/Consejos-verano-para-reptiles.png\" alt=\"mejores productos verano reptiles\" class=\"wp-image-47595 lazyload\" data-srcset=\"https:\/\/www.kiwoko.com\/blogmundoanimal\/wp-content\/uploads\/2024\/07\/Consejos-verano-para-reptiles.png 800w, https:\/\/www.kiwoko.com\/blogmundoanimal\/wp-content\/uploads\/2024\/07\/Consejos-verano-para-reptiles-300x144.png 300w, https:\/\/www.kiwoko.com\/blogmundoanimal\/wp-content\/uploads\/2024\/07\/Consejos-verano-para-reptiles-768x370.png 768w\" data-sizes=\"(max-width: 800px) 100vw, 800px\" src=\"data:image\/svg+xml;base64,PHN2ZyB3aWR0aD0iMSIgaGVpZ2h0PSIxIiB4bWxucz0iaHR0cDovL3d3dy53My5vcmcvMjAwMC9zdmciPjwvc3ZnPg==\" style=\"--smush-placeholder-width: 800px; --smush-placeholder-aspect-ratio: 800\/385;\" \/><\/a><\/figure>\n<!-- \/wp:image -->","protected":false},"excerpt":{"rendered":"<p>Si has llegado a este post es porque las&nbsp;tortugas acu\u00e1ticas&nbsp;te fascinan y porque te preocupa saber&nbsp;qu\u00e9 cuidados necesitan cuando se acerca el verano, \u00bfverdad? Es cierto que las tortugas no requieren tantos&nbsp;cuidados y mantenimiento&nbsp;como otras mascotas, pero si las cuidas bien, con un poco de esfuerzo y cari\u00f1o \u00a1pueden llegar a vivir much\u00edsimos a\u00f1os! En [&hellip;]<\/p>\n","protected":false},"author":40,"featured_media":47344,"parent":0,"menu_order":0,"comment_status":"closed","ping_status":"closed","template":"","meta":{"_acf_changed":false,"footnotes":""},"class_list":["post-47325","page","type-page","status-publish","has-post-thumbnail","hentry"],"acf":[],"_links":{"self":[{"href":"https:\/\/www.kiwoko.com\/blogmundoanimal\/wp-json\/wp\/v2\/pages\/47325","targetHints":{"allow":["GET"]}}],"collection":[{"href":"https:\/\/www.kiwoko.com\/blogmundoanimal\/wp-json\/wp\/v2\/pages"}],"about":[{"href":"https:\/\/www.kiwoko.com\/blogmundoanimal\/wp-json\/wp\/v2\/types\/page"}],"author":[{"embeddable":true,"href":"https:\/\/www.kiwoko.com\/blogmundoanimal\/wp-json\/wp\/v2\/users\/40"}],"replies":[{"embeddable":true,"href":"https:\/\/www.kiwoko.com\/blogmundoanimal\/wp-json\/wp\/v2\/comments?post=47325"}],"version-history":[{"count":6,"href":"https:\/\/www.kiwoko.com\/blogmundoanimal\/wp-json\/wp\/v2\/pages\/47325\/revisions"}],"predecessor-version":[{"id":47596,"href":"https:\/\/www.kiwoko.com\/blogmundoanimal\/wp-json\/wp\/v2\/pages\/47325\/revisions\/47596"}],"wp:featuredmedia":[{"embeddable":true,"href":"https:\/\/www.kiwoko.com\/blogmundoanimal\/wp-json\/wp\/v2\/media\/47344"}],"wp:attachment":[{"href":"https:\/\/www.kiwoko.com\/blogmundoanimal\/wp-json\/wp\/v2\/media?parent=47325"}],"curies":[{"name":"wp","href":"https:\/\/api.w.org\/{rel}","templated":true}]}}