{"id":51535,"date":"2025-06-17T15:31:40","date_gmt":"2025-06-17T13:31:40","guid":{"rendered":"https:\/\/www.kiwoko.com\/blogmundoanimal\/?page_id=51535"},"modified":"2025-06-17T15:31:40","modified_gmt":"2025-06-17T13:31:40","slug":"consejos-alimentacion-para-gatos","status":"publish","type":"page","link":"https:\/\/www.kiwoko.com\/blogmundoanimal\/consejos-alimentacion-para-gatos\/","title":{"rendered":"Consejos de alimentaci\u00f3n para gatos"},"content":{"rendered":"<div id=\"ez-toc-container\" class=\"ez-toc-v2_0_82_2 counter-hierarchy ez-toc-counter ez-toc-grey ez-toc-container-direction\">\n<div class=\"ez-toc-title-container\">\n<p class=\"ez-toc-title\" style=\"cursor:inherit\">\u00cdndice<\/p>\n<span class=\"ez-toc-title-toggle\"><a href=\"#\" class=\"ez-toc-pull-right ez-toc-btn ez-toc-btn-xs ez-toc-btn-default ez-toc-toggle\" aria-label=\"Alternar tabla de contenidos\"><span class=\"ez-toc-js-icon-con\"><span class=\"\"><span class=\"eztoc-hide\" style=\"display:none;\">Toggle<\/span><span class=\"ez-toc-icon-toggle-span\"><svg style=\"fill: #999;color:#999\" xmlns=\"http:\/\/www.w3.org\/2000\/svg\" class=\"list-377408\" width=\"20px\" height=\"20px\" viewBox=\"0 0 24 24\" fill=\"none\"><path d=\"M6 6H4v2h2V6zm14 0H8v2h12V6zM4 11h2v2H4v-2zm16 0H8v2h12v-2zM4 16h2v2H4v-2zm16 0H8v2h12v-2z\" fill=\"currentColor\"><\/path><\/svg><svg style=\"fill: #999;color:#999\" class=\"arrow-unsorted-368013\" xmlns=\"http:\/\/www.w3.org\/2000\/svg\" width=\"10px\" height=\"10px\" viewBox=\"0 0 24 24\" version=\"1.2\" baseProfile=\"tiny\"><path d=\"M18.2 9.3l-6.2-6.3-6.2 6.3c-.2.2-.3.4-.3.7s.1.5.3.7c.2.2.4.3.7.3h11c.3 0 .5-.1.7-.3.2-.2.3-.5.3-.7s-.1-.5-.3-.7zM5.8 14.7l6.2 6.3 6.2-6.3c.2-.2.3-.5.3-.7s-.1-.5-.3-.7c-.2-.2-.4-.3-.7-.3h-11c-.3 0-.5.1-.7.3-.2.2-.3.5-.3.7s.1.5.3.7z\"\/><\/svg><\/span><\/span><\/span><\/a><\/span><\/div>\n<nav><ul class='ez-toc-list ez-toc-list-level-1 ' ><li class='ez-toc-page-1 ez-toc-heading-level-2'><a class=\"ez-toc-link ez-toc-heading-1\" href=\"https:\/\/www.kiwoko.com\/blogmundoanimal\/frutas-y-verduras-que-pueden-comer-los-gatos-guia\/#%C2%BFPor_que_dar_frutas_y_verduras_a_un_gato_si_son_carnivoros\" >\u00bfPor qu\u00e9 dar frutas y verduras a un gato si son carn\u00edvoros?<\/a><ul class='ez-toc-list-level-3' ><li class='ez-toc-heading-level-3'><a class=\"ez-toc-link ez-toc-heading-2\" href=\"https:\/\/www.kiwoko.com\/blogmundoanimal\/frutas-y-verduras-que-pueden-comer-los-gatos-guia\/#Beneficios_de_las_frutas_y_verduras_en_gatos\" >Beneficios de las frutas y verduras en gatos<\/a><\/li><\/ul><\/li><li class='ez-toc-page-1 ez-toc-heading-level-2'><a class=\"ez-toc-link ez-toc-heading-3\" href=\"https:\/\/www.kiwoko.com\/blogmundoanimal\/frutas-y-verduras-que-pueden-comer-los-gatos-guia\/#Frutas_que_pueden_comer_los_gatos\" >Frutas que pueden comer los gatos<\/a><ul class='ez-toc-list-level-3' ><li class='ez-toc-heading-level-3'><a class=\"ez-toc-link ez-toc-heading-4\" href=\"https:\/\/www.kiwoko.com\/blogmundoanimal\/frutas-y-verduras-que-pueden-comer-los-gatos-guia\/#%F0%9F%8D%8E_Manzana\" >\ud83c\udf4e Manzana<\/a><\/li><li class='ez-toc-page-1 ez-toc-heading-level-3'><a class=\"ez-toc-link ez-toc-heading-5\" href=\"https:\/\/www.kiwoko.com\/blogmundoanimal\/frutas-y-verduras-que-pueden-comer-los-gatos-guia\/#%F0%9F%8D%8C_Platano\" >\ud83c\udf4c Pl\u00e1tano<\/a><\/li><li class='ez-toc-page-1 ez-toc-heading-level-3'><a class=\"ez-toc-link ez-toc-heading-6\" href=\"https:\/\/www.kiwoko.com\/blogmundoanimal\/frutas-y-verduras-que-pueden-comer-los-gatos-guia\/#%F0%9F%8D%90_Pera\" >\ud83c\udf50 Pera<\/a><\/li><li class='ez-toc-page-1 ez-toc-heading-level-3'><a class=\"ez-toc-link ez-toc-heading-7\" href=\"https:\/\/www.kiwoko.com\/blogmundoanimal\/frutas-y-verduras-que-pueden-comer-los-gatos-guia\/#%F0%9F%8D%89_Sandia\" >\ud83c\udf49 Sand\u00eda<\/a><\/li><li class='ez-toc-page-1 ez-toc-heading-level-3'><a class=\"ez-toc-link ez-toc-heading-8\" href=\"https:\/\/www.kiwoko.com\/blogmundoanimal\/frutas-y-verduras-que-pueden-comer-los-gatos-guia\/#%F0%9F%8D%93_Fresas\" >\ud83c\udf53 Fresas<\/a><\/li><li class='ez-toc-page-1 ez-toc-heading-level-3'><a class=\"ez-toc-link ez-toc-heading-9\" href=\"https:\/\/www.kiwoko.com\/blogmundoanimal\/frutas-y-verduras-que-pueden-comer-los-gatos-guia\/#%F0%9F%8D%88_Melon\" >\ud83c\udf48 Mel\u00f3n<\/a><\/li><li class='ez-toc-page-1 ez-toc-heading-level-3'><a class=\"ez-toc-link ez-toc-heading-10\" href=\"https:\/\/www.kiwoko.com\/blogmundoanimal\/frutas-y-verduras-que-pueden-comer-los-gatos-guia\/#%F0%9F%AB%90_Arandanos\" >\ud83e\uded0 Ar\u00e1ndanos<\/a><\/li><\/ul><\/li><li class='ez-toc-page-1 ez-toc-heading-level-2'><a class=\"ez-toc-link ez-toc-heading-11\" href=\"https:\/\/www.kiwoko.com\/blogmundoanimal\/frutas-y-verduras-que-pueden-comer-los-gatos-guia\/#Verduras_que_pueden_comer_los_gatos\" >Verduras que pueden comer los gatos<\/a><ul class='ez-toc-list-level-3' ><li class='ez-toc-heading-level-3'><a class=\"ez-toc-link ez-toc-heading-12\" href=\"https:\/\/www.kiwoko.com\/blogmundoanimal\/frutas-y-verduras-que-pueden-comer-los-gatos-guia\/#%F0%9F%A5%95_Zanahoria\" >\ud83e\udd55 Zanahoria<\/a><\/li><li class='ez-toc-page-1 ez-toc-heading-level-3'><a class=\"ez-toc-link ez-toc-heading-13\" href=\"https:\/\/www.kiwoko.com\/blogmundoanimal\/frutas-y-verduras-que-pueden-comer-los-gatos-guia\/#%F0%9F%8E%83_Calabaza\" >\ud83c\udf83 Calabaza<\/a><\/li><li class='ez-toc-page-1 ez-toc-heading-level-3'><a class=\"ez-toc-link ez-toc-heading-14\" href=\"https:\/\/www.kiwoko.com\/blogmundoanimal\/frutas-y-verduras-que-pueden-comer-los-gatos-guia\/#%F0%9F%A5%A6_Brocoli\" >\ud83e\udd66 Br\u00f3coli<\/a><\/li><li class='ez-toc-page-1 ez-toc-heading-level-3'><a class=\"ez-toc-link ez-toc-heading-15\" href=\"https:\/\/www.kiwoko.com\/blogmundoanimal\/frutas-y-verduras-que-pueden-comer-los-gatos-guia\/#%F0%9F%A5%92_Pepino\" >\ud83e\udd52 Pepino<\/a><\/li><li class='ez-toc-page-1 ez-toc-heading-level-3'><a class=\"ez-toc-link ez-toc-heading-16\" href=\"https:\/\/www.kiwoko.com\/blogmundoanimal\/frutas-y-verduras-que-pueden-comer-los-gatos-guia\/#%F0%9F%A5%AC_Lechuga\" >\ud83e\udd6c Lechuga<\/a><\/li><li class='ez-toc-page-1 ez-toc-heading-level-3'><a class=\"ez-toc-link ez-toc-heading-17\" href=\"https:\/\/www.kiwoko.com\/blogmundoanimal\/frutas-y-verduras-que-pueden-comer-los-gatos-guia\/#%F0%9F%8C%B6%EF%B8%8F_Pimiento\" >\ud83c\udf36\ufe0f Pimiento<\/a><\/li><li class='ez-toc-page-1 ez-toc-heading-level-3'><a class=\"ez-toc-link ez-toc-heading-18\" href=\"https:\/\/www.kiwoko.com\/blogmundoanimal\/frutas-y-verduras-que-pueden-comer-los-gatos-guia\/#%F0%9F%9F%A2_Guisantes\" >\ud83d\udfe2 Guisantes<\/a><\/li><\/ul><\/li><li class='ez-toc-page-1 ez-toc-heading-level-2'><a class=\"ez-toc-link ez-toc-heading-19\" href=\"https:\/\/www.kiwoko.com\/blogmundoanimal\/frutas-y-verduras-que-pueden-comer-los-gatos-guia\/#%C2%BFY_si_mi_gato_tiene_necesidades_especiales\" >\u00bfY si mi gato tiene necesidades especiales?<\/a><ul class='ez-toc-list-level-3' ><li class='ez-toc-heading-level-3'><a class=\"ez-toc-link ez-toc-heading-20\" href=\"https:\/\/www.kiwoko.com\/blogmundoanimal\/frutas-y-verduras-que-pueden-comer-los-gatos-guia\/#Gatos_con_sobrepeso\" >Gatos con sobrepeso<\/a><\/li><li class='ez-toc-page-1 ez-toc-heading-level-3'><a class=\"ez-toc-link ez-toc-heading-21\" href=\"https:\/\/www.kiwoko.com\/blogmundoanimal\/frutas-y-verduras-que-pueden-comer-los-gatos-guia\/#Gatos_con_problemas_digestivos\" >Gatos con problemas digestivos<\/a><\/li><li class='ez-toc-page-1 ez-toc-heading-level-3'><a class=\"ez-toc-link ez-toc-heading-22\" href=\"https:\/\/www.kiwoko.com\/blogmundoanimal\/frutas-y-verduras-que-pueden-comer-los-gatos-guia\/#Gatos_con_alergias_o_intolerancias\" >Gatos con alergias o intolerancias<\/a><\/li><\/ul><\/li><li class='ez-toc-page-1 ez-toc-heading-level-2'><a class=\"ez-toc-link ez-toc-heading-23\" href=\"https:\/\/www.kiwoko.com\/blogmundoanimal\/frutas-y-verduras-que-pueden-comer-los-gatos-guia\/#Calculadora_de_frutas_y_verduras_para_tu_gato\" >Calculadora de frutas y verduras para tu gato<\/a><ul class='ez-toc-list-level-3' ><li class='ez-toc-heading-level-3'><a class=\"ez-toc-link ez-toc-heading-24\" href=\"https:\/\/www.kiwoko.com\/blogmundoanimal\/frutas-y-verduras-que-pueden-comer-los-gatos-guia\/#Recomendaciones_para_tu_gato\" >Recomendaciones para tu gato<\/a><\/li><\/ul><\/li><li class='ez-toc-page-1 ez-toc-heading-level-2'><a class=\"ez-toc-link ez-toc-heading-25\" href=\"https:\/\/www.kiwoko.com\/blogmundoanimal\/frutas-y-verduras-que-pueden-comer-los-gatos-guia\/#Preguntas_frecuentes\" >Preguntas frecuentes<\/a><ul class='ez-toc-list-level-3' ><li class='ez-toc-heading-level-3'><a class=\"ez-toc-link ez-toc-heading-26\" href=\"https:\/\/www.kiwoko.com\/blogmundoanimal\/frutas-y-verduras-que-pueden-comer-los-gatos-guia\/#%C2%BFLos_gatos_pueden_comer_cerezas\" >\u00bfLos gatos pueden comer cerezas?<\/a><\/li><li class='ez-toc-page-1 ez-toc-heading-level-3'><a class=\"ez-toc-link ez-toc-heading-27\" href=\"https:\/\/www.kiwoko.com\/blogmundoanimal\/frutas-y-verduras-que-pueden-comer-los-gatos-guia\/#%C2%BFLos_gatos_pueden_comer_espinacas\" >\u00bfLos gatos pueden comer espinacas?<\/a><\/li><li class='ez-toc-page-1 ez-toc-heading-level-3'><a class=\"ez-toc-link ez-toc-heading-28\" href=\"https:\/\/www.kiwoko.com\/blogmundoanimal\/frutas-y-verduras-que-pueden-comer-los-gatos-guia\/#%C2%BFLos_gatos_pueden_comer_pimiento\" >\u00bfLos gatos pueden comer pimiento?<\/a><\/li><li class='ez-toc-page-1 ez-toc-heading-level-3'><a class=\"ez-toc-link ez-toc-heading-29\" href=\"https:\/\/www.kiwoko.com\/blogmundoanimal\/frutas-y-verduras-que-pueden-comer-los-gatos-guia\/#%C2%BFLos_gatos_pueden_comer_aguacate\" >\u00bfLos gatos pueden comer aguacate?<\/a><\/li><li class='ez-toc-page-1 ez-toc-heading-level-3'><a class=\"ez-toc-link ez-toc-heading-30\" href=\"https:\/\/www.kiwoko.com\/blogmundoanimal\/frutas-y-verduras-que-pueden-comer-los-gatos-guia\/#%C2%BFLos_gatos_pueden_comer_brocoli\" >\u00bfLos gatos pueden comer br\u00f3coli?<\/a><\/li><li class='ez-toc-page-1 ez-toc-heading-level-3'><a class=\"ez-toc-link ez-toc-heading-31\" href=\"https:\/\/www.kiwoko.com\/blogmundoanimal\/frutas-y-verduras-que-pueden-comer-los-gatos-guia\/#%C2%BFLos_gatos_pueden_comer_uvas\" >\u00bfLos gatos pueden comer uvas?<\/a><\/li><li class='ez-toc-page-1 ez-toc-heading-level-3'><a class=\"ez-toc-link ez-toc-heading-32\" href=\"https:\/\/www.kiwoko.com\/blogmundoanimal\/frutas-y-verduras-que-pueden-comer-los-gatos-guia\/#%C2%BFLos_gatos_pueden_comer_tomate\" >\u00bfLos gatos pueden comer tomate?<\/a><\/li><li class='ez-toc-page-1 ez-toc-heading-level-3'><a class=\"ez-toc-link ez-toc-heading-33\" href=\"https:\/\/www.kiwoko.com\/blogmundoanimal\/frutas-y-verduras-que-pueden-comer-los-gatos-guia\/#%C2%BFLos_gatos_pueden_comer_coco\" >\u00bfLos gatos pueden comer coco?<\/a><\/li><li class='ez-toc-page-1 ez-toc-heading-level-3'><a class=\"ez-toc-link ez-toc-heading-34\" href=\"https:\/\/www.kiwoko.com\/blogmundoanimal\/frutas-y-verduras-que-pueden-comer-los-gatos-guia\/#%C2%BFLos_gatos_pueden_comer_mandarina\" >\u00bfLos gatos pueden comer mandarina?<\/a><\/li><li class='ez-toc-page-1 ez-toc-heading-level-3'><a class=\"ez-toc-link ez-toc-heading-35\" href=\"https:\/\/www.kiwoko.com\/blogmundoanimal\/frutas-y-verduras-que-pueden-comer-los-gatos-guia\/#%C2%BFLos_gatos_pueden_comer_maiz\" >\u00bfLos gatos pueden comer ma\u00edz?<\/a><\/li><\/ul><\/li><\/ul><\/nav><\/div>\n<!-- wp:shortcode -->\n                    <div id=\"alimentacion\">\n            <div class=\"posts-list\">\n            <div class=\"row\">\n                        <div class=\"col-md-6 0\">\n                <div class=\"kontainer-category 0\">                    <a href=\"https:\/\/www.kiwoko.com\/blogmundoanimal\/problemas-urinarios-en-gatos-causas-como-ayudar\/\" class=\"post 0\">\n                        <div class=\"post-image lazyload 0\" style=\"background:inherit;background-size:cover;\" data-bg=\"#DDDDDD url(https:\/\/www.kiwoko.com\/blogmundoanimal\/wp-content\/uploads\/2026\/03\/gatos-con-problemas-urinarios.jpg) no-repeat\"><\/div>\n                        <div class=\"post-text 0\">\n                            <h2>Problemas urinarios en gatos: C\u00f3mo detectarlos y qu\u00e9 puedes hacer para ayudarle<\/h2>\n                            Si convives con un gato, sabes que son expertos en disimular cuando algo no va bien. Por eso, cuando empiezan a cambiar sus h\u00e1bitos en el arenero, conviene prestar...                        <\/div>\n                    <\/a>\n                <\/div>\n            <\/div>\n                        <div class=\"col-md-6 1\">\n                <div class=\"kontainer-category 1\">                    <a href=\"https:\/\/www.kiwoko.com\/blogmundoanimal\/alimentar-bien-gato\/\" class=\"post 1\">\n                        <div class=\"post-image lazyload 1\" style=\"background:inherit;background-size:cover;\" data-bg=\"#DDDDDD url(https:\/\/www.kiwoko.com\/blogmundoanimal\/wp-content\/uploads\/2019\/08\/cabecera-alimentar-bien-gato.jpg) no-repeat\"><\/div>\n                        <div class=\"post-text 1\">\n                            <h2>\u00bfC\u00f3mo alimentar correctamente a tu gato?<\/h2>\n                            En este post te damos algunos consejos para que aprendas a dar de comer a tu gato de la manera m\u00e1s correcta posible.                        <\/div>\n                    <\/a>\n                <\/div>\n            <\/div>\n                        <div class=\"col-md-6 2\">\n                <div class=\"kontainer-category 2\">                    <a href=\"https:\/\/www.kiwoko.com\/blogmundoanimal\/como-elegir-alimentacion-gatos-comida-gatos-mayores\/\" class=\"post 2\">\n                        <div class=\"post-image lazyload 2\" style=\"background:inherit;background-size:cover;\" data-bg=\"#DDDDDD url(https:\/\/www.kiwoko.com\/blogmundoanimal\/wp-content\/uploads\/2021\/08\/alimentacion-para-gato-senior-esterilizado.jpg) no-repeat\"><\/div>\n                        <div class=\"post-text 2\">\n                            <h2>\u00bfC\u00f3mo alimentar a un gato senior esterilizado?<\/h2>\n                            A nadie se le pasa por alto que un gatito tiene unas necesidades nutricionales diferentes a las de un gato adulto. En cambio, es frecuente que no pensemos lo...                        <\/div>\n                    <\/a>\n                <\/div>\n            <\/div>\n                        <div class=\"col-md-6 3\">\n                <div class=\"kontainer-category 3\">                    <a href=\"https:\/\/www.kiwoko.com\/blogmundoanimal\/como-elegir-mejor-pienso-light-para-gatos\/\" class=\"post 3\">\n                        <div class=\"post-image lazyload 3\" style=\"background:inherit;background-size:cover;\" data-bg=\"#DDDDDD url(https:\/\/www.kiwoko.com\/blogmundoanimal\/wp-content\/uploads\/2025\/11\/mejor-pienso-light-para-gatos.jpg) no-repeat\"><\/div>\n                        <div class=\"post-text 3\">\n                            <h2>Piensos light para gatos con obesidad: Qu\u00e9 son y c\u00f3mo elegir el mejor<\/h2>\n                            Tu gato ha ganado peso. Lo notas cuando salta menos, se mueve m\u00e1s lento o incluso cuando duerme m\u00e1s de lo habitual. Quiz\u00e1 el veterinario ya te ha dicho...                        <\/div>\n                    <\/a>\n                <\/div>\n            <\/div>\n                        <div class=\"col-md-6 4\">\n                <div class=\"kontainer-category 4\">                    <a href=\"https:\/\/www.kiwoko.com\/blogmundoanimal\/problemas-digestivos-en-gatos-causas-como-ayudar\/\" class=\"post 4\">\n                        <div class=\"post-image lazyload 4\" style=\"background:inherit;background-size:cover;\" data-bg=\"#DDDDDD url(https:\/\/www.kiwoko.com\/blogmundoanimal\/wp-content\/uploads\/2021\/07\/gatos-con-problemas-gastrointestinales.jpg) no-repeat\"><\/div>\n                        <div class=\"post-text 4\">\n                            <h2>Gatos con problemas gastrointestinales: Se\u00f1ales de alerta y c\u00f3mo ayudarles<\/h2>\n                            Conoce las causas de los problemas digestivos en perros y gatos. Adem\u00e1s, te explicamos algunos s\u00edntomas que puedes notar.                        <\/div>\n                    <\/a>\n                <\/div>\n            <\/div>\n                        <div class=\"col-md-6 5\">\n                <div class=\"kontainer-category 5\">                    <a href=\"https:\/\/www.kiwoko.com\/blogmundoanimal\/deben-beber-gatos-leche\/\" class=\"post 5\">\n                        <div class=\"post-image lazyload 5\" style=\"background:inherit;background-size:cover;\" data-bg=\"#DDDDDD url(https:\/\/www.kiwoko.com\/blogmundoanimal\/wp-content\/uploads\/2020\/09\/gatos-y-leche.jpg) no-repeat\"><\/div>\n                        <div class=\"post-text 5\">\n                            <h2>Los gatos beben leche: \u00bfMito o verdad?<\/h2>\n                            \u00bfEs bueno darle leche a un gato?\u00bfS\u00ed o no? Te respondemos en este interesante post que deshace un mito alimentario tan popular.                        <\/div>\n                    <\/a>\n                <\/div>\n            <\/div>\n                        <div class=\"col-md-6 6\">\n                <div class=\"kontainer-category 6\">                    <a href=\"https:\/\/www.kiwoko.com\/blogmundoanimal\/alergia-a-los-gatos-causas-sintomas-y-que-hacer\/\" class=\"post 6\">\n                        <div class=\"post-image lazyload 6\" style=\"background:inherit;background-size:cover;\" data-bg=\"#DDDDDD url(https:\/\/www.kiwoko.com\/blogmundoanimal\/wp-content\/uploads\/2021\/05\/alergia-a-los-gatos-1.jpg) no-repeat\"><\/div>\n                        <div class=\"post-text 6\">\n                            <h2>Alergia a los gatos: S\u00edntomas, soluciones y c\u00f3mo vivir con ellos sin renunciar a su compa\u00f1\u00eda<\/h2>\n                            Si est\u00e1s leyendo esto es porque probablemente amas a los gatos\u2026 pero no puedes ni acercarte a uno sin estornudar. Tranquilo, no est\u00e1s solo. La alergia a los gatos...                        <\/div>\n                    <\/a>\n                <\/div>\n            <\/div>\n                        <div class=\"col-md-6 7\">\n                <div class=\"kontainer-category 7\">                    <a href=\"https:\/\/www.kiwoko.com\/blogmundoanimal\/frutas-y-verduras-que-pueden-comer-los-gatos-guia\/\" class=\"post 7\">\n                        <div class=\"post-image lazyload 7\" style=\"background:inherit;background-size:cover;\" data-bg=\"#DDDDDD url(https:\/\/www.kiwoko.com\/blogmundoanimal\/wp-content\/uploads\/2025\/05\/que-frutas-y-verduras-pueden-comer-los-gatos.jpg) no-repeat\"><\/div>\n                        <div class=\"post-text 7\">\n                            <h2>\u00bfQu\u00e9 frutas y verduras pueden comer los gatos? Todo lo que debes saber<\/h2>\n                            Sabemos que tu gato es uno m\u00e1s de la familia. Y como tal, quieres lo mejor para \u00e9l: Que est\u00e9 sano, feliz y bien alimentado. Aunque los felinos son...                        <\/div>\n                    <\/a>\n                <\/div>\n            <\/div>\n            <\/div>\n        <\/div>\n                    <div class=\"row\">\n                <div class=\"col-lg-12 mb-5\">\n                    <button id=\"alimentacion-load-more-articles\" class=\"btn load-more\" data-cat=\"\" data-tag=\"alimentacion\" data-animal=\"Gatos\"\n                data-numpost=\"8\">Cargar m\u00e1s articulos<\/button>\n                <\/div>\n            <\/div>\n            <script>\n                document.addEventListener('DOMContentLoaded', function () {\n                const buttons = document.querySelectorAll('.btn.load-more');\n\n                buttons.forEach(function (button) {\n                    button.addEventListener('click', function () {\n                    const title = button.getAttribute('data-title') || '';\n                    const link = button.getAttribute('data-link') || window.location.href;\n                    const position = button.getAttribute('data-position') || '';\n                    const category = button.getAttribute('data-cat') || '';\n                    const linkText = button.innerText || button.textContent;\n\n                    window.dataLayer = window.dataLayer || [];\n                    window.dataLayer.push({\n                        'event': 'blog_mas_articulos',\n                        'event_name': 'blog_mas_articulos',\n                        'position': position,\n                        'link_text': linkText,\n                        'link_url': link,\n                        'category': category,\n                        'product_name': title\n                    });\n                    });\n                });\n                });\n            <\/script> \n                <div id=\"alimentacion-loading-elements\" class=\"text-center mt-1 loading-elements\"><div class=\"lds-ellipsis\"><div><\/div><div><\/div><div><\/div><div><\/div><\/div><\/div>\n                    <\/div>\n<!-- \/wp:shortcode -->\n\n<!-- wp:paragraph -->\n<p><\/p>\n<!-- \/wp:paragraph -->","protected":false},"excerpt":{"rendered":"<p>Sabemos que tu gato es uno m\u00e1s de la familia. Y como tal, quieres lo mejor para \u00e9l: Que est\u00e9 sano, feliz y bien alimentado. Aunque los felinos son carn\u00edvoros por naturaleza, hay ciertas frutas y verduras que pueden comer los gatos y que, en peque\u00f1as cantidades, pueden aportarles muchos beneficios. Eso s\u00ed, no todas [&hellip;]<\/p>\n","protected":false},"author":40,"featured_media":0,"parent":0,"menu_order":0,"comment_status":"closed","ping_status":"closed","template":"","meta":{"_acf_changed":false,"footnotes":""},"class_list":["post-51535","page","type-page","status-publish","hentry"],"acf":[],"_links":{"self":[{"href":"https:\/\/www.kiwoko.com\/blogmundoanimal\/wp-json\/wp\/v2\/pages\/51535","targetHints":{"allow":["GET"]}}],"collection":[{"href":"https:\/\/www.kiwoko.com\/blogmundoanimal\/wp-json\/wp\/v2\/pages"}],"about":[{"href":"https:\/\/www.kiwoko.com\/blogmundoanimal\/wp-json\/wp\/v2\/types\/page"}],"author":[{"embeddable":true,"href":"https:\/\/www.kiwoko.com\/blogmundoanimal\/wp-json\/wp\/v2\/users\/40"}],"replies":[{"embeddable":true,"href":"https:\/\/www.kiwoko.com\/blogmundoanimal\/wp-json\/wp\/v2\/comments?post=51535"}],"version-history":[{"count":2,"href":"https:\/\/www.kiwoko.com\/blogmundoanimal\/wp-json\/wp\/v2\/pages\/51535\/revisions"}],"predecessor-version":[{"id":51537,"href":"https:\/\/www.kiwoko.com\/blogmundoanimal\/wp-json\/wp\/v2\/pages\/51535\/revisions\/51537"}],"wp:attachment":[{"href":"https:\/\/www.kiwoko.com\/blogmundoanimal\/wp-json\/wp\/v2\/media?parent=51535"}],"curies":[{"name":"wp","href":"https:\/\/api.w.org\/{rel}","templated":true}]}}