{"id":52950,"date":"2025-12-02T14:14:07","date_gmt":"2025-12-02T13:14:07","guid":{"rendered":"https:\/\/www.kiwoko.com\/blogmundoanimal\/?page_id=52950"},"modified":"2025-12-04T15:19:17","modified_gmt":"2025-12-04T14:19:17","slug":"invierno-con-perros","status":"publish","type":"page","link":"https:\/\/www.kiwoko.com\/blogmundoanimal\/invierno-con-perros\/","title":{"rendered":"Este invierno, protege a tu perro del fr\u00edo con todo lo que necesita"},"content":{"rendered":"<div id=\"ez-toc-container\" class=\"ez-toc-v2_0_82_2 counter-hierarchy ez-toc-counter ez-toc-grey ez-toc-container-direction\">\n<div class=\"ez-toc-title-container\">\n<p class=\"ez-toc-title\" style=\"cursor:inherit\">\u00cdndice<\/p>\n<span class=\"ez-toc-title-toggle\"><a href=\"#\" class=\"ez-toc-pull-right ez-toc-btn ez-toc-btn-xs ez-toc-btn-default ez-toc-toggle\" aria-label=\"Alternar tabla de contenidos\"><span class=\"ez-toc-js-icon-con\"><span class=\"\"><span class=\"eztoc-hide\" style=\"display:none;\">Toggle<\/span><span class=\"ez-toc-icon-toggle-span\"><svg style=\"fill: #999;color:#999\" xmlns=\"http:\/\/www.w3.org\/2000\/svg\" class=\"list-377408\" width=\"20px\" height=\"20px\" viewBox=\"0 0 24 24\" fill=\"none\"><path d=\"M6 6H4v2h2V6zm14 0H8v2h12V6zM4 11h2v2H4v-2zm16 0H8v2h12v-2zM4 16h2v2H4v-2zm16 0H8v2h12v-2z\" fill=\"currentColor\"><\/path><\/svg><svg style=\"fill: #999;color:#999\" class=\"arrow-unsorted-368013\" xmlns=\"http:\/\/www.w3.org\/2000\/svg\" width=\"10px\" height=\"10px\" viewBox=\"0 0 24 24\" version=\"1.2\" baseProfile=\"tiny\"><path d=\"M18.2 9.3l-6.2-6.3-6.2 6.3c-.2.2-.3.4-.3.7s.1.5.3.7c.2.2.4.3.7.3h11c.3 0 .5-.1.7-.3.2-.2.3-.5.3-.7s-.1-.5-.3-.7zM5.8 14.7l6.2 6.3 6.2-6.3c.2-.2.3-.5.3-.7s-.1-.5-.3-.7c-.2-.2-.4-.3-.7-.3h-11c-.3 0-.5.1-.7.3-.2.2-.3.5-.3.7s.1.5.3.7z\"\/><\/svg><\/span><\/span><\/span><\/a><\/span><\/div>\n<nav><ul class='ez-toc-list ez-toc-list-level-1 ' ><li class='ez-toc-page-1 ez-toc-heading-level-2'><a class=\"ez-toc-link ez-toc-heading-1\" href=\"https:\/\/www.kiwoko.com\/blogmundoanimal\/elegir-y-proteger-la-caseta-de-tu-perro-en-invierno\/#%C2%BFEs_recomendable_que_mi_perro_duerma_en_una_caseta_en_invierno\" >\u00bfEs recomendable que mi perro duerma en una caseta en invierno?<\/a><\/li><li class='ez-toc-page-1 ez-toc-heading-level-2'><a class=\"ez-toc-link ez-toc-heading-2\" href=\"https:\/\/www.kiwoko.com\/blogmundoanimal\/elegir-y-proteger-la-caseta-de-tu-perro-en-invierno\/#%C2%BFQue_caracteristicas_debe_tener_una_caseta_para_invierno\" >\u00bfQu\u00e9 caracter\u00edsticas debe tener una caseta para invierno?<\/a><ul class='ez-toc-list-level-3' ><li class='ez-toc-heading-level-3'><a class=\"ez-toc-link ez-toc-heading-3\" href=\"https:\/\/www.kiwoko.com\/blogmundoanimal\/elegir-y-proteger-la-caseta-de-tu-perro-en-invierno\/#Material\" >Material<\/a><\/li><li class='ez-toc-page-1 ez-toc-heading-level-3'><a class=\"ez-toc-link ez-toc-heading-4\" href=\"https:\/\/www.kiwoko.com\/blogmundoanimal\/elegir-y-proteger-la-caseta-de-tu-perro-en-invierno\/#Tamano\" >Tama\u00f1o<\/a><\/li><li class='ez-toc-page-1 ez-toc-heading-level-3'><a class=\"ez-toc-link ez-toc-heading-5\" href=\"https:\/\/www.kiwoko.com\/blogmundoanimal\/elegir-y-proteger-la-caseta-de-tu-perro-en-invierno\/#Elevacion\" >Elevaci\u00f3n<\/a><\/li><li class='ez-toc-page-1 ez-toc-heading-level-3'><a class=\"ez-toc-link ez-toc-heading-6\" href=\"https:\/\/www.kiwoko.com\/blogmundoanimal\/elegir-y-proteger-la-caseta-de-tu-perro-en-invierno\/#Ubicacion\" >Ubicaci\u00f3n<\/a><\/li><\/ul><\/li><li class='ez-toc-page-1 ez-toc-heading-level-2'><a class=\"ez-toc-link ez-toc-heading-7\" href=\"https:\/\/www.kiwoko.com\/blogmundoanimal\/elegir-y-proteger-la-caseta-de-tu-perro-en-invierno\/#Pasos_para_aislar_una_caseta_de_perro_para_el_frio\" >Pasos para aislar una caseta de perro para el fr\u00edo<\/a><ul class='ez-toc-list-level-3' ><li class='ez-toc-heading-level-3'><a class=\"ez-toc-link ez-toc-heading-8\" href=\"https:\/\/www.kiwoko.com\/blogmundoanimal\/elegir-y-proteger-la-caseta-de-tu-perro-en-invierno\/#Refuerza_el_suelo\" >Refuerza el suelo<\/a><\/li><li class='ez-toc-page-1 ez-toc-heading-level-3'><a class=\"ez-toc-link ez-toc-heading-9\" href=\"https:\/\/www.kiwoko.com\/blogmundoanimal\/elegir-y-proteger-la-caseta-de-tu-perro-en-invierno\/#Mejora_las_paredes\" >Mejora las paredes<\/a><\/li><li class='ez-toc-page-1 ez-toc-heading-level-3'><a class=\"ez-toc-link ez-toc-heading-10\" href=\"https:\/\/www.kiwoko.com\/blogmundoanimal\/elegir-y-proteger-la-caseta-de-tu-perro-en-invierno\/#Protege_el_techo\" >Protege el techo<\/a><\/li><li class='ez-toc-page-1 ez-toc-heading-level-3'><a class=\"ez-toc-link ez-toc-heading-11\" href=\"https:\/\/www.kiwoko.com\/blogmundoanimal\/elegir-y-proteger-la-caseta-de-tu-perro-en-invierno\/#Sella_las_grietas\" >Sella las grietas<\/a><\/li><li class='ez-toc-page-1 ez-toc-heading-level-3'><a class=\"ez-toc-link ez-toc-heading-12\" href=\"https:\/\/www.kiwoko.com\/blogmundoanimal\/elegir-y-proteger-la-caseta-de-tu-perro-en-invierno\/#Instala_una_cortina_en_la_entrada\" >Instala una cortina en la entrada<\/a><\/li><\/ul><\/li><li class='ez-toc-page-1 ez-toc-heading-level-2'><a class=\"ez-toc-link ez-toc-heading-13\" href=\"https:\/\/www.kiwoko.com\/blogmundoanimal\/elegir-y-proteger-la-caseta-de-tu-perro-en-invierno\/#Accesorios_necesarios_dentro_de_una_caseta_para_perros\" >Accesorios necesarios dentro de una caseta para perros<\/a><\/li><li class='ez-toc-page-1 ez-toc-heading-level-2'><a class=\"ez-toc-link ez-toc-heading-14\" href=\"https:\/\/www.kiwoko.com\/blogmundoanimal\/elegir-y-proteger-la-caseta-de-tu-perro-en-invierno\/#Mejores_casetas_de_invierno_para_perros\" >Mejores casetas de invierno para perros<\/a><\/li><\/ul><\/nav><\/div>\n<!-- wp:paragraph -->\n<p>Cuando llega el fr\u00edo, tu perro tambi\u00e9n lo siente\u2026 Y t\u00fa lo sabes mejor que nadie. \ud83e\udde3 Por eso, en Kiwoko hemos preparado una selecci\u00f3n especial para que <strong>tu peludo est\u00e9 abrigado, activo y feliz durante toda la temporada de invierno.<\/strong> Consejos de ropa, las mejores camas mulliditas... \u00a1Todo pensado para que disfrute del invierno contigo, sin pasar ni una pizca de fr\u00edo!<\/p>\n<!-- \/wp:paragraph -->\n\n<!-- wp:shortcode -->\n                    <div id=\"invierno\">\n            <div class=\"posts-list\">\n            <div class=\"row\">\n                        <div class=\"col-md-6 0\">\n                <div class=\"kontainer-category 0\">                    <a href=\"https:\/\/www.kiwoko.com\/blogmundoanimal\/mejores-abrigos-para-perros-guia\/\" class=\"post 0\">\n                        <div class=\"post-image lazyload 0\" style=\"background:inherit;background-size:cover;\" data-bg=\"#DDDDDD url(https:\/\/www.kiwoko.com\/blogmundoanimal\/wp-content\/uploads\/2026\/01\/mejores-abrigos-para-perros.jpg) no-repeat\"><\/div>\n                        <div class=\"post-text 0\">\n                            <h2>Los mejores abrigos para perros: Protege a tu compa\u00f1ero con estilo, calidez y confort<\/h2>\n                            Tu perro no es solo un animal de compa\u00f1\u00eda, es parte de tu familia. Y cuando llega el fr\u00edo, igual que t\u00fa buscas tu chaqueta m\u00e1s calentita, \u00e9l tambi\u00e9n...                        <\/div>\n                    <\/a>\n                <\/div>\n            <\/div>\n                        <div class=\"col-md-6 1\">\n                <div class=\"kontainer-category 1\">                    <a href=\"https:\/\/www.kiwoko.com\/blogmundoanimal\/guia-ropa-perros-invierno\/\" class=\"post 1\">\n                        <div class=\"post-image lazyload 1\" style=\"background:inherit;background-size:cover;\" data-bg=\"#DDDDDD url(https:\/\/www.kiwoko.com\/blogmundoanimal\/wp-content\/uploads\/2023\/12\/guia-de-ropa-para-perros.jpg) no-repeat\"><\/div>\n                        <div class=\"post-text 1\">\n                            <h2>Gu\u00eda de ropa para perros 2026: protege a tu peludo con estilo y comodidad<\/h2>\n                            Te ayudamos a elegir y saber seleccionar la ropa de invierno para tu perro. \u00a1Toma nota!                        <\/div>\n                    <\/a>\n                <\/div>\n            <\/div>\n                        <div class=\"col-md-6 2\">\n                <div class=\"kontainer-category 2\">                    <a href=\"https:\/\/www.kiwoko.com\/blogmundoanimal\/que-razas-de-perro-soportan-peor-el-frio\/\" class=\"post 2\">\n                        <div class=\"post-image lazyload 2\" style=\"background:inherit;background-size:cover;\" data-bg=\"#DDDDDD url(https:\/\/www.kiwoko.com\/blogmundoanimal\/wp-content\/uploads\/2022\/11\/perros-mas-frioleros.jpg) no-repeat\"><\/div>\n                        <div class=\"post-text 2\">\n                            <h2>Las razas de perro m\u00e1s frioleras. \u00a1Descubre c\u00f3mo cuidarlas!<\/h2>\n                            Si ya te hemos contado en anteriores posts cuales son las razas de perro que mejor soportan el fr\u00edo. Hoy te contamos cuales son las razas que peor...                        <\/div>\n                    <\/a>\n                <\/div>\n            <\/div>\n                        <div class=\"col-md-6 3\">\n                <div class=\"kontainer-category 3\">                    <a href=\"https:\/\/www.kiwoko.com\/blogmundoanimal\/como-elegir-la-mejor-cama-de-invierno-para-tu-perro\/\" class=\"post 3\">\n                        <div class=\"post-image lazyload 3\" style=\"background:inherit;background-size:cover;\" data-bg=\"#DDDDDD url(https:\/\/www.kiwoko.com\/blogmundoanimal\/wp-content\/uploads\/2024\/10\/mejores-camas-de-invierno-para-perros.jpg) no-repeat\"><\/div>\n                        <div class=\"post-text 3\">\n                            <h2>C\u00f3mo elegir la mejor cama de invierno para tu perro<\/h2>\n                            Cuando llega el invierno, el fr\u00edo no solo nos afecta a nosotros, sino tambi\u00e9n a nuestros perros. Si bien es cierto que algunos pueden tolerar mejor las bajas temperaturas...                        <\/div>\n                    <\/a>\n                <\/div>\n            <\/div>\n                        <div class=\"col-md-6 4\">\n                <div class=\"kontainer-category 4\">                    <a href=\"https:\/\/www.kiwoko.com\/blogmundoanimal\/como-pasear-a-un-perro-cuando-hace-frio-guia\/\" class=\"post 4\">\n                        <div class=\"post-image lazyload 4\" style=\"background:inherit;background-size:cover;\" data-bg=\"#DDDDDD url(https:\/\/www.kiwoko.com\/blogmundoanimal\/wp-content\/uploads\/2025\/10\/como-pasear-a-un-perro-cuando-hace-frio.jpg) no-repeat\"><\/div>\n                        <div class=\"post-text 4\">\n                            <h2>C\u00f3mo pasear a un perro cuando hace fr\u00edo: Todo lo que debes saber<\/h2>\n                            Cuando el term\u00f3metro baja y el aliento se convierte en vapor, muchos nos lo pensamos dos veces antes de salir. Pero nuestros perros no entienden de grados ni de...                        <\/div>\n                    <\/a>\n                <\/div>\n            <\/div>\n                        <div class=\"col-md-6 5\">\n                <div class=\"kontainer-category 5\">                    <a href=\"https:\/\/www.kiwoko.com\/blogmundoanimal\/elegir-y-proteger-la-caseta-de-tu-perro-en-invierno\/\" class=\"post 5\">\n                        <div class=\"post-image lazyload 5\" style=\"background:inherit;background-size:cover;\" data-bg=\"#DDDDDD url(https:\/\/www.kiwoko.com\/blogmundoanimal\/wp-content\/uploads\/2018\/11\/Elige-protege-la-caseta-de-tu-perro-en-invierno.jpg) no-repeat\"><\/div>\n                        <div class=\"post-text 5\">\n                            <h2>C\u00f3mo aislar una caseta de perro para el fr\u00edo: Gu\u00eda completa<\/h2>\n                            Con la llegada del fr\u00edo seguro que te preocupa si tu perro estar\u00e1 calentito y c\u00f3modo el rato que pase en su caseta, \u00bfverdad? En este post te contamos...                        <\/div>\n                    <\/a>\n                <\/div>\n            <\/div>\n            <\/div>\n        <\/div>\n                    <div class=\"row\">\n                <div class=\"col-lg-12 mb-5\">\n                    <button id=\"invierno-load-more-articles\" class=\"btn load-more\" data-cat=\"\" data-tag=\"invierno\" data-animal=\"Perros\"\n                data-numpost=\"6\">Cargar m\u00e1s articulos<\/button>\n                <\/div>\n            <\/div>\n            <script>\n                document.addEventListener('DOMContentLoaded', function () {\n                const buttons = document.querySelectorAll('.btn.load-more');\n\n                buttons.forEach(function (button) {\n                    button.addEventListener('click', function () {\n                    const title = button.getAttribute('data-title') || '';\n                    const link = button.getAttribute('data-link') || window.location.href;\n                    const position = button.getAttribute('data-position') || '';\n                    const category = button.getAttribute('data-cat') || '';\n                    const linkText = button.innerText || button.textContent;\n\n                    window.dataLayer = window.dataLayer || [];\n                    window.dataLayer.push({\n                        'event': 'blog_mas_articulos',\n                        'event_name': 'blog_mas_articulos',\n                        'position': position,\n                        'link_text': linkText,\n                        'link_url': link,\n                        'category': category,\n                        'product_name': title\n                    });\n                    });\n                });\n                });\n            <\/script> \n                <div id=\"invierno-loading-elements\" class=\"text-center mt-1 loading-elements\"><div class=\"lds-ellipsis\"><div><\/div><div><\/div><div><\/div><div><\/div><\/div><\/div>\n                    <\/div>\n<!-- \/wp:shortcode -->\n\n<!-- wp:image {\"id\":52951,\"sizeSlug\":\"full\",\"linkDestination\":\"none\"} -->\n<figure class=\"wp-block-image size-full\"><img decoding=\"async\" width=\"850\" height=\"385\" data-src=\"https:\/\/www.kiwoko.com\/blogmundoanimal\/wp-content\/uploads\/2025\/12\/el-mejor-invierno-con-tu-perro.jpg\" alt=\"todos los consejos de invierno para perros\" class=\"wp-image-52951 lazyload\" data-srcset=\"https:\/\/www.kiwoko.com\/blogmundoanimal\/wp-content\/uploads\/2025\/12\/el-mejor-invierno-con-tu-perro.jpg 850w, https:\/\/www.kiwoko.com\/blogmundoanimal\/wp-content\/uploads\/2025\/12\/el-mejor-invierno-con-tu-perro-300x136.jpg 300w, https:\/\/www.kiwoko.com\/blogmundoanimal\/wp-content\/uploads\/2025\/12\/el-mejor-invierno-con-tu-perro-768x348.jpg 768w\" data-sizes=\"(max-width: 850px) 100vw, 850px\" src=\"data:image\/svg+xml;base64,PHN2ZyB3aWR0aD0iMSIgaGVpZ2h0PSIxIiB4bWxucz0iaHR0cDovL3d3dy53My5vcmcvMjAwMC9zdmciPjwvc3ZnPg==\" style=\"--smush-placeholder-width: 850px; --smush-placeholder-aspect-ratio: 850\/385;\" \/><\/figure>\n<!-- \/wp:image -->","protected":false},"excerpt":{"rendered":"<p>El invierno puede ser una \u00e9poca complicada para nuestros animales, especialmente para los perros que pasan tiempo al aire libre. Aunque muchos tienen un pelaje que los protege, el fr\u00edo extremo, la lluvia y el viento pueden afectar su salud y bienestar. Por eso, saber c\u00f3mo aislar una caseta de perro para el fr\u00edo es [&hellip;]<\/p>\n","protected":false},"author":40,"featured_media":52952,"parent":0,"menu_order":0,"comment_status":"closed","ping_status":"closed","template":"","meta":{"_acf_changed":false,"footnotes":""},"class_list":["post-52950","page","type-page","status-publish","has-post-thumbnail","hentry"],"acf":[],"_links":{"self":[{"href":"https:\/\/www.kiwoko.com\/blogmundoanimal\/wp-json\/wp\/v2\/pages\/52950","targetHints":{"allow":["GET"]}}],"collection":[{"href":"https:\/\/www.kiwoko.com\/blogmundoanimal\/wp-json\/wp\/v2\/pages"}],"about":[{"href":"https:\/\/www.kiwoko.com\/blogmundoanimal\/wp-json\/wp\/v2\/types\/page"}],"author":[{"embeddable":true,"href":"https:\/\/www.kiwoko.com\/blogmundoanimal\/wp-json\/wp\/v2\/users\/40"}],"replies":[{"embeddable":true,"href":"https:\/\/www.kiwoko.com\/blogmundoanimal\/wp-json\/wp\/v2\/comments?post=52950"}],"version-history":[{"count":3,"href":"https:\/\/www.kiwoko.com\/blogmundoanimal\/wp-json\/wp\/v2\/pages\/52950\/revisions"}],"predecessor-version":[{"id":53028,"href":"https:\/\/www.kiwoko.com\/blogmundoanimal\/wp-json\/wp\/v2\/pages\/52950\/revisions\/53028"}],"wp:featuredmedia":[{"embeddable":true,"href":"https:\/\/www.kiwoko.com\/blogmundoanimal\/wp-json\/wp\/v2\/media\/52952"}],"wp:attachment":[{"href":"https:\/\/www.kiwoko.com\/blogmundoanimal\/wp-json\/wp\/v2\/media?parent=52950"}],"curies":[{"name":"wp","href":"https:\/\/api.w.org\/{rel}","templated":true}]}}