{"id":2,"date":"2022-03-09T11:06:59","date_gmt":"2022-03-09T10:06:59","guid":{"rendered":"http:\/\/www.kiwoko.com\/servicios\/peluquerias-mundobelleza\/?page_id=2"},"modified":"2024-05-24T13:56:25","modified_gmt":"2024-05-24T12:56:25","slug":"home","status":"publish","type":"page","link":"https:\/\/www.kiwoko.com\/servicios\/peluquerias-mundobelleza\/","title":{"rendered":"Home"},"content":{"rendered":"<h1>\u00a1Ven a descubrir las peluquer\u00edas caninas Kiwoko!<\/h1>\n<p>En Kiwoko <strong>cuidar a tu mascota como se merece es nuestro compromiso y prioridad<\/strong>. Por eso, siempre queremos lo mejor para ella tanto por dentro como por fuera. De esta forma, no solo ponemos a tu alcance el mayor cat\u00e1logo de productos para todo tipo de mascotas sino que, adem\u00e1s, tambi\u00e9n te ofrecemos <strong>el mejor servicio de peluquer\u00eda<\/strong> canina, felina y para conejos y cobayas.<\/p>\n<p>Contamos con <strong>m\u00e1s de 60 peluquer\u00edas Kiwoko<\/strong> repartidas por toda Espa\u00f1a para que encuentres la m\u00e1s cercana a ti. En ellas dejar\u00e1s a <strong>tu mascota en las mejores manos<\/strong> gracias a un personal especializado de peluqueros y estilistas. Mantener sanos y cuidados la piel y el pelaje de tu peludo es fundamental y va mucho m\u00e1s all\u00e1 de su est\u00e9tica, ya que su buen estado es sin\u00f3nimo de salud.<\/p>\n<p>\u00bfQuieres saber todo lo que te ofrecemos en nuestros centros de peluquer\u00eda para mascotas?<\/p>\n<h2>Servicios de peluquer\u00eda para perros, gatos y otras mascotas<\/h2>\n<p>En la peluquer\u00eda Kiwoko <strong>el bienestar de tu mascota es nuestra m\u00e1xima prioridad<\/strong>. Por eso la trataremos con mucho mimo desde que entra hasta que sale por la puerta de nuestro centro. A continuaci\u00f3n, te contamos los diferentes servicios que ofrecemos para que elijas el m\u00e1s adecuado para tu mejor amigo.<\/p>\n<h3>Servicios de peluquer\u00eda para perros de todas las razas y tama\u00f1os<\/h3>\n<ul>\n<li>Cepillado<\/li>\n<li>Ba\u00f1o<\/li>\n<li>Stripping<\/li>\n<li>Plucking<\/li>\n<li>Corte a m\u00e1quina<\/li>\n<li>Corte a tijeras<\/li>\n<li>Corte combinado<\/li>\n<li>Clip Work<\/li>\n<\/ul>\n<p><strong>\u00bfQu\u00e9 incluyen los diferentes servicios de peluquer\u00eda canina?<\/strong><\/p>\n<ul>\n<li><strong>Ba\u00f1o<\/strong>: Ba\u00f1o y masaje, secado r\u00e1pido, corte de u\u00f1as, limpieza de o\u00eddos y de gl\u00e1ndulas anales, antiest\u00e1tico y perfume.<\/li>\n<li><strong>Corte<\/strong>: Corte acorde a cada arreglo de la raza y sus necesidades, as\u00ed como la t\u00e9cnica de trabajo seg\u00fan el tipo de pelo, antiest\u00e1tico y perfume.<\/li>\n<\/ul>\n<h3>Servicios de peluquer\u00eda para gatos de pelo corto y largo<\/h3>\n<ul>\n<li>Cepillado<\/li>\n<li>Ba\u00f1o<\/li>\n<li>Retoque<\/li>\n<li>Corte<\/li>\n<\/ul>\n<p>El <strong>servicio de ba\u00f1o y ba\u00f1o + corte<\/strong> incluye ba\u00f1o con masaje y <strong>corte de u\u00f1as<\/strong>.<\/p>\n<h3>Servicios de peluquer\u00eda para conejos y cobayas<\/h3>\n<ul>\n<li>Cepillado<\/li>\n<li>Corte<\/li>\n<li>Ba\u00f1o<\/li>\n<\/ul>\n<p>El servicio de<strong> servicio ba\u00f1o + corte<\/strong> incluye el cepillado, el ba\u00f1o con masaje y el <strong>corte de u\u00f1as<\/strong>.<\/p>\n<h3>Chequeo GRATIS incluido en todos los servicios de peluquer\u00eda<\/h3>\n<p>Cada vez que tu mascota venga a las peluquer\u00edas para perros, gatos, conejos y cobayas de Kiwoko revisaremos los <strong>7 puntos de control <\/strong>que nos dan informaci\u00f3n sobre su salud y nos permiten detectar cualquier problema a tiempo. \u00bfQuieres saber cu\u00e1les son?<\/p>\n<ul>\n<li>Ojos<\/li>\n<li>Nariz<\/li>\n<li>Boca<\/li>\n<li>O\u00eddos<\/li>\n<li>Patas (almohadillas, dedos y u\u00f1as)<\/li>\n<li>Piel<\/li>\n<li>Pelo<\/li>\n<\/ul>\n<h2>Los mejores servicios de salud y belleza para mascotas en las peluquer\u00edas caninas Kiwoko<\/h2>\n<p>En Kiwoko no solo te ofrecemos los mejores servicios de peluquer\u00eda para perros y gatos sino que adem\u00e1s los llevamos a cabo en <strong>amplias instalaciones<\/strong> que cuentan con todas las comodidades para los animales. Nuestros centros utilizan materiales de alta calidad y <strong>la cosm\u00e9tica m\u00e1s innovadora y puntera<\/strong>.<\/p>\n<p><em>Encuentra tu <a href=\"https:\/\/peluquerias.kiwoko.com\/servicios\/peluquerias-mundobelleza\/localiza-tu-peluqueria\/\" target=\"_blank\" rel=\"noopener\"><strong>Peluquer\u00eda Kiwoko mundo belleza<\/strong><\/a> m\u00e1s cercana y pide tu cita online. \u00a1Deja a tu mascota en las mejores manos!<\/em><\/p>\n","protected":false},"excerpt":{"rendered":"<p>\u00a1Ven a descubrir las peluquer\u00edas caninas Kiwoko! En Kiwoko cuidar a tu mascota como se merece es nuestro compromiso y [&hellip;]<\/p>\n","protected":false},"author":1,"featured_media":0,"parent":0,"menu_order":0,"comment_status":"closed","ping_status":"closed","template":"front-page.php","meta":{"_acf_changed":false,"footnotes":""},"class_list":["post-2","page","type-page","status-publish","hentry"],"acf":[],"yoast_head":"<!-- This site is optimized with the Yoast SEO plugin v27.5 - https:\/\/yoast.com\/product\/yoast-seo-wordpress\/ -->\n<title>Peluquer\u00eda Canina y Felina | Kiwoko<\/title>\n<meta name=\"description\" content=\"Deja a tu mascota en las mejores manos en las peluquer\u00edas para perros, gatos, conejos y roedores de Kiwoko. \u00a1La mimaremos y la dejaremos requeteguapa!\" \/>\n<meta name=\"robots\" content=\"index, follow, max-snippet:-1, max-image-preview:large, max-video-preview:-1\" \/>\n<link rel=\"canonical\" href=\"https:\/\/www.kiwoko.com\/servicios\/peluquerias-mundobelleza\/\" \/>\n<meta property=\"og:locale\" content=\"es_ES\" \/>\n<meta property=\"og:type\" content=\"article\" \/>\n<meta property=\"og:title\" content=\"Peluquer\u00eda Canina y Felina | Kiwoko\" \/>\n<meta property=\"og:description\" content=\"Deja a tu mascota en las mejores manos en las peluquer\u00edas para perros, gatos, conejos y roedores de Kiwoko. \u00a1La mimaremos y la dejaremos requeteguapa!\" \/>\n<meta property=\"og:url\" content=\"https:\/\/www.kiwoko.com\/servicios\/peluquerias-mundobelleza\/\" \/>\n<meta property=\"og:site_name\" content=\"Mundo Belleza\" \/>\n<meta property=\"article:publisher\" content=\"https:\/\/www.facebook.com\/tiendanimal\" \/>\n<meta property=\"article:modified_time\" content=\"2024-05-24T12:56:25+00:00\" \/>\n<meta name=\"twitter:card\" content=\"summary_large_image\" \/>\n<meta name=\"twitter:site\" content=\"@tiendanimal\" \/>\n<meta name=\"twitter:label1\" content=\"Tiempo de lectura\" \/>\n\t<meta name=\"twitter:data1\" content=\"3 minutos\" \/>\n<script type=\"application\/ld+json\" class=\"yoast-schema-graph\">{\"@context\":\"https:\\\/\\\/schema.org\",\"@graph\":[{\"@type\":\"WebPage\",\"@id\":\"https:\\\/\\\/www.kiwoko.com\\\/servicios\\\/peluquerias-mundobelleza\\\/\",\"url\":\"https:\\\/\\\/www.kiwoko.com\\\/servicios\\\/peluquerias-mundobelleza\\\/\",\"name\":\"Peluquer\u00eda Canina y Felina | Kiwoko\",\"isPartOf\":{\"@id\":\"https:\\\/\\\/www.kiwoko.com\\\/servicios\\\/peluquerias-mundobelleza\\\/#website\"},\"datePublished\":\"2022-03-09T10:06:59+00:00\",\"dateModified\":\"2024-05-24T12:56:25+00:00\",\"description\":\"Deja a tu mascota en las mejores manos en las peluquer\u00edas para perros, gatos, conejos y roedores de Kiwoko. \u00a1La mimaremos y la dejaremos requeteguapa!\",\"inLanguage\":\"es\",\"potentialAction\":[{\"@type\":\"ReadAction\",\"target\":[\"https:\\\/\\\/www.kiwoko.com\\\/servicios\\\/peluquerias-mundobelleza\\\/\"]}]},{\"@type\":\"WebSite\",\"@id\":\"https:\\\/\\\/www.kiwoko.com\\\/servicios\\\/peluquerias-mundobelleza\\\/#website\",\"url\":\"https:\\\/\\\/www.kiwoko.com\\\/servicios\\\/peluquerias-mundobelleza\\\/\",\"name\":\"Mundo Belleza\",\"description\":\"Kiwoko\",\"publisher\":{\"@id\":\"https:\\\/\\\/www.kiwoko.com\\\/servicios\\\/peluquerias-mundobelleza\\\/#organization\"},\"potentialAction\":[{\"@type\":\"SearchAction\",\"target\":{\"@type\":\"EntryPoint\",\"urlTemplate\":\"https:\\\/\\\/www.kiwoko.com\\\/servicios\\\/peluquerias-mundobelleza\\\/?s={search_term_string}\"},\"query-input\":{\"@type\":\"PropertyValueSpecification\",\"valueRequired\":true,\"valueName\":\"search_term_string\"}}],\"inLanguage\":\"es\"},{\"@type\":\"Organization\",\"@id\":\"https:\\\/\\\/www.kiwoko.com\\\/servicios\\\/peluquerias-mundobelleza\\\/#organization\",\"name\":\"Mundo Belleza\",\"url\":\"https:\\\/\\\/www.kiwoko.com\\\/servicios\\\/peluquerias-mundobelleza\\\/\",\"logo\":{\"@type\":\"ImageObject\",\"inLanguage\":\"es\",\"@id\":\"https:\\\/\\\/www.kiwoko.com\\\/servicios\\\/peluquerias-mundobelleza\\\/#\\\/schema\\\/logo\\\/image\\\/\",\"url\":\"https:\\\/\\\/www.kiwoko.com\\\/servicios\\\/peluquerias-mundobelleza\\\/wp-content\\\/uploads\\\/2022\\\/05\\\/logo.png\",\"contentUrl\":\"https:\\\/\\\/www.kiwoko.com\\\/servicios\\\/peluquerias-mundobelleza\\\/wp-content\\\/uploads\\\/2022\\\/05\\\/logo.png\",\"width\":180,\"height\":85,\"caption\":\"Mundo Belleza\"},\"image\":{\"@id\":\"https:\\\/\\\/www.kiwoko.com\\\/servicios\\\/peluquerias-mundobelleza\\\/#\\\/schema\\\/logo\\\/image\\\/\"},\"sameAs\":[\"https:\\\/\\\/www.facebook.com\\\/tiendanimal\",\"https:\\\/\\\/x.com\\\/tiendanimal\",\"https:\\\/\\\/www.instagram.com\\\/tiendanimal\",\"https:\\\/\\\/www.youtube.com\\\/user\\\/tiendanimal\"]}]}<\/script>\n<!-- \/ Yoast SEO plugin. -->","yoast_head_json":{"title":"Peluquer\u00eda Canina y Felina | Kiwoko","description":"Deja a tu mascota en las mejores manos en las peluquer\u00edas para perros, gatos, conejos y roedores de Kiwoko. \u00a1La mimaremos y la dejaremos requeteguapa!","robots":{"index":"index","follow":"follow","max-snippet":"max-snippet:-1","max-image-preview":"max-image-preview:large","max-video-preview":"max-video-preview:-1"},"canonical":"https:\/\/www.kiwoko.com\/servicios\/peluquerias-mundobelleza\/","og_locale":"es_ES","og_type":"article","og_title":"Peluquer\u00eda Canina y Felina | Kiwoko","og_description":"Deja a tu mascota en las mejores manos en las peluquer\u00edas para perros, gatos, conejos y roedores de Kiwoko. \u00a1La mimaremos y la dejaremos requeteguapa!","og_url":"https:\/\/www.kiwoko.com\/servicios\/peluquerias-mundobelleza\/","og_site_name":"Mundo Belleza","article_publisher":"https:\/\/www.facebook.com\/tiendanimal","article_modified_time":"2024-05-24T12:56:25+00:00","twitter_card":"summary_large_image","twitter_site":"@tiendanimal","twitter_misc":{"Tiempo de lectura":"3 minutos"},"schema":{"@context":"https:\/\/schema.org","@graph":[{"@type":"WebPage","@id":"https:\/\/www.kiwoko.com\/servicios\/peluquerias-mundobelleza\/","url":"https:\/\/www.kiwoko.com\/servicios\/peluquerias-mundobelleza\/","name":"Peluquer\u00eda Canina y Felina | Kiwoko","isPartOf":{"@id":"https:\/\/www.kiwoko.com\/servicios\/peluquerias-mundobelleza\/#website"},"datePublished":"2022-03-09T10:06:59+00:00","dateModified":"2024-05-24T12:56:25+00:00","description":"Deja a tu mascota en las mejores manos en las peluquer\u00edas para perros, gatos, conejos y roedores de Kiwoko. \u00a1La mimaremos y la dejaremos requeteguapa!","inLanguage":"es","potentialAction":[{"@type":"ReadAction","target":["https:\/\/www.kiwoko.com\/servicios\/peluquerias-mundobelleza\/"]}]},{"@type":"WebSite","@id":"https:\/\/www.kiwoko.com\/servicios\/peluquerias-mundobelleza\/#website","url":"https:\/\/www.kiwoko.com\/servicios\/peluquerias-mundobelleza\/","name":"Mundo Belleza","description":"Kiwoko","publisher":{"@id":"https:\/\/www.kiwoko.com\/servicios\/peluquerias-mundobelleza\/#organization"},"potentialAction":[{"@type":"SearchAction","target":{"@type":"EntryPoint","urlTemplate":"https:\/\/www.kiwoko.com\/servicios\/peluquerias-mundobelleza\/?s={search_term_string}"},"query-input":{"@type":"PropertyValueSpecification","valueRequired":true,"valueName":"search_term_string"}}],"inLanguage":"es"},{"@type":"Organization","@id":"https:\/\/www.kiwoko.com\/servicios\/peluquerias-mundobelleza\/#organization","name":"Mundo Belleza","url":"https:\/\/www.kiwoko.com\/servicios\/peluquerias-mundobelleza\/","logo":{"@type":"ImageObject","inLanguage":"es","@id":"https:\/\/www.kiwoko.com\/servicios\/peluquerias-mundobelleza\/#\/schema\/logo\/image\/","url":"https:\/\/www.kiwoko.com\/servicios\/peluquerias-mundobelleza\/wp-content\/uploads\/2022\/05\/logo.png","contentUrl":"https:\/\/www.kiwoko.com\/servicios\/peluquerias-mundobelleza\/wp-content\/uploads\/2022\/05\/logo.png","width":180,"height":85,"caption":"Mundo Belleza"},"image":{"@id":"https:\/\/www.kiwoko.com\/servicios\/peluquerias-mundobelleza\/#\/schema\/logo\/image\/"},"sameAs":["https:\/\/www.facebook.com\/tiendanimal","https:\/\/x.com\/tiendanimal","https:\/\/www.instagram.com\/tiendanimal","https:\/\/www.youtube.com\/user\/tiendanimal"]}]}},"_links":{"self":[{"href":"https:\/\/www.kiwoko.com\/servicios\/peluquerias-mundobelleza\/wp-json\/wp\/v2\/pages\/2","targetHints":{"allow":["GET"]}}],"collection":[{"href":"https:\/\/www.kiwoko.com\/servicios\/peluquerias-mundobelleza\/wp-json\/wp\/v2\/pages"}],"about":[{"href":"https:\/\/www.kiwoko.com\/servicios\/peluquerias-mundobelleza\/wp-json\/wp\/v2\/types\/page"}],"author":[{"embeddable":true,"href":"https:\/\/www.kiwoko.com\/servicios\/peluquerias-mundobelleza\/wp-json\/wp\/v2\/users\/1"}],"replies":[{"embeddable":true,"href":"https:\/\/www.kiwoko.com\/servicios\/peluquerias-mundobelleza\/wp-json\/wp\/v2\/comments?post=2"}],"version-history":[{"count":45,"href":"https:\/\/www.kiwoko.com\/servicios\/peluquerias-mundobelleza\/wp-json\/wp\/v2\/pages\/2\/revisions"}],"predecessor-version":[{"id":1130,"href":"https:\/\/www.kiwoko.com\/servicios\/peluquerias-mundobelleza\/wp-json\/wp\/v2\/pages\/2\/revisions\/1130"}],"wp:attachment":[{"href":"https:\/\/www.kiwoko.com\/servicios\/peluquerias-mundobelleza\/wp-json\/wp\/v2\/media?parent=2"}],"curies":[{"name":"wp","href":"https:\/\/api.w.org\/{rel}","templated":true}]}}