{"id":5,"date":"2022-03-09T11:06:59","date_gmt":"2022-03-09T11:06:59","guid":{"rendered":"http:\/\/www.kiwoko.com\/servicios\/peluquerias-mundobelleza\/?page_id=2"},"modified":"2022-05-30T11:21:30","modified_gmt":"2022-05-30T10:21:30","slug":"localiza-tu-peluqueria","status":"publish","type":"page","link":"https:\/\/www.kiwoko.com\/servicios\/peluquerias-mundobelleza\/localiza-tu-peluqueria\/","title":{"rendered":"Localiza tu peluquer\u00eda KIWOKO"},"content":{"rendered":"","protected":false},"excerpt":{"rendered":"","protected":false},"author":1,"featured_media":0,"parent":0,"menu_order":0,"comment_status":"closed","ping_status":"open","template":"peluquerias.php","meta":{"_acf_changed":false,"footnotes":""},"class_list":["post-5","page","type-page","status-publish","hentry"],"acf":[],"yoast_head":"<!-- This site is optimized with the Yoast SEO plugin v27.2 - https:\/\/yoast.com\/product\/yoast-seo-wordpress\/ -->\n<title>Encuentra tu Peluquer\u00eda de Mascotas | Mundo Belleza Kiwoko<\/title>\n<meta name=\"description\" content=\"Encuentra tu Sal\u00f3n de Belleza y Peluquer\u00eda m\u00e1s cercano y pide cita online, CHEQUEO GRATIS con cada servicio de peluquer\u00eda, \u00bfa qu\u00e9 esperas?\" \/>\n<meta name=\"robots\" content=\"index, follow, max-snippet:-1, max-image-preview:large, max-video-preview:-1\" \/>\n<link rel=\"canonical\" href=\"https:\/\/www.kiwoko.com\/servicios\/peluquerias-mundobelleza\/localiza-tu-peluqueria\/\" \/>\n<meta property=\"og:locale\" content=\"es_ES\" \/>\n<meta property=\"og:type\" content=\"article\" \/>\n<meta property=\"og:title\" content=\"Encuentra tu Peluquer\u00eda de Mascotas | Mundo Belleza Kiwoko\" \/>\n<meta property=\"og:description\" content=\"Encuentra tu Sal\u00f3n de Belleza y Peluquer\u00eda m\u00e1s cercano y pide cita online, CHEQUEO GRATIS con cada servicio de peluquer\u00eda, \u00bfa qu\u00e9 esperas?\" \/>\n<meta property=\"og:url\" content=\"https:\/\/www.kiwoko.com\/servicios\/peluquerias-mundobelleza\/localiza-tu-peluqueria\/\" \/>\n<meta property=\"og:site_name\" content=\"Mundo Belleza\" \/>\n<meta property=\"article:publisher\" content=\"https:\/\/www.facebook.com\/tiendanimal\" \/>\n<meta property=\"article:modified_time\" content=\"2022-05-30T10:21:30+00:00\" \/>\n<meta name=\"twitter:card\" content=\"summary_large_image\" \/>\n<meta name=\"twitter:site\" content=\"@tiendanimal\" \/>\n<script type=\"application\/ld+json\" class=\"yoast-schema-graph\">{\"@context\":\"https:\/\/schema.org\",\"@graph\":[{\"@type\":\"WebPage\",\"@id\":\"https:\/\/www.kiwoko.com\/servicios\/peluquerias-mundobelleza\/localiza-tu-peluqueria\/\",\"url\":\"https:\/\/www.kiwoko.com\/servicios\/peluquerias-mundobelleza\/localiza-tu-peluqueria\/\",\"name\":\"Encuentra tu Peluquer\u00eda de Mascotas | Mundo Belleza Kiwoko\",\"isPartOf\":{\"@id\":\"https:\/\/www.kiwoko.com\/servicios\/peluquerias-mundobelleza\/#website\"},\"datePublished\":\"2022-03-09T11:06:59+00:00\",\"dateModified\":\"2022-05-30T10:21:30+00:00\",\"description\":\"Encuentra tu Sal\u00f3n de Belleza y Peluquer\u00eda m\u00e1s cercano y pide cita online, CHEQUEO GRATIS con cada servicio de peluquer\u00eda, \u00bfa qu\u00e9 esperas?\",\"inLanguage\":\"es\",\"potentialAction\":[{\"@type\":\"ReadAction\",\"target\":[\"https:\/\/www.kiwoko.com\/servicios\/peluquerias-mundobelleza\/localiza-tu-peluqueria\/\"]}]},{\"@type\":\"WebSite\",\"@id\":\"https:\/\/www.kiwoko.com\/servicios\/peluquerias-mundobelleza\/#website\",\"url\":\"https:\/\/www.kiwoko.com\/servicios\/peluquerias-mundobelleza\/\",\"name\":\"Mundo Belleza\",\"description\":\"Kiwoko\",\"publisher\":{\"@id\":\"https:\/\/www.kiwoko.com\/servicios\/peluquerias-mundobelleza\/#organization\"},\"potentialAction\":[{\"@type\":\"SearchAction\",\"target\":{\"@type\":\"EntryPoint\",\"urlTemplate\":\"https:\/\/www.kiwoko.com\/servicios\/peluquerias-mundobelleza\/?s={search_term_string}\"},\"query-input\":{\"@type\":\"PropertyValueSpecification\",\"valueRequired\":true,\"valueName\":\"search_term_string\"}}],\"inLanguage\":\"es\"},{\"@type\":\"Organization\",\"@id\":\"https:\/\/www.kiwoko.com\/servicios\/peluquerias-mundobelleza\/#organization\",\"name\":\"Mundo Belleza\",\"url\":\"https:\/\/www.kiwoko.com\/servicios\/peluquerias-mundobelleza\/\",\"logo\":{\"@type\":\"ImageObject\",\"inLanguage\":\"es\",\"@id\":\"https:\/\/www.kiwoko.com\/servicios\/peluquerias-mundobelleza\/#\/schema\/logo\/image\/\",\"url\":\"https:\/\/www.kiwoko.com\/servicios\/peluquerias-mundobelleza\/wp-content\/uploads\/2022\/05\/logo.png\",\"contentUrl\":\"https:\/\/www.kiwoko.com\/servicios\/peluquerias-mundobelleza\/wp-content\/uploads\/2022\/05\/logo.png\",\"width\":180,\"height\":85,\"caption\":\"Mundo Belleza\"},\"image\":{\"@id\":\"https:\/\/www.kiwoko.com\/servicios\/peluquerias-mundobelleza\/#\/schema\/logo\/image\/\"},\"sameAs\":[\"https:\/\/www.facebook.com\/tiendanimal\",\"https:\/\/x.com\/tiendanimal\",\"https:\/\/www.instagram.com\/tiendanimal\",\"https:\/\/www.youtube.com\/user\/tiendanimal\"]}]}<\/script>\n<!-- \/ Yoast SEO plugin. -->","yoast_head_json":{"title":"Encuentra tu Peluquer\u00eda de Mascotas | Mundo Belleza Kiwoko","description":"Encuentra tu Sal\u00f3n de Belleza y Peluquer\u00eda m\u00e1s cercano y pide cita online, CHEQUEO GRATIS con cada servicio de peluquer\u00eda, \u00bfa qu\u00e9 esperas?","robots":{"index":"index","follow":"follow","max-snippet":"max-snippet:-1","max-image-preview":"max-image-preview:large","max-video-preview":"max-video-preview:-1"},"canonical":"https:\/\/www.kiwoko.com\/servicios\/peluquerias-mundobelleza\/localiza-tu-peluqueria\/","og_locale":"es_ES","og_type":"article","og_title":"Encuentra tu Peluquer\u00eda de Mascotas | Mundo Belleza Kiwoko","og_description":"Encuentra tu Sal\u00f3n de Belleza y Peluquer\u00eda m\u00e1s cercano y pide cita online, CHEQUEO GRATIS con cada servicio de peluquer\u00eda, \u00bfa qu\u00e9 esperas?","og_url":"https:\/\/www.kiwoko.com\/servicios\/peluquerias-mundobelleza\/localiza-tu-peluqueria\/","og_site_name":"Mundo Belleza","article_publisher":"https:\/\/www.facebook.com\/tiendanimal","article_modified_time":"2022-05-30T10:21:30+00:00","twitter_card":"summary_large_image","twitter_site":"@tiendanimal","schema":{"@context":"https:\/\/schema.org","@graph":[{"@type":"WebPage","@id":"https:\/\/www.kiwoko.com\/servicios\/peluquerias-mundobelleza\/localiza-tu-peluqueria\/","url":"https:\/\/www.kiwoko.com\/servicios\/peluquerias-mundobelleza\/localiza-tu-peluqueria\/","name":"Encuentra tu Peluquer\u00eda de Mascotas | Mundo Belleza Kiwoko","isPartOf":{"@id":"https:\/\/www.kiwoko.com\/servicios\/peluquerias-mundobelleza\/#website"},"datePublished":"2022-03-09T11:06:59+00:00","dateModified":"2022-05-30T10:21:30+00:00","description":"Encuentra tu Sal\u00f3n de Belleza y Peluquer\u00eda m\u00e1s cercano y pide cita online, CHEQUEO GRATIS con cada servicio de peluquer\u00eda, \u00bfa qu\u00e9 esperas?","inLanguage":"es","potentialAction":[{"@type":"ReadAction","target":["https:\/\/www.kiwoko.com\/servicios\/peluquerias-mundobelleza\/localiza-tu-peluqueria\/"]}]},{"@type":"WebSite","@id":"https:\/\/www.kiwoko.com\/servicios\/peluquerias-mundobelleza\/#website","url":"https:\/\/www.kiwoko.com\/servicios\/peluquerias-mundobelleza\/","name":"Mundo Belleza","description":"Kiwoko","publisher":{"@id":"https:\/\/www.kiwoko.com\/servicios\/peluquerias-mundobelleza\/#organization"},"potentialAction":[{"@type":"SearchAction","target":{"@type":"EntryPoint","urlTemplate":"https:\/\/www.kiwoko.com\/servicios\/peluquerias-mundobelleza\/?s={search_term_string}"},"query-input":{"@type":"PropertyValueSpecification","valueRequired":true,"valueName":"search_term_string"}}],"inLanguage":"es"},{"@type":"Organization","@id":"https:\/\/www.kiwoko.com\/servicios\/peluquerias-mundobelleza\/#organization","name":"Mundo Belleza","url":"https:\/\/www.kiwoko.com\/servicios\/peluquerias-mundobelleza\/","logo":{"@type":"ImageObject","inLanguage":"es","@id":"https:\/\/www.kiwoko.com\/servicios\/peluquerias-mundobelleza\/#\/schema\/logo\/image\/","url":"https:\/\/www.kiwoko.com\/servicios\/peluquerias-mundobelleza\/wp-content\/uploads\/2022\/05\/logo.png","contentUrl":"https:\/\/www.kiwoko.com\/servicios\/peluquerias-mundobelleza\/wp-content\/uploads\/2022\/05\/logo.png","width":180,"height":85,"caption":"Mundo Belleza"},"image":{"@id":"https:\/\/www.kiwoko.com\/servicios\/peluquerias-mundobelleza\/#\/schema\/logo\/image\/"},"sameAs":["https:\/\/www.facebook.com\/tiendanimal","https:\/\/x.com\/tiendanimal","https:\/\/www.instagram.com\/tiendanimal","https:\/\/www.youtube.com\/user\/tiendanimal"]}]}},"_links":{"self":[{"href":"https:\/\/www.kiwoko.com\/servicios\/peluquerias-mundobelleza\/wp-json\/wp\/v2\/pages\/5","targetHints":{"allow":["GET"]}}],"collection":[{"href":"https:\/\/www.kiwoko.com\/servicios\/peluquerias-mundobelleza\/wp-json\/wp\/v2\/pages"}],"about":[{"href":"https:\/\/www.kiwoko.com\/servicios\/peluquerias-mundobelleza\/wp-json\/wp\/v2\/types\/page"}],"author":[{"embeddable":true,"href":"https:\/\/www.kiwoko.com\/servicios\/peluquerias-mundobelleza\/wp-json\/wp\/v2\/users\/1"}],"replies":[{"embeddable":true,"href":"https:\/\/www.kiwoko.com\/servicios\/peluquerias-mundobelleza\/wp-json\/wp\/v2\/comments?post=5"}],"version-history":[{"count":5,"href":"https:\/\/www.kiwoko.com\/servicios\/peluquerias-mundobelleza\/wp-json\/wp\/v2\/pages\/5\/revisions"}],"predecessor-version":[{"id":631,"href":"https:\/\/www.kiwoko.com\/servicios\/peluquerias-mundobelleza\/wp-json\/wp\/v2\/pages\/5\/revisions\/631"}],"wp:attachment":[{"href":"https:\/\/www.kiwoko.com\/servicios\/peluquerias-mundobelleza\/wp-json\/wp\/v2\/media?parent=5"}],"curies":[{"name":"wp","href":"https:\/\/api.w.org\/{rel}","templated":true}]}}